{"id":10543,"date":"2020-07-15T14:06:11","date_gmt":"2020-07-15T12:06:11","guid":{"rendered":"https:\/\/actoria.com\/ch\/?page_id=10543"},"modified":"2026-04-27T15:59:20","modified_gmt":"2026-04-27T13:59:20","slug":"hoch-und-tiefbau-in-der-schweiz","status":"publish","type":"page","link":"https:\/\/actoria.com\/ch-de\/uber-uns\/dienstleistungen\/branchen\/hoch-und-tiefbau-in-der-schweiz\/","title":{"rendered":"Hoch- und Tiefbau in der Schweiz"},"content":{"rendered":"<div id='av_section_1'  class='avia-section main_color avia-section-default avia-no-border-styling  avia-full-stretch avia-bg-style-fixed  avia-builder-el-0  el_before_av_one_full  avia-builder-el-first  header_page_section_title_wrapper  av-arrow-down-section av-minimum-height av-minimum-height-custom  container_wrap sidebar_right' style='background-repeat: no-repeat; background-image: url(https:\/\/actoria.com\/ch-de\/wp-content\/uploads\/2020\/10\/batiment_travaux_publics_actoria-1500x1000.jpg);background-attachment: fixed; background-position: center center;  '  data-section-bg-repeat='stretch'><div class='container' style='height:660px'><main  role=\"main\" itemprop=\"mainContentOfPage\"  class='template-page content  av-content-small alpha units'><div class='post-entry post-entry-type-page post-entry-10543'><div class='entry-content-wrapper clearfix'>\n<div class='flex_column_table av-equal-height-column-flextable -flextable' ><div class=\"flex_column av_one_full  flex_column_table_cell av-equal-height-column av-align-bottom av-zero-column-padding first  avia-builder-el-1  avia-builder-el-no-sibling  header_page_section_title \" style='border-radius:0px; ' id=\"header_page_section_title\" ><p><br \/>\n<div  style='padding-bottom:5px; margin:0 0 0 0; color:#ffffff;' class='av-special-heading av-special-heading-h1 custom-color-heading   avia-builder-el-3  el_after_av_codeblock  avia-builder-el-last  '><h1 class='av-special-heading-tag '  itemprop=\"headline\"  >Hoch- und Tiefbau in der Schweiz<\/h1><div class='special-heading-border'><div class='special-heading-inner-border' style='border-color:#ffffff'><\/div><\/div><\/div><\/p><\/div><\/div><!--close column table wrapper. Autoclose: 1 --><\/div><\/div><\/main><!-- close content main element --><\/div><div class='av-extra-border-element border-extra-arrow-down'><div class='av-extra-border-outer'><div class='av-extra-border-inner'  style='background-color:#ffffff;' ><\/div><\/div><\/div><\/div><div id='after_section_1'  class='main_color av_default_container_wrap container_wrap sidebar_right' style=' '  ><div class='container' ><div class='template-page content  av-content-small alpha units'><div class='post-entry post-entry-type-page post-entry-10543'><div class='entry-content-wrapper clearfix'><div class=\"flex_column av_one_full  flex_column_div av-zero-column-padding first  avia-builder-el-4  el_after_av_section  avia-builder-el-no-sibling  \" style='border-radius:0px; '><section class=\"av_textblock_section \"  itemscope=\"itemscope\" itemtype=\"https:\/\/schema.org\/CreativeWork\" ><div class='avia_textblock  '   itemprop=\"text\" ><div id=\"attachment_18392\" style=\"width: 310px\" class=\"wp-caption alignleft\"><img loading=\"lazy\" decoding=\"async\" aria-describedby=\"caption-attachment-18392\" class=\"size-medium wp-image-18392\" title=\"B\u00e2timent \u2013 Construction, transmission d'entreprises en Suisse\" src=\"https:\/\/actoria.com\/ch\/wp-content\/uploads\/2021\/12\/shutterstock-1-20-300x200.jpg\" alt=\"B\u00e2timent \u2013 Construction, transmission d'entreprises en Suisse\" width=\"300\" height=\"200\" srcset=\"https:\/\/actoria.com\/ch-de\/wp-content\/uploads\/2021\/12\/shutterstock-1-20-300x200.jpg 300w, https:\/\/actoria.com\/ch-de\/wp-content\/uploads\/2021\/12\/shutterstock-1-20-1030x687.jpg 1030w, https:\/\/actoria.com\/ch-de\/wp-content\/uploads\/2021\/12\/shutterstock-1-20-768x512.jpg 768w, https:\/\/actoria.com\/ch-de\/wp-content\/uploads\/2021\/12\/shutterstock-1-20-1536x1024.jpg 1536w, https:\/\/actoria.com\/ch-de\/wp-content\/uploads\/2021\/12\/shutterstock-1-20-2048x1365.jpg 2048w, https:\/\/actoria.com\/ch-de\/wp-content\/uploads\/2021\/12\/shutterstock-1-20-1500x1000.jpg 1500w, https:\/\/actoria.com\/ch-de\/wp-content\/uploads\/2021\/12\/shutterstock-1-20-705x470.jpg 705w\" sizes=\"auto, (max-width: 300px) 100vw, 300px\" \/><p id=\"caption-attachment-18392\" class=\"wp-caption-text\">Hoch- und Tiefbau in der Schweiz, Unternehmens\u00fcbertragung in der Schweiz<\/p><\/div>\n<p>Es wird erwartet, dass mehrere Bau- und Konstruktionsm\u00e4rkte in der Schweiz ein stabiles Wachstum verzeichnen werden, was die M&amp;A Aktivit\u00e4ten ankurbeln wird.<\/p>\n<p>Die weltweiten Zinss\u00e4tze blieben f\u00fcr einen erheblichen Zeitraum niedrig, w\u00e4hrend die Arbeitslosenquoten in mehreren geografischen Schl\u00fcsselm\u00e4rkten sanken.<\/p>\n<p>Die Kombination dieser Trends f\u00fchrte dazu, dass die <strong>Baut\u00e4tigkeit in der Schweiz sowohl im Wohn- als auch im gewerblichen Bereich anstieg.<\/strong><\/p>\n<p>Obwohl die Wachstumsraten nicht dem Bauboom der ersten H\u00e4lfte der 2000er Jahre entsprechen d\u00fcrften, hat die erwartete Stabilit\u00e4t der Schweizer Bau- und Immobilienm\u00e4rkte zu Mega-Transaktionen wie der Fusion von Lafarge und Holcim sowie mehreren Mid-Market-Transaktionen in diesem Sektor gef\u00fchrt.<\/p>\n<p>Wir verf\u00fcgen \u00fcber umfangreiche Erfahrung im Schweizer Baugewerbe. Unsere Fachleute haben an wichtigen internationalen Standorten in diesen Sektoren gearbeitet, unter anderem in Nord- und S\u00fcdamerika, Europa, im Asien-Pazifik-Raum und im Nahen Osten.<\/p>\n<p>Wir haben Kunden in wichtigen Untersegmenten der Baubranche beraten, die schwere Baumaterialien, Bergbauausr\u00fcstungen, Sanit\u00e4rbedarf, Fertigbauteile, Isolationstechnologien, Systeme und HLK-Zeichen umfassen.<\/p>\n<p>Wir verf\u00fcgen \u00fcber <strong>ein starkes internationales Netzwerk von aktiven Experten<\/strong>, die \u00dcbernehmern und Verk\u00e4ufern in diesem Markt geholfen haben. Unsere umfassenden Kenntnisse des Sektors in der Schweiz und unser gro\u00dfes Netzwerk k\u00f6nnen von unseren Kunden genutzt werden, um gute Transaktionen zu identifizieren und durchzuf\u00fchren.<\/p>\n<h2>Definition des Baugewerbes in der Schweiz :<\/h2>\n<p>Der Hoch- und Tiefbausektor ist ein Sektor mit gro\u00dfen Aktivit\u00e4ten von Wohn- bis zu Industrieprojekten. Die Projekte k\u00f6nnen klein oder sehr gro\u00df sein und das Spektrum der Unternehmen, die diesen Sektor unterst\u00fctzen (Materialien, Beratungsdienste, Projektmanagement, Vertrieb, Einzelhandel, Gro\u00dfhandel, Handwerk und Verkauf,&#8230;) ist ebenso gro\u00df. Der Sektor verf\u00fcgt \u00fcber eine Reihe von Unternehmen, von gro\u00dfen globalen Konglomeraten bis hin zu sehr kleinen Unternehmen. Dies bietet viele M\u00f6glichkeiten zur Konsolidierung oder zur Entwicklung neuer Produkte.<\/p>\n<div id=\"gtx-trans\" style=\"position: absolute;left: -11px;top: 941.2px\"><\/div>\n<\/div><\/section><\/div><\/p>\n","protected":false},"excerpt":{"rendered":"<p>Hoch- und Tiefbau in der Schweiz<\/p>\n","protected":false},"author":2,"featured_media":6783,"parent":10521,"menu_order":0,"comment_status":"closed","ping_status":"closed","template":"","meta":{"footnotes":""},"class_list":["post-10543","page","type-page","status-publish","has-post-thumbnail","hentry"],"_links":{"self":[{"href":"https:\/\/actoria.com\/ch-de\/wp-json\/wp\/v2\/pages\/10543","targetHints":{"allow":["GET"]}}],"collection":[{"href":"https:\/\/actoria.com\/ch-de\/wp-json\/wp\/v2\/pages"}],"about":[{"href":"https:\/\/actoria.com\/ch-de\/wp-json\/wp\/v2\/types\/page"}],"author":[{"embeddable":true,"href":"https:\/\/actoria.com\/ch-de\/wp-json\/wp\/v2\/users\/2"}],"replies":[{"embeddable":true,"href":"https:\/\/actoria.com\/ch-de\/wp-json\/wp\/v2\/comments?post=10543"}],"version-history":[{"count":1,"href":"https:\/\/actoria.com\/ch-de\/wp-json\/wp\/v2\/pages\/10543\/revisions"}],"predecessor-version":[{"id":24588,"href":"https:\/\/actoria.com\/ch-de\/wp-json\/wp\/v2\/pages\/10543\/revisions\/24588"}],"up":[{"embeddable":true,"href":"https:\/\/actoria.com\/ch-de\/wp-json\/wp\/v2\/pages\/10521"}],"wp:featuredmedia":[{"embeddable":true,"href":"https:\/\/actoria.com\/ch-de\/wp-json\/wp\/v2\/media\/6783"}],"wp:attachment":[{"href":"https:\/\/actoria.com\/ch-de\/wp-json\/wp\/v2\/media?parent=10543"}],"curies":[{"name":"wp","href":"https:\/\/api.w.org\/{rel}","templated":true}]}}