{"id":10547,"date":"2020-07-15T14:09:00","date_gmt":"2020-07-15T12:09:00","guid":{"rendered":"https:\/\/actoria.com\/ch\/?page_id=10547"},"modified":"2026-04-27T15:59:18","modified_gmt":"2026-04-27T13:59:18","slug":"energie-rohstoffe-und-bergbau","status":"publish","type":"page","link":"https:\/\/actoria.com\/ch-de\/uber-uns\/dienstleistungen\/branchen\/energie-rohstoffe-und-bergbau\/","title":{"rendered":"Energie, Rohstoffe und Bergbau"},"content":{"rendered":"<div id='av_section_1'  class='avia-section main_color avia-section-default avia-no-border-styling  avia-full-stretch avia-bg-style-fixed  avia-builder-el-0  el_before_av_one_full  avia-builder-el-first  header_page_section_title_wrapper  av-arrow-down-section av-minimum-height av-minimum-height-custom  container_wrap sidebar_right' style='background-repeat: no-repeat; background-image: url(https:\/\/actoria.com\/ch-de\/wp-content\/uploads\/2023\/07\/shutterstock-1-2.jpg);background-attachment: fixed; background-position: center center;  '  data-section-bg-repeat='stretch'><div class='container' style='height:660px'><main  role=\"main\" itemprop=\"mainContentOfPage\"  class='template-page content  av-content-small alpha units'><div class='post-entry post-entry-type-page post-entry-10547'><div class='entry-content-wrapper clearfix'>\n<div class='flex_column_table av-equal-height-column-flextable -flextable' ><div class=\"flex_column av_one_full  flex_column_table_cell av-equal-height-column av-align-bottom av-zero-column-padding first  avia-builder-el-1  avia-builder-el-no-sibling  header_page_section_title \" style='border-radius:0px; ' id=\"header_page_section_title\" ><p><br \/>\n<div  style='padding-bottom:5px; margin:0 0 0 0; color:#ffffff;' class='av-special-heading av-special-heading-h1 custom-color-heading   avia-builder-el-3  el_after_av_codeblock  avia-builder-el-last  '><h1 class='av-special-heading-tag '  itemprop=\"headline\"  >Energie, Rohstoffe und Bergbau in der Schweiz<\/h1><div class='special-heading-border'><div class='special-heading-inner-border' style='border-color:#ffffff'><\/div><\/div><\/div><\/p><\/div><\/div><!--close column table wrapper. Autoclose: 1 -->\n<\/div><\/div><\/main><!-- close content main element --><\/div><div class='av-extra-border-element border-extra-arrow-down'><div class='av-extra-border-outer'><div class='av-extra-border-inner'  style='background-color:#ffffff;' ><\/div><\/div><\/div><\/div><div id='after_section_1'  class='main_color av_default_container_wrap container_wrap sidebar_right' style=' '  ><div class='container' ><div class='template-page content  av-content-small alpha units'><div class='post-entry post-entry-type-page post-entry-10547'><div class='entry-content-wrapper clearfix'>\n<div class=\"flex_column av_one_full  flex_column_div av-zero-column-padding first  avia-builder-el-4  el_after_av_section  avia-builder-el-no-sibling  \" style='border-radius:0px; '><section class=\"av_textblock_section \"  itemscope=\"itemscope\" itemtype=\"https:\/\/schema.org\/CreativeWork\" ><div class='avia_textblock  '   itemprop=\"text\" ><div id=\"attachment_18381\" style=\"width: 310px\" class=\"wp-caption alignleft\"><img loading=\"lazy\" decoding=\"async\" aria-describedby=\"caption-attachment-18381\" class=\"size-medium wp-image-18381\" title=\"Energie, Mati\u00e8res premi\u00e8res et Miniers, transmission d'entreprises en Suisse\" src=\"https:\/\/actoria.com\/ch\/wp-content\/uploads\/2021\/12\/shutterstock-1-19-300x200.jpg\" alt=\"Energie, Mati\u00e8res premi\u00e8res et Miniers, transmission d'entreprises en Suisse\" width=\"300\" height=\"200\" srcset=\"https:\/\/actoria.com\/ch-de\/wp-content\/uploads\/2021\/12\/shutterstock-1-19-300x200.jpg 300w, https:\/\/actoria.com\/ch-de\/wp-content\/uploads\/2021\/12\/shutterstock-1-19-1030x687.jpg 1030w, https:\/\/actoria.com\/ch-de\/wp-content\/uploads\/2021\/12\/shutterstock-1-19-768x512.jpg 768w, https:\/\/actoria.com\/ch-de\/wp-content\/uploads\/2021\/12\/shutterstock-1-19-1536x1024.jpg 1536w, https:\/\/actoria.com\/ch-de\/wp-content\/uploads\/2021\/12\/shutterstock-1-19-2048x1365.jpg 2048w, https:\/\/actoria.com\/ch-de\/wp-content\/uploads\/2021\/12\/shutterstock-1-19-1500x1000.jpg 1500w, https:\/\/actoria.com\/ch-de\/wp-content\/uploads\/2021\/12\/shutterstock-1-19-705x470.jpg 705w\" sizes=\"auto, (max-width: 300px) 100vw, 300px\" \/><p id=\"caption-attachment-18381\" class=\"wp-caption-text\">Energie, Rohstoffe und Bergbau, Unternehmens\u00fcbertragung in der Schweiz<\/p><\/div>\n<p>Nach Angaben der Internationalen Energieagentur (IEA) wird die weltweite Energienachfrage bis 2035 steigen. Das Zentrum der weltweiten Energienachfrage verschiebt sich entscheidend in Richtung der Schwellenl\u00e4nder &#8211; auf sie entfallen mehr als 90% der Netto-Energienachfrage.<\/p>\n<p><strong>Der Erdgasmarkt<\/strong> in der Schweiz ist zunehmend global, was potenzielle Preisimplikationen mit sich bringt.<\/p>\n<p>Das Wachstum der zuk\u00fcnftigen weltweiten Nachfrage nach Kohle ist unsicher, insbesondere aufgrund der strengen Umweltpolitik.<\/p>\n<p>Die Sch\u00e4tzungen der <strong>f\u00f6rderbaren \u00d6lressourcen<\/strong> steigen weiter an, da die Technologien es erm\u00f6glichen, alle Arten von Ressourcen zu f\u00f6rdern, wie zum Beispiel lichtundurchl\u00e4ssiges \u00d6l, die noch vor wenigen Jahren als nicht f\u00f6rderbar galten.<\/p>\n<p>Es wird erwartet, dass <strong>der \u00d6lverbrauch<\/strong> im Jahr 2035 auf nur zwei Sektoren konzentriert sein wird: Verkehr und Petrochemie.<\/p>\n<p>Der Energiesektor in der Schweiz ist eine sehr breite Kategorie, die mehrere Industriezweige umfasst. Er umfasst alle Industrien, die an der Produktion und dem Verkauf von Energie beteiligt sind, einschlie\u00dflich der Brennstoffgewinnung, der Herstellung, der Raffination und der Verteilung.<\/p>\n<p>Insbesondere umfasst der <strong>Energiesektor<\/strong> in der Schweiz die \u00d6lindustrie, die Gasindustrie, die Stromindustrie, die Kohleindustrie, die Kernenergieindustrie und die Industrie f\u00fcr erneuerbare Energien.<\/p>\n<p><strong>Der Versorgungssektor<\/strong> in der Schweiz umfasst Unternehmen, die im Energiesektor t\u00e4tig sind und Energie f\u00f6rdern, Rohstoffe und Produkte verteilen und Dienstleistungen erbringen.<\/p>\n<p><strong>Der Bergbau<\/strong> in der Schweiz ist die Industrie, die sich auf die Erkundung von Mineralvorkommen und den Abbau und die prim\u00e4re Verarbeitung dieser Mineralien spezialisiert hat.<\/p>\n<p>Die Bergbauindustrie ist in die folgenden Hauptgruppen unterteilt: Brennstoffindustrie, Erzgewinnungsindustrie, Industrie f\u00fcr nichtmetallische Mineralien und lokale Baustoffe, Bergbau und chemische Materialien und Industrie f\u00fcr Hydromineralien. Diese Industrien sind komplex mit einem hohen Grad an Regulierung und k\u00f6nnen sehr kapitalintensiv sein.<\/p>\n<div id=\"gtx-trans\" style=\"position: absolute; left: -28px; top: 762px;\">\n<div class=\"gtx-trans-icon\"><\/div>\n<\/div>\n<\/div><\/section><\/div>\n","protected":false},"excerpt":{"rendered":"<p>Energie, Rohstoffe und Bergbau<\/p>\n","protected":false},"author":2,"featured_media":18381,"parent":10521,"menu_order":0,"comment_status":"closed","ping_status":"closed","template":"","meta":{"footnotes":""},"class_list":["post-10547","page","type-page","status-publish","has-post-thumbnail","hentry"],"_links":{"self":[{"href":"https:\/\/actoria.com\/ch-de\/wp-json\/wp\/v2\/pages\/10547","targetHints":{"allow":["GET"]}}],"collection":[{"href":"https:\/\/actoria.com\/ch-de\/wp-json\/wp\/v2\/pages"}],"about":[{"href":"https:\/\/actoria.com\/ch-de\/wp-json\/wp\/v2\/types\/page"}],"author":[{"embeddable":true,"href":"https:\/\/actoria.com\/ch-de\/wp-json\/wp\/v2\/users\/2"}],"replies":[{"embeddable":true,"href":"https:\/\/actoria.com\/ch-de\/wp-json\/wp\/v2\/comments?post=10547"}],"version-history":[{"count":0,"href":"https:\/\/actoria.com\/ch-de\/wp-json\/wp\/v2\/pages\/10547\/revisions"}],"up":[{"embeddable":true,"href":"https:\/\/actoria.com\/ch-de\/wp-json\/wp\/v2\/pages\/10521"}],"wp:featuredmedia":[{"embeddable":true,"href":"https:\/\/actoria.com\/ch-de\/wp-json\/wp\/v2\/media\/18381"}],"wp:attachment":[{"href":"https:\/\/actoria.com\/ch-de\/wp-json\/wp\/v2\/media?parent=10547"}],"curies":[{"name":"wp","href":"https:\/\/api.w.org\/{rel}","templated":true}]}}