{"id":10558,"date":"2020-07-15T14:12:28","date_gmt":"2020-07-15T12:12:28","guid":{"rendered":"https:\/\/actoria.com\/ch\/?page_id=10558"},"modified":"2026-04-27T15:59:13","modified_gmt":"2026-04-27T13:59:13","slug":"professionelle-dienstleistungen","status":"publish","type":"page","link":"https:\/\/actoria.com\/ch-de\/uber-uns\/dienstleistungen\/branchen\/professionelle-dienstleistungen\/","title":{"rendered":"Professionelle Dienstleistungen"},"content":{"rendered":"<div id='av_section_1'  class='avia-section main_color avia-section-default avia-no-border-styling  avia-full-stretch avia-bg-style-fixed  avia-builder-el-0  el_before_av_one_full  avia-builder-el-first  header_page_section_title_wrapper  av-arrow-down-section av-minimum-height av-minimum-height-custom  container_wrap sidebar_right' style='background-repeat: no-repeat; background-image: url(https:\/\/actoria.com\/ch-de\/wp-content\/uploads\/2021\/01\/shutterstock-1-3-1500x1000.jpg);background-attachment: fixed; background-position: center center;  '  data-section-bg-repeat='stretch'><div class='container' style='height:660px'><main  role=\"main\" itemprop=\"mainContentOfPage\"  class='template-page content  av-content-small alpha units'><div class='post-entry post-entry-type-page post-entry-10558'><div class='entry-content-wrapper clearfix'>\n<div class='flex_column_table av-equal-height-column-flextable -flextable' ><div class=\"flex_column av_one_full  flex_column_table_cell av-equal-height-column av-align-bottom av-zero-column-padding first  avia-builder-el-1  avia-builder-el-no-sibling  header_page_section_title \" style='border-radius:0px; ' id=\"header_page_section_title\" ><p><br \/>\n<div  style='padding-bottom:5px; margin:0 0 0 0; color:#ffffff;' class='av-special-heading av-special-heading-h1 custom-color-heading   avia-builder-el-3  el_after_av_codeblock  avia-builder-el-last  '><h1 class='av-special-heading-tag '  itemprop=\"headline\"  >Professionelle Dienstleistungen in der Schweiz<\/h1><div class='special-heading-border'><div class='special-heading-inner-border' style='border-color:#ffffff'><\/div><\/div><\/div><\/p><\/div><\/div><!--close column table wrapper. Autoclose: 1 --><\/div><\/div><\/main><!-- close content main element --><\/div><div class='av-extra-border-element border-extra-arrow-down'><div class='av-extra-border-outer'><div class='av-extra-border-inner'  style='background-color:#ffffff;' ><\/div><\/div><\/div><\/div><div id='after_section_1'  class='main_color av_default_container_wrap container_wrap sidebar_right' style=' '  ><div class='container' ><div class='template-page content  av-content-small alpha units'><div class='post-entry post-entry-type-page post-entry-10558'><div class='entry-content-wrapper clearfix'><div class=\"flex_column av_one_full  flex_column_div av-zero-column-padding first  avia-builder-el-4  el_after_av_section  avia-builder-el-no-sibling  \" style='border-radius:0px; '><section class=\"av_textblock_section \"  itemscope=\"itemscope\" itemtype=\"https:\/\/schema.org\/CreativeWork\" ><div class='avia_textblock  '   itemprop=\"text\" ><div id=\"attachment_18430\" style=\"width: 310px\" class=\"wp-caption alignleft\"><img loading=\"lazy\" decoding=\"async\" aria-describedby=\"caption-attachment-18430\" class=\"size-medium wp-image-18430\" title=\"Services professionnels, transmission d'entreprises en Suisse\" src=\"https:\/\/actoria.com\/ch\/wp-content\/uploads\/2021\/12\/shutterstock-1-28-300x200.jpg\" alt=\"Services professionnels, transmission d'entreprises en Suisse\" width=\"300\" height=\"200\" srcset=\"https:\/\/actoria.com\/ch-de\/wp-content\/uploads\/2021\/12\/shutterstock-1-28-300x200.jpg 300w, https:\/\/actoria.com\/ch-de\/wp-content\/uploads\/2021\/12\/shutterstock-1-28-1030x687.jpg 1030w, https:\/\/actoria.com\/ch-de\/wp-content\/uploads\/2021\/12\/shutterstock-1-28-768x512.jpg 768w, https:\/\/actoria.com\/ch-de\/wp-content\/uploads\/2021\/12\/shutterstock-1-28-1536x1024.jpg 1536w, https:\/\/actoria.com\/ch-de\/wp-content\/uploads\/2021\/12\/shutterstock-1-28-2048x1365.jpg 2048w, https:\/\/actoria.com\/ch-de\/wp-content\/uploads\/2021\/12\/shutterstock-1-28-1500x1000.jpg 1500w, https:\/\/actoria.com\/ch-de\/wp-content\/uploads\/2021\/12\/shutterstock-1-28-705x470.jpg 705w\" sizes=\"auto, (max-width: 300px) 100vw, 300px\" \/><p id=\"caption-attachment-18430\" class=\"wp-caption-text\">Professionelle Dienstleistungen, Unternehmens\u00fcbertragung in der Schweiz<\/p><\/div>\n<p>Der Sektor der freiberuflichen Dienstleistungen in der Schweiz ist ein Sektor, in dem gro\u00dfe Ver\u00e4nderungen und Innovationen zu beobachten sind, um den neuen Marktbed\u00fcrfnissen gerecht zu werden. Der Dienstleistungssektor wird im Vergleich zu anderen Sektoren eine gr\u00f6\u00dfere Marktposition einnehmen.<\/p>\n<p>Nach Angaben der OECD entfallen auf den Sektor der Unternehmensdienstleistungen inzwischen mehr als 70 % der Gesamtbesch\u00e4ftigung und der Wertsch\u00f6pfung in den OECD-Volkswirtschaften. Er ist auch f\u00fcr fast das gesamte Besch\u00e4ftigungswachstum im OECD-Raum verantwortlich.<\/p>\n<p>Bloomberg berichtet, dass Dienstleistungen nach den Rohstoffen des privaten Sektors weiterhin am meisten gesucht werden.<\/p>\n<p>Wir haben in der Schweiz mehrere professionelle Beratungsunternehmen und Verm\u00f6gensverwaltungsunternehmen, Softwareunternehmen f\u00fcr professionelle Dienstleistungen und Dienstleistungsunternehmen f\u00fcr Privatkunden begleitet.<\/p>\n<h2>Unsere Definition von Professional Services in der Schweiz<\/h2>\n<p>Professionelle Dienstleistungsunternehmen stehen vor einer doppelten Herausforderung: Sie m\u00fcssen Ver\u00e4nderungen voraussehen und bew\u00e4ltigen, nicht nur f\u00fcr die Kunden, sondern auch f\u00fcr das Unternehmen. In der heutigen schnelllebigen Welt ist dies keine leichte Aufgabe, aber gemeinsam k\u00f6nnen wir einen Plan entwickeln, um Chancen zu nutzen, die Erwartungen der Kunden zu erf\u00fcllen und in sich ver\u00e4ndernden M\u00e4rkten zu gedeihen.<\/p>\n<p>Actoria Schweiz verf\u00fcgt \u00fcber das Wissen und die Erfahrung, die durch ein Netzwerk von lokalen Experten in der Schweiz, auf nationaler und internationaler Ebene erforderlich sind.<\/p>\n<p>Ihre Kunden verlassen sich darauf, dass Sie ihnen zuverl\u00e4ssige, glaubw\u00fcrdige und zeitnahe Dienstleistungen und Beratung bieten. Sie k\u00f6nnen sich darauf verlassen, dass wir dieselben hohen Standards erf\u00fcllen. Wir verpflichten uns, unseren Kunden eine au\u00dfergew\u00f6hnliche Erfahrung zu bieten.<\/p>\n<p>Ob Sie nun in der Architektur, im Ingenieurwesen oder im Rechtswesen t\u00e4tig sind, wir bieten praktische L\u00f6sungen, die unseren Kunden helfen, Ver\u00e4nderungen effizient und erfolgreich zu bew\u00e4ltigen.<\/p>\n<p>Zu den professionellen Dienstleistungen in der Schweiz geh\u00f6ren auch <strong>Pflege-, Catering- und Reinigungsdienste sowie Dienstleistungen f\u00fcr Unternehmen und den Immobiliensektor.<\/strong><\/p>\n<div id=\"gtx-trans\" style=\"position: absolute;left: -3px;top: 783.6px\"><\/div>\n<\/div><\/section><\/div><\/p>\n","protected":false},"excerpt":{"rendered":"<p>Professionelle Dienstleistungen<\/p>\n","protected":false},"author":2,"featured_media":6694,"parent":10521,"menu_order":0,"comment_status":"closed","ping_status":"closed","template":"","meta":{"footnotes":""},"class_list":["post-10558","page","type-page","status-publish","has-post-thumbnail","hentry"],"_links":{"self":[{"href":"https:\/\/actoria.com\/ch-de\/wp-json\/wp\/v2\/pages\/10558","targetHints":{"allow":["GET"]}}],"collection":[{"href":"https:\/\/actoria.com\/ch-de\/wp-json\/wp\/v2\/pages"}],"about":[{"href":"https:\/\/actoria.com\/ch-de\/wp-json\/wp\/v2\/types\/page"}],"author":[{"embeddable":true,"href":"https:\/\/actoria.com\/ch-de\/wp-json\/wp\/v2\/users\/2"}],"replies":[{"embeddable":true,"href":"https:\/\/actoria.com\/ch-de\/wp-json\/wp\/v2\/comments?post=10558"}],"version-history":[{"count":1,"href":"https:\/\/actoria.com\/ch-de\/wp-json\/wp\/v2\/pages\/10558\/revisions"}],"predecessor-version":[{"id":24557,"href":"https:\/\/actoria.com\/ch-de\/wp-json\/wp\/v2\/pages\/10558\/revisions\/24557"}],"up":[{"embeddable":true,"href":"https:\/\/actoria.com\/ch-de\/wp-json\/wp\/v2\/pages\/10521"}],"wp:featuredmedia":[{"embeddable":true,"href":"https:\/\/actoria.com\/ch-de\/wp-json\/wp\/v2\/media\/6694"}],"wp:attachment":[{"href":"https:\/\/actoria.com\/ch-de\/wp-json\/wp\/v2\/media?parent=10558"}],"curies":[{"name":"wp","href":"https:\/\/api.w.org\/{rel}","templated":true}]}}