{"id":10571,"date":"2020-07-15T14:17:27","date_gmt":"2020-07-15T12:17:27","guid":{"rendered":"https:\/\/actoria.com\/ch\/?page_id=10571"},"modified":"2026-04-27T15:56:05","modified_gmt":"2026-04-27T13:56:05","slug":"gesundheit-pharmazie-und-biotechnologie","status":"publish","type":"page","link":"https:\/\/actoria.com\/ch-de\/uber-uns\/dienstleistungen\/branchen\/gesundheit-pharmazie-und-biotechnologie\/","title":{"rendered":"Gesundheit, Pharmazie und Biotechnologie"},"content":{"rendered":"<div id='av_section_1'  class='avia-section main_color avia-section-default avia-no-border-styling  avia-full-stretch avia-bg-style-fixed  avia-builder-el-0  el_before_av_one_full  avia-builder-el-first  header_page_section_title_wrapper  av-arrow-down-section av-minimum-height av-minimum-height-custom  container_wrap sidebar_right' style='background-repeat: no-repeat; background-image: url(https:\/\/actoria.com\/ch-de\/wp-content\/uploads\/2020\/10\/pharmacie_sante_actoria-1500x935.jpg);background-attachment: fixed; background-position: center center;  '  data-section-bg-repeat='stretch'><div class='container' style='height:660px'><main  role=\"main\" itemprop=\"mainContentOfPage\"  class='template-page content  av-content-small alpha units'><div class='post-entry post-entry-type-page post-entry-10571'><div class='entry-content-wrapper clearfix'>\n<div class='flex_column_table av-equal-height-column-flextable -flextable' ><div class=\"flex_column av_one_full  flex_column_table_cell av-equal-height-column av-align-bottom av-zero-column-padding first  avia-builder-el-1  avia-builder-el-no-sibling  header_page_section_title \" style='border-radius:0px; ' id=\"header_page_section_title\" ><p><br \/>\n<div  style='padding-bottom:5px; margin:0 0 0 0; color:#ffffff;' class='av-special-heading av-special-heading-h1 custom-color-heading   avia-builder-el-3  el_after_av_codeblock  avia-builder-el-last  '><h1 class='av-special-heading-tag '  itemprop=\"headline\"  >Gesundheit, Pharmazie und Biotechnologie<\/h1><div class='special-heading-border'><div class='special-heading-inner-border' style='border-color:#ffffff'><\/div><\/div><\/div><\/p><\/div><\/div><!--close column table wrapper. Autoclose: 1 --><\/div><\/div><\/main><!-- close content main element --><\/div><div class='av-extra-border-element border-extra-arrow-down'><div class='av-extra-border-outer'><div class='av-extra-border-inner'  style='background-color:#ffffff;' ><\/div><\/div><\/div><\/div><div id='after_section_1'  class='main_color av_default_container_wrap container_wrap sidebar_right' style=' '  ><div class='container' ><div class='template-page content  av-content-small alpha units'><div class='post-entry post-entry-type-page post-entry-10571'><div class='entry-content-wrapper clearfix'><div class=\"flex_column av_one_full  flex_column_div av-zero-column-padding first  avia-builder-el-4  el_after_av_section  avia-builder-el-no-sibling  \" style='border-radius:0px; '><section class=\"av_textblock_section \"  itemscope=\"itemscope\" itemtype=\"https:\/\/schema.org\/CreativeWork\" ><div class='avia_textblock  '   itemprop=\"text\" ><div id=\"attachment_18422\" style=\"width: 310px\" class=\"wp-caption alignleft\"><img loading=\"lazy\" decoding=\"async\" aria-describedby=\"caption-attachment-18422\" class=\"size-medium wp-image-18422\" title=\"Sant\u00e9, Pharmaceutiques \u2013 Biotechnologie, transmission d'entreprises en Suisse\" src=\"https:\/\/actoria.com\/ch\/wp-content\/uploads\/2021\/12\/shutterstock-1-26-300x200.jpg\" alt=\"Sant\u00e9, Pharmaceutiques \u2013 Biotechnologie, transmission d'entreprises en Suisse\" width=\"300\" height=\"200\" srcset=\"https:\/\/actoria.com\/ch-de\/wp-content\/uploads\/2021\/12\/shutterstock-1-26-300x200.jpg 300w, https:\/\/actoria.com\/ch-de\/wp-content\/uploads\/2021\/12\/shutterstock-1-26-1030x687.jpg 1030w, https:\/\/actoria.com\/ch-de\/wp-content\/uploads\/2021\/12\/shutterstock-1-26-768x512.jpg 768w, https:\/\/actoria.com\/ch-de\/wp-content\/uploads\/2021\/12\/shutterstock-1-26-1536x1024.jpg 1536w, https:\/\/actoria.com\/ch-de\/wp-content\/uploads\/2021\/12\/shutterstock-1-26-2048x1365.jpg 2048w, https:\/\/actoria.com\/ch-de\/wp-content\/uploads\/2021\/12\/shutterstock-1-26-1500x1000.jpg 1500w, https:\/\/actoria.com\/ch-de\/wp-content\/uploads\/2021\/12\/shutterstock-1-26-705x470.jpg 705w\" sizes=\"auto, (max-width: 300px) 100vw, 300px\" \/><p id=\"caption-attachment-18422\" class=\"wp-caption-text\">Gesundheit, Pharmazie und Biotechnologie &#8211; Unternehmens\u00fcbertragung in der Schweiz<\/p><\/div>\n<p>Der Gesundheitsmarkt f\u00fcr Pharmazie und Biotechnologie in der Schweiz ist in st\u00e4ndiger Bewegung.<\/p>\n<p>Dies ist vor allem auf eine alternde Bev\u00f6lkerung, verbesserte Pr\u00e4vention und Krankheitsmanagement, aufstrebende Regionen mit Bedarf an moderner Gesundheit, neue Diagnosen und Therapien zur\u00fcckzuf\u00fchren.<\/p>\n<p>Die wichtigsten Wachstumsbereiche in der Schweiz sind <strong>Biotech, Software und Dienstleistungen.<\/strong><\/p>\n<p>In diesem Bereich werden jedes Jahr mehr als 10.000 Transaktionen durchgef\u00fchrt. 60% in den USA und 25% in Europa.<\/p>\n<p><strong>Pharmazie und Biotech machen \u00fcber 40% der Angebote aus<\/strong>, wobei Anbieter von Produkten und Dienstleistungen an zweiter und dritter Stelle stehen.<\/p>\n<p>Fast 70% der Angebote sind kleiner als 100 Mio. $.<\/p>\n<p>Alle Unternehmen des Gesundheits-, Pharma- und Biotechnologiesektors in der Schweiz stehen heute vor vielf\u00e4ltigen Herausforderungen: Senkung der Verkaufspreise f\u00fcr Arzneimittel aufgrund der Intervention der Gesundheitsbeh\u00f6rden, Einf\u00fchrung von Generika, Anh\u00e4ufung von Auflagen, steigende Kosten und l\u00e4ngere Entwicklungszeiten.<\/p>\n<p>Dar\u00fcber hinaus verhindern in der Schweiz die Unvorhersehbarkeit geopolitischer und regulatorischer Ver\u00e4nderungen sowie die Zunahme des Vorsorgeprinzips jegliche Vorhersehbarkeit.<br \/>\nSichtbarkeit zu verhindern. Die Unternehmen in den Sektoren Gesundheit, Pharmazie und Biotechnologie m\u00fcssen sich anpassen und ihre Strategien neu ausrichten, um wettbewerbsf\u00e4hig zu bleiben.<\/p>\n<p>Dies erfordert Innovation in der Schweiz, aber auch h\u00f6here Anforderungen an die Mitarbeiter, um sich an die notwendigen Ver\u00e4nderungen in den Sektoren Gesundheit, Pharmazie und Biotechnologie anzupassen und dazu beizutragen.<\/p>\n<\/div><\/section><\/div><\/p>\n","protected":false},"excerpt":{"rendered":"<p>Gesundheit, Pharmazie und Biotechnologie<\/p>\n","protected":false},"author":2,"featured_media":6597,"parent":10521,"menu_order":0,"comment_status":"closed","ping_status":"closed","template":"","meta":{"footnotes":""},"class_list":["post-10571","page","type-page","status-publish","has-post-thumbnail","hentry"],"_links":{"self":[{"href":"https:\/\/actoria.com\/ch-de\/wp-json\/wp\/v2\/pages\/10571","targetHints":{"allow":["GET"]}}],"collection":[{"href":"https:\/\/actoria.com\/ch-de\/wp-json\/wp\/v2\/pages"}],"about":[{"href":"https:\/\/actoria.com\/ch-de\/wp-json\/wp\/v2\/types\/page"}],"author":[{"embeddable":true,"href":"https:\/\/actoria.com\/ch-de\/wp-json\/wp\/v2\/users\/2"}],"replies":[{"embeddable":true,"href":"https:\/\/actoria.com\/ch-de\/wp-json\/wp\/v2\/comments?post=10571"}],"version-history":[{"count":1,"href":"https:\/\/actoria.com\/ch-de\/wp-json\/wp\/v2\/pages\/10571\/revisions"}],"predecessor-version":[{"id":24528,"href":"https:\/\/actoria.com\/ch-de\/wp-json\/wp\/v2\/pages\/10571\/revisions\/24528"}],"up":[{"embeddable":true,"href":"https:\/\/actoria.com\/ch-de\/wp-json\/wp\/v2\/pages\/10521"}],"wp:featuredmedia":[{"embeddable":true,"href":"https:\/\/actoria.com\/ch-de\/wp-json\/wp\/v2\/media\/6597"}],"wp:attachment":[{"href":"https:\/\/actoria.com\/ch-de\/wp-json\/wp\/v2\/media?parent=10571"}],"curies":[{"name":"wp","href":"https:\/\/api.w.org\/{rel}","templated":true}]}}