{"id":10574,"date":"2020-07-15T14:18:40","date_gmt":"2020-07-15T12:18:40","guid":{"rendered":"https:\/\/actoria.com\/ch\/?page_id=10574"},"modified":"2026-04-27T15:56:58","modified_gmt":"2026-04-27T13:56:58","slug":"ol-gas-und-spedition","status":"publish","type":"page","link":"https:\/\/actoria.com\/ch-de\/uber-uns\/dienstleistungen\/branchen\/ol-gas-und-spedition\/","title":{"rendered":"\u00d6l &#8211; Gas und Spedition"},"content":{"rendered":"<div id='av_section_1'  class='avia-section main_color avia-section-default avia-no-border-styling  avia-full-stretch avia-bg-style-fixed  avia-builder-el-0  el_before_av_one_full  avia-builder-el-first  header_page_section_title_wrapper  av-arrow-down-section av-minimum-height av-minimum-height-custom  container_wrap sidebar_right' style='background-repeat: no-repeat; background-image: url(https:\/\/actoria.com\/ch-de\/wp-content\/uploads\/2021\/12\/shutterstock-1-25-1500x1001.jpg);background-attachment: fixed; background-position: center center;  '  data-section-bg-repeat='stretch'><div class='container' style='height:660px'><main  role=\"main\" itemprop=\"mainContentOfPage\"  class='template-page content  av-content-small alpha units'><div class='post-entry post-entry-type-page post-entry-10574'><div class='entry-content-wrapper clearfix'>\n<div class='flex_column_table av-equal-height-column-flextable -flextable' ><div class=\"flex_column av_one_full  flex_column_table_cell av-equal-height-column av-align-bottom av-zero-column-padding first  avia-builder-el-1  avia-builder-el-no-sibling  header_page_section_title \" style='border-radius:0px; ' id=\"header_page_section_title\" ><p><br \/>\n<div  style='padding-bottom:5px; margin:0 0 0 0; color:#ffffff;' class='av-special-heading av-special-heading-h1 custom-color-heading   avia-builder-el-3  el_after_av_codeblock  avia-builder-el-last  '><h1 class='av-special-heading-tag '  itemprop=\"headline\"  >\u00d6l &#8211; Gas und Spedition<\/h1><div class='special-heading-border'><div class='special-heading-inner-border' style='border-color:#ffffff'><\/div><\/div><\/div><\/p><\/div><\/div><!--close column table wrapper. Autoclose: 1 --><\/div><\/div><\/main><!-- close content main element --><\/div><div class='av-extra-border-element border-extra-arrow-down'><div class='av-extra-border-outer'><div class='av-extra-border-inner'  style='background-color:#ffffff;' ><\/div><\/div><\/div><\/div><div id='after_section_1'  class='main_color av_default_container_wrap container_wrap sidebar_right' style=' '  ><div class='container' ><div class='template-page content  av-content-small alpha units'><div class='post-entry post-entry-type-page post-entry-10574'><div class='entry-content-wrapper clearfix'><div class=\"flex_column av_one_full  flex_column_div av-zero-column-padding first  avia-builder-el-4  el_after_av_section  avia-builder-el-no-sibling  \" style='border-radius:0px; '><section class=\"av_textblock_section \"  itemscope=\"itemscope\" itemtype=\"https:\/\/schema.org\/CreativeWork\" ><div class='avia_textblock  '   itemprop=\"text\" ><div id=\"attachment_18417\" style=\"width: 310px\" class=\"wp-caption alignleft\"><img loading=\"lazy\" decoding=\"async\" aria-describedby=\"caption-attachment-18417\" class=\"size-medium wp-image-18417\" title=\"P\u00e9trole \u2013 Gaz et Exp\u00e9dition, transmission d'entreprises en Suisse\" src=\"https:\/\/actoria.com\/ch\/wp-content\/uploads\/2021\/12\/shutterstock-1-24-300x200.jpg\" alt=\"P\u00e9trole \u2013 Gaz et Exp\u00e9dition, transmission d'entreprises en Suisse\" width=\"300\" height=\"200\" srcset=\"https:\/\/actoria.com\/ch-de\/wp-content\/uploads\/2021\/12\/shutterstock-1-24-300x200.jpg 300w, https:\/\/actoria.com\/ch-de\/wp-content\/uploads\/2021\/12\/shutterstock-1-24-1030x687.jpg 1030w, https:\/\/actoria.com\/ch-de\/wp-content\/uploads\/2021\/12\/shutterstock-1-24-768x512.jpg 768w, https:\/\/actoria.com\/ch-de\/wp-content\/uploads\/2021\/12\/shutterstock-1-24-1536x1024.jpg 1536w, https:\/\/actoria.com\/ch-de\/wp-content\/uploads\/2021\/12\/shutterstock-1-24-2048x1365.jpg 2048w, https:\/\/actoria.com\/ch-de\/wp-content\/uploads\/2021\/12\/shutterstock-1-24-1500x1000.jpg 1500w, https:\/\/actoria.com\/ch-de\/wp-content\/uploads\/2021\/12\/shutterstock-1-24-705x470.jpg 705w\" sizes=\"auto, (max-width: 300px) 100vw, 300px\" \/><p id=\"caption-attachment-18417\" class=\"wp-caption-text\">\u00d6l &#8211; Gas und Spedition, Unternehmens\u00fcbertragung in der Schweiz<\/p><\/div>\n<p>Der \u00d6l- und Gassektor ist der Sektor, in dem aufgrund von Ver\u00e4nderungen auf den M\u00e4rkten ein erhebliches Ma\u00df an Konsolidierung stattfindet.<\/p>\n<p><strong>Die Aktivit\u00e4ten in diesem Sektor verlagern sich nach S\u00fcden<\/strong> in Richtung S\u00fcdamerika und Afrika.<\/p>\n<p>Da China heute der gr\u00f6\u00dfte Schiffsbauer der Welt ist, gibt es einen Trend zur Konsolidierung, um dem Wettbewerb aus Asien standzuhalten.<\/p>\n<p>In diesem Sektor ist ein <strong>R\u00fcckgang der Barrelpreise und der Investitionen<\/strong> in die Erschlie\u00dfung neuer \u00d6lfelder zu beobachten. Bohrunternehmen und Anbieter von \u00d6ldienstleistungen erleben schwierige Zeiten.<\/p>\n<p>Unsere weltweit t\u00e4tigen Experte sind <strong>erfahren und engagierte Spezialisten<\/strong> in der Schweiz, die geeignete K\u00e4ufer auf der Basis eines direkten Ansatzes identifizieren und ausw\u00e4hlen k\u00f6nnen.<\/p>\n<p>Wir haben <strong>in der Schweiz zahlreiche Such- und Verkaufsmandate<\/strong> in diesen Sektoren abgeschlossen.<\/p>\n<p>Experten aus diesem Sektor sowie ehemalige F\u00fchrungskr\u00e4fte aus diesem Sektor in Europa und den USA sind unser Ausgangspunkt f\u00fcr die Zusammenstellung unserer internationalen Teams.<\/p>\n<h2>Die Vertraulichkeit in der Schweiz ist in den Bereichen \u00d6l, Gas und Spedition von entscheidender Bedeutung:<\/h2>\n<p>Als unabh\u00e4ngiges Unternehmen k\u00f6nnen wir uns frei an potenzielle K\u00e4ufer wenden, ohne die Identit\u00e4t unserer Kunden vorzeitig preiszugeben.<\/p>\n<p><strong>Unsere strukturierte und schrittweise Vorgehensweise<\/strong> in der Schweiz ist der Schl\u00fcssel zu unserer historisch hohen Erfolgsquote bei Unternehmensverk\u00e4ufen und -verk\u00e4ufen.<\/p>\n<\/div><\/section><\/div><\/p>\n","protected":false},"excerpt":{"rendered":"<p>\u00d6l &#8211; Gas und Spedition<\/p>\n","protected":false},"author":2,"featured_media":6664,"parent":10521,"menu_order":0,"comment_status":"closed","ping_status":"closed","template":"","meta":{"footnotes":""},"class_list":["post-10574","page","type-page","status-publish","has-post-thumbnail","hentry"],"_links":{"self":[{"href":"https:\/\/actoria.com\/ch-de\/wp-json\/wp\/v2\/pages\/10574","targetHints":{"allow":["GET"]}}],"collection":[{"href":"https:\/\/actoria.com\/ch-de\/wp-json\/wp\/v2\/pages"}],"about":[{"href":"https:\/\/actoria.com\/ch-de\/wp-json\/wp\/v2\/types\/page"}],"author":[{"embeddable":true,"href":"https:\/\/actoria.com\/ch-de\/wp-json\/wp\/v2\/users\/2"}],"replies":[{"embeddable":true,"href":"https:\/\/actoria.com\/ch-de\/wp-json\/wp\/v2\/comments?post=10574"}],"version-history":[{"count":1,"href":"https:\/\/actoria.com\/ch-de\/wp-json\/wp\/v2\/pages\/10574\/revisions"}],"predecessor-version":[{"id":24548,"href":"https:\/\/actoria.com\/ch-de\/wp-json\/wp\/v2\/pages\/10574\/revisions\/24548"}],"up":[{"embeddable":true,"href":"https:\/\/actoria.com\/ch-de\/wp-json\/wp\/v2\/pages\/10521"}],"wp:featuredmedia":[{"embeddable":true,"href":"https:\/\/actoria.com\/ch-de\/wp-json\/wp\/v2\/media\/6664"}],"wp:attachment":[{"href":"https:\/\/actoria.com\/ch-de\/wp-json\/wp\/v2\/media?parent=10574"}],"curies":[{"name":"wp","href":"https:\/\/api.w.org\/{rel}","templated":true}]}}