{"id":12093,"date":"2020-10-22T13:26:56","date_gmt":"2020-10-22T13:26:56","guid":{"rendered":"https:\/\/actoria.com\/ch\/?page_id=12093"},"modified":"2026-04-27T15:59:17","modified_gmt":"2026-04-27T13:59:17","slug":"laden-sie-den-strategischen-leitfaden-ihr-unternehmenswachstum-ankurbeln-herunter","status":"publish","type":"page","link":"https:\/\/actoria.com\/ch-de\/entwickeln\/unsere-entwicklungsveroffentlichungen\/laden-sie-den-strategischen-leitfaden-ihr-unternehmenswachstum-ankurbeln-herunter\/","title":{"rendered":"Laden Sie den strategischen Leitfaden \u201eIhr Unternehmenswachstum ankurbeln\u201c herunter"},"content":{"rendered":"<div class=\"flex_column av_one_fourth  flex_column_div av-zero-column-padding first  \" style='border-radius:0px; '><div  class='avia-image-container  av-styling-no-styling    avia-align-center '  itemprop=\"image\" itemscope=\"itemscope\" itemtype=\"https:\/\/schema.org\/ImageObject\"  ><div class='avia-image-container-inner'><div class='avia-image-overlay-wrap'><img class='avia_image' src='https:\/\/actoria.com\/ch-de\/wp-content\/uploads\/2022\/08\/Book-Boost-your-Growth-DE.png' alt='Laden Sie den strategischen Leitfaden \u201eIhr Unternehmenswachstum ankurbeln\u201c herunterFirmen\u00fcbergabe, Verkauf von KMU, Erwerb von Schweizer Firmen, Deutschland, \u00d6sterreich' title='Laden Sie den strategischen Leitfaden \u201eIhr Unternehmenswachstum ankurbeln\u201c herunterFirmen\u00fcbergabe, Verkauf von KMU, Erwerb von Schweizer Firmen, Deutschland, \u00d6sterreich' height=\"1383\" width=\"1500\"  itemprop=\"thumbnailUrl\"  \/><\/div><\/div><\/div><\/div>\n<div class=\"flex_column av_three_fourth  flex_column_div av-zero-column-padding   \" style='border-radius:0px; '><section class=\"av_textblock_section \"  itemscope=\"itemscope\" itemtype=\"https:\/\/schema.org\/CreativeWork\" ><div class='avia_textblock  '   itemprop=\"text\" ><div id=\"zf_div_nM2hH77gSjP990A6jSG6smDf5w8o-x9OJOIg7jTVpps\"><\/div>\n<p><script type=\"text\/javascript\">(function() {\ntry{\nvar f = document.createElement(\"iframe\");\nf.src = 'https:\/\/forms.zohopublic.com\/rseauactoria\/form\/ErhaltenSieunserenStrategieleitfadenWiemanauchinKr\/formperma\/nM2hH77gSjP990A6jSG6smDf5w8o-x9OJOIg7jTVpps?zf_lang=de&zf_rszfm=1';\nf.style.border=\"none\";\nf.style.height=\"820px\";\nf.style.width=\"90%\";\nf.style.transition=\"all 0.5s ease\";\nvar d = document.getElementById(\"zf_div_nM2hH77gSjP990A6jSG6smDf5w8o-x9OJOIg7jTVpps\");\nd.appendChild(f);\nwindow.addEventListener('message', function (){\nvar evntData = event.data;\nif( evntData && evntData.constructor == String ){\nvar zf_ifrm_data = evntData.split(\"|\");\nif ( zf_ifrm_data.length == 2 ) {\nvar zf_perma = zf_ifrm_data[0];\nvar zf_ifrm_ht_nw = ( parseInt(zf_ifrm_data[1], 10) + 15 ) + \"px\";\nvar iframe = document.getElementById(\"zf_div_nM2hH77gSjP990A6jSG6smDf5w8o-x9OJOIg7jTVpps\").getElementsByTagName(\"iframe\")[0];\nif ( (iframe.src).indexOf('formperma') > 0 && (iframe.src).indexOf(zf_perma) > 0 ) {\nvar prevIframeHeight = iframe.style.height;\nif ( prevIframeHeight != zf_ifrm_ht_nw ) {\niframe.style.height = zf_ifrm_ht_nw;\n}\n}\n}\n}\n}, false);\n}catch(e){}\n})();<\/script><\/p>\n<\/div><\/section><\/div><section class=\"av_textblock_section \"  itemscope=\"itemscope\" itemtype=\"https:\/\/schema.org\/CreativeWork\" ><div class='avia_textblock  '   itemprop=\"text\" ><h3 class=\"title_livre_blanc\" style=\"text-align: justify;\">Aber warum dieses Wei\u00dfbuch?<\/h3>\n<p><strong>Einige Experten sagten eine V-f\u00f6rmige Erholung voraus<\/strong>,\u00a0andere eine U- oder W-f\u00f6rmige Erholung und die Panikmacher eine L-f\u00f6rmige Erholung mit einem Zusammenbruch ohne Erholung. <strong>Letztendlich wird der sich abzeichnende Aufschwung in K liegen.<\/strong> Der freiwillige Stillstand der Wirtschaft wird durch den vertikalen Balken symbolisiert, von dem dann zwei Balken ausgehen, einer aufsteigend, der andere absteigend.<\/p>\n<p>Das bedeutet, dass wir eine Polarisierung der Trends erleben werden: <strong>Die fortschrittlichsten Unternehmen werden gest\u00e4rkt aus der Krise hervorgehen<\/strong>, w\u00e4hrend andere nicht wieder anlaufen werden.<\/p>\n<p>Die st\u00e4rksten, agilsten und f\u00fcr die Zukunft am besten ger\u00fcsteten Unternehmen werden sich erholen und sogar von der Krise profitieren. Das sieht man zum Beispiel an der High-Tech-Branche in den USA. Die anderen, diejenigen, die schon vor der Krise schwach waren, sinken. F\u00fcr einige vor\u00fcbergehend und f\u00fcr andere dauerhaft oder sogar endg\u00fcltig.<\/p>\n<p><strong>Warum also diese Polarisierung?<\/strong> Warum werden einige Unternehmen st\u00e4rker aus der Krise hervorgehen? Was ist ihre Strategie?<\/p>\n<\/div><\/section><\/p>\n","protected":false},"excerpt":{"rendered":"<p>Laden Sie den strategischen Leitfaden \u201eIhr Unternehmenswachstum ankurbeln\u201c herunter<\/p>\n","protected":false},"author":2,"featured_media":22183,"parent":16506,"menu_order":1,"comment_status":"closed","ping_status":"closed","template":"","meta":{"footnotes":""},"class_list":["post-12093","page","type-page","status-publish","has-post-thumbnail","hentry"],"_links":{"self":[{"href":"https:\/\/actoria.com\/ch-de\/wp-json\/wp\/v2\/pages\/12093","targetHints":{"allow":["GET"]}}],"collection":[{"href":"https:\/\/actoria.com\/ch-de\/wp-json\/wp\/v2\/pages"}],"about":[{"href":"https:\/\/actoria.com\/ch-de\/wp-json\/wp\/v2\/types\/page"}],"author":[{"embeddable":true,"href":"https:\/\/actoria.com\/ch-de\/wp-json\/wp\/v2\/users\/2"}],"replies":[{"embeddable":true,"href":"https:\/\/actoria.com\/ch-de\/wp-json\/wp\/v2\/comments?post=12093"}],"version-history":[{"count":0,"href":"https:\/\/actoria.com\/ch-de\/wp-json\/wp\/v2\/pages\/12093\/revisions"}],"up":[{"embeddable":true,"href":"https:\/\/actoria.com\/ch-de\/wp-json\/wp\/v2\/pages\/16506"}],"wp:featuredmedia":[{"embeddable":true,"href":"https:\/\/actoria.com\/ch-de\/wp-json\/wp\/v2\/media\/22183"}],"wp:attachment":[{"href":"https:\/\/actoria.com\/ch-de\/wp-json\/wp\/v2\/media?parent=12093"}],"curies":[{"name":"wp","href":"https:\/\/api.w.org\/{rel}","templated":true}]}}