{"id":12319,"date":"2020-12-01T16:01:15","date_gmt":"2020-12-01T15:01:15","guid":{"rendered":"https:\/\/actoria.com\/ch\/?page_id=12319"},"modified":"2025-02-25T13:39:59","modified_gmt":"2025-02-25T12:39:59","slug":"quiz-diagnose-vor-der-unternehmensverkauf","status":"publish","type":"page","link":"https:\/\/actoria.com\/ch-de\/ubertragen\/unsere-tools-und-beratung-zur-ubertragung\/quiz-diagnose-vor-der-unternehmensverkauf\/","title":{"rendered":"Quiz Diagnose vor der Unternehmensverkauf"},"content":{"rendered":"<section class=\"av_textblock_section \"  itemscope=\"itemscope\" itemtype=\"https:\/\/schema.org\/CreativeWork\" ><div class='avia_textblock  '   itemprop=\"text\" ><p><strong>Bitte f\u00fcllen Sie diesen kurzen Fragebogen aus, damit wir eine Diagnose durchf\u00fchren k\u00f6nnen, um festzustellen, ob Sie und Ihr Unternehmen bereit sind, Ihr Unternehmen zu \u00fcbertragen.<\/strong><\/p>\n<p>Administratorkontakt: <a href=\"mailto:info@actoria.com\">info@actoria.com<\/a> <\/p>\n<p>var iframesrc = &#171;https:\/\/survey.actoriaconseil.com\/zs\/PcCNjP&#187;;<br \/>\nvar befHash = window.location.search;<br \/>\nvar urlParams = (befHash.indexOf(&#171;?&#187;)!= -1) ? befHash.substring(befHash.indexOf(&#171;?&#187;)+1)+&#187;&#187; : &#171;&#187;;<br \/>\nvar objFrame=document.getElementById(&#171;sondage&#187;);<br \/>\nobjFrame.src = iframesrc + &#171;?&#187; + urlParams;<\/p>\n<\/div><\/section>\n","protected":false},"excerpt":{"rendered":"<p>Quiz Diagnose vor der Unternehmensverkauf<\/p>\n","protected":false},"author":2,"featured_media":6752,"parent":16521,"menu_order":0,"comment_status":"closed","ping_status":"closed","template":"","meta":{"footnotes":""},"class_list":["post-12319","page","type-page","status-publish","has-post-thumbnail","hentry"],"_links":{"self":[{"href":"https:\/\/actoria.com\/ch-de\/wp-json\/wp\/v2\/pages\/12319","targetHints":{"allow":["GET"]}}],"collection":[{"href":"https:\/\/actoria.com\/ch-de\/wp-json\/wp\/v2\/pages"}],"about":[{"href":"https:\/\/actoria.com\/ch-de\/wp-json\/wp\/v2\/types\/page"}],"author":[{"embeddable":true,"href":"https:\/\/actoria.com\/ch-de\/wp-json\/wp\/v2\/users\/2"}],"replies":[{"embeddable":true,"href":"https:\/\/actoria.com\/ch-de\/wp-json\/wp\/v2\/comments?post=12319"}],"version-history":[{"count":1,"href":"https:\/\/actoria.com\/ch-de\/wp-json\/wp\/v2\/pages\/12319\/revisions"}],"predecessor-version":[{"id":24577,"href":"https:\/\/actoria.com\/ch-de\/wp-json\/wp\/v2\/pages\/12319\/revisions\/24577"}],"up":[{"embeddable":true,"href":"https:\/\/actoria.com\/ch-de\/wp-json\/wp\/v2\/pages\/16521"}],"wp:featuredmedia":[{"embeddable":true,"href":"https:\/\/actoria.com\/ch-de\/wp-json\/wp\/v2\/media\/6752"}],"wp:attachment":[{"href":"https:\/\/actoria.com\/ch-de\/wp-json\/wp\/v2\/media?parent=12319"}],"curies":[{"name":"wp","href":"https:\/\/api.w.org\/{rel}","templated":true}]}}