{"id":12402,"date":"2021-01-04T18:38:14","date_gmt":"2021-01-04T17:38:14","guid":{"rendered":"https:\/\/actoria.com\/ch\/?page_id=12402"},"modified":"2026-04-27T15:55:54","modified_gmt":"2026-04-27T13:55:54","slug":"informationstechnologie-digital-medien-und-netzwerke","status":"publish","type":"page","link":"https:\/\/actoria.com\/ch-de\/uber-uns\/dienstleistungen\/branchen\/informationstechnologie-digital-medien-und-netzwerke\/","title":{"rendered":"Informationstechnologie, Digital, Medien und Netzwerke"},"content":{"rendered":"<div id='av_section_1'  class='avia-section main_color avia-section-default avia-no-border-styling  avia-full-stretch avia-bg-style-fixed  avia-builder-el-0  el_before_av_one_full  avia-builder-el-first  header_page_section_title_wrapper  av-arrow-down-section av-minimum-height av-minimum-height-custom  container_wrap sidebar_right' style='background-repeat: no-repeat; background-image: url(https:\/\/actoria.com\/ch-de\/wp-content\/uploads\/2021\/01\/shutterstock_670290409-1500x1001.jpg);background-attachment: fixed; background-position: center center;  '  data-section-bg-repeat='stretch'><div class='container' style='height:660px'><main  role=\"main\" itemprop=\"mainContentOfPage\"  class='template-page content  av-content-small alpha units'><div class='post-entry post-entry-type-page post-entry-12402'><div class='entry-content-wrapper clearfix'>\n<div class='flex_column_table av-equal-height-column-flextable -flextable' ><div class=\"flex_column av_one_full  flex_column_table_cell av-equal-height-column av-align-bottom av-zero-column-padding first  avia-builder-el-1  avia-builder-el-no-sibling  header_page_section_title \" style='border-radius:0px; ' id=\"header_page_section_title\" ><p><br \/>\n<div  style='padding-bottom:5px; margin:0 0 0 0; color:#ffffff;' class='av-special-heading av-special-heading-h1 custom-color-heading   avia-builder-el-3  el_after_av_codeblock  avia-builder-el-last  '><h1 class='av-special-heading-tag '  itemprop=\"headline\"  >Informationstechnologie, Digital, Medien und Netzwerke in der Schweiz<\/h1><div class='special-heading-border'><div class='special-heading-inner-border' style='border-color:#ffffff'><\/div><\/div><\/div><\/p><\/div><\/div><!--close column table wrapper. Autoclose: 1 --><\/div><\/div><\/main><!-- close content main element --><\/div><div class='av-extra-border-element border-extra-arrow-down'><div class='av-extra-border-outer'><div class='av-extra-border-inner'  style='background-color:#ffffff;' ><\/div><\/div><\/div><\/div><div id='after_section_1'  class='main_color av_default_container_wrap container_wrap sidebar_right' style=' '  ><div class='container' ><div class='template-page content  av-content-small alpha units'><div class='post-entry post-entry-type-page post-entry-12402'><div class='entry-content-wrapper clearfix'><div class=\"flex_column av_one_full  flex_column_div av-zero-column-padding first  avia-builder-el-4  el_after_av_section  avia-builder-el-no-sibling  \" style='border-radius:0px; '><section class=\"av_textblock_section \"  itemscope=\"itemscope\" itemtype=\"https:\/\/schema.org\/CreativeWork\" ><div class='avia_textblock  '   itemprop=\"text\" ><h1>Die Schweizer IT-, Digital-, Medien- und Netzwerkindustrie schl\u00e4ft nie.<\/h1>\n<div id=\"attachment_18433\" style=\"width: 310px\" class=\"wp-caption alignleft\"><img loading=\"lazy\" decoding=\"async\" aria-describedby=\"caption-attachment-18433\" class=\"size-medium wp-image-18433\" title=\"Technologie de l\u2019Information, Digital, M\u00e9dia et R\u00e9seaux, transmission d'entreprises en Suisse\" src=\"https:\/\/actoria.com\/ch\/wp-content\/uploads\/2021\/12\/shutterstock-1-29-300x175.jpg\" alt=\"Technologie de l\u2019Information, Digital, M\u00e9dia et R\u00e9seaux, transmission d'entreprises en Suisse\" width=\"300\" height=\"175\" srcset=\"https:\/\/actoria.com\/ch-de\/wp-content\/uploads\/2021\/12\/shutterstock-1-29-300x175.jpg 300w, https:\/\/actoria.com\/ch-de\/wp-content\/uploads\/2021\/12\/shutterstock-1-29-1030x600.jpg 1030w, https:\/\/actoria.com\/ch-de\/wp-content\/uploads\/2021\/12\/shutterstock-1-29-768x447.jpg 768w, https:\/\/actoria.com\/ch-de\/wp-content\/uploads\/2021\/12\/shutterstock-1-29-1536x894.jpg 1536w, https:\/\/actoria.com\/ch-de\/wp-content\/uploads\/2021\/12\/shutterstock-1-29-2048x1192.jpg 2048w, https:\/\/actoria.com\/ch-de\/wp-content\/uploads\/2021\/12\/shutterstock-1-29-1500x873.jpg 1500w, https:\/\/actoria.com\/ch-de\/wp-content\/uploads\/2021\/12\/shutterstock-1-29-705x410.jpg 705w\" sizes=\"auto, (max-width: 300px) 100vw, 300px\" \/><p id=\"caption-attachment-18433\" class=\"wp-caption-text\">Technologie de l\u2019Information, Digital, M\u00e9dia et R\u00e9seaux, transmission d&#8217;entreprises en Suisse<\/p><\/div>\n<p>Wie die industrielle Revolution vor ihr, ver\u00e4ndert die digitale Revolution die Welt f\u00fcr immer, und die Coronavirus-Krise widerlegt diese Behauptung nicht. In wirtschaftlicher, sozialer und praktischer Hinsicht wird unser Leben nie mehr dasselbe sein.<\/p>\n<h2>Die Technologie-, Medien-, Netzwerk- und Telekommunikationsindustrie (TMT) ist, wie die Welt um sie herum, in st\u00e4ndigem Wandel begriffen.<\/h2>\n<p>Die TMT-Industrie und die Unternehmen in der Schweiz, die sie bilden, gedeihen dank des Wandels.<\/p>\n<p>Die Unternehmen in den Sektoren Informationstechnologie, Digital, Medien und Netzwerke in der Schweiz nehmen die Herausforderung an. So wie die Technologieunternehmen in der Schweiz innovativ sind und schnell wachsen, so personalisieren und integrieren die Medienunternehmen. In der Zwischenzeit sorgen die Telekommunikationsunternehmen f\u00fcr eine st\u00e4ndig wachsende Nachfrage nach Bandbreite. Die Grenzen zwischen diesen ehemals getrennten Sektoren verschwimmen schnell.<\/p>\n<h2>Den TMT-Unternehmen in der Schweiz gelingt es, ein beschleunigtes Wachstum zu erreichen.<\/h2>\n<p>Aber auch Anpassungsf\u00e4higkeit und Konzentration sind von entscheidender Bedeutung: Es ist unerl\u00e4sslich, einen k\u00fchlen Kopf zu bewahren und klar zu denken.<\/p>\n<h2>Technologische Innovation in der Schweiz<\/h2>\n<p>Schnelle Entwicklung und Komplexit\u00e4t waren schon immer charakteristisch f\u00fcr die Industrie in den Sektoren Informationstechnologie, Digital, Medien und Netzwerke in der Schweiz.<\/p>\n<p>Und dies gilt heute noch mehr. Start-ups werden von Anfang an globalisiert und die Grenzen zwischen den Sektoren Technologie, Telekommunikation und Medien verschwimmen.<\/p>\n<h3>Erfolgreiche Unternehmen in den Sektoren Informationstechnologie, Digital, Medien und Netzwerke in der Schweiz reagieren darauf mit einer kontinuierlichen \u00dcberarbeitung ihrer Gesch\u00e4ftsmodelle, Gesch\u00e4ftsstrategien und Produktpaletten.<\/h3>\n<p>Unternehmen in den Sektoren Informationstechnologie, Digital, Medien und Netzwerke in der Schweiz expandieren, restrukturieren, verbessern ihre Gewinnspannen und expandieren dann wieder.<\/p>\n<p>Ob Sie nun neue M\u00e4rkte erschlie\u00dfen, Ihr Gesch\u00e4ft ausweiten, Ihre Kosten verwalten, Finanzmittel beschaffen oder gesetzliche Vorschriften einhalten wollen, Actoria verf\u00fcgt \u00fcber die F\u00e4higkeiten und die Erfahrung, um Ihnen zum Erfolg zu verhelfen.<\/p>\n<p>Unsere Teams bieten Dienstleistungen, die auf Ihre Branche zugeschnitten sind, einschlie\u00dflich der Zusammenarbeit mit Ihnen, um :<\/p>\n<p>-die Gr\u00f6\u00dfe des Betriebs an Ihr Wachstum anzupassen.<br \/>\n-Vertrauen zu schaffen und Risiken in der Welt der Cloud, der Mobilit\u00e4t und der Digitalisierung zu managen.<br \/>\n-Kapital f\u00fcr Wachstum zu sichern.<br \/>\n-Kosten zu senken und Gewinne zu maximieren.<br \/>\n-Die spezifischen Anreize f\u00fcr Technologie und F&amp;E zu verstehen.<br \/>\n-Probleme mit der Regulierung und der Einhaltung globaler regulatorischer Anforderungen zu identifizieren.<\/p>\n<p>Die Medienindustrie befindet sich in einer technologischen Revolution, in der sich Vertriebsmodelle, Bestellverfahren und Einkommensstr\u00f6me ver\u00e4ndern, da die Industrie auf den \u00dcbergang zur Digitalisierung und Personalisierung reagiert. Dies f\u00fchrt zu einer Flut von neuen Kan\u00e4len, Plattformen und Erfahrungen, die alle st\u00e4ndig mit hochwertigen und attraktiven Inhalten versorgt werden m\u00fcssen. Wenn dies nicht der Fall ist, wendet sich das Publikum anderen Dingen zu.<\/p>\n<p><strong>Mergers &amp; Acquisitions in den Sektoren Informationstechnologie, Digital, Medien und Netzwerke in der Schweiz in der Schweiz in der Schweiz haben sich ebenfalls vervielfacht, wobei gro\u00dfe Unternehmen expandieren und neue Spin-offs aus etablierten Unternehmen hervorgehen.<\/strong><\/p>\n<p>In einigen Regionen ist es vertikal, w\u00e4hrend es in anderen Regionen einem \u00d6kosystem \u00e4hnelt.<\/p>\n<p>Zukunftsorientierte Unternehmen, die bereit sind, ihre Strategien, Abl\u00e4ufe, Produkte und Dienstleistungen zu \u00fcberdenken, k\u00f6nnen Herausforderungen in echte Chancen verwandeln.<\/p>\n<p>Wir haben mit Akteuren aus allen Bereichen der Industrie zusammengearbeitet, von Animatoren f\u00fcr Filme bis zu Anbietern von Studioinfrastrukturen und von Spielevertrieben bis zu Musiksendern. Wir haben Unternehmen von der Gr\u00fcndung \u00fcber den B\u00f6rsengang bis hin zu nationalen Fusionen und internationalen \u00dcbernahmen unterst\u00fctzt.<\/p>\n<p>Die Medienexperten von Actoria k\u00f6nnen mit Ihnen zusammenarbeiten:<\/p>\n<p>-Grenz\u00fcberschreitendes Kino und Fernsehen.<br \/>\n-Zugang zu \u00dcberbr\u00fcckungs- und Anschubfinanzierungen.<br \/>\n-Unternehmensfinanzierung sowie M&amp;A im Bereich der Fachmedien.<br \/>\n-Strategische Beratung und Unternehmensberatung.<br \/>\n-Lokale und internationale Steuerberatung.<br \/>\n-Outsourcing, Produktionsbuchhaltung und Lohnbuchhaltung.<br \/>\n-Telekommunikation.<\/p>\n<h2>Die IT-, Digital-, Medien- und Netzwerkindustrie der Schweiz in der Schweiz in der Schweiz befindet sich im Wandel und steht von allen Seiten unter Druck.<\/h2>\n<p>Aber trotz des starken Margendrucks, der sich weltweit auf die Bilanzen auswirkt, m\u00fcssen sich die Telekommunikationsunternehmen mit der Einf\u00fchrung neuer Netzwerktechnologien und einer uners\u00e4ttlichen Nachfrage nach Bandbreite auseinandersetzen.<\/p>\n<p>Sie reagieren auch auf den zunehmenden Regulierungsdruck und die Flut disruptiver Technologieunternehmen, die in den Markt eintreten. Und sie gehen das Problem der Abwanderung in einem konvergenten Markt an.<\/p>\n<p>Unser globales Netzwerk von Fachleuten arbeitet mit einem breiten Spektrum von Telekommunikationsunternehmen auf allen Ebenen der Wertsch\u00f6pfungskette zusammen. Wir unterst\u00fctzen Unternehmen aller Gr\u00f6\u00dfen, von aufstrebenden bis hin zu schnell wachsenden Unternehmen, sowie etablierte Industrieunternehmen. Je nach Ihren Bed\u00fcrfnissen k\u00f6nnen wir Ihrem Unternehmen helfen, weltweit oder auf Ihrem lokalen Markt zu wachsen.<\/p>\n<p>Wir k\u00f6nnen mit Ihnen zusammenarbeiten, um:<\/p>\n<p>-Ein nachhaltiges Wachstum zu erreichen.<br \/>\n-Risiken und Regulierung zu managen.<br \/>\n-Die Betriebsabl\u00e4ufe zu optimieren.<br \/>\n-Das Wachstum zu finanzieren.<br \/>\n-Die Talente f\u00fcr das Wachstum zu managen.<br \/>\n-Management der Eigentumsverh\u00e4ltnisse und des Wertes der Interessengruppen.<\/p>\n<div id=\"gtx-trans\" style=\"position: absolute;left: -8px;top: 2352.05px\"><\/div>\n<\/div><\/section><\/div><\/p>\n","protected":false},"excerpt":{"rendered":"<p>Informationstechnologie, Digital, Medien und Netzwerke<\/p>\n","protected":false},"author":2,"featured_media":6716,"parent":10521,"menu_order":0,"comment_status":"closed","ping_status":"closed","template":"","meta":{"footnotes":""},"class_list":["post-12402","page","type-page","status-publish","has-post-thumbnail","hentry"],"_links":{"self":[{"href":"https:\/\/actoria.com\/ch-de\/wp-json\/wp\/v2\/pages\/12402","targetHints":{"allow":["GET"]}}],"collection":[{"href":"https:\/\/actoria.com\/ch-de\/wp-json\/wp\/v2\/pages"}],"about":[{"href":"https:\/\/actoria.com\/ch-de\/wp-json\/wp\/v2\/types\/page"}],"author":[{"embeddable":true,"href":"https:\/\/actoria.com\/ch-de\/wp-json\/wp\/v2\/users\/2"}],"replies":[{"embeddable":true,"href":"https:\/\/actoria.com\/ch-de\/wp-json\/wp\/v2\/comments?post=12402"}],"version-history":[{"count":1,"href":"https:\/\/actoria.com\/ch-de\/wp-json\/wp\/v2\/pages\/12402\/revisions"}],"predecessor-version":[{"id":24566,"href":"https:\/\/actoria.com\/ch-de\/wp-json\/wp\/v2\/pages\/12402\/revisions\/24566"}],"up":[{"embeddable":true,"href":"https:\/\/actoria.com\/ch-de\/wp-json\/wp\/v2\/pages\/10521"}],"wp:featuredmedia":[{"embeddable":true,"href":"https:\/\/actoria.com\/ch-de\/wp-json\/wp\/v2\/media\/6716"}],"wp:attachment":[{"href":"https:\/\/actoria.com\/ch-de\/wp-json\/wp\/v2\/media?parent=12402"}],"curies":[{"name":"wp","href":"https:\/\/api.w.org\/{rel}","templated":true}]}}