{"id":12420,"date":"2021-01-04T19:07:35","date_gmt":"2021-01-04T18:07:35","guid":{"rendered":"https:\/\/actoria.com\/ch\/?page_id=12420"},"modified":"2026-04-27T15:59:21","modified_gmt":"2026-04-27T13:59:21","slug":"finanzdienstleistungen-und-fintech","status":"publish","type":"page","link":"https:\/\/actoria.com\/ch-de\/uber-uns\/dienstleistungen\/branchen\/finanzdienstleistungen-und-fintech\/","title":{"rendered":"Finanzdienstleistungen und FinTech"},"content":{"rendered":"<div id='av_section_1'  class='avia-section main_color avia-section-default avia-no-border-styling  avia-full-stretch avia-bg-style-fixed  avia-builder-el-0  el_before_av_one_full  avia-builder-el-first  header_page_section_title_wrapper  av-arrow-down-section av-minimum-height av-minimum-height-custom  container_wrap sidebar_right' style='background-repeat: no-repeat; background-image: url(https:\/\/actoria.com\/ch-de\/wp-content\/uploads\/2021\/11\/shutterstock-1-28-1500x1000.jpg);background-attachment: fixed; background-position: center center;  '  data-section-bg-repeat='stretch'><div class='container' style='height:660px'><main  role=\"main\" itemprop=\"mainContentOfPage\"  class='template-page content  av-content-small alpha units'><div class='post-entry post-entry-type-page post-entry-12420'><div class='entry-content-wrapper clearfix'>\n<div class='flex_column_table av-equal-height-column-flextable -flextable' ><div class=\"flex_column av_one_full  flex_column_table_cell av-equal-height-column av-align-bottom av-zero-column-padding first  avia-builder-el-1  avia-builder-el-no-sibling  header_page_section_title \" style='border-radius:0px; ' id=\"header_page_section_title\" ><p><br \/>\n<div  style='padding-bottom:5px; margin:0 0 0 0; color:#ffffff;' class='av-special-heading av-special-heading-h1 custom-color-heading   avia-builder-el-3  el_after_av_codeblock  avia-builder-el-last  '><h1 class='av-special-heading-tag '  itemprop=\"headline\"  >Finanzdienstleistungen in der Schweiz<\/h1><div class='special-heading-border'><div class='special-heading-inner-border' style='border-color:#ffffff'><\/div><\/div><\/div><\/p><\/div><\/div><!--close column table wrapper. Autoclose: 1 --><\/div><\/div><\/main><!-- close content main element --><\/div><div class='av-extra-border-element border-extra-arrow-down'><div class='av-extra-border-outer'><div class='av-extra-border-inner'  style='background-color:#ffffff;' ><\/div><\/div><\/div><\/div><div id='after_section_1'  class='main_color av_default_container_wrap container_wrap sidebar_right' style=' '  ><div class='container' ><div class='template-page content  av-content-small alpha units'><div class='post-entry post-entry-type-page post-entry-12420'><div class='entry-content-wrapper clearfix'><div class=\"flex_column av_one_full  flex_column_div av-zero-column-padding first  avia-builder-el-4  el_after_av_section  avia-builder-el-no-sibling  \" style='border-radius:0px; '><section class=\"av_textblock_section \"  itemscope=\"itemscope\" itemtype=\"https:\/\/schema.org\/CreativeWork\" ><div class='avia_textblock  '   itemprop=\"text\" ><div id=\"attachment_18427\" style=\"width: 310px\" class=\"wp-caption alignleft\"><img loading=\"lazy\" decoding=\"async\" aria-describedby=\"caption-attachment-18427\" class=\"size-medium wp-image-18427\" title=\"Services financiers et Fintech, transmission d'entreprises en Suisse\" src=\"https:\/\/actoria.com\/ch\/wp-content\/uploads\/2021\/12\/shutterstock-1-27-300x221.jpg\" alt=\"Services financiers et Fintech, transmission d'entreprises en Suisse\" width=\"300\" height=\"221\" srcset=\"https:\/\/actoria.com\/ch-de\/wp-content\/uploads\/2021\/12\/shutterstock-1-27-300x221.jpg 300w, https:\/\/actoria.com\/ch-de\/wp-content\/uploads\/2021\/12\/shutterstock-1-27-1030x758.jpg 1030w, https:\/\/actoria.com\/ch-de\/wp-content\/uploads\/2021\/12\/shutterstock-1-27-768x565.jpg 768w, https:\/\/actoria.com\/ch-de\/wp-content\/uploads\/2021\/12\/shutterstock-1-27-1536x1130.jpg 1536w, https:\/\/actoria.com\/ch-de\/wp-content\/uploads\/2021\/12\/shutterstock-1-27-2048x1507.jpg 2048w, https:\/\/actoria.com\/ch-de\/wp-content\/uploads\/2021\/12\/shutterstock-1-27-1500x1103.jpg 1500w, https:\/\/actoria.com\/ch-de\/wp-content\/uploads\/2021\/12\/shutterstock-1-27-705x519.jpg 705w\" sizes=\"auto, (max-width: 300px) 100vw, 300px\" \/><p id=\"caption-attachment-18427\" class=\"wp-caption-text\">Finanzdienstleistungen und FinTech, Unternehmens\u00fcbertragung in der Schweiz<\/p><\/div>\n<p>Durch die Digitalisierung sind die Finanzdienstleistungen in der Schweiz einem gro\u00dfen Wandel unterworfen und die Zukunft sieht vielversprechend aus.<\/p>\n<p>Unsere Experten f\u00fcr Finanzdienstleistungen in der Schweiz k\u00f6nnen Ihnen in den folgenden Bereichen helfen:<\/p>\n<ul>\n<li>Regulierung<\/li>\n<li>Risikomanagement<\/li>\n<li>Transformation<\/li>\n<li>Umsatzwachstum<\/li>\n<li>Kundenbindung<\/li>\n<li>Datenmanagement<\/li>\n<li>Untersuchung von Misserfolgen\/Betrug<\/li>\n<\/ul>\n<h1>Aktivaverwaltung in der Schweiz<\/h1>\n<p>Die zunehmende Regulierung und die Forderungen der Investoren nach Rendite und Transparenz haben die Aktivaverwaltungsbranche vor neue Herausforderungen gestellt.<\/p>\n<p>In dieser neuen Welt k\u00f6nnen Organisationen, die \u00fcber die operative Agilit\u00e4t und eine solide Infrastruktur verf\u00fcgen, um Ver\u00e4nderungen und Innovationen zu bew\u00e4ltigen, ihre Chancen maximieren.<\/p>\n<p>Bei Actoria bieten wir die Expertise und Unterst\u00fctzung, die die Aktivaverwaltungsbranche ben\u00f6tigt, um in dem sich schnell ver\u00e4ndernden Markt von heute zu florieren.<\/p>\n<p>Unsere Asset Management Teams in der Schweiz bieten eine breite Palette von Dienstleistungen, einschlie\u00dflich der Zusammenarbeit mit Ihnen:<\/p>\n<p>-Innovation und Ver\u00e4nderung, um Ihre betriebliche Effizienz zu maximieren.<br \/>\n-Integration von Compliance und Regulierung in Ihr Gesch\u00e4ft.<br \/>\n-Verst\u00e4ndnis und Modellierung von internen und externen Risiken<br \/>\ndie Anforderungen der Interessengruppen und der Gesetzgebung an eine solide und unabh\u00e4ngige Rechnungspr\u00fcfung zu erf\u00fcllen.<br \/>\n-Aufbau und Verwaltung einer effektiven internationalen Steuerstruktur.<br \/>\n-die Auswirkungen von digitalen und Cyber-Strategien zu verstehen.<\/p>\n<p>Das globale Bank- und Wertpapierteam von Actoria besteht aus nationalen, regionalen und Linienmanagern mit Erfahrung in der Betreuung von Kunden in mehr als 6 L\u00e4ndern.<\/p>\n<p>Mit unserem Team von Spezialisten sind wir ideal positioniert, um Sie auf dem Weg des Wachstums zu unterst\u00fctzen. Wir k\u00f6nnen Ihnen sinnvolle und zielgerichtete L\u00f6sungen f\u00fcr operative und transaktionsbezogene Fragen, Rechtsstreitigkeiten und Managementfragen anbieten.<\/p>\n<p>Neben der Zusammenarbeit mit f\u00fchrenden Kunden auf der ganzen Welt arbeiten wir mit der Weltbank zusammen und agieren als Aufsichtstreuh\u00e4nder f\u00fcr mehrere regionale Regulierungsbeh\u00f6rden.<\/p>\n<p>Unsere L\u00f6sungen in der Schweiz sind auf Ihre spezifischen Bed\u00fcrfnisse zugeschnitten und unsere Teams haben nur ein Ziel: Ihr Wachstumspotenzial zu erschlie\u00dfen.<\/p>\n<p>F\u00fcr weitere Informationen \u00fcber unsere L\u00f6sungen im Bank- und Wertpapierbereich wenden Sie sich bitte an Paul McCann, unseren europ\u00e4ischen Marktf\u00fchrer in diesem Bereich.<\/p>\n<h1>Versicherungen in der Schweiz<\/h1>\n<p>In einem Markt, in dem Unternehmen mit einer Perspektive von 30 Jahren operieren, sind Ver\u00e4nderungen selten spektakul\u00e4r oder pl\u00f6tzlich. Dennoch besteht kein Zweifel daran, dass in der Versicherungsbranche bedeutende Ver\u00e4nderungen im Gange sind.<\/p>\n<p>W\u00e4hrend die Versicherer die disruptiven Trends beobachten, die viele Branchen umgestalten, fragen sie sich zu Recht, ob sie dasselbe in ihrer eigenen Branche sehen werden. Die Antwort ist mit ziemlicher Sicherheit &#171;Ja&#187;, auch wenn das Tempo des Wandels langsamer sein wird als anderswo.<\/p>\n<p>In diesem Zusammenhang m\u00fcssen die Versicherer die Herausforderungen, die auf sie zukommen, im Auge behalten. Neue M\u00f6glichkeiten ergeben sich in den aufstrebenden Volkswirtschaften, wo das Pro-Kopf-BIP und die Ausgaben f\u00fcr Versicherungen steigen. Gro\u00dfe Datenmengen sind ebenfalls vielversprechend, da sie den Versicherern ein neues Instrument zur Bewertung von Risiken und zur Verbesserung der Rentabilit\u00e4t an die Hand geben.<\/p>\n<p>Aber diese Chancen entstehen vor dem Hintergrund einer strengeren Regulierung, dem Zwang, massiv in Technologie zu investieren, und einem allgemeinen R\u00fcckgang der Rentabilit\u00e4t.<\/p>\n<p>Wir verstehen, dass jedes Unternehmen einzigartige Ziele hat und mit einer Reihe unterschiedlicher Herausforderungen konfrontiert ist. Unsere L\u00f6sungen sind auf Ihre Bed\u00fcrfnisse zugeschnitten:<\/p>\n<p>-Gew\u00e4hrleistung der Einhaltung von Vorschriften, L\u00f6sung von F\u00e4llen der Nichteinhaltung und Integration in den Betrieb.<br \/>\n-Risikomodellierung und \u00dcberwachung des Risikos.<br \/>\n-Operative und finanzielle Transformation zur Senkung der Kosten, Verbesserung der Effizienz und Steigerung der Einnahmen.<br \/>\n-Datenmanagement und Modellierung.<br \/>\n-Die Einhaltung der aufsichtsrechtlichen, treuh\u00e4nderischen und Pr\u00fcfungsanforderungen der Interessengruppen.<br \/>\n-Die Identifizierung, Verwaltung und L\u00f6sung von Betrugsf\u00e4llen<br \/>\nUmsetzung kosteneffizienter und effektiver internationaler Steuerstrukturen.<\/p>\n<\/div><\/section><\/div><\/p>\n","protected":false},"excerpt":{"rendered":"<p>Finanzdienstleistungen und FinTech<\/p>\n","protected":false},"author":2,"featured_media":6783,"parent":10521,"menu_order":0,"comment_status":"closed","ping_status":"closed","template":"","meta":{"footnotes":""},"class_list":["post-12420","page","type-page","status-publish","has-post-thumbnail","hentry"],"_links":{"self":[{"href":"https:\/\/actoria.com\/ch-de\/wp-json\/wp\/v2\/pages\/12420","targetHints":{"allow":["GET"]}}],"collection":[{"href":"https:\/\/actoria.com\/ch-de\/wp-json\/wp\/v2\/pages"}],"about":[{"href":"https:\/\/actoria.com\/ch-de\/wp-json\/wp\/v2\/types\/page"}],"author":[{"embeddable":true,"href":"https:\/\/actoria.com\/ch-de\/wp-json\/wp\/v2\/users\/2"}],"replies":[{"embeddable":true,"href":"https:\/\/actoria.com\/ch-de\/wp-json\/wp\/v2\/comments?post=12420"}],"version-history":[{"count":1,"href":"https:\/\/actoria.com\/ch-de\/wp-json\/wp\/v2\/pages\/12420\/revisions"}],"predecessor-version":[{"id":24587,"href":"https:\/\/actoria.com\/ch-de\/wp-json\/wp\/v2\/pages\/12420\/revisions\/24587"}],"up":[{"embeddable":true,"href":"https:\/\/actoria.com\/ch-de\/wp-json\/wp\/v2\/pages\/10521"}],"wp:featuredmedia":[{"embeddable":true,"href":"https:\/\/actoria.com\/ch-de\/wp-json\/wp\/v2\/media\/6783"}],"wp:attachment":[{"href":"https:\/\/actoria.com\/ch-de\/wp-json\/wp\/v2\/media?parent=12420"}],"curies":[{"name":"wp","href":"https:\/\/api.w.org\/{rel}","templated":true}]}}