{"id":12447,"date":"2021-01-05T09:29:51","date_gmt":"2021-01-05T08:29:51","guid":{"rendered":"https:\/\/actoria.com\/ch\/?page_id=12447"},"modified":"2026-04-27T15:59:22","modified_gmt":"2026-04-27T13:59:22","slug":"vertrieb-und-e-commerce","status":"publish","type":"page","link":"https:\/\/actoria.com\/ch-de\/uber-uns\/dienstleistungen\/branchen\/vertrieb-und-e-commerce\/","title":{"rendered":"Vertrieb und E-Commerce"},"content":{"rendered":"<div id='av_section_1'  class='avia-section main_color avia-section-default avia-no-border-styling  avia-full-stretch avia-bg-style-fixed  avia-builder-el-0  el_before_av_one_full  avia-builder-el-first  header_page_section_title_wrapper  av-arrow-down-section av-minimum-height av-minimum-height-custom  container_wrap sidebar_right' style='background-repeat: no-repeat; background-image: url(https:\/\/actoria.com\/ch-de\/wp-content\/uploads\/2021\/01\/shutterstock_117817630-1500x1500.jpg);background-attachment: fixed; background-position: center center;  '  data-section-bg-repeat='stretch'><div class='container' style='height:660px'><main  role=\"main\" itemprop=\"mainContentOfPage\"  class='template-page content  av-content-small alpha units'><div class='post-entry post-entry-type-page post-entry-12447'><div class='entry-content-wrapper clearfix'>\n<div class='flex_column_table av-equal-height-column-flextable -flextable' ><div class=\"flex_column av_one_full  flex_column_table_cell av-equal-height-column av-align-bottom av-zero-column-padding first  avia-builder-el-1  avia-builder-el-no-sibling  header_page_section_title \" style='border-radius:0px; ' id=\"header_page_section_title\" ><p><br \/>\n<div  style='padding-bottom:5px; margin:0 0 0 0; color:#ffffff;' class='av-special-heading av-special-heading-h1 custom-color-heading   avia-builder-el-3  el_after_av_codeblock  avia-builder-el-last  '><h1 class='av-special-heading-tag '  itemprop=\"headline\"  >Vertrieb und E-Commerce in der Schweiz<\/h1><div class='special-heading-border'><div class='special-heading-inner-border' style='border-color:#ffffff'><\/div><\/div><\/div><\/p><\/div><\/div><!--close column table wrapper. Autoclose: 1 -->\n<\/div><\/div><\/main><!-- close content main element --><\/div><div class='av-extra-border-element border-extra-arrow-down'><div class='av-extra-border-outer'><div class='av-extra-border-inner'  style='background-color:#ffffff;' ><\/div><\/div><\/div><\/div><div id='after_section_1'  class='main_color av_default_container_wrap container_wrap sidebar_right' style=' '  ><div class='container' ><div class='template-page content  av-content-small alpha units'><div class='post-entry post-entry-type-page post-entry-12447'><div class='entry-content-wrapper clearfix'>\n<div class=\"flex_column av_one_full  flex_column_div av-zero-column-padding first  avia-builder-el-4  el_after_av_section  avia-builder-el-no-sibling  \" style='border-radius:0px; '><section class=\"av_textblock_section \"  itemscope=\"itemscope\" itemtype=\"https:\/\/schema.org\/CreativeWork\" ><div class='avia_textblock  '   itemprop=\"text\" ><p>Der Vertrieb und E-Commerce in der Schweiz als Branche unterscheidet sich in einem entscheidenden Punkt von anderen Branchen: Sie stellen kein Produkt her. Stattdessen kaufen die Einzelh\u00e4ndler Produkte in gro\u00dfen Mengen von den Herstellern. Diese Produkte werden dann zu einem erh\u00f6hten Preis an die Verbraucher verkauft.<\/p>\n<h2>Die Grundlagen des Vertriebs in der Schweiz<\/h2>\n<div id=\"attachment_18377\" style=\"width: 310px\" class=\"wp-caption alignleft\"><img loading=\"lazy\" decoding=\"async\" aria-describedby=\"caption-attachment-18377\" class=\"size-medium wp-image-18377\" title=\"Distribution &amp; E-commerce, transmission d'entreprises en Suisse\" src=\"https:\/\/actoria.com\/ch\/wp-content\/uploads\/2021\/12\/shutterstock-1-18-300x207.jpg\" alt=\"Distribution &amp; E-commerce, transmission d'entreprises en Suisse\" width=\"300\" height=\"207\" srcset=\"https:\/\/actoria.com\/ch-de\/wp-content\/uploads\/2021\/12\/shutterstock-1-18-300x207.jpg 300w, https:\/\/actoria.com\/ch-de\/wp-content\/uploads\/2021\/12\/shutterstock-1-18-1030x711.jpg 1030w, https:\/\/actoria.com\/ch-de\/wp-content\/uploads\/2021\/12\/shutterstock-1-18-768x530.jpg 768w, https:\/\/actoria.com\/ch-de\/wp-content\/uploads\/2021\/12\/shutterstock-1-18-1536x1061.jpg 1536w, https:\/\/actoria.com\/ch-de\/wp-content\/uploads\/2021\/12\/shutterstock-1-18-2048x1414.jpg 2048w, https:\/\/actoria.com\/ch-de\/wp-content\/uploads\/2021\/12\/shutterstock-1-18-1500x1036.jpg 1500w, https:\/\/actoria.com\/ch-de\/wp-content\/uploads\/2021\/12\/shutterstock-1-18-705x487.jpg 705w\" sizes=\"auto, (max-width: 300px) 100vw, 300px\" \/><p id=\"caption-attachment-18377\" class=\"wp-caption-text\">Vertrieb &amp; E-Commerce, Unternehmens\u00fcbertragung in der Schweiz<\/p><\/div>\n<p>Die Schweizer Hersteller sind nicht gezwungen, mit einem einzigen Einzelh\u00e4ndler zusammenzuarbeiten und die Verbraucher sind weniger markengebunden als in fr\u00fcheren Generationen. Dies bedeutet, dass die Einzelhandelsbranche \u00e4u\u00dferst wettbewerbsf\u00e4hig ist. Die bekanntesten Marken existieren seit Ewigkeiten und verf\u00fcgen \u00fcber ein \u00e4u\u00dferst gut dokumentiertes Wissen \u00fcber ihre demografische Zielgruppe. Dies erm\u00f6glicht es diesen \u00e4lteren Unternehmen, in der Branche Fu\u00df zu fassen, vorausgesetzt, sie verf\u00fcgen \u00fcber qualitativ hochwertige und gefragte Produkte.<\/p>\n<p>Vertrieb und E-Commerce generieren Einkommen durch den Verkauf von Fertigprodukten an Kunden gegen Bargeld. Einzelh\u00e4ndler k\u00f6nnen fast \u00fcberall verkaufen, vorausgesetzt, sie verf\u00fcgen \u00fcber eine entsprechende Genehmigung oder Erlaubnis. Die Einkaufszentren, wie wir sie kennen, verschwinden, aber sie sind immer noch eines der besten Beispiele f\u00fcr den Einzelhandel und was er umfasst.<\/p>\n<p>Alles, von Schuhen bis hin zu Postern, wird als Teil der Einzelhandelsbranche betrachtet. Es gibt auch einige Arten von Unternehmen, an die Sie vielleicht nicht denken, wie Friseursalons und Verleihunternehmen, die zum Einzelhandel gez\u00e4hlt werden.<\/p>\n<h2>Bedeutung der Vertriebsbranche in der Schweiz<\/h2>\n<p>Vertrieb und E-Commerce sind auch die Mittel, mit denen Hersteller ihre fertigen Produkte verkaufen. Beispielsweise wird ein neu hergestelltes Auto in einen Fuhrpark gebracht, um dort verkauft zu werden. Ein M\u00f6belhersteller wird seine Produkte an ein Gesch\u00e4ft verkaufen, das wiederum diese Artikel verkauft. Da der Zugang zum Kunden die einzige M\u00f6glichkeit ist, ein fertiges Produkt zu verkaufen, neigen Hersteller dazu, ihre Produkte direkt an H\u00e4ndler zu verkaufen, anstatt einen Zwischenh\u00e4ndler zu nutzen.<\/p>\n<p>Sie k\u00f6nnen sich f\u00fcr einen Vermittler wie Gro\u00dfh\u00e4ndler und Einzelh\u00e4ndler entscheiden. Diese Unternehmen sammeln Produkte aus der ganzen Welt, verpacken sie neu und versenden sie an die Einzelhandelsgesch\u00e4fte. Der Vorteil der Methode des Zwischenh\u00e4ndlers ist, dass Sie keine Zeit mit der Beschaffung verbringen m\u00fcssen. Der Gro\u00dfh\u00e4ndler oder Einzelh\u00e4ndler erledigt dies f\u00fcr Sie.<\/p>\n<h2><strong>Wettbewerb in der Vertriebsbranche <\/strong><\/h2>\n<p>Innerhalb des wirtschaftlichen \u00d6kosystems der Vereinigten Staaten gibt es unz\u00e4hlige Arten von Einzelh\u00e4ndlern. Da kein Unternehmen ein Monopol sein sollte, k\u00f6nnen die Verbraucher w\u00e4hlen, wo sie ihre Eink\u00e4ufe t\u00e4tigen. Menschen sind Gewohnheitstiere; wenn ihre Eltern in Gesch\u00e4ft X eingekauft haben, werden sie es wahrscheinlich auch tun. Um Kunden von ihren \u00fcblichen Einkaufsst\u00e4tten wegzulocken, schalten Einzelh\u00e4ndler Werbung, bieten Ausverk\u00e4ufe an und f\u00fchren andere Werbeaktivit\u00e4ten durch.<\/p>\n<p>Allerdings stehen nicht alle Einzelh\u00e4ndler im Wettbewerb miteinander. Im Gegenteil, sie konkurrieren in ihren Spezialgebieten innerhalb des Sektors. Beispielsweise bieten einige Kaufh\u00e4user eine breite Palette von Produkten wie Kleidung, K\u00fcchenger\u00e4te und Haushaltsger\u00e4te an. Andere Gesch\u00e4fte haben ein noch kleineres Spektrum an Produkten.<\/p>\n<p>Schuhgesch\u00e4fte sind ein hervorragendes Beispiel f\u00fcr ein Einzweckgesch\u00e4ft und eine Nische im Einzelhandelsbereich. Unabh\u00e4ngig von der Menge der Produkte, die sie verkaufen, wird es immer Wettbewerb von anderen Schuhgesch\u00e4ften geben. Wie konkurrieren Gesch\u00e4fte, die die gleichen Produkte anbieten, miteinander?<\/p>\n<h2>Die Art und Weise, wie Einzelh\u00e4ndler in der Schweiz miteinander konkurrieren<\/h2>\n<p>Im Hinblick auf die Einzelh\u00e4ndler gibt es einige Bereiche, in denen Wettbewerb herrschen kann. Dies sind die folgenden Bereiche:<\/p>\n<ul>\n<li>Qualit\u00e4t<\/li>\n<li>Menge<\/li>\n<li>Preis<\/li>\n<li>Auswahl<\/li>\n<li>Qualit\u00e4t der Waren<\/li>\n<\/ul>\n<p>Einzelh\u00e4ndler suchen die besten Produkte von h\u00f6chster Qualit\u00e4t, die sie finden k\u00f6nnen, um sie an Kunden zu verkaufen. Einige Einzelh\u00e4ndler haben Vereinbarungen mit Herstellern getroffen, f\u00fcr die sie die einzige Verkaufsstelle sind. Andere Einzelh\u00e4ndler haben ihre eigenen Markenhersteller, die ihre Gesch\u00e4fte beliefern. Qualit\u00e4tskontrolle und -sicherung sind f\u00fcr diese H\u00e4ndler ein wichtiger Faktor, um ihren guten Ruf zu erhalten.<\/p>\n<h2>Warenmenge in der Schweiz<\/h2>\n<p>Die Warenmenge bedeutet nicht, dass ein Einzelh\u00e4ndler die meisten Produkte haben muss. Es handelt sich vielmehr um einen doppelten Gedanken. Erstens m\u00fcssen die Einzelh\u00e4ndler einen angemessenen Bestand an Artikeln in den Gesch\u00e4ften haben.<\/p>\n<p>Gro\u00dfeinzelh\u00e4ndler und gro\u00dfe Marken haben komplexe Systeme eingerichtet, die automatisch die Verk\u00e4ufe messen, und die Produktion ist so konzipiert, dass sie auf der Grundlage dieser Zahlen funktioniert. Kleinere Standorte k\u00f6nnten \u00fcber ein spezialisiertes POS-System verf\u00fcgen, das einen Gro\u00dfteil der gleichen Arbeit \u00fcbernimmt. Ein sorgf\u00e4ltiges Management der Bestandskontrolle ist f\u00fcr alle Einzelhandelsunternehmen von entscheidender Bedeutung.<\/p>\n<p>Zweitens bezieht sich die Menge auf eine Reihe von Produkten, die ein Gesch\u00e4ft anbieten wird. Kaufh\u00e4user haben eine gro\u00dfe Auswahl, die von Haushaltsartikeln bis hin zu Autos reicht. Diese Unternehmen achten nicht nur auf die Lagerung, sondern konzentrieren sich auch auf den Verkauf. Produktkategorien, die sich gut verkaufen, werden weiterhin angeboten und solche, die sich nicht verkaufen, werden gestrichen.<\/p>\n<h2>Warenpreise in der Schweiz<\/h2>\n<p>Beim Warenverkauf m\u00fcssen die Einzelh\u00e4ndler auch auf den Preis achten, den sie f\u00fcr ein bestimmtes Produkt berechnen. Sie k\u00f6nnen diese Zahlen mit denen ihrer Wettbewerber vergleichen, um festzustellen, ob es sich um ein Produkt handelt, das zu hoch oder zu niedrig ist. Der Vergleich der Verkaufszahlen mit denen der Wettbewerber hilft dem Einzelh\u00e4ndler, wettbewerbsf\u00e4hig zu bleiben.<\/p>\n<\/div><\/section><\/div>\n","protected":false},"excerpt":{"rendered":"<p>Vertrieb und E-Commerce<\/p>\n","protected":false},"author":2,"featured_media":18377,"parent":10521,"menu_order":0,"comment_status":"closed","ping_status":"closed","template":"","meta":{"footnotes":""},"class_list":["post-12447","page","type-page","status-publish","has-post-thumbnail","hentry"],"_links":{"self":[{"href":"https:\/\/actoria.com\/ch-de\/wp-json\/wp\/v2\/pages\/12447","targetHints":{"allow":["GET"]}}],"collection":[{"href":"https:\/\/actoria.com\/ch-de\/wp-json\/wp\/v2\/pages"}],"about":[{"href":"https:\/\/actoria.com\/ch-de\/wp-json\/wp\/v2\/types\/page"}],"author":[{"embeddable":true,"href":"https:\/\/actoria.com\/ch-de\/wp-json\/wp\/v2\/users\/2"}],"replies":[{"embeddable":true,"href":"https:\/\/actoria.com\/ch-de\/wp-json\/wp\/v2\/comments?post=12447"}],"version-history":[{"count":0,"href":"https:\/\/actoria.com\/ch-de\/wp-json\/wp\/v2\/pages\/12447\/revisions"}],"up":[{"embeddable":true,"href":"https:\/\/actoria.com\/ch-de\/wp-json\/wp\/v2\/pages\/10521"}],"wp:featuredmedia":[{"embeddable":true,"href":"https:\/\/actoria.com\/ch-de\/wp-json\/wp\/v2\/media\/18377"}],"wp:attachment":[{"href":"https:\/\/actoria.com\/ch-de\/wp-json\/wp\/v2\/media?parent=12447"}],"curies":[{"name":"wp","href":"https:\/\/api.w.org\/{rel}","templated":true}]}}