{"id":12459,"date":"2021-01-05T09:58:48","date_gmt":"2021-01-05T08:58:48","guid":{"rendered":"https:\/\/actoria.com\/ch\/?page_id=12459"},"modified":"2026-04-27T15:59:18","modified_gmt":"2026-04-27T13:59:18","slug":"transport","status":"publish","type":"page","link":"https:\/\/actoria.com\/ch-de\/uber-uns\/dienstleistungen\/branchen\/transport\/","title":{"rendered":"Transport"},"content":{"rendered":"<div id='av_section_1'  class='avia-section main_color avia-section-default avia-no-border-styling  avia-full-stretch avia-bg-style-fixed  avia-builder-el-0  el_before_av_one_full  avia-builder-el-first  header_page_section_title_wrapper  av-arrow-down-section av-minimum-height av-minimum-height-custom  container_wrap sidebar_right' style='background-repeat: no-repeat; background-image: url(https:\/\/actoria.com\/ch-de\/wp-content\/uploads\/2021\/01\/shutterstock_87328937-1500x1385.jpg);background-attachment: fixed; background-position: center center;  '  data-section-bg-repeat='stretch'><div class='container' style='height:660px'><main  role=\"main\" itemprop=\"mainContentOfPage\"  class='template-page content  av-content-small alpha units'><div class='post-entry post-entry-type-page post-entry-12459'><div class='entry-content-wrapper clearfix'>\n<div class='flex_column_table av-equal-height-column-flextable -flextable' ><div class=\"flex_column av_one_full  flex_column_table_cell av-equal-height-column av-align-bottom av-zero-column-padding first  avia-builder-el-1  avia-builder-el-no-sibling  header_page_section_title \" style='border-radius:0px; ' id=\"header_page_section_title\" ><p><br \/>\n<div  style='padding-bottom:5px; margin:0 0 0 0; color:#ffffff;' class='av-special-heading av-special-heading-h1 custom-color-heading   avia-builder-el-3  el_after_av_codeblock  avia-builder-el-last  '><h1 class='av-special-heading-tag '  itemprop=\"headline\"  >Transport in der Schweiz<\/h1><div class='special-heading-border'><div class='special-heading-inner-border' style='border-color:#ffffff'><\/div><\/div><\/div><\/p><\/div><\/div><!--close column table wrapper. Autoclose: 1 --><\/div><\/div><\/main><!-- close content main element --><\/div><div class='av-extra-border-element border-extra-arrow-down'><div class='av-extra-border-outer'><div class='av-extra-border-inner'  style='background-color:#ffffff;' ><\/div><\/div><\/div><\/div><div id='after_section_1'  class='main_color av_default_container_wrap container_wrap sidebar_right' style=' '  ><div class='container' ><div class='template-page content  av-content-small alpha units'><div class='post-entry post-entry-type-page post-entry-12459'><div class='entry-content-wrapper clearfix'><div class=\"flex_column av_one_full  flex_column_div av-zero-column-padding first  avia-builder-el-4  el_after_av_section  avia-builder-el-no-sibling  \" style='border-radius:0px; '><section class=\"av_textblock_section \"  itemscope=\"itemscope\" itemtype=\"https:\/\/schema.org\/CreativeWork\" ><div class='avia_textblock  '   itemprop=\"text\" ><p>Die Transportindustrie in der Schweiz, die den Transport von Passagieren und G\u00fctern umfasst, ist einer der gr\u00f6\u00dften Arbeitgeber der Welt.<\/p>\n<h2>Die Hauptabteilungen des Transportsektors in der Schweiz sind wie folgt:<\/h2>\n<ul>\n<li><strong>Infrastruktur<\/strong>: Dies umfasst den Bau und die Instandhaltung von Stra\u00dfen, Kan\u00e4len, Terminals, Bahnh\u00f6fen, Depots und Seeh\u00e4fen. Die Verkehrsinfrastruktur kann sich in \u00f6ffentlichem oder privatem Besitz befinden.<\/li>\n<li><strong>Fahrzeuge<\/strong>: Dieser Sektor umfasst die Entwicklung verschiedener Transportarten &#8211; Autos, Z\u00fcge, Schiffe und Flugzeuge.<\/li>\n<li><strong>Betrieb<\/strong>: Hierbei handelt es sich um die Methoden des Betriebs von Fahrzeugen. Er umfasst auch deren Finanzierung und rechtliche Aspekte.<\/li>\n<\/ul>\n<h2>Transportindustrie in der Schweiz: Angebots- und Nachfragefaktoren.<br \/>\nTransportwesen, Unternehmens\u00fcbertragung in der Schweiz<\/h2>\n<p>Eine Verlangsamung der wirtschaftlichen Aktivit\u00e4t f\u00fchrt zu einem R\u00fcckgang der Nachfrage nach G\u00fcter- und Personenverkehr, aber auch umgekehrt ist der Verkehr bei einer starken wirtschaftlichen Erholung in der Regel weitgehend profitabel. Die Kosten in Form von Ticketpreisen und Finanzierung (Nachfrage) und Produktionsfaktoren (Angebot) sind ein weiterer wichtiger Faktor in der Industrie. Die Transportt\u00e4tigkeiten intensivieren sich in der Weihnachtszeit, was sich auf die Leistung der Branche auswirkt.<\/p>\n<p>Die Transportindustrie unterst\u00fctzt die wirtschaftliche Entwicklung, indem sie bei der Produktion und dem Vertrieb von Waren und Dienstleistungen hilft. Dar\u00fcber hinaus tr\u00e4gt die Industrie zur Verbreitung von Ideen und Wissen bei, indem sie den Austausch von Fachleuten erleichtert.<\/p>\n<h2>Der Transportsektor in der Schweiz ist ein Teil der Wirtschaft, der sich mit Unternehmen befasst, die mit dem Transport verbunden sind.<\/h2>\n<p>Der Transportsektor in der Schweiz besteht aus verschiedenen Arten von Unternehmen, die Personen und Dinge zu anderen Orten transportieren. Eines der klassischsten Beispiele f\u00fcr ein Unternehmen im Transportsektor ist eine kommerzielle Fluggesellschaft. Fluggesellschaften bef\u00f6rdern Passagiere von einem Teil der Welt in einen anderen. Ein weiteres Beispiel f\u00fcr ein Unternehmen im Transportsektor ist die Eisenbahn. Eisenbahnen transportieren normalerweise Produkte durch das ganze Land, aber sie bef\u00f6rdern auch Passagiere.<\/p>\n<p>Viele Investoren engagieren sich gerne in diesem Sektor, da er f\u00fcr viele andere Industrien als notwendig erachtet wird. Investoren k\u00f6nnen aus einer Reihe von Investitionsoptionen w\u00e4hlen, die es ihnen erm\u00f6glichen, von Transportunternehmen zu profitieren.<\/p>\n<p>Beispielsweise k\u00f6nnen Investoren Aktien der verschiedenen inl\u00e4ndischen Unternehmen des Sektors kaufen.<\/p>\n<p>Sie k\u00f6nnen sich auch daf\u00fcr entscheiden, in Investmentfonds und b\u00f6rsengehandelte Fonds zu investieren, die sich auf die Transportindustrie konzentrieren. Investoren k\u00f6nnten sogar Unternehmensanleihen, die von Transportunternehmen ausgegeben werden, als weitere Investitionsm\u00f6glichkeit erwerben.<\/p>\n<p>Dieser Sektor tendiert immer dazu, profitabel zu sein, da er f\u00fcr viele Aspekte der Wirtschaft ben\u00f6tigt wird. Transportunternehmen werden ben\u00f6tigt, um Konsumg\u00fcter von den Herstellern zu den Gro\u00df- und Einzelh\u00e4ndlern zu transportieren. Ohne diesen Sektor h\u00e4tten die Verbraucher keinen Zugang zu Lebensmitteln und anderen G\u00fctern, die sie ben\u00f6tigen.<\/p>\n<p>Obwohl diese Industrie in der Schweiz im Allgemeinen immer noch in gewissem Ma\u00dfe f\u00fcr Investoren rentabel ist, ist ihre Rentabilit\u00e4t umgekehrt mit dem \u00d6lpreis verbunden. Wenn der \u00d6lpreis steigt, tendiert die Rentabilit\u00e4t dieses Sektors dazu, zu sinken. Wenn der \u00d6lpreis sinkt, neigt dieser Sektor dazu, besser zu arbeiten und h\u00f6here Gewinne zu erzielen.<\/p>\n<div id=\"gtx-trans\" style=\"position: absolute;left: -6px;top: 998.344px\">\n<div class=\"gtx-trans-icon\"><\/div>\n<\/div>\n<\/div><\/section><\/div><\/p>\n","protected":false},"excerpt":{"rendered":"<p>Transport<\/p>\n","protected":false},"author":2,"featured_media":6655,"parent":10521,"menu_order":0,"comment_status":"closed","ping_status":"closed","template":"","meta":{"footnotes":""},"class_list":["post-12459","page","type-page","status-publish","has-post-thumbnail","hentry"],"_links":{"self":[{"href":"https:\/\/actoria.com\/ch-de\/wp-json\/wp\/v2\/pages\/12459","targetHints":{"allow":["GET"]}}],"collection":[{"href":"https:\/\/actoria.com\/ch-de\/wp-json\/wp\/v2\/pages"}],"about":[{"href":"https:\/\/actoria.com\/ch-de\/wp-json\/wp\/v2\/types\/page"}],"author":[{"embeddable":true,"href":"https:\/\/actoria.com\/ch-de\/wp-json\/wp\/v2\/users\/2"}],"replies":[{"embeddable":true,"href":"https:\/\/actoria.com\/ch-de\/wp-json\/wp\/v2\/comments?post=12459"}],"version-history":[{"count":1,"href":"https:\/\/actoria.com\/ch-de\/wp-json\/wp\/v2\/pages\/12459\/revisions"}],"predecessor-version":[{"id":24537,"href":"https:\/\/actoria.com\/ch-de\/wp-json\/wp\/v2\/pages\/12459\/revisions\/24537"}],"up":[{"embeddable":true,"href":"https:\/\/actoria.com\/ch-de\/wp-json\/wp\/v2\/pages\/10521"}],"wp:featuredmedia":[{"embeddable":true,"href":"https:\/\/actoria.com\/ch-de\/wp-json\/wp\/v2\/media\/6655"}],"wp:attachment":[{"href":"https:\/\/actoria.com\/ch-de\/wp-json\/wp\/v2\/media?parent=12459"}],"curies":[{"name":"wp","href":"https:\/\/api.w.org\/{rel}","templated":true}]}}