{"id":12677,"date":"2021-02-01T17:35:52","date_gmt":"2021-02-01T16:35:52","guid":{"rendered":"https:\/\/actoria.com\/ch\/?page_id=12677"},"modified":"2022-08-16T15:47:13","modified_gmt":"2022-08-16T13:47:13","slug":"laden-sie-das-weisbuch-ein-unternehmen-trotz-covid-ubertragen-herunter","status":"publish","type":"page","link":"https:\/\/actoria.com\/ch-de\/ubertragen\/unsere-tools-und-beratung-zur-ubertragung\/laden-sie-das-weisbuch-ein-unternehmen-trotz-covid-ubertragen-herunter\/","title":{"rendered":"Laden Sie das Wei\u00dfbuch \u201eEin Unternehmen trotz Krisen \u00fcbertragen\u201c herunter"},"content":{"rendered":"<div class='flex_column_table av-equal-height-column-flextable -flextable' ><div class=\"flex_column av_two_fifth  avia-full-contain flex_column_table_cell av-equal-height-column av-align-top av-zero-column-padding first  avia-builder-el-0  el_before_av_three_fifth  avia-builder-el-first  \" style='border-radius:0px; '><div  class='avia-image-container  av-styling-    avia-builder-el-1  avia-builder-el-no-sibling  avia-align-center '  itemprop=\"image\" itemscope=\"itemscope\" itemtype=\"https:\/\/schema.org\/ImageObject\"  ><div class='avia-image-container-inner'><div class='avia-image-overlay-wrap'><img class='avia_image' src='https:\/\/actoria.com\/ch-de\/wp-content\/uploads\/2022\/08\/Book-Crisis-DE-4-1030x950.png' alt='Laden Sie das Wei\u00dfbuch \u201eEin Unternehmen trotz Krisen \u00fcbertragen\u201c herunterFirmen\u00fcbergabe, Verkauf von KMU, Erwerb von Schweizer Firmen, Deutschland, \u00d6sterreich' title='Laden Sie das Wei\u00dfbuch \u201eEin Unternehmen trotz Krisen \u00fcbertragen\u201c herunterFirmen\u00fcbergabe, Verkauf von KMU, Erwerb von Schweizer Firmen, Deutschland, \u00d6sterreich' height=\"950\" width=\"1030\"  itemprop=\"thumbnailUrl\"  \/><\/div><\/div><\/div><\/div>\n<div class='av-flex-placeholder'><\/div><div class=\"flex_column av_three_fifth  flex_column_table_cell av-equal-height-column av-align-top av-zero-column-padding   avia-builder-el-2  el_after_av_two_fifth  el_before_av_textblock  \" style='border-radius:0px; '><section class=\"av_textblock_section \"  itemscope=\"itemscope\" itemtype=\"https:\/\/schema.org\/CreativeWork\" ><div class='avia_textblock  '   itemprop=\"text\" ><p><iframe style=\"height: 500px; width: 99%; border: none;\" src=\"https:\/\/forms.zohopublic.com\/rseauactoria\/form\/BestellenSieunserWeibuchKrisenzeitenWiekannestrotz\/formperma\/UxGrs_v0VYjUMdeoV1mgWdUtGQ1fYOddy3ATOYkDh5A?zf_lang=de\" frameborder=\"0\"><\/iframe><\/p>\n<\/div><\/section><\/div><\/div><!--close column table wrapper. Autoclose: 1 -->\n<section class=\"av_textblock_section \"  itemscope=\"itemscope\" itemtype=\"https:\/\/schema.org\/CreativeWork\" ><div class='avia_textblock  '   itemprop=\"text\" ><h2>WARUM DIESES WEISSBUCH ?<\/h2>\n<p>Unternehmer erleben an vorderster Front, wie nach einem v\u00f6llig unvorhersehbaren Jahr 2021 alle ihre Pl\u00e4ne \u00fcber den Haufen geworfen werden. Besonders verwirrt sind diejenigen, die planen, ihr Unternehmen im Jahr 2022 zu ver\u00e4u\u00dfern.<\/p>\n<p>In einer Zeit, in der viele Branchen in Schwierigkeiten stecken &#8211; einige jedoch einen unerwarteten Boom erleben -, ist es eine schwierigere Entscheidung, ein Unternehmen auf den Markt zu bringen, als es in Zeiten einer vorhersehbaren oder zumindest stabilen Wirtschaft der Fall war.<\/p>\n<p>Wenn Sie ein Unternehmer sind, der erw\u00e4gt, sein Unternehmen zu ver\u00e4u\u00dfern, kann die Durchf\u00fchrung dieses Vorhabens zum falschen Zeitpunkt potenziell Tausende oder sogar Millionen Euro an Einkommensverlusten bedeuten.<\/p>\n<p>W\u00e4hrend die Unternehmen von der Abfolge von Finanz-, Gesundheits- und Energiekrisen auf \u00e4u\u00dferst unterschiedliche Weise betroffen sind, sind die Auswirkungen auf die meisten negativ und der Zeitpunkt der wirtschaftlichen Erholung ist ungewiss.<\/p>\n<p>Leider ist f\u00fcr viele das Jahr 2022 und vielleicht 2023- wer kann das schon sagen? &#8211; als der falsche Zeitpunkt zum Weitergeben erscheinen. Aber nichts ist weniger sicher!<\/p>\n<\/div><\/section>\n","protected":false},"excerpt":{"rendered":"<p>Laden Sie das Wei\u00dfbuch \u201eEin Unternehmen trotz Krisen \u00fcbertragen\u201c herunter<\/p>\n","protected":false},"author":2,"featured_media":22365,"parent":16521,"menu_order":1,"comment_status":"closed","ping_status":"closed","template":"","meta":{"footnotes":""},"class_list":["post-12677","page","type-page","status-publish","has-post-thumbnail","hentry"],"_links":{"self":[{"href":"https:\/\/actoria.com\/ch-de\/wp-json\/wp\/v2\/pages\/12677","targetHints":{"allow":["GET"]}}],"collection":[{"href":"https:\/\/actoria.com\/ch-de\/wp-json\/wp\/v2\/pages"}],"about":[{"href":"https:\/\/actoria.com\/ch-de\/wp-json\/wp\/v2\/types\/page"}],"author":[{"embeddable":true,"href":"https:\/\/actoria.com\/ch-de\/wp-json\/wp\/v2\/users\/2"}],"replies":[{"embeddable":true,"href":"https:\/\/actoria.com\/ch-de\/wp-json\/wp\/v2\/comments?post=12677"}],"version-history":[{"count":0,"href":"https:\/\/actoria.com\/ch-de\/wp-json\/wp\/v2\/pages\/12677\/revisions"}],"up":[{"embeddable":true,"href":"https:\/\/actoria.com\/ch-de\/wp-json\/wp\/v2\/pages\/16521"}],"wp:featuredmedia":[{"embeddable":true,"href":"https:\/\/actoria.com\/ch-de\/wp-json\/wp\/v2\/media\/22365"}],"wp:attachment":[{"href":"https:\/\/actoria.com\/ch-de\/wp-json\/wp\/v2\/media?parent=12677"}],"curies":[{"name":"wp","href":"https:\/\/api.w.org\/{rel}","templated":true}]}}