{"id":1332,"date":"2015-05-11T16:03:03","date_gmt":"2015-05-11T16:03:03","guid":{"rendered":"https:\/\/actoria.com\/ch\/?page_id=1332"},"modified":"2026-04-27T15:44:32","modified_gmt":"2026-04-27T13:44:32","slug":"ein-innovativer-ansatz-fur-ma-in-der-schweiz","status":"publish","type":"page","link":"https:\/\/actoria.com\/ch-de\/uber-uns\/dienstleistungen\/ein-innovativer-ansatz-fur-ma-in-der-schweiz\/","title":{"rendered":"EIN INNOVATIVER ANSATZ F\u00dcR M&#038;A IN DER SCHWEIZ"},"content":{"rendered":"<div id='av_section_1'  class='avia-section main_color avia-section-default avia-no-border-styling  avia-full-stretch avia-bg-style-fixed  avia-builder-el-0  el_before_av_one_full  avia-builder-el-first  header_page_section_title_wrapper  av-arrow-down-section av-minimum-height av-minimum-height-custom  container_wrap sidebar_right' style='background-repeat: no-repeat; background-image: url(https:\/\/actoria.com\/ch-de\/wp-content\/uploads\/2021\/12\/shutterstock-1-6-1500x1000.jpg);background-attachment: fixed; background-position: center center;  '  data-section-bg-repeat='stretch'><div class='container' style='height:660px'><main  role=\"main\" itemprop=\"mainContentOfPage\"  class='template-page content  av-content-small alpha units'><div class='post-entry post-entry-type-page post-entry-1332'><div class='entry-content-wrapper clearfix'>\n<div class='flex_column_table av-equal-height-column-flextable -flextable' ><div class=\"flex_column av_one_full  flex_column_table_cell av-equal-height-column av-align-bottom av-zero-column-padding first  avia-builder-el-1  avia-builder-el-no-sibling  header_page_section_title \" style='border-radius:0px; ' id=\"header_page_section_title\" ><p><br \/>\n<div  style='padding-bottom:5px; margin:0 0 0 0; color:#ffffff;' class='av-special-heading av-special-heading-h1 custom-color-heading   avia-builder-el-3  el_after_av_codeblock  avia-builder-el-last  '><h1 class='av-special-heading-tag '  itemprop=\"headline\"  >EIN INNOVATIVER ANSATZ F\u00dcR M&amp;A IN DER SCHWEIZ <\/h1><div class='special-heading-border'><div class='special-heading-inner-border' style='border-color:#ffffff'><\/div><\/div><\/div><\/p><\/div><\/div><!--close column table wrapper. Autoclose: 1 -->\n<\/div><\/div><\/main><!-- close content main element --><\/div><div class='av-extra-border-element border-extra-arrow-down'><div class='av-extra-border-outer'><div class='av-extra-border-inner'  style='background-color:#ffffff;' ><\/div><\/div><\/div><\/div><div id='after_section_1'  class='main_color av_default_container_wrap container_wrap sidebar_right' style=' '  ><div class='container' ><div class='template-page content  av-content-small alpha units'><div class='post-entry post-entry-type-page post-entry-1332'><div class='entry-content-wrapper clearfix'>\n<div class=\"flex_column av_one_full  flex_column_div av-zero-column-padding first  avia-builder-el-4  el_after_av_section  avia-builder-el-no-sibling  \" style='border-radius:0px; '><section class=\"av_textblock_section \"  itemscope=\"itemscope\" itemtype=\"https:\/\/schema.org\/CreativeWork\" ><div class='avia_textblock  '   itemprop=\"text\" ><p><img loading=\"lazy\" decoding=\"async\" class=\"size-medium wp-image-18909 alignleft\" title=\"EIN INNOVATIVER ANSATZ F\u00dcR M&#038;A IN DER SCHWEIZ, Firmen\u00fcbergabe, Verkauf von KMU, Erwerb von Schweizer Firmen, Deutschland, \u00d6sterreich\" src=\"http:\/\/actoria.com\/ch-de\/wp-content\/uploads\/2022\/02\/shutterstock-1-7-300x200.jpg\" alt=\"EIN INNOVATIVER ANSATZ F\u00dcR M&#038;A IN DER SCHWEIZFirmen\u00fcbergabe, Verkauf von KMU, Erwerb von Schweizer Firmen, Deutschland, \u00d6sterreich\" width=\"300\" height=\"200\" srcset=\"https:\/\/actoria.com\/ch-de\/wp-content\/uploads\/2022\/02\/shutterstock-1-7-300x200.jpg 300w, https:\/\/actoria.com\/ch-de\/wp-content\/uploads\/2022\/02\/shutterstock-1-7-1030x687.jpg 1030w, https:\/\/actoria.com\/ch-de\/wp-content\/uploads\/2022\/02\/shutterstock-1-7-768x512.jpg 768w, https:\/\/actoria.com\/ch-de\/wp-content\/uploads\/2022\/02\/shutterstock-1-7-1536x1024.jpg 1536w, https:\/\/actoria.com\/ch-de\/wp-content\/uploads\/2022\/02\/shutterstock-1-7-2048x1365.jpg 2048w, https:\/\/actoria.com\/ch-de\/wp-content\/uploads\/2022\/02\/shutterstock-1-7-1500x1000.jpg 1500w, https:\/\/actoria.com\/ch-de\/wp-content\/uploads\/2022\/02\/shutterstock-1-7-705x470.jpg 705w\" sizes=\"auto, (max-width: 300px) 100vw, 300px\" \/><\/p>\n<p><strong>Ein innovativer Ansatz<\/strong><\/p>\n<p>Der Ansatz von Actoria Schweiz auf dem\u00a0M&amp;A-Markt\u00a0(\u00dcbertragung und Zusammenschluss\u00a0von Unternehmen in der Schweiz) ist ein innovativer, sehr spezifischer Ansatz, dessen Leitmotiv das\u00a0nachhaltige\u00a0Wachstum Ihres Unternehmens ist:<\/p>\n<p>\u2714Actoria positioniert sich als\u00a0<strong>echter Partner des Unternehmens<\/strong>\u00a0bei der\u00a0<strong>Festlegung\u00a0und Umsetzung seiner Strategie<\/strong>. In diesem Sinne verfolgt sie einen horizontalen und nicht vertikalen Ansatz mit einer\u00a0<strong>aktiven Beteiligung an den strategischen Entscheidungen<\/strong>\u00a0der Unternehmen. Dies geschieht mit dem\u00a0<strong>Ziel einer\u00a0nachhaltigen Entwicklung<\/strong>, die sowohl dem Unternehmen, dem Unternehmer als auch den Arbeitnehmern erm\u00f6glicht, zu dieser Entwicklung beizutragen.<\/p>\n<p>\u2714Die Philosophie von Actoria Schweiz ist die eines\u00a0<strong>Beratungsunternehmens\u00a0<\/strong>und nicht die eines Vermittlers. Unsere Kunden kommen zu uns, weil sie die\u00a0Gewissheit haben, dass wir ihre Interessen vollst\u00e4ndig und\u00a0<strong>nur ihre Interessen<\/strong>\u00a0vertreten.<\/p>\n<p>\u2714Der Ansatz von Actoria Schweiz ist\u00a0<strong>multidisziplin\u00e4r<\/strong>: strategische, finanzielle, buchhalterische, rechtliche und steuerliche Kompetenzen.<\/p>\n<p>\u2714Die Struktur von Actoria ist\u00a0<strong>international<\/strong>: internationale Logistik, Hauptsitz in der Schweiz, zust\u00e4ndig f\u00fcr internationale Dossiers sowie Niederlassungen in 6 L\u00e4ndern (Belgien, Luxemburg, Schweiz, Marokko, Tunesien).<\/p>\n<p><strong>Ein innovativer, nachhaltigkeitsorientierter Ansatz f\u00fcr M&amp;A\u00a0in der Schweiz<\/strong><\/p>\n<p><img loading=\"lazy\" decoding=\"async\" class=\"size-medium wp-image-18910 alignleft\" title=\"EIN INNOVATIVER ANSATZ F\u00dcR M&#038;A IN DER SCHWEIZ, Firmen\u00fcbergabe, Verkauf von KMU, Erwerb von Schweizer Firmen, Deutschland, \u00d6sterreich\" src=\"http:\/\/actoria.com\/ch-de\/wp-content\/uploads\/2022\/02\/shutterstock-1-8-300x200.jpg\" alt=\"EIN INNOVATIVER ANSATZ F\u00dcR M&#038;A IN DER SCHWEIZFirmen\u00fcbergabe, Verkauf von KMU, Erwerb von Schweizer Firmen, Deutschland, \u00d6sterreich\" width=\"300\" height=\"200\" srcset=\"https:\/\/actoria.com\/ch-de\/wp-content\/uploads\/2022\/02\/shutterstock-1-8-300x200.jpg 300w, https:\/\/actoria.com\/ch-de\/wp-content\/uploads\/2022\/02\/shutterstock-1-8-1030x687.jpg 1030w, https:\/\/actoria.com\/ch-de\/wp-content\/uploads\/2022\/02\/shutterstock-1-8-768x512.jpg 768w, https:\/\/actoria.com\/ch-de\/wp-content\/uploads\/2022\/02\/shutterstock-1-8-1536x1025.jpg 1536w, https:\/\/actoria.com\/ch-de\/wp-content\/uploads\/2022\/02\/shutterstock-1-8-2048x1366.jpg 2048w, https:\/\/actoria.com\/ch-de\/wp-content\/uploads\/2022\/02\/shutterstock-1-8-1500x1001.jpg 1500w, https:\/\/actoria.com\/ch-de\/wp-content\/uploads\/2022\/02\/shutterstock-1-8-705x470.jpg 705w\" sizes=\"auto, (max-width: 300px) 100vw, 300px\" \/><\/p>\n<p>Actoria Schweiz verf\u00fcgt \u00fcber eine besondere Expertise bei der\u00a0\u00dcbertragung und Zusammenschluss von mittelgro\u00dfen Unternehmen\u00a0<strong>mit einem Wert von 1 bis 100 Millionen Euro.<\/strong><\/p>\n<p>Dank der multidisziplin\u00e4ren Struktur von Actoria k\u00f6nnen wir Ihnen Beratung und Begleitung in allen Branchen in der Schweiz und bei allen Arten von Fragen anbieten.<\/p>\n<p>Aus diesem Grund bevorzugen wir eine <strong>qualitative Auswahl von Transaktionen<\/strong>\u00a0zur\u00a0Unternehmens\u00fcbertragung und -zusammenschluss.<\/p>\n<p><strong>Ein innovativer, ethisch orientierter Ansatz f\u00fcr M&amp;A in der Schweiz<\/strong><\/p>\n<p>Actoria Schweiz verf\u00fcgt \u00fcber alle Garantien und Haftpflichtversicherungen\u00a0gem\u00e4\u00df\u00a0den f\u00fcr den Berufsstand\u00a0geltenden Vorschriften f\u00fcr M&amp;A.<\/p>\n<p>Als Experte bei der Schweizer Industrie- und Handelskammer, CLENAM, CRA und\u00a0Rel\u00e8ve\u00a0PME unterh\u00e4lt\u00a0Actoria\u00a0enge Beziehungen zu den meisten Handelskammern in Gro\u00dfbritannien, der Schweiz, Belgien, Luxemburg und Spanien, zu Netzwerk- und Gesch\u00e4ftsbanken, Investmentfonds und Netzwerken von Rechtsanw\u00e4lten, Notaren, Treuh\u00e4ndern und Wirtschaftspr\u00fcfern.<\/p>\n<\/div><\/section><\/div>\n","protected":false},"excerpt":{"rendered":"<p>EIN INNOVATIVER ANSATZ F\u00dcR M&amp;A IN DER SCHWEIZ<\/p>\n","protected":false},"author":2,"featured_media":18090,"parent":9888,"menu_order":0,"comment_status":"closed","ping_status":"closed","template":"","meta":{"footnotes":""},"class_list":["post-1332","page","type-page","status-publish","has-post-thumbnail","hentry"],"_links":{"self":[{"href":"https:\/\/actoria.com\/ch-de\/wp-json\/wp\/v2\/pages\/1332","targetHints":{"allow":["GET"]}}],"collection":[{"href":"https:\/\/actoria.com\/ch-de\/wp-json\/wp\/v2\/pages"}],"about":[{"href":"https:\/\/actoria.com\/ch-de\/wp-json\/wp\/v2\/types\/page"}],"author":[{"embeddable":true,"href":"https:\/\/actoria.com\/ch-de\/wp-json\/wp\/v2\/users\/2"}],"replies":[{"embeddable":true,"href":"https:\/\/actoria.com\/ch-de\/wp-json\/wp\/v2\/comments?post=1332"}],"version-history":[{"count":0,"href":"https:\/\/actoria.com\/ch-de\/wp-json\/wp\/v2\/pages\/1332\/revisions"}],"up":[{"embeddable":true,"href":"https:\/\/actoria.com\/ch-de\/wp-json\/wp\/v2\/pages\/9888"}],"wp:featuredmedia":[{"embeddable":true,"href":"https:\/\/actoria.com\/ch-de\/wp-json\/wp\/v2\/media\/18090"}],"wp:attachment":[{"href":"https:\/\/actoria.com\/ch-de\/wp-json\/wp\/v2\/media?parent=1332"}],"curies":[{"name":"wp","href":"https:\/\/api.w.org\/{rel}","templated":true}]}}