{"id":13624,"date":"2021-05-25T08:33:01","date_gmt":"2021-05-25T06:33:01","guid":{"rendered":"https:\/\/actoria.com\/ch\/?page_id=13624"},"modified":"2026-04-27T15:59:13","modified_gmt":"2026-04-27T13:59:13","slug":"ihre-investitionskapazitat-erhohen","status":"publish","type":"page","link":"https:\/\/actoria.com\/ch-de\/entwickeln\/warum-sich-entwickeln\/ihre-investitionskapazitat-erhohen\/","title":{"rendered":"Ihre Investitionskapazit\u00e4t erh\u00f6hen"},"content":{"rendered":"<div id='av_section_1'  class='avia-section main_color avia-section-default avia-no-border-styling  avia-full-stretch avia-bg-style-fixed  avia-builder-el-0  el_before_av_one_full  avia-builder-el-first  header_page_section_title_wrapper  av-arrow-down-section av-minimum-height av-minimum-height-custom  container_wrap sidebar_right' style='background-repeat: no-repeat; background-image: url(https:\/\/actoria.com\/ch-de\/wp-content\/uploads\/2021\/10\/shutterstock-433567450-1500x1001.jpg);background-attachment: fixed; background-position: center center;  '  data-section-bg-repeat='stretch'><div class='container' style='height:660px'><main  role=\"main\" itemprop=\"mainContentOfPage\"  class='template-page content  av-content-small alpha units'><div class='post-entry post-entry-type-page post-entry-13624'><div class='entry-content-wrapper clearfix'>\n<div class='flex_column_table av-equal-height-column-flextable -flextable' ><div class=\"flex_column av_one_full  flex_column_table_cell av-equal-height-column av-align-bottom av-zero-column-padding first  avia-builder-el-1  avia-builder-el-no-sibling  header_page_section_title \" style='border-radius:0px; ' id=\"header_page_section_title\" ><p><br \/>\n<div  style='padding-bottom:5px; margin:0 0 0 0; color:#ffffff;' class='av-special-heading av-special-heading-h1 custom-color-heading   avia-builder-el-3  el_after_av_codeblock  avia-builder-el-last  '><h1 class='av-special-heading-tag '  itemprop=\"headline\"  >Ihre Investitionskapazit\u00e4t erh\u00f6hen<\/h1><div class='special-heading-border'><div class='special-heading-inner-border' style='border-color:#ffffff'><\/div><\/div><\/div><\/p><\/div><\/div><!--close column table wrapper. Autoclose: 1 -->\n<\/div><\/div><\/main><!-- close content main element --><\/div><div class='av-extra-border-element border-extra-arrow-down'><div class='av-extra-border-outer'><div class='av-extra-border-inner'  style='background-color:#ffffff;' ><\/div><\/div><\/div><\/div><div id='after_section_1'  class='main_color av_default_container_wrap container_wrap sidebar_right' style=' '  ><div class='container' ><div class='template-page content  av-content-small alpha units'><div class='post-entry post-entry-type-page post-entry-13624'><div class='entry-content-wrapper clearfix'>\n<div class=\"flex_column av_one_full  flex_column_div av-zero-column-padding first  avia-builder-el-4  el_after_av_section  avia-builder-el-no-sibling  \" style='border-radius:0px; '><section class=\"av_textblock_section \"  itemscope=\"itemscope\" itemtype=\"https:\/\/schema.org\/CreativeWork\" ><div class='avia_textblock  '   itemprop=\"text\" ><div id=\"attachment_18505\" style=\"width: 310px\" class=\"wp-caption alignleft\"><img loading=\"lazy\" decoding=\"async\" aria-describedby=\"caption-attachment-18505\" class=\"wp-image-18505 size-medium\" title=\"Ihre Investitionskapazit\u00e4t erh\u00f6hen, Firmen\u00fcbergabe, Verkauf von KMU, Erwerb von Schweizer Firmen, Deutschland, \u00d6sterreich\" src=\"http:\/\/actoria.com\/ch-de\/wp-content\/uploads\/2021\/12\/shutterstock-1-38-300x300.jpg\" alt=\"Ihre Investitionskapazit\u00e4t erh\u00f6henFirmen\u00fcbergabe, Verkauf von KMU, Erwerb von Schweizer Firmen, Deutschland, \u00d6sterreich\" width=\"300\" height=\"300\" srcset=\"https:\/\/actoria.com\/ch-de\/wp-content\/uploads\/2021\/12\/shutterstock-1-38-300x300.jpg 300w, https:\/\/actoria.com\/ch-de\/wp-content\/uploads\/2021\/12\/shutterstock-1-38-1030x1030.jpg 1030w, https:\/\/actoria.com\/ch-de\/wp-content\/uploads\/2021\/12\/shutterstock-1-38-80x80.jpg 80w, https:\/\/actoria.com\/ch-de\/wp-content\/uploads\/2021\/12\/shutterstock-1-38-768x768.jpg 768w, https:\/\/actoria.com\/ch-de\/wp-content\/uploads\/2021\/12\/shutterstock-1-38-1536x1536.jpg 1536w, https:\/\/actoria.com\/ch-de\/wp-content\/uploads\/2021\/12\/shutterstock-1-38-36x36.jpg 36w, https:\/\/actoria.com\/ch-de\/wp-content\/uploads\/2021\/12\/shutterstock-1-38-180x180.jpg 180w, https:\/\/actoria.com\/ch-de\/wp-content\/uploads\/2021\/12\/shutterstock-1-38-1500x1500.jpg 1500w, https:\/\/actoria.com\/ch-de\/wp-content\/uploads\/2021\/12\/shutterstock-1-38-705x705.jpg 705w, https:\/\/actoria.com\/ch-de\/wp-content\/uploads\/2021\/12\/shutterstock-1-38.jpg 1600w\" sizes=\"auto, (max-width: 300px) 100vw, 300px\" \/><p id=\"caption-attachment-18505\" class=\"wp-caption-text\"><em>Ihre Investitionskapazit\u00e4t erh\u00f6hen, Unternehmens\u00fcbertragung in der Schweiz<\/em><\/p><\/div>\n<p>Unternehmenszusammenschl\u00fcsse k\u00f6nnen h\u00f6here Investitionen in Forschung und Entwicklung (F&amp;E) erm\u00f6glichen und so die eigene Investitionskapazit\u00e4t erh\u00f6hen.<\/p>\n<p>Durch einen Unternehmenszusammenschluss <strong>k\u00f6nnen mehr Gewinne erwirtschaftet werden, die zur Finanzierung riskanter Investitionen verwendet werden k\u00f6nnen<\/strong>.<\/p>\n<p>Dies kann dazu f\u00fchren, dass <strong>neue Produkte auf den Markt gebracht oder neue M\u00e4rkte<\/strong> erschlossen werden, die allein nicht erfolgreich sein k\u00f6nnen.<\/p>\n<p>Solche Zusammenschl\u00fcsse sind wichtig f\u00fcr innovative Industrien und den Gesundheitssektor, die eine Erh\u00f6hung ihrer Investitionskapazit\u00e4t ben\u00f6tigen.<\/p>\n<p>Sch\u00e4tzungen zufolge werden 90 % der von Unternehmen durchgef\u00fchrten Forschungsarbeiten nie auf den Markt gebracht.<\/p>\n<p>Ein Zusammenschluss mit einem anderen Unternehmen oder eine Fusion, durch die ein gr\u00f6\u00dferes Unternehmen entsteht, bietet mehr Spielraum, um Misserfolge zu tolerieren, was wiederum die Innovation f\u00f6rdert.<\/p>\n<p>In einer fr\u00fcheren Actoria-Studie haben wir argumentiert, dass <strong>strategische Allianzen<\/strong> im Vergleich zu herk\u00f6mmlichen M&amp;A-T\u00e4tigkeiten mehrere Schl\u00fcsselvorteile bieten:<\/p>\n<p>\u2714<strong>Weniger Anfangsinvestitionen erforderlich<\/strong>: Als solche stellen Allianzen eine weniger riskante Option f\u00fcr einen Unternehmenszusammenschluss dar. Die Investition kann getestet und gestaffelt werden, ohne das gesamte finanzielle Engagement, das f\u00fcr eine \u00dcbernahme erforderlich ist.<\/p>\n<p>\u2714<strong>Gr\u00f6\u00dfere Flexibilit\u00e4t<\/strong>: Im Vergleich zu M&amp;A lassen sich die meisten Allianzen leichter aufl\u00f6sen oder anpassen. Wenn ein Richtungswechsel notwendig ist, kann dieser schneller und weniger schmerzhaft vollzogen werden.<\/p>\n<p>\u2714<strong>F\u00e4higkeit, ein \u00d6kosystem von Beziehungen aufzubauen<\/strong>: Durch Allianzen kann eine Organisation gleichzeitig Beziehungen zu mehreren wichtigen Partnern aufbauen, was durch M&amp;A nur schwer im gleichen Tempo zu erreichen ist.<\/p>\n<p>\u2714<strong>Zugang zu wichtigen Partnern, die nicht erworben werden k\u00f6nnen<\/strong>: Einige interessante Gegenst\u00fccke sind einfach nicht verk\u00e4uflich &#8211; in diesem Fall sind Allianzen die einzige praktikable Alternative f\u00fcr eine Zusammenarbeit.<\/p>\n<\/div><\/section><\/div>\n","protected":false},"excerpt":{"rendered":"<p>Ihre Investitionskapazit\u00e4t erh\u00f6hen<\/p>\n","protected":false},"author":2,"featured_media":7001,"parent":9388,"menu_order":3,"comment_status":"closed","ping_status":"closed","template":"","meta":{"footnotes":""},"class_list":["post-13624","page","type-page","status-publish","has-post-thumbnail","hentry"],"_links":{"self":[{"href":"https:\/\/actoria.com\/ch-de\/wp-json\/wp\/v2\/pages\/13624","targetHints":{"allow":["GET"]}}],"collection":[{"href":"https:\/\/actoria.com\/ch-de\/wp-json\/wp\/v2\/pages"}],"about":[{"href":"https:\/\/actoria.com\/ch-de\/wp-json\/wp\/v2\/types\/page"}],"author":[{"embeddable":true,"href":"https:\/\/actoria.com\/ch-de\/wp-json\/wp\/v2\/users\/2"}],"replies":[{"embeddable":true,"href":"https:\/\/actoria.com\/ch-de\/wp-json\/wp\/v2\/comments?post=13624"}],"version-history":[{"count":0,"href":"https:\/\/actoria.com\/ch-de\/wp-json\/wp\/v2\/pages\/13624\/revisions"}],"up":[{"embeddable":true,"href":"https:\/\/actoria.com\/ch-de\/wp-json\/wp\/v2\/pages\/9388"}],"wp:featuredmedia":[{"embeddable":true,"href":"https:\/\/actoria.com\/ch-de\/wp-json\/wp\/v2\/media\/7001"}],"wp:attachment":[{"href":"https:\/\/actoria.com\/ch-de\/wp-json\/wp\/v2\/media?parent=13624"}],"curies":[{"name":"wp","href":"https:\/\/api.w.org\/{rel}","templated":true}]}}