{"id":13636,"date":"2021-05-25T08:39:48","date_gmt":"2021-05-25T06:39:48","guid":{"rendered":"https:\/\/actoria.com\/ch\/?page_id=13636"},"modified":"2026-04-27T15:56:02","modified_gmt":"2026-04-27T13:56:02","slug":"ein-entwicklungsprozess-in-10-schritten","status":"publish","type":"page","link":"https:\/\/actoria.com\/ch-de\/entwickeln\/wie-sich-entwickeln\/ein-entwicklungsprozess-in-10-schritten\/","title":{"rendered":"Ein Entwicklungsprozess in 10 Schritten"},"content":{"rendered":"<div id='av_section_1'  class='avia-section main_color avia-section-default avia-no-border-styling  avia-full-stretch avia-bg-style-fixed  avia-builder-el-0  el_before_av_one_full  avia-builder-el-first  header_page_section_title_wrapper  av-arrow-down-section av-minimum-height av-minimum-height-custom  container_wrap sidebar_right' style='background-repeat: no-repeat; background-image: url(https:\/\/actoria.com\/ch-de\/wp-content\/uploads\/2021\/12\/shutterstock-1-46-1500x979.jpg);background-attachment: fixed; background-position: center center;  '  data-section-bg-repeat='stretch'><div class='container' style='height:660px'><main  role=\"main\" itemprop=\"mainContentOfPage\"  class='template-page content  av-content-small alpha units'><div class='post-entry post-entry-type-page post-entry-13636'><div class='entry-content-wrapper clearfix'>\n<div class='flex_column_table av-equal-height-column-flextable -flextable' ><div class=\"flex_column av_one_full  flex_column_table_cell av-equal-height-column av-align-bottom av-zero-column-padding first  avia-builder-el-1  avia-builder-el-no-sibling  header_page_section_title \" style='border-radius:0px; ' id=\"header_page_section_title\" ><p><br \/>\n<div  style='padding-bottom:5px; margin:0 0 0 0; color:#ffffff;' class='av-special-heading av-special-heading-h1 custom-color-heading   avia-builder-el-3  el_after_av_codeblock  avia-builder-el-last  '><h1 class='av-special-heading-tag '  itemprop=\"headline\"  >Ein Entwicklungsprozess in 10 Schritten<\/h1><div class='special-heading-border'><div class='special-heading-inner-border' style='border-color:#ffffff'><\/div><\/div><\/div><\/p><\/div><\/div><!--close column table wrapper. Autoclose: 1 --><\/div><\/div><\/main><!-- close content main element --><\/div><div class='av-extra-border-element border-extra-arrow-down'><div class='av-extra-border-outer'><div class='av-extra-border-inner'  style='background-color:#ffffff;' ><\/div><\/div><\/div><\/div><div id='after_section_1'  class='main_color av_default_container_wrap container_wrap sidebar_right' style=' '  ><div class='container' ><div class='template-page content  av-content-small alpha units'><div class='post-entry post-entry-type-page post-entry-13636'><div class='entry-content-wrapper clearfix'><div class=\"flex_column av_one_full  flex_column_div av-zero-column-padding first  avia-builder-el-4  el_after_av_section  avia-builder-el-no-sibling  \" style='border-radius:0px; '><section class=\"av_textblock_section \"  itemscope=\"itemscope\" itemtype=\"https:\/\/schema.org\/CreativeWork\" ><div class='avia_textblock  '   itemprop=\"text\" ><h3>Ein typischer Entwicklungsprozess durch den Ansatz der Unternehmenszusammenschluss in 10 Schritten:<\/h3>\n<p><img loading=\"lazy\" decoding=\"async\" class=\"size-medium wp-image-18574 alignleft\" title=\"Un processus de d\u00e9veloppement en 10 \u00e9tapes, transmission d'entreprises en Suisse\" src=\"https:\/\/actoria.com\/ch\/wp-content\/uploads\/2021\/12\/shutterstock-1-47-300x200.jpg\" alt=\"Un processus de d\u00e9veloppement en 10 \u00e9tapes, transmission d'entreprises en Suisse\" width=\"300\" height=\"200\" srcset=\"https:\/\/actoria.com\/ch-de\/wp-content\/uploads\/2021\/12\/shutterstock-1-47-300x200.jpg 300w, https:\/\/actoria.com\/ch-de\/wp-content\/uploads\/2021\/12\/shutterstock-1-47-1030x687.jpg 1030w, https:\/\/actoria.com\/ch-de\/wp-content\/uploads\/2021\/12\/shutterstock-1-47-768x512.jpg 768w, https:\/\/actoria.com\/ch-de\/wp-content\/uploads\/2021\/12\/shutterstock-1-47-1536x1024.jpg 1536w, https:\/\/actoria.com\/ch-de\/wp-content\/uploads\/2021\/12\/shutterstock-1-47-2048x1365.jpg 2048w, https:\/\/actoria.com\/ch-de\/wp-content\/uploads\/2021\/12\/shutterstock-1-47-1500x1000.jpg 1500w, https:\/\/actoria.com\/ch-de\/wp-content\/uploads\/2021\/12\/shutterstock-1-47-705x470.jpg 705w\" sizes=\"auto, (max-width: 300px) 100vw, 300px\" \/><\/p>\n<p><strong>Eine Zusammenschlussstrategie entwickeln<\/strong><\/p>\n<p>Die Entwicklung einer guten Zusammenschlussstrategie h\u00e4ngt davon ab, dass das Tr\u00e4gerunternehmen eine klare Vorstellung davon hat, was es sich von der Transaktion verspricht &#8211; welches Ziel es mit der Ann\u00e4herung an ein Zielunternehmen verfolgt (zum Beispiel Erweiterung der Produktpaletten oder Zugang zu neuen M\u00e4rkten).<\/p>\n<p><strong>Kriterien f\u00fcr die Suche nach Zielunternehmen festlegen <\/strong><\/p>\n<p>Die Schl\u00fcsselkriterien zur Identifizierung potenzieller Zielunternehmen bestimmen (zum Beispiel Gewinnspannen, geografischer Standort oder Kundenstamm).<\/p>\n<p><strong>Suche nach potenziellen Zielunternehmen f\u00fcr einen Zusammenschluss<\/strong><\/p>\n<p>Der K\u00e4ufer verwendet die von ihm ermittelten Suchkriterien, um potenzielle Zielunternehmen zu suchen und anschlie\u00dfend zu bewerten.<\/p>\n<p><strong>Mit der Planung des Zusammenschlusses beginnen<\/strong><\/p>\n<p>Das Tr\u00e4gerunternehmen nimmt Kontakt zu einem oder mehreren Unternehmen auf, die seinen Suchkriterien entsprechen und einen guten Wert zu bieten scheinen. Ziel dieser ersten Kontaktaufnahme ist es, weitere Informationen zu erhalten und zu sehen, wie g\u00fcnstig das Zielunternehmen f\u00fcr einen Zusammenschluss ist.<\/p>\n<p><strong>Eine Diagnose und Bewertung durchf\u00fchren<\/strong><\/p>\n<p>Unter der Annahme, dass der erste Kontakt und die Gespr\u00e4che gut verlaufen, bittet das Tr\u00e4gerunternehmen das Zielunternehmen um wesentliche Informationen (aktuelle Finanzdaten usw.), die es ihm erm\u00f6glichen, das Zielunternehmen weiter zu bewerten, und zwar sowohl als Einzelunternehmen als auch als Ziel eines geeigneten Zusammenschlusses.<\/p>\n<p><strong>Verhandlungen<\/strong><\/p>\n<p>Nachdem das Tr\u00e4gerunternehmen mehrere Bewertungsmodelle f\u00fcr das Zielunternehmen erstellt hat, muss es \u00fcber ausreichende Informationen verf\u00fcgen, um ein angemessenes Angebot erstellen zu k\u00f6nnen. Sobald das erste Angebot vorliegt, k\u00f6nnen die beiden Unternehmen die Bedingungen genauer aushandeln.<\/p>\n<p><strong>Due-Diligence-Pr\u00fcfung<\/strong><\/p>\n<p>Die Due Diligence (Pr\u00fcfung) ist ein umfassender Prozess, der beginnt, wenn das Angebot angenommen wurde. Die Due Diligence zielt darauf ab, die Bewertung des Tr\u00e4gerunternehmens zum Wert des Zielunternehmens zu best\u00e4tigen oder zu \u00e4ndern, indem alle Aspekte der Gesch\u00e4ftst\u00e4tigkeit des Zielunternehmens &#8211; seine finanziellen Parameter, seine Aktiva und Passiva, seine Kunden, seine Humanressourcen usw. &#8211; eingehend untersucht und analysiert werden.<\/p>\n<p><strong>Kauf- und Verkaufsvertrag<\/strong><\/p>\n<p>Unter der Annahme, dass die Due Diligence ohne gr\u00f6\u00dfere Probleme oder Bedenken durchgef\u00fchrt wurde, besteht der n\u00e4chste Schritt in der Durchf\u00fchrung eines endg\u00fcltigen Kaufvertrags. Die Parteien treffen eine letzte Entscheidung \u00fcber die Art des Kaufvertrags, ob es sich um einen Kauf von Aktiva oder einen Aktienkauf handelt.<\/p>\n<p><strong>Strategie zur Finanzierung des Kaufs<\/strong><\/p>\n<p>Der K\u00e4ufer wird die Finanzierungsoptionen f\u00fcr den Kauf nat\u00fcrlich schon fr\u00fcher ausgelotet haben, aber die Einzelheiten der Finanzierung werden in der Regel erst nach der Unterzeichnung des Abschlussprotokolls zusammengestellt.<\/p>\n<p><strong>Abschluss und Integration des Kaufs<\/strong><\/p>\n<p>Das Protokoll und die Anh\u00e4nge werden abgeschlossen und die Managementteams des Zielunternehmens und des Tr\u00e4gerunternehmens arbeiten gemeinsam am Zusammenschlussprozess.<\/p>\n<p><img loading=\"lazy\" decoding=\"async\" title=\"Ein Entwicklungsprozess in 10 Schritten, Firmen\u00fcbergabe, Verkauf von KMU, Erwerb von Schweizer Firmen, Deutschland, \u00d6sterreich\" class=\"aligncenter wp-image-9634 size-full\" src=\"http:\/\/actoria.com\/ch-de\/wp-content\/uploads\/2020\/05\/processus-rapprochement-entreprise-1.png\" alt=\"EntwickelnFirmen\u00fcbergabe, Verkauf von KMU, Erwerb von Schweizer Firmen, Deutschland, \u00d6sterreich\" width=\"1397\" height=\"774\" srcset=\"https:\/\/actoria.com\/ch-de\/wp-content\/uploads\/2020\/05\/processus-rapprochement-entreprise-1.png 1397w, https:\/\/actoria.com\/ch-de\/wp-content\/uploads\/2020\/05\/processus-rapprochement-entreprise-1-300x166.png 300w, https:\/\/actoria.com\/ch-de\/wp-content\/uploads\/2020\/05\/processus-rapprochement-entreprise-1-1030x571.png 1030w, https:\/\/actoria.com\/ch-de\/wp-content\/uploads\/2020\/05\/processus-rapprochement-entreprise-1-768x426.png 768w, https:\/\/actoria.com\/ch-de\/wp-content\/uploads\/2020\/05\/processus-rapprochement-entreprise-1-705x391.png 705w\" sizes=\"auto, (max-width: 1397px) 100vw, 1397px\" \/><\/p>\n<\/div><\/section><\/div><\/p>\n","protected":false},"excerpt":{"rendered":"<p>Ein Entwicklungsprozess in 10 Schritten<\/p>\n","protected":false},"author":2,"featured_media":6932,"parent":9390,"menu_order":1,"comment_status":"closed","ping_status":"closed","template":"","meta":{"footnotes":""},"class_list":["post-13636","page","type-page","status-publish","has-post-thumbnail","hentry"],"_links":{"self":[{"href":"https:\/\/actoria.com\/ch-de\/wp-json\/wp\/v2\/pages\/13636","targetHints":{"allow":["GET"]}}],"collection":[{"href":"https:\/\/actoria.com\/ch-de\/wp-json\/wp\/v2\/pages"}],"about":[{"href":"https:\/\/actoria.com\/ch-de\/wp-json\/wp\/v2\/types\/page"}],"author":[{"embeddable":true,"href":"https:\/\/actoria.com\/ch-de\/wp-json\/wp\/v2\/users\/2"}],"replies":[{"embeddable":true,"href":"https:\/\/actoria.com\/ch-de\/wp-json\/wp\/v2\/comments?post=13636"}],"version-history":[{"count":0,"href":"https:\/\/actoria.com\/ch-de\/wp-json\/wp\/v2\/pages\/13636\/revisions"}],"up":[{"embeddable":true,"href":"https:\/\/actoria.com\/ch-de\/wp-json\/wp\/v2\/pages\/9390"}],"wp:featuredmedia":[{"embeddable":true,"href":"https:\/\/actoria.com\/ch-de\/wp-json\/wp\/v2\/media\/6932"}],"wp:attachment":[{"href":"https:\/\/actoria.com\/ch-de\/wp-json\/wp\/v2\/media?parent=13636"}],"curies":[{"name":"wp","href":"https:\/\/api.w.org\/{rel}","templated":true}]}}