{"id":1379,"date":"2015-05-11T17:27:58","date_gmt":"2015-05-11T17:27:58","guid":{"rendered":"https:\/\/actoria.com\/ch\/?page_id=1379"},"modified":"2026-04-27T15:44:40","modified_gmt":"2026-04-27T13:44:40","slug":"ma-spezialist-und-experte-fur-unternehmensentwicklung-verkaufe","status":"publish","type":"page","link":"https:\/\/actoria.com\/ch-de\/uber-uns\/dienstleistungen\/ma-spezialist-und-experte-fur-unternehmensentwicklung-verkaufe\/","title":{"rendered":"M&#038;A-Spezialist und Experte f\u00fcr\u202fUnternehmensentwicklung &#038; -verk\u00e4ufe\u202f"},"content":{"rendered":"<div id='av_section_1'  class='avia-section main_color avia-section-default avia-no-border-styling  avia-full-stretch avia-bg-style-fixed  avia-builder-el-0  el_before_av_one_full  avia-builder-el-first  header_page_section_title_wrapper  av-arrow-down-section av-minimum-height av-minimum-height-custom  container_wrap sidebar_right' style='background-repeat: no-repeat; background-image: url(https:\/\/actoria.com\/ch-de\/wp-content\/uploads\/2021\/12\/shutterstock-1-5-1500x1000.jpg);background-attachment: fixed; background-position: center center;  '  data-section-bg-repeat='stretch'><div class='container' style='height:660px'><main  role=\"main\" itemprop=\"mainContentOfPage\"  class='template-page content  av-content-small alpha units'><div class='post-entry post-entry-type-page post-entry-1379'><div class='entry-content-wrapper clearfix'>\n<div class='flex_column_table av-equal-height-column-flextable -flextable' ><div class=\"flex_column av_one_full  flex_column_table_cell av-equal-height-column av-align-bottom av-zero-column-padding first  avia-builder-el-1  avia-builder-el-no-sibling  header_page_section_title \" style='border-radius:0px; ' id=\"header_page_section_title\" ><p><br \/>\n<div  style='padding-bottom:5px; margin:0 0 0 0; color:#ffffff;' class='av-special-heading av-special-heading-h1 custom-color-heading   avia-builder-el-3  el_after_av_codeblock  avia-builder-el-last  '><h1 class='av-special-heading-tag '  itemprop=\"headline\"  >M&amp;A-Spezialist und Experte f\u00fcr\u202fUnternehmensentwicklung <span class='special_amp'>&amp;<\/span> -verk\u00e4ufe\u202f<\/h1><div class='special-heading-border'><div class='special-heading-inner-border' style='border-color:#ffffff'><\/div><\/div><\/div><\/p><\/div><\/div><!--close column table wrapper. Autoclose: 1 -->\n<\/div><\/div><\/main><!-- close content main element --><\/div><div class='av-extra-border-element border-extra-arrow-down'><div class='av-extra-border-outer'><div class='av-extra-border-inner'  style='background-color:#ffffff;' ><\/div><\/div><\/div><\/div><div id='after_section_1'  class='main_color av_default_container_wrap container_wrap sidebar_right' style=' '  ><div class='container' ><div class='template-page content  av-content-small alpha units'><div class='post-entry post-entry-type-page post-entry-1379'><div class='entry-content-wrapper clearfix'>\n<div class=\"flex_column av_one_full  flex_column_div av-zero-column-padding first  avia-builder-el-4  el_after_av_section  avia-builder-el-no-sibling  \" style='border-radius:0px; '><section class=\"av_textblock_section \"  itemscope=\"itemscope\" itemtype=\"https:\/\/schema.org\/CreativeWork\" ><div class='avia_textblock  '   itemprop=\"text\" ><h2 class=\"margin_title\">Seltene\u202fKompetenzen im\u202fM&amp;A-Bereich<\/h2>\n<div id=\"attachment_18350\" style=\"width: 310px\" class=\"wp-caption alignleft\"><img loading=\"lazy\" decoding=\"async\" aria-describedby=\"caption-attachment-18350\" class=\"wp-image-18350 size-medium\" title=\"Sp\u00e9cialiste en fusions acquisitions &amp; cessions d\u2019entreprise, transmission d'entreprises en Suisse\" src=\"http:\/\/actoria.com\/ch-de\/wp-content\/uploads\/2021\/12\/shutterstock-1-10-300x200.jpg\" alt=\"Sp\u00e9cialiste en fusions acquisitions &amp; cessions d\u2019entreprise, transmission d'entreprises en Suisse\" width=\"300\" height=\"200\" srcset=\"https:\/\/actoria.com\/ch-de\/wp-content\/uploads\/2021\/12\/shutterstock-1-10-300x200.jpg 300w, https:\/\/actoria.com\/ch-de\/wp-content\/uploads\/2021\/12\/shutterstock-1-10-1030x688.jpg 1030w, https:\/\/actoria.com\/ch-de\/wp-content\/uploads\/2021\/12\/shutterstock-1-10-768x513.jpg 768w, https:\/\/actoria.com\/ch-de\/wp-content\/uploads\/2021\/12\/shutterstock-1-10-1536x1025.jpg 1536w, https:\/\/actoria.com\/ch-de\/wp-content\/uploads\/2021\/12\/shutterstock-1-10-2048x1367.jpg 2048w, https:\/\/actoria.com\/ch-de\/wp-content\/uploads\/2021\/12\/shutterstock-1-10-1500x1001.jpg 1500w, https:\/\/actoria.com\/ch-de\/wp-content\/uploads\/2021\/12\/shutterstock-1-10-705x471.jpg 705w\" sizes=\"auto, (max-width: 300px) 100vw, 300px\" \/><p id=\"caption-attachment-18350\" class=\"wp-caption-text\">M&amp;A-Spezialist und Experte f\u00fcr Unternehmensverk\u00e4ufe und Unternehmens\u00fcbertragungen in der Schweiz<\/p><\/div>\n<p><strong>Actoria<\/strong><strong>\u00a0Schweiz<\/strong>\u00a0ist\u00a0<strong>einer der wenigen auf\u00a0KMU\/KMI spezialisierten Anbieter<\/strong>, die\u00a0<strong>innerhalb ihrer Strukturen<\/strong>\u00a0\u00fcber alle n\u00f6tigen\u00a0Kompetenzen verf\u00fcgen, um einen Verkauf von A bis Z erfolgreich durchzuf\u00fchren:<\/p>\n<p>\u2714<strong>Finanzielle und wirtschaftliche<\/strong>\u00a0Kompetenzen<\/p>\n<p>\u2714<strong>Rechtliche und steuerliche<\/strong>\u00a0Kompetenzen<\/p>\n<p>\u2714<strong>Technische\u00a0<\/strong>Kompetenzen<\/p>\n<p>Die\u00a0Gesch\u00e4ftspartner <strong>von<\/strong><strong> KMU, Beratungsunternehmen und Banken<\/strong> verf\u00fcgen jeweils \u00fcber\u00a0<strong>eine umfassende, auch grenz\u00fcberschreitende Expertise\u00a0<\/strong>mit Unternehmensverk\u00e4ufen,\u00a0-\u00fcbernahmen,\u00a0-\u00fcbertragungen,\u00a0-fusionen und\u00a0-partnerschaften.<\/p>\n<p><strong>Alle unsere\u00a0Mitarbeiter\u00a0<\/strong>sind\u00a0<strong>Spezialisten<\/strong>\u00a0<strong>f\u00fcr Unternehmensstrategie, -fusion, -\u00fcbernahme und -\u00fcbertragung<\/strong>\u00a0mit einer Expertise in Unternehmensf\u00fchrung, -strategie, -recht und -steuer<strong>\u00a0sowie mit einer praktischen Erfahrung bei M&amp;A-Transaktionen auf nationaler und internationaler Ebene.<\/strong><\/p>\n<p>Jeder ist nur f\u00fcr\u00a0<strong>maximal sieben Transaktionen<\/strong>\u00a0zust\u00e4ndig. Wir sind der Ansicht, dass eine geringe Anzahl von Dossiers pro Gesch\u00e4ftspartner\u00a0<strong>eine Garantie f\u00fcr Qualit\u00e4t und Zeitersparnis<\/strong>\u00a0ist.<\/p>\n<p><strong>Schlie\u00dflich gibt es<\/strong> im Gegensatz zu vielen unserer Konkurrenten <strong>keine Vertriebsmitarbeiter in den B\u00fcros von\u00a0<\/strong><strong>Actoria<\/strong><strong>. <\/strong>Von dem Moment an, in dem Sie mit uns in\u00a0Kontakt treten, haben Sie es mit einem echten\u00a0M&amp;A-\u00a0und Unternehmensverkauf Spezialisten zu tun.<\/p>\n<h3><strong>Beispiele f\u00fcr Transaktionen<\/strong><\/h3>\n<p>\u2714Die \u00dcbertragung eines Familienunternehmens an einen Investmentfonds.<\/p>\n<p>\u2714Die\u00a0Durchf\u00fchrung eines OBO mit einer Schweizer Holdinggesellschaft.<\/p>\n<p>\u2714Der\u00a0Verkauf\u00a0eines Industrieunternehmens an einen englischen\u00a0Konzern.<\/p>\n<p>\u2714Die Durchf\u00fchrung einer Fusion\/Vereinigung zwischen zwei Unternehmen aus unterschiedlichen Branchen.<\/p>\n<p>\u2714Die Durchf\u00fchrung eines MBO mit \u00dcbernahme eines Industrieunternehmens durch zwei seiner F\u00fchrungskr\u00e4fte.<\/p>\n<p>\u2714Der\u00a0Kauf und der Verkauf von Tochtergesellschaften an eine Managergruppe.<\/p>\n<p>\u2714Der Verkauf eines IT-Unternehmens an einen deutschen\u00a0Konzern durch schrittweisen Verkauf.<\/p>\n<p>\u2714Die \u00dcbernahme eines luxemburgischen Unternehmens durch Mitarbeiter des Zielunternehmens.<\/p>\n<p>\u2714Der Verkauf einer Branche von einem Schweizer Industriekonzern an einen anderen italienischen\u00a0Konzern.<\/p>\n<p>\u2714Der Verkauf\u00a0eines High-Tech-Unternehmens an eine britische Risikokapitalgesellschaft.<\/p>\n<p>\u2714Die Anlehnung an einen Gro\u00dfkonzern.<\/p>\n<p>\u2714Die Ann\u00e4herung an eine Struktur im Ausland mit dem Ziel einer Allianz.<\/p>\n<p>\u2714Die\u00a0Kapital\u00f6ffnung eines Dienstleistungsunternehmens im Hinblick auf den Einstieg eines Investors in den\u00a0Kapitalmarkt.<\/p>\n<p>\u2714&#8230;.<\/p>\n<\/div><\/section><\/div>\n","protected":false},"excerpt":{"rendered":"<p>M&amp;A-Spezialist und Experte f\u00fcr\u202fUnternehmensentwicklung &amp; -verk\u00e4ufe<\/p>\n","protected":false},"author":2,"featured_media":18350,"parent":9888,"menu_order":1,"comment_status":"closed","ping_status":"closed","template":"","meta":{"footnotes":""},"class_list":["post-1379","page","type-page","status-publish","has-post-thumbnail","hentry"],"_links":{"self":[{"href":"https:\/\/actoria.com\/ch-de\/wp-json\/wp\/v2\/pages\/1379","targetHints":{"allow":["GET"]}}],"collection":[{"href":"https:\/\/actoria.com\/ch-de\/wp-json\/wp\/v2\/pages"}],"about":[{"href":"https:\/\/actoria.com\/ch-de\/wp-json\/wp\/v2\/types\/page"}],"author":[{"embeddable":true,"href":"https:\/\/actoria.com\/ch-de\/wp-json\/wp\/v2\/users\/2"}],"replies":[{"embeddable":true,"href":"https:\/\/actoria.com\/ch-de\/wp-json\/wp\/v2\/comments?post=1379"}],"version-history":[{"count":1,"href":"https:\/\/actoria.com\/ch-de\/wp-json\/wp\/v2\/pages\/1379\/revisions"}],"predecessor-version":[{"id":24511,"href":"https:\/\/actoria.com\/ch-de\/wp-json\/wp\/v2\/pages\/1379\/revisions\/24511"}],"up":[{"embeddable":true,"href":"https:\/\/actoria.com\/ch-de\/wp-json\/wp\/v2\/pages\/9888"}],"wp:featuredmedia":[{"embeddable":true,"href":"https:\/\/actoria.com\/ch-de\/wp-json\/wp\/v2\/media\/18350"}],"wp:attachment":[{"href":"https:\/\/actoria.com\/ch-de\/wp-json\/wp\/v2\/media?parent=1379"}],"curies":[{"name":"wp","href":"https:\/\/api.w.org\/{rel}","templated":true}]}}