{"id":1383,"date":"2015-05-11T17:29:09","date_gmt":"2015-05-11T17:29:09","guid":{"rendered":"https:\/\/actoria.com\/ch\/?page_id=1383"},"modified":"2026-04-27T15:44:40","modified_gmt":"2026-04-27T13:44:40","slug":"beratung-bei-unternehmensverkauf-und-ma-unsere-berufsethik","status":"publish","type":"page","link":"https:\/\/actoria.com\/ch-de\/uber-uns\/ethik\/beratung-bei-unternehmensverkauf-und-ma-unsere-berufsethik\/","title":{"rendered":"Beratung bei Unternehmensverkauf: unsere Berufsethik"},"content":{"rendered":"<div id='av_section_1'  class='avia-section main_color avia-section-default avia-no-border-styling  avia-full-stretch avia-bg-style-fixed  avia-builder-el-0  el_before_av_one_full  avia-builder-el-first  header_page_section_title_wrapper  av-arrow-down-section av-minimum-height av-minimum-height-custom  container_wrap sidebar_right' style='background-repeat: no-repeat; background-image: url(https:\/\/actoria.com\/ch-de\/wp-content\/uploads\/2021\/12\/shutterstock-1-32-1500x1000.jpg);background-attachment: fixed; background-position: center center;  '  data-section-bg-repeat='stretch'><div class='container' style='height:660px'><main  role=\"main\" itemprop=\"mainContentOfPage\"  class='template-page content  av-content-small alpha units'><div class='post-entry post-entry-type-page post-entry-1383'><div class='entry-content-wrapper clearfix'>\n<div class='flex_column_table av-equal-height-column-flextable -flextable' ><div class=\"flex_column av_one_full  flex_column_table_cell av-equal-height-column av-align-bottom av-zero-column-padding first  avia-builder-el-1  avia-builder-el-no-sibling  header_page_section_title \" style='border-radius:0px; ' id=\"header_page_section_title\" ><p><br \/>\n<div  style='padding-bottom:5px; margin:0 0 0 0; color:#ffffff;' class='av-special-heading av-special-heading-h1 custom-color-heading   avia-builder-el-3  el_after_av_codeblock  avia-builder-el-last  '><h1 class='av-special-heading-tag '  itemprop=\"headline\"  >Beratung bei Unternehmensverkauf und M&amp;A: unsere Berufsethik<\/h1><div class='special-heading-border'><div class='special-heading-inner-border' style='border-color:#ffffff'><\/div><\/div><\/div><\/p><\/div><\/div><!--close column table wrapper. Autoclose: 1 -->\n<\/div><\/div><\/main><!-- close content main element --><\/div><div class='av-extra-border-element border-extra-arrow-down'><div class='av-extra-border-outer'><div class='av-extra-border-inner'  style='background-color:#ffffff;' ><\/div><\/div><\/div><\/div><div id='after_section_1'  class='main_color av_default_container_wrap container_wrap sidebar_right' style=' '  ><div class='container' ><div class='template-page content  av-content-small alpha units'><div class='post-entry post-entry-type-page post-entry-1383'><div class='entry-content-wrapper clearfix'>\n<div class=\"flex_column av_one_full  flex_column_div av-zero-column-padding first  avia-builder-el-4  el_after_av_section  avia-builder-el-no-sibling  \" style='border-radius:0px; '><section class=\"av_textblock_section \"  itemscope=\"itemscope\" itemtype=\"https:\/\/schema.org\/CreativeWork\" ><div class='avia_textblock  '   itemprop=\"text\" ><h3><strong>WELCHE ETHISCHEN GRUNDS\u00c4TZE GELTEN F\u00dcR DIE BERATUNG BEI UNTERNEHMENSVERKAUF UND M&amp;A?<\/strong><\/h3>\n<div id=\"attachment_18448\" style=\"width: 310px\" class=\"wp-caption alignleft\"><img loading=\"lazy\" decoding=\"async\" aria-describedby=\"caption-attachment-18448\" class=\"wp-image-18448 size-medium\" title=\"D\u00e9ontologie, transmission d'entreprises en Suisse\" src=\"https:\/\/actoria.com\/ch\/wp-content\/uploads\/2021\/12\/shutterstock-1-31-300x200.jpg\" alt=\"conseil en cession d\u2019entreprise et en fusions acquisitions\" width=\"300\" height=\"200\" srcset=\"https:\/\/actoria.com\/ch-de\/wp-content\/uploads\/2021\/12\/shutterstock-1-31-300x200.jpg 300w, https:\/\/actoria.com\/ch-de\/wp-content\/uploads\/2021\/12\/shutterstock-1-31-1030x688.jpg 1030w, https:\/\/actoria.com\/ch-de\/wp-content\/uploads\/2021\/12\/shutterstock-1-31-768x513.jpg 768w, https:\/\/actoria.com\/ch-de\/wp-content\/uploads\/2021\/12\/shutterstock-1-31-1536x1025.jpg 1536w, https:\/\/actoria.com\/ch-de\/wp-content\/uploads\/2021\/12\/shutterstock-1-31-2048x1367.jpg 2048w, https:\/\/actoria.com\/ch-de\/wp-content\/uploads\/2021\/12\/shutterstock-1-31-1500x1001.jpg 1500w, https:\/\/actoria.com\/ch-de\/wp-content\/uploads\/2021\/12\/shutterstock-1-31-705x471.jpg 705w\" sizes=\"auto, (max-width: 300px) 100vw, 300px\" \/><p id=\"caption-attachment-18448\" class=\"wp-caption-text\">Beratung bei Unternhemensverkauf und M&amp;A<\/p><\/div>\n<p>Jeder Mitarbeiter von <strong>Actoria Schweiz<\/strong> \u00fcbt seine T\u00e4tigkeit als Berater f\u00fcr Unternehmensverk\u00e4ufe, Partnerschaften und die \u00dcbertragung von KMU mit der gebotenen Kompetenz, Sorgfalt und Gewissenhaftigkeit im besten Interesse seiner Kunden aus.<\/p>\n<p>Im Sinne einer strikten Berufsethik der Beratung bei Unternehmensverk\u00e4ufen und Fusionen verpflichtet er sich, den Umfang und die Qualit\u00e4t seiner beruflichen Kenntnisse durch eine st\u00e4ndige und angemessene Weiterbildung aufrechtzuerhalten und sich mindestens an die Regeln der technischen \u00dcberwachung zu halten, die <strong>Actoria Schweiz<\/strong> eigen sind.<\/p>\n<p>Die Geisteshaltung von Actoria ist es, echte gewinnbringende Partnerschaften mit unseren Kunden und ihren Unternehmen aufzubauen.<\/p>\n<p>Diese Regeln verpflichten ihn mindestens zur Teilnahme an der j\u00e4hrlichen, vom Verband organisierten Ausbildung, der sogenannten \u201eACTORIA-Ausbildung\u201c, und zur Teilnahme an mehreren Schulungszyklen im Jahr, die von Organisationen und zu Modulen angeboten werden, die von der Schulungskommission von <strong>Actoria Schweiz<\/strong> validiert wurden.<\/p>\n<p>Jeder Mitarbeiter von <strong>Actoria Schweiz <\/strong>achtet auch darauf, dass die Kompetenz seiner Angestellten oder Mitarbeiter in Bezug auf die Auftr\u00e4ge, die er ihnen \u00fcbertr\u00e4gt, angemessen ist.<\/p>\n<p>Jeder Mitarbeiter von <strong>Actoria Schweiz <\/strong>verpflichtet sich, alles zu tun, um \u00fcber die Mittel zu verf\u00fcgen, die f\u00fcr die ordnungsgem\u00e4\u00dfe Ausf\u00fchrung seines Auftrags und seines Berufs erforderlich sind.<\/p>\n<p>Er muss unter anderem und zwingend in der Lage sein:<\/p>\n<p>\u2714\u00dcber einen Arbeitsraum verf\u00fcgen, der die Aus\u00fcbung seines Berufs unter guten Bedingungen erm\u00f6glicht, und zwar so, dass die Diskretion der Gespr\u00e4che, die er mit seinen Kunden f\u00fchren kann, gew\u00e4hrleistet ist.<\/p>\n<p>\u2714Eine M\u00f6glichkeit zur gesicherten Speicherung von Informationen.<\/p>\n<p><strong>Beratung bei Unternehmensverkauf, M&amp;A und Vertraulichkeit<\/strong><\/p>\n<p>Jeder Mitarbeiter von <strong>Actoria Schweiz<\/strong> sind zur Vertraulichkeit verpflichtet und d\u00fcrfen vertrauliche Informationen, die sie besitzen, nicht zu Zwecken des Eigeninteresses verwenden.<\/p>\n<p>Jedes Mitglied, das zur Wahrung des Berufsgeheimnisses verpflichtet ist, verpflichtet sich, von dieser Regel nur auf Antrag der Aufsichtsbeh\u00f6rden oder der Justiz abzuweichen.<\/p>\n<p>Dar\u00fcber hinaus verpflichtet es sich, die notwendigen organisatorischen Ma\u00dfnahmen zu ergreifen, um den Umlauf vertraulicher Informationen au\u00dferhalb seiner Einrichtung zu verhindern.<\/p>\n<p><strong>INTERPROFESSIONALIT\u00c4T<\/strong><\/p>\n<p>Jedes Mitglied oder jeder Mitarbeiter von <strong>Actoria Schweiz<\/strong> verpflichtet sich, die interprofessionellen Beziehungen zu entwickeln, die f\u00fcr die erfolgreiche Durchf\u00fchrung der ihm anvertrauten Auftr\u00e4ge notwendig sind.<\/p>\n<p>Jeder Auftrag, der im Rahmen der Interprofessionalit\u00e4t bearbeitet wird, muss unter Einhaltung des vorliegenden Kodexes bearbeitet werden.<\/p>\n<p><strong>BEK\u00c4MPFUNG VON GELDW\u00c4SCHE UND TERRORISMUS<\/strong><\/p>\n<p>Jeder Mitarbeiter von <strong>Actoria Schweiz<\/strong> ist verpflichtet, sich \u00fcber die geltenden gesetzlichen Regeln und Verfahren zur Bek\u00e4mpfung der Geldw\u00e4sche und des Terrorismus auf dem Laufenden zu halten.<\/p>\n<p>Er ist verpflichtet, die gesetzlichen Regeln und Verfahren einzuhalten, aber auch, der AMF jede Transaktion oder Situation zu melden, von der er Kenntnis hat und die den Verdacht auf Geldw\u00e4sche oder Terrorismusfinanzierung aufkommen lassen k\u00f6nnte.<\/p>\n<p><strong>ETHIK<\/strong><\/p>\n<p>Jeder Mitarbeiter von <strong>Actoria Schweiz<\/strong> ist verpflichtet, stets seine Ehrlichkeit, Redlichkeit und berufliche Integrit\u00e4t zu bezeugen.<\/p>\n<\/div><\/section><\/div>\n","protected":false},"excerpt":{"rendered":"<p>Beratung bei Unternehmensverkauf: unsere Berufsethik<\/p>\n","protected":false},"author":2,"featured_media":6783,"parent":9892,"menu_order":0,"comment_status":"closed","ping_status":"closed","template":"","meta":{"footnotes":""},"class_list":["post-1383","page","type-page","status-publish","has-post-thumbnail","hentry"],"_links":{"self":[{"href":"https:\/\/actoria.com\/ch-de\/wp-json\/wp\/v2\/pages\/1383","targetHints":{"allow":["GET"]}}],"collection":[{"href":"https:\/\/actoria.com\/ch-de\/wp-json\/wp\/v2\/pages"}],"about":[{"href":"https:\/\/actoria.com\/ch-de\/wp-json\/wp\/v2\/types\/page"}],"author":[{"embeddable":true,"href":"https:\/\/actoria.com\/ch-de\/wp-json\/wp\/v2\/users\/2"}],"replies":[{"embeddable":true,"href":"https:\/\/actoria.com\/ch-de\/wp-json\/wp\/v2\/comments?post=1383"}],"version-history":[{"count":1,"href":"https:\/\/actoria.com\/ch-de\/wp-json\/wp\/v2\/pages\/1383\/revisions"}],"predecessor-version":[{"id":24595,"href":"https:\/\/actoria.com\/ch-de\/wp-json\/wp\/v2\/pages\/1383\/revisions\/24595"}],"up":[{"embeddable":true,"href":"https:\/\/actoria.com\/ch-de\/wp-json\/wp\/v2\/pages\/9892"}],"wp:featuredmedia":[{"embeddable":true,"href":"https:\/\/actoria.com\/ch-de\/wp-json\/wp\/v2\/media\/6783"}],"wp:attachment":[{"href":"https:\/\/actoria.com\/ch-de\/wp-json\/wp\/v2\/media?parent=1383"}],"curies":[{"name":"wp","href":"https:\/\/api.w.org\/{rel}","templated":true}]}}