{"id":1390,"date":"2015-05-11T17:32:40","date_gmt":"2015-05-11T17:32:40","guid":{"rendered":"https:\/\/actoria.com\/ch\/?page_id=1390"},"modified":"2026-04-27T15:44:34","modified_gmt":"2026-04-27T13:44:34","slug":"entwicklung-der-actoria-gruppe","status":"publish","type":"page","link":"https:\/\/actoria.com\/ch-de\/uber-uns\/organisation\/entwicklung-der-actoria-gruppe\/","title":{"rendered":"Entwicklung der Actoria-Gruppe"},"content":{"rendered":"<div id='av_section_1'  class='avia-section main_color avia-section-default avia-no-border-styling  avia-full-stretch avia-bg-style-fixed  avia-builder-el-0  el_before_av_one_full  avia-builder-el-first  header_page_section_title_wrapper  av-arrow-down-section av-minimum-height av-minimum-height-custom  container_wrap sidebar_right' style='background-repeat: no-repeat; background-image: url(https:\/\/actoria.com\/ch-de\/wp-content\/uploads\/2021\/10\/shutterstock-433567450-1500x1001.jpg);background-attachment: fixed; background-position: center center;  '  data-section-bg-repeat='stretch'><div class='container' style='height:660px'><main  role=\"main\" itemprop=\"mainContentOfPage\"  class='template-page content  av-content-small alpha units'><div class='post-entry post-entry-type-page post-entry-1390'><div class='entry-content-wrapper clearfix'>\n<div class='flex_column_table av-equal-height-column-flextable -flextable' ><div class=\"flex_column av_one_full  flex_column_table_cell av-equal-height-column av-align-bottom av-zero-column-padding first  avia-builder-el-1  avia-builder-el-no-sibling  header_page_section_title \" style='border-radius:0px; ' id=\"header_page_section_title\" ><p><br \/>\n<div  style='padding-bottom:5px; margin:0 0 0 0; color:#ffffff;' class='av-special-heading av-special-heading-h1 custom-color-heading   avia-builder-el-3  el_after_av_codeblock  avia-builder-el-last  '><h1 class='av-special-heading-tag '  itemprop=\"headline\"  >Entwicklung der Actoria-Gruppe<\/h1><div class='special-heading-border'><div class='special-heading-inner-border' style='border-color:#ffffff'><\/div><\/div><\/div><\/p><\/div><\/div><!--close column table wrapper. Autoclose: 1 -->\n<\/div><\/div><\/main><!-- close content main element --><\/div><div class='av-extra-border-element border-extra-arrow-down'><div class='av-extra-border-outer'><div class='av-extra-border-inner'  style='background-color:#ffffff;' ><\/div><\/div><\/div><\/div><div id='after_section_1'  class='main_color av_default_container_wrap container_wrap sidebar_right' style=' '  ><div class='container' ><div class='template-page content  av-content-small alpha units'><div class='post-entry post-entry-type-page post-entry-1390'><div class='entry-content-wrapper clearfix'>\n<div class=\"flex_column av_one_full  flex_column_div av-zero-column-padding first  avia-builder-el-4  el_after_av_section  avia-builder-el-no-sibling  \" style='border-radius:0px; '><section class=\"av_textblock_section \"  itemscope=\"itemscope\" itemtype=\"https:\/\/schema.org\/CreativeWork\" ><div class='avia_textblock  '   itemprop=\"text\" ><h3><\/h3>\n<h3><\/h3>\n<h3><\/h3>\n<h3>DIE UNTERNEHMENSGRUPPE ACTORIA SUCHT ZUK\u00dcNFTIGE ASSOCIATE PARTNER UND SENIOR CONSULTANTS MIT ERFAHRUNG IM M&amp;A-BEREICH.<\/h3>\n<p>Actoria ist eine Unternehmensgruppe, die ihre T\u00e4tigkeit seit 20 Jahren auf die Beratung bei M&amp;A, Unternehmens\u00fcbertragungen und -\u00fcbernahmen sowie die Beratung bei der strategischen Entwicklung von Unternehmen (Joint Venture, MBO, Fusionen, Allianzen&#8230;) konzentriert.<\/p>\n<div id=\"attachment_18960\" style=\"width: 310px\" class=\"wp-caption alignleft\"><img loading=\"lazy\" decoding=\"async\" aria-describedby=\"caption-attachment-18960\" class=\"size-medium wp-image-18960\" title=\"Entwicklung der Actoria-Gruppe, Firmen\u00fcbergabe, Verkauf von KMU, Erwerb von Schweizer Firmen, Deutschland, \u00d6sterreich\" src=\"http:\/\/actoria.com\/ch-de\/wp-content\/uploads\/2022\/03\/shutterstock--300x126.jpg\" alt=\"Entwicklung der Actoria-GruppeFirmen\u00fcbergabe, Verkauf von KMU, Erwerb von Schweizer Firmen, Deutschland, \u00d6sterreich\" width=\"300\" height=\"126\" srcset=\"https:\/\/actoria.com\/ch-de\/wp-content\/uploads\/2022\/03\/shutterstock--300x126.jpg 300w, https:\/\/actoria.com\/ch-de\/wp-content\/uploads\/2022\/03\/shutterstock--1030x433.jpg 1030w, https:\/\/actoria.com\/ch-de\/wp-content\/uploads\/2022\/03\/shutterstock--768x323.jpg 768w, https:\/\/actoria.com\/ch-de\/wp-content\/uploads\/2022\/03\/shutterstock--1536x646.jpg 1536w, https:\/\/actoria.com\/ch-de\/wp-content\/uploads\/2022\/03\/shutterstock--2048x862.jpg 2048w, https:\/\/actoria.com\/ch-de\/wp-content\/uploads\/2022\/03\/shutterstock--1500x631.jpg 1500w, https:\/\/actoria.com\/ch-de\/wp-content\/uploads\/2022\/03\/shutterstock--705x297.jpg 705w\" sizes=\"auto, (max-width: 300px) 100vw, 300px\" \/><p id=\"caption-attachment-18960\" class=\"wp-caption-text\"><em>Entwicklung der Actoria-Gruppe, Unternehmens\u00fcbertragung in der Schweiz<\/em><\/p><\/div>\n<p>Das Angebot der Actoria-Gruppe st\u00fctzt sich auf bestimmte Konstanten, die f\u00fcr Fragen der Entwicklung, der \u00dcbertragung, der \u00dcbernahme von Unternehmen oder der Kapital\u00f6ffnung typisch sind:<\/p>\n<p>Die mit der \u00dcbertragung und Entwicklung eines Unternehmens verbundene Strategie kann nicht angemessen innerhalb des Unternehmens behandelt werden und muss sich auf einen Blick von au\u00dfen st\u00fctzen: Angesichts des hohen emotionalen Gehalts f\u00fcr den Unternehmensleiter nimmt dieser sich nicht die Zeit, alle Folgen der Transaktion f\u00fcr ihn, seine Familie, sein Unternehmen und sein Personal zu analysieren. Viel zu oft st\u00fcrzt er sich kopf\u00fcber in die Suche nach einem K\u00e4ufer oder Investor. Selbst wenn er sich die Zeit nimmt, die Auswirkungen der Transaktion abzusch\u00e4tzen, fehlt es ihm immer noch an der Beherrschung der Instrumente und Techniken, die eine erfolgreiche Unternehmens\u00fcbertragung oder Kapitalbeschaffung erm\u00f6glichen.<\/p>\n<p>Der Unternehmer ist h\u00e4ufig auf die Verwaltung seines Unternehmens fokussiert und untersch\u00e4tzt die Zeit, die f\u00fcr die Vorbereitung und Durchf\u00fchrung einer Unternehmens\u00fcbertragung erforderlich ist.<\/p>\n<p>Der Mangel an internen Kompetenzen eines KMUs, um eine Unternehmens\u00fcbertragung oder eine externe Entwicklung erfolgreich durchzuf\u00fchren, ist ein starkes Handicap f\u00fcr den Erfolg der Transaktion.<\/p>\n<p>Prokrastination: Angesichts der Schwierigkeit des Auftrags verzichten viele Unternehmer darauf, sich in den Prozess einzubringen, oder sie engagieren sich mit schlechtem Timing.<\/p>\n<p>Auf der Grundlage ihrer Erfahrung stellt die Actoria-Gruppe genau das Gegenteil fest:<\/p>\n<p>\u2714Dass der Erfolg einer Unternehmens\u00fcbertragung oder einer externen Entwicklung eher eine Frage der Methode als des Marktes ist. Wirtschaftskrisen haben in Wirklichkeit nur sehr begrenzte Auswirkungen, wenn das Unternehmen seine Pr\u00e4sentation auf dem Markt vorbereitet.<\/p>\n<p>\u2714Dass man einen 7-Schritte-Aktionsplan anwenden kann, der den Erfolg einer Unternehmens\u00fcbertragung oder einer externen Entwicklung stark erh\u00f6ht.<\/p>\n<p>Diese 7-Schritte-Methode, gekoppelt mit effektiven Werkzeugen wie einer Datenbank mit mehreren \u00dcbernehmern und Investoren auf internationaler Ebene:<\/p>\n<p>\u2714Erm\u00f6glicht es, den richtigen K\u00e4ufer zu finden, der stark genug ist, um den scheidenden Manager zu ersetzen.<\/p>\n<p>\u2714Verk\u00fcrzt die Dauer der Gespr\u00e4che \u00fcber den Kaufpreis oder die Investition.<\/p>\n<p>\u2714Garantiert die Vertraulichkeit des Projekts gegen\u00fcber Arbeitnehmer, Kunden und Lieferanten bis zu dem Zeitpunkt, den der Unternehmensleiter f\u00fcr richtig h\u00e4lt.<\/p>\n<h4><strong>POSITIONIERUNG UND DIFFERENZIERUNG<\/strong><\/h4>\n<p>Actoria wird in allen Phasen der \u00dcbertragung eines Unternehmens oder einer Entwicklungsma\u00dfnahme t\u00e4tig:<\/p>\n<p>\u2714In den Ruhestand. Der Unternehmer hat sein ganzes Leben lang in seinem Unternehmen gearbeitet und stellt fest, dass er nicht mehr die gleiche Energie hat. Es ist die Gelegenheit, \u00fcber die \u00dcbertragung seines eigenen Unternehmens nachzudenken.<\/p>\n<p>\u2714Wechsel der Gesch\u00e4ftst\u00e4tigkeit. Der Unternehmer hat den Eindruck, dass er in seinem Beruf schon viel erreicht hat. Er kann den Wunsch versp\u00fcren, wieder eine neue T\u00e4tigkeit zu gr\u00fcnden. Oder er hat den Eindruck, dass er nicht der richtige Mann ist, um das Unternehmen weiterzuentwickeln, und m\u00f6chte in eine andere Region oder ein anderes Land umziehen.<\/p>\n<p>\u2714Gesundheitsprobleme. Seit einiger Zeit verschlechtert sich die Gesundheit des Unternehmers. Er hat an k\u00f6rperlicher Fitness verloren und dies beginnt, sich negativ auf die Funktionsweise des Unternehmens auszuwirken. Ihm wird klar, dass er eine Entscheidung treffen muss.<\/p>\n<p>\u2714Unternehmensf\u00fchrung. Der Unternehmensleiter hat den Eindruck, dass er keine Ideen mehr f\u00fcr die Entwicklung des Unternehmens hat. Er wird vom Alltag in Anspruch genommen und hat keine Freude mehr an der Unternehmensf\u00fchrung. Er muss einen Investor als Partner finden oder das Unternehmen verkaufen.<\/p>\n<p><strong>Wir greifen an der Seite des Unternehmensleiters ein:<\/strong><\/p>\n<p>\u2714Zun\u00e4chst, um ihn bei der Definition seines Projekts in seiner Gesamtheit im Hinblick auf die Auswirkungen auf sein Unternehmen, sein Privat- und Familienleben, seine Steuern und seine Vorsorge zu unterst\u00fctzen. Es geht darum, ihn bei der Analyse der Situation seines Unternehmens, seiner Ziele, seiner Motivationen und seiner Bed\u00fcrfnisse zu unterst\u00fctzen, indem er die Probleme priorisiert und die richtigen Fragen stellt.<\/p>\n<p>\u2714Dann bei der Definition eines ma\u00dfgeschneiderten Pflichtenhefts, das auf seine privaten, strategischen, finanziellen, verm\u00f6gensrechtlichen und steuerlichen Ziele zugeschnitten ist.<\/p>\n<p>\u2714Dann bei der Steuerung des Aktionsplans mit einer kontinuierlichen Ber\u00fccksichtigung des zu Beginn definierten Pflichtenhefts.<\/p>\n<p>Ein Mandat f\u00fcr eine Unternehmens\u00fcbertragung oder eine Entwicklungsberatung, das Actoria immer halb- oder ganz exklusiv anvertraut wird, garantiert die Erstellung des besten Pflichtenhefts und dann eines Aktionsplans, um die pers\u00f6nlichsten und intimsten Ziele des Unternehmensleiters zu erreichen.<\/p>\n<p>Actoria positioniert sich als echter Vertrauenspartner des Unternehmers und jedes Unternehmen wird von einem Berater des Actoria-Netzwerks vertreten, als ob dieses Unternehmen dem Berater geh\u00f6ren w\u00fcrde.<\/p>\n<p>Die Einbindung und das Engagement jedes Beraters in den Prozess sind daher vollst\u00e4ndig.<\/p>\n<p>Wir \u00fcbernehmen keine Mandate oder Auftr\u00e4ge, von denen wir nicht \u00fcberzeugt sind, dass sie erfolgreich sein werden.<\/p>\n<p>Unsere strengen Kriterien f\u00fcr die Auswahl der Zielobjekte garantieren uns, dass wir den \u00dcbernehmern und Investoren gut gef\u00fchrte Unternehmen pr\u00e4sentieren, die \u00fcber einen Zeitraum von 5 bis 7 Jahren finanzierbar sind, insbesondere \u00fcber LBOs.<\/p>\n<p>Unser st\u00e4ndiges Bem\u00fchen um Kundenzufriedenheit f\u00fchrt dazu, dass wir dem Kunden die Freiheit lassen, uns einen Auftrag von A bis Z anzuvertrauen oder zu verlangen, dass wir \u201e\u00e0 la carte\u201c bei bestimmten Etappen der Transaktion eingreifen.<\/p>\n<p><strong>Die branchen\u00fcbergreifende Erfahrung des Actoria-Netzwerks erm\u00f6glicht es uns, in allen Branchen t\u00e4tig zu werden:<\/strong><\/p>\n<p>\u2714Dienstleistungen<\/p>\n<p>\u2714Hightech<\/p>\n<p>\u2714 Agrar- und Ern\u00e4hrungsindustrie<\/p>\n<p>\u2714Industrie<\/p>\n<p>\u2714Kommunikation<\/p>\n<p>\u2714Hoch- und Tiefbau<\/p>\n<p>\u2714Rohstoffe<\/p>\n<p>\u2714Chemie<\/p>\n<p>\u2714Luxus<\/p>\n<p>\u2714Kosmetik<\/p>\n<p>Unsere zahlreichen Referenzen belegen den hohen Mehrwert unserer Arbeit. Unsere Werte Integrit\u00e4t, Engagement, Anpassungsf\u00e4higkeit, Pragmatismus, Verantwortung und Wagemut erm\u00f6glichen es unseren Kunden, Ziele zu erreichen, die sie urspr\u00fcnglich f\u00fcr unerreichbar hielten, den idealen \u00dcbernehmer\/Investor\/Partner zu finden, um sich beruhigt von seinem Unternehmen zu trennen, die Folgen der Transaktion in Bezug auf das Verm\u00f6gen und ihre Nachfolgeprojekte abzusichern.<\/p>\n<h5><em><strong>Kontaktieren Sie die Entwicklungsabteilung des internationalen Hauptsitzes der Gruppe in der Schweiz (HQ): <a href=\"mailto:rh@actoria.com\">rh@actoria.com<\/a><\/strong><\/em><\/h5>\n<\/div><\/section><\/div>\n","protected":false},"excerpt":{"rendered":"<p>Entwicklung der Actoria-Gruppe<\/p>\n","protected":false},"author":2,"featured_media":6655,"parent":9895,"menu_order":2,"comment_status":"closed","ping_status":"closed","template":"","meta":{"footnotes":""},"class_list":["post-1390","page","type-page","status-publish","has-post-thumbnail","hentry"],"_links":{"self":[{"href":"https:\/\/actoria.com\/ch-de\/wp-json\/wp\/v2\/pages\/1390","targetHints":{"allow":["GET"]}}],"collection":[{"href":"https:\/\/actoria.com\/ch-de\/wp-json\/wp\/v2\/pages"}],"about":[{"href":"https:\/\/actoria.com\/ch-de\/wp-json\/wp\/v2\/types\/page"}],"author":[{"embeddable":true,"href":"https:\/\/actoria.com\/ch-de\/wp-json\/wp\/v2\/users\/2"}],"replies":[{"embeddable":true,"href":"https:\/\/actoria.com\/ch-de\/wp-json\/wp\/v2\/comments?post=1390"}],"version-history":[{"count":1,"href":"https:\/\/actoria.com\/ch-de\/wp-json\/wp\/v2\/pages\/1390\/revisions"}],"predecessor-version":[{"id":24545,"href":"https:\/\/actoria.com\/ch-de\/wp-json\/wp\/v2\/pages\/1390\/revisions\/24545"}],"up":[{"embeddable":true,"href":"https:\/\/actoria.com\/ch-de\/wp-json\/wp\/v2\/pages\/9895"}],"wp:featuredmedia":[{"embeddable":true,"href":"https:\/\/actoria.com\/ch-de\/wp-json\/wp\/v2\/media\/6655"}],"wp:attachment":[{"href":"https:\/\/actoria.com\/ch-de\/wp-json\/wp\/v2\/media?parent=1390"}],"curies":[{"name":"wp","href":"https:\/\/api.w.org\/{rel}","templated":true}]}}