{"id":1392,"date":"2015-05-11T17:33:31","date_gmt":"2015-05-11T15:33:31","guid":{"rendered":"https:\/\/actoria.com\/ch\/?page_id=1392"},"modified":"2026-04-27T15:44:37","modified_gmt":"2026-04-27T13:44:37","slug":"treuhand-partnerschaft","status":"publish","type":"page","link":"https:\/\/actoria.com\/ch-de\/uber-uns\/kommunikation\/treuhand-partnerschaft\/","title":{"rendered":"Treuhand-Partnerschaft"},"content":{"rendered":"<div id='av_section_1'  class='avia-section main_color avia-section-default avia-no-border-styling  avia-full-stretch avia-bg-style-fixed  avia-builder-el-0  el_before_av_one_full  avia-builder-el-first  header_page_section_title_wrapper  av-arrow-down-section av-minimum-height av-minimum-height-custom  container_wrap sidebar_right' style='background-repeat: no-repeat; background-image: url(https:\/\/actoria.com\/ch-de\/wp-content\/uploads\/2021\/09\/shutterstock-1-4-1500x1000.jpg);background-attachment: fixed; background-position: center center;  '  data-section-bg-repeat='stretch'><div class='container' style='height:660px'><main  role=\"main\" itemprop=\"mainContentOfPage\"  class='template-page content  av-content-small alpha units'><div class='post-entry post-entry-type-page post-entry-1392'><div class='entry-content-wrapper clearfix'>\n<div class='flex_column_table av-equal-height-column-flextable -flextable' ><div class=\"flex_column av_one_full  flex_column_table_cell av-equal-height-column av-align-bottom av-zero-column-padding first  avia-builder-el-1  avia-builder-el-no-sibling  header_page_section_title \" style='border-radius:0px; ' id=\"header_page_section_title\" ><p><br \/>\n<div  style='padding-bottom:5px; margin:0 0 0 0; color:#ffffff;' class='av-special-heading av-special-heading-h1 custom-color-heading   avia-builder-el-3  el_after_av_codeblock  avia-builder-el-last  '><h1 class='av-special-heading-tag '  itemprop=\"headline\"  >Treuhand-Partnerschaft<\/h1><div class='special-heading-border'><div class='special-heading-inner-border' style='border-color:#ffffff'><\/div><\/div><\/div><\/p><\/div><\/div><!--close column table wrapper. Autoclose: 1 --><\/div><\/div><\/main><!-- close content main element --><\/div><div class='av-extra-border-element border-extra-arrow-down'><div class='av-extra-border-outer'><div class='av-extra-border-inner'  style='background-color:#ffffff;' ><\/div><\/div><\/div><\/div><div id='after_section_1'  class='main_color av_default_container_wrap container_wrap sidebar_right' style=' '  ><div class='container' ><div class='template-page content  av-content-small alpha units'><div class='post-entry post-entry-type-page post-entry-1392'><div class='entry-content-wrapper clearfix'><div class=\"flex_column av_one_full  flex_column_div av-zero-column-padding first  avia-builder-el-4  el_after_av_section  avia-builder-el-no-sibling  \" style='border-radius:0px; '><section class=\"av_textblock_section \"  itemscope=\"itemscope\" itemtype=\"https:\/\/schema.org\/CreativeWork\" ><div class='avia_textblock  '   itemprop=\"text\" ><div id=\"attachment_18479\" style=\"width: 310px\" class=\"wp-caption alignleft\"><img loading=\"lazy\" decoding=\"async\" aria-describedby=\"caption-attachment-18479\" class=\"size-medium wp-image-18479\" title=\"Partenariat experts-comptables, transmission d'entreprises en Suisse\" src=\"https:\/\/actoria.com\/ch\/wp-content\/uploads\/2021\/12\/shutterstock-1-36-300x197.jpg\" alt=\"Partenariat experts-comptables, transmission d'entreprises en Suisse\" width=\"300\" height=\"197\" srcset=\"https:\/\/actoria.com\/ch-de\/wp-content\/uploads\/2021\/12\/shutterstock-1-36-300x197.jpg 300w, https:\/\/actoria.com\/ch-de\/wp-content\/uploads\/2021\/12\/shutterstock-1-36-1030x676.jpg 1030w, https:\/\/actoria.com\/ch-de\/wp-content\/uploads\/2021\/12\/shutterstock-1-36-768x504.jpg 768w, https:\/\/actoria.com\/ch-de\/wp-content\/uploads\/2021\/12\/shutterstock-1-36-1536x1008.jpg 1536w, https:\/\/actoria.com\/ch-de\/wp-content\/uploads\/2021\/12\/shutterstock-1-36-2048x1344.jpg 2048w, https:\/\/actoria.com\/ch-de\/wp-content\/uploads\/2021\/12\/shutterstock-1-36-1500x984.jpg 1500w, https:\/\/actoria.com\/ch-de\/wp-content\/uploads\/2021\/12\/shutterstock-1-36-705x463.jpg 705w\" sizes=\"auto, (max-width: 300px) 100vw, 300px\" \/><p id=\"caption-attachment-18479\" class=\"wp-caption-text\">Partnerschaft mit Wirtschaftspr\u00fcfern, Unternehmens\u00fcbertragung in der Schweiz<\/p><\/div>\n<p>Sie sind ein Treuh\u00e4nder, ein Wirtschaftspr\u00fcfer oder arbeiten in einer Wirtschaftspr\u00fcfungsgesellschaft, ein Rechtsanwalt oder ein Verm\u00f6gensverwalter? Actoria hat ein spezielles Partnerschaftsangebot f\u00fcr Sie zusammengestellt.<\/p>\n<p>Wir bieten Ihnen an, in Ihrem Namen bei Ihren Kunden, die ihr Unternehmen \u00fcbertragen oder verkaufen m\u00f6chten, als Subunternehmer aufzutreten.<\/p>\n<p><strong>Actoria Schweiz ist in der Lage, die Erwartungen Ihrer Kunden mit dieser Treuhandpartnerschaft zu erf\u00fcllen:<\/strong><\/p>\n<ul>\n<li>Erstellung gr\u00fcndlicher Finanzbewertungsberichte durch Finanzexperten;<\/li>\n<li>Erstellung von umfangreichen Pr\u00e4sentationsunterlagen, die von Banken und Investmentfonds anerkannt werden;<\/li>\n<li>Bereitstellung des Portfolios von \u00dcbernehmern aus jedem europ\u00e4ischen Land, in dem die ACTORIA Gruppe vertreten ist (derzeit durchschnittlich 8.000 \u00dcbernehmer in ganz Europa);<\/li>\n<li>Juristische Kompetenz bei der vertraglichen Gestaltung von Transaktionen mit internen Juristen, Rechtsanw\u00e4lten und Steuerberatern.<\/li>\n<\/ul>\n<p><strong>Actoria Schweiz<\/strong> versteht Ihr Problem, Ihre Kunden zu halten und Ihre Mandate zu sichern.<\/p>\n<p>In diesem Rahmen arbeiten wir daran, die K\u00e4ufer davon zu \u00fcberzeugen, die laufenden Buchf\u00fchrungs- oder Revisionsvertr\u00e4ge fortzusetzen.<\/p>\n<p>Wie unterst\u00fctzt Sie <strong>Actoria Schweiz<\/strong> im Rahmen einer Unternehmens\u00fcbertragung?<\/p>\n<p>Auf Ihrer Seite:<\/p>\n<ul>\n<li>Sie m\u00f6chten ein hohes Niveau an Beratung und Leistung f\u00fcr Ihre Kunden, die Ihnen vertraut haben, aufrechterhalten;<\/li>\n<li>Sie haben Kunden, die eine \u00dcbertragung oder \u00dcbergabe ihres Unternehmens in Erw\u00e4gung ziehen;<\/li>\n<li>Sie haben keine \u00dcbernehmer f\u00fcr Ihre Kunden;<\/li>\n<li>Sie m\u00f6chten Ihre Unabh\u00e4ngigkeit im Rahmen Ihrer Wirtschaftspr\u00fcfung oder Revision bewahren.<\/li>\n<\/ul>\n<p>Wir garantieren Ihnen:<\/p>\n<ul>\n<li>Die Beibehaltung des Gesch\u00e4ftseigentums Ihres Kunden: Actoria Schweiz verpflichtet sich vertraglich, Ihnen das Gesch\u00e4ftseigentum Ihres Kunden zu \u00fcberlassen und ihm keine anderen Dienstleistungen anzubieten;<\/li>\n<li>Regelm\u00e4\u00dfige Informationen \u00fcber den Verlauf der Akte Ihres Kunden;<\/li>\n<li>Die R\u00fcckerstattung eines Prozentsatzes unseres Honorars;<\/li>\n<li>Die Unterzeichnung eines Vertrages im Namen aller drei Parteien: Kunde &#8211; Treuh\u00e4nder &#8211; Actoria Schweiz, in dem Sie Ihren Kunden vertreten und Actoria ein Verkaufsmandat erteilen.<\/li>\n<\/ul>\n<p><strong>Bitte nehmen Sie Kontakt mit uns auf, damit wir unverbindlich einen Fall besprechen.<\/strong><\/p>\n<\/div><\/section><\/div><\/p>\n","protected":false},"excerpt":{"rendered":"<p>Treuhand-Partnerschaft<\/p>\n","protected":false},"author":2,"featured_media":6597,"parent":9901,"menu_order":2,"comment_status":"closed","ping_status":"closed","template":"","meta":{"footnotes":""},"class_list":["post-1392","page","type-page","status-publish","has-post-thumbnail","hentry"],"_links":{"self":[{"href":"https:\/\/actoria.com\/ch-de\/wp-json\/wp\/v2\/pages\/1392","targetHints":{"allow":["GET"]}}],"collection":[{"href":"https:\/\/actoria.com\/ch-de\/wp-json\/wp\/v2\/pages"}],"about":[{"href":"https:\/\/actoria.com\/ch-de\/wp-json\/wp\/v2\/types\/page"}],"author":[{"embeddable":true,"href":"https:\/\/actoria.com\/ch-de\/wp-json\/wp\/v2\/users\/2"}],"replies":[{"embeddable":true,"href":"https:\/\/actoria.com\/ch-de\/wp-json\/wp\/v2\/comments?post=1392"}],"version-history":[{"count":1,"href":"https:\/\/actoria.com\/ch-de\/wp-json\/wp\/v2\/pages\/1392\/revisions"}],"predecessor-version":[{"id":24535,"href":"https:\/\/actoria.com\/ch-de\/wp-json\/wp\/v2\/pages\/1392\/revisions\/24535"}],"up":[{"embeddable":true,"href":"https:\/\/actoria.com\/ch-de\/wp-json\/wp\/v2\/pages\/9901"}],"wp:featuredmedia":[{"embeddable":true,"href":"https:\/\/actoria.com\/ch-de\/wp-json\/wp\/v2\/media\/6597"}],"wp:attachment":[{"href":"https:\/\/actoria.com\/ch-de\/wp-json\/wp\/v2\/media?parent=1392"}],"curies":[{"name":"wp","href":"https:\/\/api.w.org\/{rel}","templated":true}]}}