{"id":1427,"date":"2015-05-12T12:58:44","date_gmt":"2015-05-12T12:58:44","guid":{"rendered":"https:\/\/actoria.com\/ch\/?page_id=1427"},"modified":"2026-04-27T15:44:34","modified_gmt":"2026-04-27T13:44:34","slug":"kosten-der-ubertragung-eines-schweizer-unternehmens","status":"publish","type":"page","link":"https:\/\/actoria.com\/ch-de\/ubertragen\/beschliesen-zu-ubertragen\/kosten-der-ubertragung-eines-schweizer-unternehmens\/","title":{"rendered":"Kosten der \u00dcbertragung eines Schweizer Unternehmens"},"content":{"rendered":"<div id='av_section_1'  class='avia-section main_color avia-section-default avia-no-border-styling  avia-full-stretch avia-bg-style-fixed  avia-builder-el-0  el_before_av_one_full  avia-builder-el-first  header_page_section_title_wrapper  av-arrow-down-section av-minimum-height av-minimum-height-custom  container_wrap sidebar_right' style='background-repeat: no-repeat; background-image: url(https:\/\/actoria.com\/ch-de\/wp-content\/uploads\/2021\/12\/shutterstock-1-64-1500x1000.jpg);background-attachment: fixed; background-position: center center;  '  data-section-bg-repeat='stretch'><div class='container' style='height:660px'><main  role=\"main\" itemprop=\"mainContentOfPage\"  class='template-page content  av-content-small alpha units'><div class='post-entry post-entry-type-page post-entry-1427'><div class='entry-content-wrapper clearfix'>\n<div class='flex_column_table av-equal-height-column-flextable -flextable' ><div class=\"flex_column av_one_full  flex_column_table_cell av-equal-height-column av-align-bottom av-zero-column-padding first  avia-builder-el-1  avia-builder-el-no-sibling  header_page_section_title \" style='border-radius:0px; ' id=\"header_page_section_title\" ><p><br \/>\n<div  style='padding-bottom:5px; margin:0 0 0 0; color:#ffffff;' class='av-special-heading av-special-heading-h1 custom-color-heading   avia-builder-el-3  el_after_av_codeblock  avia-builder-el-last  '><h1 class='av-special-heading-tag '  itemprop=\"headline\"  >Kosten der \u00dcbertragung eines Schweizer Unternehmens<\/h1><div class='special-heading-border'><div class='special-heading-inner-border' style='border-color:#ffffff'><\/div><\/div><\/div><\/p><\/div><\/div><!--close column table wrapper. Autoclose: 1 --><\/div><\/div><\/main><!-- close content main element --><\/div><div class='av-extra-border-element border-extra-arrow-down'><div class='av-extra-border-outer'><div class='av-extra-border-inner'  style='background-color:#ffffff;' ><\/div><\/div><\/div><\/div><div id='after_section_1'  class='main_color av_default_container_wrap container_wrap sidebar_right' style=' '  ><div class='container' ><div class='template-page content  av-content-small alpha units'><div class='post-entry post-entry-type-page post-entry-1427'><div class='entry-content-wrapper clearfix'><div class=\"flex_column av_one_full  flex_column_div av-zero-column-padding first  avia-builder-el-4  el_after_av_section  avia-builder-el-no-sibling  \" style='border-radius:0px; '><p><section class=\"av_textblock_section \"  itemscope=\"itemscope\" itemtype=\"https:\/\/schema.org\/CreativeWork\" ><div class='avia_textblock  '   itemprop=\"text\" ><p><strong>Wie hoch sind die tats\u00e4chlichen Kosten einer Unternehmens\u00fcbertragung in der Schweiz?<\/strong><\/p>\n<p><img loading=\"lazy\" decoding=\"async\" class=\"size-medium wp-image-18633 alignleft\" title=\"Co\u00fbt de la transmission d\u2019une soci\u00e9t\u00e9, transmission d'entreprises en Suisse\" src=\"https:\/\/actoria.com\/ch\/wp-content\/uploads\/2021\/12\/shutterstock-1-65-300x187.jpg\" alt=\"Co\u00fbt de la transmission d\u2019une soci\u00e9t\u00e9, transmission d'entreprises en Suisse\" width=\"300\" height=\"187\" srcset=\"https:\/\/actoria.com\/ch-de\/wp-content\/uploads\/2021\/12\/shutterstock-1-65-300x187.jpg 300w, https:\/\/actoria.com\/ch-de\/wp-content\/uploads\/2021\/12\/shutterstock-1-65-1030x643.jpg 1030w, https:\/\/actoria.com\/ch-de\/wp-content\/uploads\/2021\/12\/shutterstock-1-65-768x479.jpg 768w, https:\/\/actoria.com\/ch-de\/wp-content\/uploads\/2021\/12\/shutterstock-1-65-1536x959.jpg 1536w, https:\/\/actoria.com\/ch-de\/wp-content\/uploads\/2021\/12\/shutterstock-1-65-2048x1278.jpg 2048w, https:\/\/actoria.com\/ch-de\/wp-content\/uploads\/2021\/12\/shutterstock-1-65-1500x936.jpg 1500w, https:\/\/actoria.com\/ch-de\/wp-content\/uploads\/2021\/12\/shutterstock-1-65-705x440.jpg 705w\" sizes=\"auto, (max-width: 300px) 100vw, 300px\" \/><\/p>\n<p>Die Honorare, die bei einem Verkauf oder einer \u00dcbertragung eines Unternehmens, einer Kapitalbeschaffung oder der Einrichtung einer Unternehmenspartnerschaft anfallen, sind oft ein Tabuthema.<\/p>\n<p>Diese mangelnde Transparenz ist darauf zur\u00fcckzuf\u00fchren, dass es keine offizielle Honorarordnung gibt, da der liberale Charakter der Beratungst\u00e4tigkeit dagegen spricht, und dass die Beratungsunternehmen ihre Honorare nur z\u00f6gerlich offenlegen. Dies f\u00fchrt also zu Missverst\u00e4ndnissen.<\/p>\n<\/div><\/section><br \/>\n<section class=\"av_textblock_section \"  itemscope=\"itemscope\" itemtype=\"https:\/\/schema.org\/CreativeWork\" ><div class='avia_textblock  '   itemprop=\"text\" ><p>Tats\u00e4chlich h\u00e4lt der Kunde die Honorare der Beratungsunternehmen oft f\u00fcr hoch oder sogar prohibitiv, weil er nicht \u00fcber die Kostenbestandteile verf\u00fcgt. Dar\u00fcber hinaus versteht er nicht, warum er Anzahlungen auf Erfolgshonorare leisten soll, obwohl er h\u00e4ufig bereits Zeit und Geld in die Vorbereitung der \u00dcbertragung seines Unternehmens investiert hat.<\/p>\n<p>Au\u00dferdem hat er oft den Eindruck, dass er zur Finanzierung eines Lebensstandards des Beratungsunternehmens beitr\u00e4gt, f\u00fcr den er nicht empf\u00e4nglich ist.<\/p>\n<p>Aus diesem Grund hat sich <strong>Actoria <\/strong>f\u00fcr Transparenz entschieden in Bezug auf:<\/p>\n<h3><strong>Die Rechnungsstellungsmethoden<\/strong><\/h3>\n<p>Ihnen wird systematisch <strong>eine Alternative zwischen zwei Rechnungsstellungsmethoden<\/strong> angeboten:<\/p>\n<p>\u2714 die erfolgsabh\u00e4ngige Rechnungsstellung.<\/p>\n<p>\u2714die Rechnungsstellung nach der Leistungsbeschreibung.<\/p>\n<h3>ERFOLGSABH\u00c4NGIGE RECHNUNGSTELLUNG<\/h3>\n<p>Diese Art der Rechnungsstellung, die es dem Kunden erm\u00f6glicht, <strong>Actoria Schweiz<\/strong> ein einfaches und pr\u00e4zises Ziel zuzuweisen, wird bei simple Transaktionen wie der \u00dcbertragung oder dem Verkauf eines Unternehmens verwendet, insbesondere bei <strong>Rentenbeginn<\/strong>.<\/p>\n<p><strong>Actoria <\/strong>empfiehlt diese Rechnungstellungsmethode, wenn der Kunde <strong>vorrangig Unterst\u00fctzung<\/strong> bei der Suche nach einem \u00dcbernehmer ben\u00f6tigt.<\/p>\n<h3>RECHNUNGSSTELLUNG NACH LEISTUNGSBESCHREIBUNG<\/h3>\n<p><img loading=\"lazy\" decoding=\"async\" class=\"size-medium wp-image-18634 alignleft\" title=\"Co\u00fbt de la transmission d\u2019une soci\u00e9t\u00e9, transmission d'entreprises en Suisse\" src=\"https:\/\/actoria.com\/ch\/wp-content\/uploads\/2021\/12\/shutterstock-1-66-300x200.jpg\" alt=\"Co\u00fbt de la transmission d\u2019une soci\u00e9t\u00e9, transmission d'entreprises en Suisse\" width=\"300\" height=\"200\" srcset=\"https:\/\/actoria.com\/ch-de\/wp-content\/uploads\/2021\/12\/shutterstock-1-66-300x200.jpg 300w, https:\/\/actoria.com\/ch-de\/wp-content\/uploads\/2021\/12\/shutterstock-1-66-1030x687.jpg 1030w, https:\/\/actoria.com\/ch-de\/wp-content\/uploads\/2021\/12\/shutterstock-1-66-768x512.jpg 768w, https:\/\/actoria.com\/ch-de\/wp-content\/uploads\/2021\/12\/shutterstock-1-66-1536x1024.jpg 1536w, https:\/\/actoria.com\/ch-de\/wp-content\/uploads\/2021\/12\/shutterstock-1-66-2048x1365.jpg 2048w, https:\/\/actoria.com\/ch-de\/wp-content\/uploads\/2021\/12\/shutterstock-1-66-1500x1000.jpg 1500w, https:\/\/actoria.com\/ch-de\/wp-content\/uploads\/2021\/12\/shutterstock-1-66-705x470.jpg 705w\" sizes=\"auto, (max-width: 300px) 100vw, 300px\" \/><\/p>\n<p>Der Grundsatz dieser Rechnungsstellung besteht darin, dass f\u00fcr jeden Schritt einer mit dem Kunden erstellten Leistungsbeschreibung einen Pauschalbetrag f\u00fcr die Honorare festgelegt wird.<\/p>\n<p><strong>Actoria<\/strong> bevorzugt diese Rechnungsstellung in den folgenden F\u00e4llen:<\/p>\n<p>\u2714\u00dcbertragung eines Familienunternehmens<\/p>\n<p>\u2714Suche nach Gesch\u00e4ftspartnern<\/p>\n<p>\u2714Intervention in bestimmten Phasen der Transaktion: Bewertung, Audit, Verhandlung, Vertragsabschluss<\/p>\n<p>\u2714OBO, LMO, LMBI, komplexe Transaktionen und Finanzierungsrunden<\/p>\n<h2><\/h2>\n<h2><\/h2>\n<h2>Grunds\u00e4tze der Rechnungsstellung von Honoraren bei der \u00dcbertragung eines Schweizer Unternehmens<\/h2>\n<h3>SUCH- UND VERHANDLUNGSHONORARE<\/h3>\n<h4>ERFOLGSHONORARE<\/h4>\n<p>Diese Erfolgshonorare werden auf der Grundlage des Verkaufspreises des Aktivums und nach einem <strong>degressiven Prozentsatz<\/strong> festgelegt.<\/p>\n<p>Je nach Wert des verkauften Aktivums wird eine Honorarordnung mit 7 Tranchen angeboten.<\/p>\n<p><strong>WAS UNSERE KUNDEN an diesem Verg\u00fctungssystem interessiert<\/strong>, ist:<\/p>\n<p>\u2714Das Such- und Verhandlungshonorar wird <strong>bei Abschluss des Unternehmensverkaufs (Vertragsunterzeichnung) vollst\u00e4ndig bezahlt<\/strong>.<\/p>\n<p>\u2714Diese Honorare k\u00f6nnen in bestimmten F\u00e4llen w\u00e4hrend der Verhandlungen <strong>dem \u00dcbernehmer auferlegt werden<\/strong>.<\/p>\n<p>\u2714<strong>Sie sind gem\u00e4\u00df einer Honorarordnung degressiv<\/strong>.<\/p>\n<p>\u2714<strong>Sie sind pauschal und decken alle unsere Interventionen ab<\/strong>.<\/p>\n<p>\u2714<strong>Sie sind steuerlich <\/strong>von der Bemessungsgrundlage f\u00fcr den von Ihnen zu zahlenden Wertzuwachs <strong>absetzbar<\/strong>.<\/p>\n<h3>HONORARE NACH LEISTUNGSBESCHREIBUNG<\/h3>\n<p>Diese Honorare werden auf der Grundlage von aufeinanderfolgenden Ergebnissen nach einer zuvor erstellten Leistungsbeschreibung festgelegt.<\/p>\n<p>Anstatt nach der Transaktion mit einem Erfolgshonorars konfrontiert zu werden, wird die Honorare auf jede Etappe der mit dem Kunden erstellten Leistungsbeschreibung indexiert.<\/p>\n<p><strong>WAS UNSERE KUNDEN an diesem Verg\u00fctungssystem interessiert<\/strong>, ist:<\/p>\n<p>\u2714<strong>Das Beratungsunternehmen verpflichtet sich, auf jeder Etappe ein Ergebnis zu erzielen.<\/strong><\/p>\n<p>\u2714<strong>Die Honorare sind niedriger als Erfolgshonorare.<\/strong><\/p>\n<p>\u2714<strong>Die Honorare werden Schritt f\u00fcr Schritt pauschaliert, um ausufernde Ausgaben zu verhindern. <\/strong><\/p>\n<p>\u2714<strong>Der Kunde steuert unsere Intervention vollst\u00e4ndig in Bezug auf die uns zugewiesene Leistungsbeschreibung.<\/strong><\/p>\n<p>\u2714<strong>Dieses System ber\u00fccksichtigt alle Transaktionsarten (RES, OBO, LMBO&#8230;) und ist sehr flexibel.<\/strong><\/p>\n<\/div><\/section><\/p><\/div><\/p>\n","protected":false},"excerpt":{"rendered":"<p>Kosten der \u00dcbertragung eines Schweizer Unternehmens<\/p>\n","protected":false},"author":2,"featured_media":7001,"parent":9919,"menu_order":3,"comment_status":"closed","ping_status":"closed","template":"","meta":{"footnotes":""},"class_list":["post-1427","page","type-page","status-publish","has-post-thumbnail","hentry"],"_links":{"self":[{"href":"https:\/\/actoria.com\/ch-de\/wp-json\/wp\/v2\/pages\/1427","targetHints":{"allow":["GET"]}}],"collection":[{"href":"https:\/\/actoria.com\/ch-de\/wp-json\/wp\/v2\/pages"}],"about":[{"href":"https:\/\/actoria.com\/ch-de\/wp-json\/wp\/v2\/types\/page"}],"author":[{"embeddable":true,"href":"https:\/\/actoria.com\/ch-de\/wp-json\/wp\/v2\/users\/2"}],"replies":[{"embeddable":true,"href":"https:\/\/actoria.com\/ch-de\/wp-json\/wp\/v2\/comments?post=1427"}],"version-history":[{"count":0,"href":"https:\/\/actoria.com\/ch-de\/wp-json\/wp\/v2\/pages\/1427\/revisions"}],"up":[{"embeddable":true,"href":"https:\/\/actoria.com\/ch-de\/wp-json\/wp\/v2\/pages\/9919"}],"wp:featuredmedia":[{"embeddable":true,"href":"https:\/\/actoria.com\/ch-de\/wp-json\/wp\/v2\/media\/7001"}],"wp:attachment":[{"href":"https:\/\/actoria.com\/ch-de\/wp-json\/wp\/v2\/media?parent=1427"}],"curies":[{"name":"wp","href":"https:\/\/api.w.org\/{rel}","templated":true}]}}