{"id":1429,"date":"2015-05-12T13:06:33","date_gmt":"2015-05-12T13:06:33","guid":{"rendered":"https:\/\/actoria.com\/ch\/?page_id=1429"},"modified":"2026-04-27T15:44:37","modified_gmt":"2026-04-27T13:44:37","slug":"unsere-ratschlage-fur-eine-erfolgreiche-unternehmensubertragung-in-der-schweiz","status":"publish","type":"page","link":"https:\/\/actoria.com\/ch-de\/ubertragen\/beschliesen-zu-ubertragen\/unsere-ratschlage-fur-eine-erfolgreiche-unternehmensubertragung-in-der-schweiz\/","title":{"rendered":"Unsere Ratschl\u00e4ge f\u00fcr eine erfolgreiche Unternehmens\u00fcbertragung in der Schweiz"},"content":{"rendered":"<div id='av_section_1'  class='avia-section main_color avia-section-default avia-no-border-styling  avia-full-stretch avia-bg-style-fixed  avia-builder-el-0  el_before_av_one_full  avia-builder-el-first  header_page_section_title_wrapper  av-arrow-down-section av-minimum-height av-minimum-height-custom  container_wrap sidebar_right' style='background-repeat: no-repeat; background-image: url(https:\/\/actoria.com\/ch-de\/wp-content\/uploads\/2021\/12\/shutterstock-1-37-1500x910.jpg);background-attachment: fixed; background-position: center center;  '  data-section-bg-repeat='stretch'><div class='container' style='height:660px'><main  role=\"main\" itemprop=\"mainContentOfPage\"  class='template-page content  av-content-small alpha units'><div class='post-entry post-entry-type-page post-entry-1429'><div class='entry-content-wrapper clearfix'>\n<div class='flex_column_table av-equal-height-column-flextable -flextable' ><div class=\"flex_column av_one_full  flex_column_table_cell av-equal-height-column av-align-bottom av-zero-column-padding first  avia-builder-el-1  avia-builder-el-no-sibling  header_page_section_title \" style='border-radius:0px; ' id=\"header_page_section_title\" ><p><br \/>\n<div  style='padding-bottom:5px; margin:0 0 0 0; color:#ffffff;' class='av-special-heading av-special-heading-h1 custom-color-heading   avia-builder-el-3  el_after_av_codeblock  avia-builder-el-last  '><h1 class='av-special-heading-tag '  itemprop=\"headline\"  >Unsere Ratschl\u00e4ge f\u00fcr eine erfolgreiche Unternehmens\u00fcbertragung in der Schweiz<\/h1><div class='special-heading-border'><div class='special-heading-inner-border' style='border-color:#ffffff'><\/div><\/div><\/div><\/p><\/div><\/div><!--close column table wrapper. Autoclose: 1 --><\/div><\/div><\/main><!-- close content main element --><\/div><div class='av-extra-border-element border-extra-arrow-down'><div class='av-extra-border-outer'><div class='av-extra-border-inner'  style='background-color:#ffffff;' ><\/div><\/div><\/div><\/div><div id='after_section_1'  class='main_color av_default_container_wrap container_wrap sidebar_right' style=' '  ><div class='container' ><div class='template-page content  av-content-small alpha units'><div class='post-entry post-entry-type-page post-entry-1429'><div class='entry-content-wrapper clearfix'><div class=\"flex_column av_one_full  flex_column_div av-zero-column-padding first  avia-builder-el-4  el_after_av_section  avia-builder-el-no-sibling  \" style='border-radius:0px; '><p><div  style='height:50px' class='hr hr-invisible  '><span class='hr-inner ' ><span class='hr-inner-style'><\/span><\/span><\/div><br \/>\n<section class=\"av_textblock_section \"  itemscope=\"itemscope\" itemtype=\"https:\/\/schema.org\/CreativeWork\" ><div class='avia_textblock  '   itemprop=\"text\" ><p>Nachfolgend finden Sie unsere zehn besten Ratschl\u00e4ge f\u00fcr eine erfolgreiche Unternehmens\u00fcbertragung in der Schweiz.<\/p>\n<h3><strong>Ratschlag <\/strong><strong>N\u00b0<\/strong><strong>1: Vorbereitung, Vorbereitung und nochmals Vorbereitung<\/strong><\/h3>\n<div id=\"attachment_18626\" style=\"width: 310px\" class=\"wp-caption alignleft\"><img loading=\"lazy\" decoding=\"async\" aria-describedby=\"caption-attachment-18626\" class=\"size-medium wp-image-18626\" title=\"Nos conseils en cessions, transmission d'entreprises en Suisse\" src=\"https:\/\/actoria.com\/ch\/wp-content\/uploads\/2021\/12\/shutterstock-1-62-300x200.jpg\" alt=\"Nos conseils en cessions, transmission d'entreprises en Suisse\" width=\"300\" height=\"200\" srcset=\"https:\/\/actoria.com\/ch-de\/wp-content\/uploads\/2021\/12\/shutterstock-1-62-300x200.jpg 300w, https:\/\/actoria.com\/ch-de\/wp-content\/uploads\/2021\/12\/shutterstock-1-62-1030x688.jpg 1030w, https:\/\/actoria.com\/ch-de\/wp-content\/uploads\/2021\/12\/shutterstock-1-62-768x513.jpg 768w, https:\/\/actoria.com\/ch-de\/wp-content\/uploads\/2021\/12\/shutterstock-1-62-1536x1025.jpg 1536w, https:\/\/actoria.com\/ch-de\/wp-content\/uploads\/2021\/12\/shutterstock-1-62-2048x1367.jpg 2048w, https:\/\/actoria.com\/ch-de\/wp-content\/uploads\/2021\/12\/shutterstock-1-62-1500x1001.jpg 1500w, https:\/\/actoria.com\/ch-de\/wp-content\/uploads\/2021\/12\/shutterstock-1-62-705x471.jpg 705w\" sizes=\"auto, (max-width: 300px) 100vw, 300px\" \/><p id=\"caption-attachment-18626\" class=\"wp-caption-text\"><em>Unsere Ratschl\u00e4ge zu Unternehmensverk\u00e4ufen, -\u00fcbertragungen in der Schweiz<\/em><\/p><\/div>\n<p>Bevor Sie zur operativen Phase \u00fcbergehen, ist es <strong>f\u00fcr einen erfolgreichen Unternehmensverkauf<\/strong> unerl\u00e4sslich, \u00fcber die <strong>Beweggr\u00fcnde und Ziele der Transaktion<\/strong> nachzudenken. Die Beweggr\u00fcnde k\u00f6nnen vielf\u00e4ltig sein, und jegliche Unklarheiten bez\u00fcglich der Motive kann die gesamte Durchf\u00fchrung des Verkaufs oder der \u00dcbernahme beeintr\u00e4chtigen. Au\u00dferdem ist eine <strong>Verm\u00f6gensanalyse beziehungsweise eine<\/strong> <strong>pers\u00f6nliche Diagnose<\/strong> eine obligatorische Voraussetzung f\u00fcr die Transaktion, um sich auf die Folgen vorzubereiten.<\/p>\n<p>Seien Sie vorsichtig, wenn das Leben Sie dazu zwingt, die Dinge zu \u00fcberst\u00fcrzen. In dieser Branche erweckt voreiliges Handeln schnell Misstrauen seitens der \u00dcbernehmer und der Berater.<\/p>\n<h3><strong>Ratschlag <\/strong><strong>N\u00b0<\/strong><strong>2: Verkaufen Sie Ihr Unternehmen auf keinen Fall im Alleingang<\/strong><\/h3>\n<p>Wenn Sie sich dazu entscheiden, Ihr Unternehmen ohne fremde Hilfe zu verkaufen, bewegen Sie sich <strong>au\u00dferhalb jeglicher Sicherheiten<\/strong>, dies gilt ganz besonders f\u00fcr den Unternehmensverkauf \u00fcber eine Zeitungsannonce, usw. Au\u00dferdem sollten Sie <strong>nie in erster Linie<\/strong> mit einem \u00dcbernehmer und seinen Beratern konfrontiert werden. Nur ein Verkaufsberater kann Sie vertreten und <strong>eine beratende Rolle bei den heutzutage hochtechnisierten Verhandlungen<\/strong> spielen. Dar\u00fcber hinaus <strong>ist es vorzuziehen, dass ein Beratungsunternehmen die potenziellen \u00dcbernehmer bereits im Voraus sorgf\u00e4ltig ausw\u00e4hlt, <\/strong>um deren finanzielle und professionelle Kompetenzen zu \u00fcberpr\u00fcfen.<\/p>\n<h3><strong>Ratschlag <\/strong><strong>N\u00b0<\/strong><strong>3: Vertrauen Sie Ihr Dossier nur einem einzigen Berater an<\/strong><\/h3>\n<p>Allzu oft begehen Unternehmensleiter den Fehler, sich am Immobilienmarkt zu orientieren, und meinen zun\u00e4chst, dass sie mehrere Beratungsunternehmen mit dem Verkauf ihres Unternehmens beauftragen sollten. <strong>Ein Unternehmen wird unter Einhaltung einer \u00e4u\u00dferst strengen Methodik \u00fcbertragen,<\/strong> <strong>die nichts mit einem Immobilienverkauf zu tun hat, insbesondere durch direkte und indirekte Ansprache auf der Grundlage eines genau definierten Lastenhefts. <\/strong>Die direkte Ansprache von \u00dcbernehmern kann nur von einem einzigen Beratungsunternehmen durchgef\u00fchrt werden. Au\u00dferdem <strong>sollten Sie ein Beratungsunternehmen mit internationaler Ausrichtung w\u00e4hlen<\/strong>. Nur dieses kann daher von einer <strong>starken Logistik<\/strong> profitieren, die es erm\u00f6glicht, Ihren Fall <strong>auf nationaler oder sogar internationaler Ebene<\/strong> zu kommunizieren. Dies ist nat\u00fcrlich bei Actoria Schweiz der Fall.<\/p>\n<h3><strong>Ratschlag <\/strong><strong>N\u00b0<\/strong><strong>4: Ist die Familiennachfolge die beste L\u00f6sung f\u00fcr einen erfolgreichen Unternehmensverkauf?<\/strong><\/h3>\n<p>Wenn das Unternehmen bereits seit mehreren Generationen in famili\u00e4ren H\u00e4nden ist, macht es durchaus Sinn, es durch eine Familiennachfolge auch dabei zu belassen. <strong>Sind Sie sicher, dass es die richtige L\u00f6sung ist? <\/strong>Sind Ihre Kinder in der Lage, das Unternehmen zu \u00fcbernehmen? Glauben Sie, dass es auch im Interesse Ihrer Kinder liegt, ein Unternehmen zu f\u00fchren?<\/p>\n<p>Ist es nicht vielleicht besser, einen g\u00fcnstigeren Verkaufspreis zu erlangen, indem das Unternehmen an einen Dritten verkauft wird?<\/p>\n<p>Vorsicht: Die Schenkung des Unternehmens ist nicht immer die beste M\u00f6glichkeit. <strong>Es gibt durchaus attraktivere L\u00f6sungen f\u00fcr den Verk\u00e4ufer.<\/strong><\/p>\n<h3><strong>Ratschlag <\/strong><strong>N\u00b0<\/strong><strong>5: Sprechen Sie mit dem stellvertretenden Gesch\u00e4ftsf\u00fchrer Ihres Unternehmens<\/strong><\/h3>\n<div id=\"attachment_18628\" style=\"width: 310px\" class=\"wp-caption alignleft\"><img loading=\"lazy\" decoding=\"async\" aria-describedby=\"caption-attachment-18628\" class=\"size-medium wp-image-18628\" title=\"Nos conseils en transmissions d\u2019entreprises en Suisse, transmission d'entreprises en Suisse\" src=\"https:\/\/actoria.com\/ch\/wp-content\/uploads\/2021\/12\/shutterstock-1-63-300x200.jpg\" alt=\"Nos conseils en transmissions d\u2019entreprises en Suisse, transmission d'entreprises en Suisse\" width=\"300\" height=\"200\" srcset=\"https:\/\/actoria.com\/ch-de\/wp-content\/uploads\/2021\/12\/shutterstock-1-63-300x200.jpg 300w, https:\/\/actoria.com\/ch-de\/wp-content\/uploads\/2021\/12\/shutterstock-1-63-1030x687.jpg 1030w, https:\/\/actoria.com\/ch-de\/wp-content\/uploads\/2021\/12\/shutterstock-1-63-768x512.jpg 768w, https:\/\/actoria.com\/ch-de\/wp-content\/uploads\/2021\/12\/shutterstock-1-63-1536x1024.jpg 1536w, https:\/\/actoria.com\/ch-de\/wp-content\/uploads\/2021\/12\/shutterstock-1-63-2048x1365.jpg 2048w, https:\/\/actoria.com\/ch-de\/wp-content\/uploads\/2021\/12\/shutterstock-1-63-1500x1000.jpg 1500w, https:\/\/actoria.com\/ch-de\/wp-content\/uploads\/2021\/12\/shutterstock-1-63-705x470.jpg 705w\" sizes=\"auto, (max-width: 300px) 100vw, 300px\" \/><p id=\"caption-attachment-18628\" class=\"wp-caption-text\"><em>Unsere Ratschl\u00e4ge zu Unternehmensverk\u00e4ufen, -\u00fcbertragungen in der Schweiz<\/em><\/p><\/div>\n<p>Der Verkauf ist ganz besonders bei Familienunternehmen ein Tabuthema.<\/p>\n<p><strong>F\u00fcr einen erfolgreichen Unternehmensverkauf ist es zwingend, dass Ihre rechte Hand das Projekt mittr\u00e4gt und dem neuen Chef hilft.<\/strong><\/p>\n<p>\u00dcbrigens, selbst wenn das Personal Ihr genaues Alter nicht kennt, ist ihm bewusst, dass Sie nicht mehr in Ihren jungen Jahren stecken und sich die Frage einer \u00dcbertragung fr\u00fcher oder sp\u00e4ter stellen wird\u2026<\/p>\n<h3><strong>Ratschlag <\/strong><strong>N\u00b0<\/strong><strong>6: Achten Sie gut darauf, was Sie unterschreiben<\/strong><\/h3>\n<p>Seien Sie vorsichtig, bevor Sie eine <strong>Absichtserkl\u00e4rung<\/strong>, ein <strong>Gespr\u00e4chsprotokoll<\/strong>, <strong>eine Exklusivit\u00e4tsvereinbarung<\/strong>, ein <strong>Garantieversprechen<\/strong>, einen <strong>Kaufvertrag<\/strong>, eine <strong>Passivgarantie <\/strong>usw. unterschreiben.<\/p>\n<p>Unterschreiben Sie niemals ohne den Aval eines Beraters. Zu jedem Zeitpunkt kann Ihre zivilrechtliche oder sogar strafrechtliche Haftung in Frage gestellt werden und Sie laufen Gefahr, mehrere Monate in einer unn\u00f6tigen Rechtsstreitigkeit zu verlieren.<\/p>\n<p>Auf Ihren ausdr\u00fccklichen Wunsch k\u00f6nnen wir Ihnen <strong>Steuerexperten und Rechtsanw\u00e4lte<\/strong> zur Verf\u00fcgung stellen, die Ihnen alle notwendigen Ratschl\u00e4ge zu den m\u00f6glichen Risiken der Transaktion geben k\u00f6nnen.<\/p>\n<h3><strong>Ratschlag <\/strong><strong>N\u00b0<\/strong><strong>7: Vertraulichkeit ist von \u00e4u\u00dferster Bedeutung<\/strong><\/h3>\n<p>Stellen Sie sich vor, dass ein Wettbewerber, ein Lieferant oder einer Ihrer Arbeitnehmer von Ihrer Absicht, das Unternehmen zu verkaufen erf\u00e4hrt. Dieses Risiko d\u00fcrfen Sie keinesfalls eingehen.<\/p>\n<p>Au\u00dferdem <strong>ist die Transaktion erst abgeschlossen, wenn der Preis gezahlt wurde. <\/strong>Vorsicht vor verfr\u00fchten Ank\u00fcndigungseffekten.<\/p>\n<p>Jedes ver\u00f6ffentlichte und nicht konkretisiertes Projekt kann Zweifel an der Qualit\u00e4t Ihres KMUs aufkommen lassen und jede weitere Transaktion belasten.<\/p>\n<h3><strong>Ratschlag <\/strong><strong>N\u00b0<\/strong><strong>8: Der Preis ist nicht das Wichtigste!<\/strong><\/h3>\n<p>Nat\u00fcrlich m\u00f6chten Sie zu den besten Bedingungen verkaufen. Vergessen Sie aber nicht, <strong>dass es auf den Betrag ankommt, den Sie netto nach Steuern und nach Abzug von Garantieanspr\u00fcchen einnehmen<\/strong>&#8230;<\/p>\n<p>Au\u00dferdem stehen die <strong>von den \u00dcbernehmern verlangten Garantien<\/strong> in der Regel in einem angemessenen Verh\u00e4ltnis zu Ihren finanziellen Forderungen.<\/p>\n<h3><strong>Ratschlag <\/strong><strong>N\u00b0<\/strong><strong>9: Bereiten Sie den \u00dcbergang vor.<\/strong><\/h3>\n<p>Die meisten potenziellen \u00dcbernehmer verlangen, dass Sie f\u00fcr eine gewisse Zeit im Unternehmen anwesend sind, um den \u00dcbergang in der Unternehmensleitung zu gew\u00e4hrleisten.<\/p>\n<p>F\u00fcr einen erfolgreichen Verkauf eines Unternehmens ist der \u00dcbergang wichtig, um Arbeitnehmern, F\u00fchrungskr\u00e4ften, Kunden und Lieferanten Sicherheit zu geben.<\/p>\n<p>Aber Vorsicht: <strong>Vergessen Sie nicht die finanziellen Modalit\u00e4ten<\/strong>, sonst riskieren Sie b\u00f6se \u00dcberraschungen nach Abschluss des Verkaufs.<\/p>\n<h3><strong>Ratschlag N\u00b010: Nach dem Verkauf geht das Leben weiter<\/strong><\/h3>\n<p>Haben Sie Ihr Unternehmen verkauft oder \u00fcbertragen? Vorsicht, Sie \u00e4ndern Ihren Status&#8230;<\/p>\n<p>Sie sind nun kein Unternehmensleiter mehr, sondern werden wieder zum einfachen Menschen!<\/p>\n<p><strong>Bereiten Sie Ihre Umschulung vor<\/strong>, sei es f\u00fcr den Ruhestand oder f\u00fcr einen Wechsel der T\u00e4tigkeit.<\/p>\n<\/div><\/section><\/p><\/div><\/p>\n","protected":false},"excerpt":{"rendered":"<p>Unsere Ratschl\u00e4ge f\u00fcr eine erfolgreiche Unternehmens\u00fcbertragung in der Schweiz<\/p>\n","protected":false},"author":2,"featured_media":6932,"parent":9919,"menu_order":1,"comment_status":"closed","ping_status":"closed","template":"","meta":{"footnotes":""},"class_list":["post-1429","page","type-page","status-publish","has-post-thumbnail","hentry"],"_links":{"self":[{"href":"https:\/\/actoria.com\/ch-de\/wp-json\/wp\/v2\/pages\/1429","targetHints":{"allow":["GET"]}}],"collection":[{"href":"https:\/\/actoria.com\/ch-de\/wp-json\/wp\/v2\/pages"}],"about":[{"href":"https:\/\/actoria.com\/ch-de\/wp-json\/wp\/v2\/types\/page"}],"author":[{"embeddable":true,"href":"https:\/\/actoria.com\/ch-de\/wp-json\/wp\/v2\/users\/2"}],"replies":[{"embeddable":true,"href":"https:\/\/actoria.com\/ch-de\/wp-json\/wp\/v2\/comments?post=1429"}],"version-history":[{"count":0,"href":"https:\/\/actoria.com\/ch-de\/wp-json\/wp\/v2\/pages\/1429\/revisions"}],"up":[{"embeddable":true,"href":"https:\/\/actoria.com\/ch-de\/wp-json\/wp\/v2\/pages\/9919"}],"wp:featuredmedia":[{"embeddable":true,"href":"https:\/\/actoria.com\/ch-de\/wp-json\/wp\/v2\/media\/6932"}],"wp:attachment":[{"href":"https:\/\/actoria.com\/ch-de\/wp-json\/wp\/v2\/media?parent=1429"}],"curies":[{"name":"wp","href":"https:\/\/api.w.org\/{rel}","templated":true}]}}