{"id":1476,"date":"2015-05-12T16:11:16","date_gmt":"2015-05-12T14:11:16","guid":{"rendered":"https:\/\/actoria.com\/ch\/?page_id=1476"},"modified":"2026-04-27T15:44:38","modified_gmt":"2026-04-27T13:44:38","slug":"finanzexpertise-des-unternehmens","status":"publish","type":"page","link":"https:\/\/actoria.com\/ch-de\/ubertragen\/wie-ubertragen\/vorbereitung-der-unternehmensubertragung\/finanzexpertise-des-unternehmens\/","title":{"rendered":"Finanzexpertise des Unternehmens"},"content":{"rendered":"<div id='av_section_1'  class='avia-section main_color avia-section-default avia-no-border-styling  avia-full-stretch avia-bg-style-fixed  avia-builder-el-0  el_before_av_one_full  avia-builder-el-first  header_page_section_title_wrapper  av-arrow-down-section av-minimum-height av-minimum-height-custom  container_wrap sidebar_right' style='background-repeat: no-repeat; background-image: url(https:\/\/actoria.com\/ch-de\/wp-content\/uploads\/2021\/10\/shutterstock-1316145899-1500x1000.jpg);background-attachment: fixed; background-position: center center;  '  data-section-bg-repeat='stretch'><div class='container' style='height:660px'><main  role=\"main\" itemprop=\"mainContentOfPage\"  class='template-page content  av-content-small alpha units'><div class='post-entry post-entry-type-page post-entry-1476'><div class='entry-content-wrapper clearfix'>\n<div class='flex_column_table av-equal-height-column-flextable -flextable' ><div class=\"flex_column av_one_full  flex_column_table_cell av-equal-height-column av-align-bottom av-zero-column-padding first  avia-builder-el-1  avia-builder-el-no-sibling  header_page_section_title \" style='border-radius:0px; ' id=\"header_page_section_title\" ><p><br \/>\n<div  style='padding-bottom:5px; margin:0 0 0 0; color:#ffffff;' class='av-special-heading av-special-heading-h1 custom-color-heading   avia-builder-el-3  el_after_av_codeblock  avia-builder-el-last  '><h1 class='av-special-heading-tag '  itemprop=\"headline\"  >Finanzexpertise des Unternehmens<\/h1><div class='special-heading-border'><div class='special-heading-inner-border' style='border-color:#ffffff'><\/div><\/div><\/div><\/p><\/div><\/div><!--close column table wrapper. Autoclose: 1 --><\/div><\/div><\/main><!-- close content main element --><\/div><div class='av-extra-border-element border-extra-arrow-down'><div class='av-extra-border-outer'><div class='av-extra-border-inner'  style='background-color:#ffffff;' ><\/div><\/div><\/div><\/div><div id='after_section_1'  class='main_color av_default_container_wrap container_wrap sidebar_right' style=' '  ><div class='container' ><div class='template-page content  av-content-small alpha units'><div class='post-entry post-entry-type-page post-entry-1476'><div class='entry-content-wrapper clearfix'><div class=\"flex_column av_one_full  flex_column_div av-zero-column-padding first  avia-builder-el-4  el_after_av_section  avia-builder-el-no-sibling  \" style='border-radius:0px; '><section class=\"av_textblock_section \"  itemscope=\"itemscope\" itemtype=\"https:\/\/schema.org\/CreativeWork\" ><div class='avia_textblock  '   itemprop=\"text\" ><h2>Sind Sie unsicher, ob Sie Ihr Unternehmen an einen Dritten, an Mitarbeiter oder an ein Familienmitglied verkaufen sollen?<\/h2>\n<\/div><\/section><br \/>\n<div  style='height:50px' class='hr hr-invisible  '><span class='hr-inner ' ><span class='hr-inner-style'><\/span><\/span><\/div><\/p><\/div><div class='flex_column_table av-equal-height-column-flextable -flextable' ><div class=\"flex_column av_one_half  no_margin flex_column_table_cell av-equal-height-column av-align-middle av-zero-column-padding first  \" style='border-radius:0px; '><section class=\"av_textblock_section \"  itemscope=\"itemscope\" itemtype=\"https:\/\/schema.org\/CreativeWork\" ><div class='avia_textblock  '   itemprop=\"text\" ><p><img loading=\"lazy\" decoding=\"async\" class=\" wp-image-5997 alignleft\" src=\"https:\/\/actoria.com\/ch\/wp-content\/uploads\/2018\/01\/invest11-300x169.jpg\" alt=\"Expertise financi\u00e8re de l&#039;entreprise avec Actoria\" width=\"406\" height=\"229\" title=\"\" srcset=\"https:\/\/actoria.com\/ch-de\/wp-content\/uploads\/2018\/01\/invest11-300x169.jpg 300w, https:\/\/actoria.com\/ch-de\/wp-content\/uploads\/2018\/01\/invest11-450x254.jpg 450w, https:\/\/actoria.com\/ch-de\/wp-content\/uploads\/2018\/01\/invest11.jpg 639w\" sizes=\"auto, (max-width: 406px) 100vw, 406px\" \/><\/p>\n<\/div><\/section><\/div><\/div><!--close column table wrapper. Autoclose: 1 --><\/p>\n<div class='flex_column_table av-equal-height-column-flextable -flextable' ><div class=\"flex_column av_one_half  no_margin flex_column_table_cell av-equal-height-column av-align-middle av-zero-column-padding   \" style='border-radius:0px; '><section class=\"av_textblock_section \"  itemscope=\"itemscope\" itemtype=\"https:\/\/schema.org\/CreativeWork\" ><div class='avia_textblock  '   itemprop=\"text\" ><p style=\"text-align: justify;\">Um Ihnen bei der Entscheidungsfindung zu helfen, hat Actoria ein spezielles Angebot f\u00fcr Sie zusammengestellt: die finanzielle Expertise des Unternehmens.<\/p>\n<\/div><\/section><\/div><\/div><!--close column table wrapper. Autoclose: 1 --><div class=\"flex_column av_one_full  flex_column_div av-zero-column-padding first  \" style='border-radius:0px; '><section class=\"av_textblock_section \"  itemscope=\"itemscope\" itemtype=\"https:\/\/schema.org\/CreativeWork\" ><div class='avia_textblock  '   itemprop=\"text\" ><p>In einem ersten Schritt werden wir auf der Grundlage Ihrer letzten Bilanzen und Gewinn- und Verlustrechnungen eine angepasste Bilanz erstellen, die die folgenden Aspekte ber\u00fccksichtigt:<\/p>\n<p>-Den tats\u00e4chlichen Wert des Anlageverm\u00f6gens (Firmenwert, Geb\u00e4ude, Einrichtungen, Material&#8230;)<br \/>\n-Die au\u00dferbilanziellen Posten (gemietetes oder geleastes Material,&#8230;)<br \/>\n-Die \u00dcber- oder Unterbezahlung, die Sie erhalten<br \/>\n-Die Qualifikation der R\u00fcckstellungen<br \/>\n-Den tats\u00e4chlichen Wert der Vorr\u00e4te<br \/>\n-Die tats\u00e4chliche Verschuldung<br \/>\n-Die \u00dcberkreuztransaktionen<br \/>\n-Au\u00dfergew\u00f6hnliche Transaktionen<\/p>\n<h3>Wie viel ist Ihr Unternehmen wert?<\/h3>\n<h3>Gibt es Methoden zur Bewertung eines Unternehmens?<\/h3>\n<p>Der wahre Wert wird durch den Markt bestimmt.<\/p>\n<p>Nat\u00fcrlich gibt es Methoden zur Bewertung eines KMU, die alle technisch anspruchsvoller sind als die anderen.<\/p>\n<p>Es darf jedoch nicht vergessen werden, dass eine korrekte Bewertung eines Unternehmens, wie auf allen M\u00e4rkten, von externen Faktoren abh\u00e4ngt, wie zum Beispiel:<\/p>\n<p>-Die Anzahl der potenziellen \u00dcbernehmer<br \/>\n-Die Rechtsstruktur: Ein Unternehmen mit Immobilien in seiner Bilanz kann ein Nachteil sein.<br \/>\n-Die Organisation des Unternehmens. Wenn es eine echte Nummer 2 gibt, gibt das Unternehmen den \u00dcbernehmern Sicherheit.<br \/>\n-Die Branche (ein Zuliefererunternehmen in einem schwachen Markt ist unabh\u00e4ngig von seinem Wert schwer zu verkaufen).<br \/>\n-Aktualit\u00e4t (der Wert einer Fluggesellschaft ist vor und nach dem 11. September 2001 unterschiedlich).<br \/>\n-Gelegenheit (ein K\u00e4ufer oder Konkurrent, der Ihren Marktanteil erwerben m\u00f6chte, ist bereit, den Preis zu zahlen).<\/p>\n<p>Im Allgemeinen m\u00fcssen Sie sich in die Lage des \u00dcbernehmers versetzen, der die Zukunft und nicht die von Ihnen geleistete Arbeit bewerten m\u00f6chte.<\/p>\n<h3>Die wichtigsten Methoden der finanziellen Bewertung eines Unternehmens<\/h3>\n<p><strong>Methoden, die auf dem Nettoverm\u00f6gen basieren:<\/strong><\/p>\n<p>-Das neu bewertete Nettoverm\u00f6gen<br \/>\n-Der Wiederbeschaffungswert<br \/>\n-Der Marktwert Der Verkehrswert<br \/>\n-Der Liquidationswert<\/p>\n<p><strong>Methoden auf der Grundlage der Rentabilit\u00e4t:<\/strong><\/p>\n<p>-Price earning ratio<br \/>\n-Discounted Cash Flow<br \/>\n-Methode der Kapitalisierung der Dividende<br \/>\n-Investor-Methode: EBIT-Multiple (-) Finanzverbindlichkeiten<\/p>\n<p><strong>Vergleichende Methoden:<\/strong><\/p>\n<p>-Transaktionen in der gleichen Branche<br \/>\n-Vergleich mit b\u00f6rsennotierten Unternehmen<br \/>\n-Grunds\u00e4tze, die nicht vergessen werden d\u00fcrfen<br \/>\n-Der Verkaufspreis kann sich erheblich von dem Nettopreis unterscheiden, den der Verk\u00e4ufer nach Steuern erh\u00e4lt.<br \/>\n-Komplexe technische Methoden zur Unternehmensbewertung werden im Rahmen von Unternehmens\u00fcbertragungen selten verwendet.<br \/>\n-H\u00e4ufig wird festgestellt, dass Methoden vom Typ Mehrfaches des Nettoergebnisses oder des EBIT am h\u00e4ufigsten verwendet werden.<br \/>\n-Eine Preisverhandlung endet immer mit einer runden Zahl.<\/p>\n<p>Eine k\u00fcrzlich von BDPME durchgef\u00fchrte Studie \u00fcber eine Stichprobe von 900 KMU-Transaktionen ergab, dass das durchschnittliche KGV der Transaktionen bei 7 lag (das hei\u00dft der durchschnittliche Verkaufspreis eines KMU betr\u00e4gt das 7-fache des angepassten Nettoergebnisses nach Steuern).<\/p>\n<h3>Abschl\u00e4ge auf den Preis<\/h3>\n<p>Unabh\u00e4ngig von seinem Aktivum oder seiner Rentabilit\u00e4t kann das Finanzgutachten des Unternehmens aufgrund der folgenden Faktoren einen Abschlag erleiden:<\/p>\n<p>-Das Unternehmen hat einen wichtigen Kunden f\u00fcr mehr als 40% seines Gesch\u00e4fts.<br \/>\n-Der Unternehmer unterh\u00e4lt pers\u00f6nliche Beziehungen zu gro\u00dfen Kunden.<br \/>\n-Es gibt keinen Gesch\u00e4ftswert, ein \u00e4hnliches Gesch\u00e4ft kann von einem Konkurrenten oder einem Angestellten gegr\u00fcndet werden.<br \/>\n-Es gibt einen erheblichen Investitionsr\u00fcckstand.<br \/>\n-Ein Minderheitsaktion\u00e4r will nicht verkaufen.<br \/>\n-Es ist ein gro\u00dfer Rechtsstreit anh\u00e4ngig.<br \/>\nDas Unternehmen hat einen Rechtsstreit mit seinem Vermieter.<br \/>\nAndere risikobehaftete Aktivit\u00e4ten sind in den Betrieb integriert.<\/p>\n<\/div><\/section><\/div>[av_section min_height='custom' min_height_pc='25' min_height_px='660px' padding='default' custom_margin='0px' custom_margin_sync='true' color='main_color' background='bg_color' custom_bg='' background_gradient_color1='' background_gradient_color2='' background_gradient_direction='vertical' src='https:\/\/actoria.com\/ch\/wp-content\/uploads\/2021\/12\/shutterstock-1-43-1000x423.jpg' attachment='18521' attachment_size='entry_without_sidebar' attach='fixed' position='center center' repeat='stretch' video='' video_ratio='16:9' overlay_opacity='0.5' overlay_color='#000046' overlay_pattern='' overlay_custom_pattern='' shadow='no-border-styling' bottom_border='border-extra-arrow-down' bottom_border_diagonal_color='#ffffff' bottom_border_diagonal_direction='border-extra-diagonal-inverse' bottom_border_style='' custom_arrow_bg='' id='' custom_class='header_page_section_title_wrapper' aria_label='' av_element_hidden_in_editor='0' av_uid='av-jzjro2lm']\r\n[av_one_full first min_height='av-equal-height-column' vertical_alignment='av-align-bottom' space='' row_boxshadow_color='' row_boxshadow_width='10' margin='0px' margin_sync='true' mobile_breaking='' border='' border_color='' radius='0px' radius_sync='true' padding='0px' padding_sync='true' column_boxshadow_color='' column_boxshadow_width='10' background='bg_color' background_color='' background_gradient_color1='' background_gradient_color2='' background_gradient_direction='vertical' src='' attachment='' attachment_size='' background_position='top left' background_repeat='no-repeat' highlight_size='1.1' animation='' link='' linktarget='' link_hover='' title_attr='' alt_attr='' mobile_display='' id='header_page_section_title' custom_class='header_page_section_title' aria_label='' av_uid='av-jzjrtnz4']\r\n\r\n[av_codeblock wrapper_element='' wrapper_element_attributes='' codeblock_type='' av-mini-hide='aviaTBav-mini-hide' alb_description='' id='' custom_class='' av_uid='av-jzjsqafo']\r\n[av_breadcrumbs]\r\n[\/av_codeblock]\r\n\r\n[av_heading heading='Die Gruppe in K\u00fcrze' tag='h1' style='' subheading_active='' size='' av-medium-font-size-title='' av-small-font-size-title='' av-mini-font-size-title='' subheading_size='15' av-medium-font-size='' av-small-font-size='' av-mini-font-size='' color='custom-color-heading' custom_font='#ffffff' margin='0' margin_sync='true' padding='5' link='manually,http:\/\/' link_target='' id='' custom_class='' av_uid='av-l0be7tg8' admin_preview_bg=''][\/av_heading]\r\n\r\n[\/av_one_full]\r\n[\/av_section]\r\n\r\n[av_one_full first min_height='' vertical_alignment='' space='' custom_margin='' margin='0px' row_boxshadow='' row_boxshadow_color='' row_boxshadow_width='10' link='' linktarget='' link_hover='' title_attr='' alt_attr='' padding='0px' highlight='' highlight_size='' border='' border_color='' radius='0px' column_boxshadow='' column_boxshadow_color='' column_boxshadow_width='10' background='bg_color' background_color='' background_gradient_color1='' background_gradient_color2='' background_gradient_direction='vertical' src='' background_position='top left' background_repeat='no-repeat' animation='' mobile_breaking='' mobile_display='' av_uid='av-2oggqs']\r\n\r\n[av_textblock size='' av-medium-font-size='' av-small-font-size='' av-mini-font-size='' font_color='' color='' id='' custom_class='' av_uid='av-kai8gidf' admin_preview_bg='']\r\n<h3>Definition eines Unternehmenskaufs<\/h3>\r\n<img loading=\"lazy\" decoding=\"async\" class=\"alignleft wp-image-17793 size-medium\" src=\"http:\/\/actoria.com\/ch-de\/wp-content\/uploads\/2021\/11\/shutterstock-1-21-300x200.jpg\" alt=\"Acquisition d\u2019entreprise, transmission d&#039;entreprises en Suisse\" width=\"300\" height=\"200\" title=\"\" srcset=\"https:\/\/actoria.com\/ch-de\/wp-content\/uploads\/2021\/11\/shutterstock-1-21-300x200.jpg 300w, https:\/\/actoria.com\/ch-de\/wp-content\/uploads\/2021\/11\/shutterstock-1-21-1030x687.jpg 1030w, https:\/\/actoria.com\/ch-de\/wp-content\/uploads\/2021\/11\/shutterstock-1-21-768x512.jpg 768w, https:\/\/actoria.com\/ch-de\/wp-content\/uploads\/2021\/11\/shutterstock-1-21-1536x1024.jpg 1536w, https:\/\/actoria.com\/ch-de\/wp-content\/uploads\/2021\/11\/shutterstock-1-21-2048x1365.jpg 2048w, https:\/\/actoria.com\/ch-de\/wp-content\/uploads\/2021\/11\/shutterstock-1-21-1500x1000.jpg 1500w, https:\/\/actoria.com\/ch-de\/wp-content\/uploads\/2021\/11\/shutterstock-1-21-705x470.jpg 705w\" sizes=\"auto, (max-width: 300px) 100vw, 300px\" \/>\r\n\r\nEin Unternehmenskauf wird in der Schweiz als <strong>Unternehmenstransaktion <\/strong>definiert, bei der ein Unternehmen einen Teil oder alle Aktien oder Aktiva eines anderen Unternehmens kauft.\r\n\r\nUnternehmensk\u00e4ufe in der Schweiz werden in der Regel durchgef\u00fchrt, um die St\u00e4rken des Zielunternehmens zu \u00fcbernehmen, diese zu nutzen und Synergien zu erzielen.\r\n\r\nEs handelt sich in der Schweiz um einen Prozess, der darauf abzielt, <strong>die St\u00e4rken des gekauften Unternehmens zu nutzen.<\/strong>\r\n\r\nBeim Unternehmenskauf resultiert ein <strong>Wachstum des Unternehmens, das mehr Geschwindigkeit und Rentabilit\u00e4t erlangt<\/strong>, als dies durch normales organisches Wachstum m\u00f6glich w\u00e4re.\r\n\r\nDer Prozess des Unternehmenskaufs in der Schweiz muss damit beginnen, zu definieren, welcher Unternehmenstyp sich f\u00fcr einen erfolgreichen Kauf eignet.\r\n\r\nIm Allgemeinen werden in der Schweiz Unternehmen ins Visier genommen, die sich<strong> im selben oder in einem sehr komplement\u00e4ren Marktsegment <\/strong>befinden.\r\n\r\nSobald der Zieltyp festgelegt ist, wird das Zielunternehmen angesprochen und, falls Interesse besteht, eine Due Diligence durchgef\u00fchrt, um die finanziellen und sonstigen Bedingungen des Unternehmens zu \u00fcberpr\u00fcfen.\r\n\r\nDie Prozesse, das Personal und die Produkte\/Dienstleistungen des Zielunternehmens werden bewertet, und die wichtigsten Vorteile werden beibehalten.\r\n\r\nEin einfacher Unternehmenskauf in der Schweiz bezieht sich auf ein Unternehmen, das <strong>die Aktiva und die Gesch\u00e4ftst\u00e4tigkeiten eines anderen Unternehmens kauft<\/strong> <strong>und das Notwendige \u00fcbernimmt<\/strong>, w\u00e4hrend es doppelte oder unn\u00f6tige T\u00e4tigkeiten des gekauften Unternehmens problemlos loswird.\r\n\r\nBeim Kauf von Aktiva (im Gegensatz zum Kauf von Wertpapieren, Aktien oder Anteilen) in der Schweiz wird ein Unternehmen gekauft, um ein oder zwei Aktiva des Unternehmens zu erwerben (Beispiel: Kundenportfolio, Lagerbest\u00e4nde, Marke, ...).\r\n<h3>Vorteile von Unternehmensk\u00e4ufe<\/h3>\r\nUnternehmensk\u00e4ufe in der Schweiz haben f\u00fcr den K\u00e4ufer folgende Vorteile:\r\n\r\n<strong>Senkung der Markteintrittsbarrieren<\/strong>\r\n\r\nDurch K\u00e4ufe kann ein Unternehmen in der Schweiz mit einer bereits bekannten Marke, die einen guten Ruf genie\u00dft und \u00fcber einen bestehenden Kundenstamm verf\u00fcgt, sofort in neue M\u00e4rkte und Produktlinien eintreten.\r\n\r\nEin Unternehmenskauf kann dabei helfen, Barrieren zu \u00fcberwinden, die zuvor den Markteintritt behindert haben.\r\n\r\nDer Markteintritt kann f\u00fcr Kleinunternehmen ein kostspieliges Projekt sein, da Ausgaben f\u00fcr Marktforschung, die Entwicklung eines neuen Produkts und die Zeit, die f\u00fcr den Aufbau eines gro\u00dfen Kundenstamms ben\u00f6tigt wird, anfallen.\r\n\r\n<strong>Marktmacht<\/strong>\r\n\r\nEin Kauf kann dazu beitragen, den Marktanteil Ihres Unternehmens in der Schweiz schnell zu erh\u00f6hen.\r\n\r\nAuch wenn der Wettbewerb schwierig sein kann, kann Ihnen das Wachstum durch Kauf helfen, einen Wettbewerbsvorteil auf dem Markt zu erlangen.\r\n\r\nDer Prozess erm\u00f6glicht es, Synergien auf dem Markt zu erzielen.\r\n\r\n<strong>Neue F\u00e4higkeiten und Ressourcen<\/strong>\r\n\r\nEin Unternehmen in der Schweiz kann sich daf\u00fcr entscheiden, andere Unternehmen aufzukaufen, um Kompetenzen und Ressourcen zu erwerben, \u00fcber die es derzeit nicht verf\u00fcgt.\r\n\r\nDies kann viele Vorteile mit sich bringen, wie zum Beispiel ein schnelles Einkommenswachstum oder eine Verbesserung der langfristigen Finanzlage des Unternehmens, was die Kapitalbeschaffung f\u00fcr Wachstumsstrategien erleichtert.\r\n\r\nExpansion und Vielfalt k\u00f6nnen einem Unternehmen auch dabei helfen, einer Wirtschaftsflaute zu widerstehen.\r\n\r\n<strong>Zugang zu Experten<\/strong>\r\n\r\nWenn sich Kleinunternehmen in der Schweiz mit gr\u00f6\u00dferen Unternehmen zusammenschlie\u00dfen, k\u00f6nnen sie Zugang zu Spezialisten wie Finanz-, Rechts- oder HR-Experten haben.\r\n\r\n<strong>Zugang zu Kapital<\/strong>\r\n\r\nNach einem Kauf ist der Zugang zu Kapital als gr\u00f6\u00dferes Unternehmen verbessert.\r\n\r\nDie Inhaber kleiner Unternehmen in der Schweiz sind in der Regel gezwungen, ihr eigenes Geld in das Wachstum des Unternehmens zu investieren, da sie keinen Zugang zu gr\u00f6\u00dferen Kreditfonds haben.\r\n\r\nDurch einen Kauf steht jedoch ein h\u00f6heres Ma\u00df an Kapital zur Verf\u00fcgung, sodass die Unternehmer die erforderlichen Mittel kaufen k\u00f6nnen, ohne in die eigene Tasche greifen zu m\u00fcssen.\r\n\r\n<strong>Neue Ideen und Perspektiven<\/strong>\r\n\r\nK\u00e4ufe in der Schweiz erm\u00f6glichen oft den Aufbau eines neuen Expertenteams mit neuen Perspektiven und Ideen, denen es am Herzen liegt, dem Unternehmen zu helfen, seine Ziele zu erreichen.\r\n[\/av_textblock]\r\n\r\n[\/av_one_full]<\/p>\n","protected":false},"excerpt":{"rendered":"<p>Finanzexpertise des Unternehmens<\/p>\n","protected":false},"author":2,"featured_media":18350,"parent":14593,"menu_order":3,"comment_status":"closed","ping_status":"closed","template":"","meta":{"footnotes":""},"class_list":["post-1476","page","type-page","status-publish","has-post-thumbnail","hentry"],"_links":{"self":[{"href":"https:\/\/actoria.com\/ch-de\/wp-json\/wp\/v2\/pages\/1476","targetHints":{"allow":["GET"]}}],"collection":[{"href":"https:\/\/actoria.com\/ch-de\/wp-json\/wp\/v2\/pages"}],"about":[{"href":"https:\/\/actoria.com\/ch-de\/wp-json\/wp\/v2\/types\/page"}],"author":[{"embeddable":true,"href":"https:\/\/actoria.com\/ch-de\/wp-json\/wp\/v2\/users\/2"}],"replies":[{"embeddable":true,"href":"https:\/\/actoria.com\/ch-de\/wp-json\/wp\/v2\/comments?post=1476"}],"version-history":[{"count":0,"href":"https:\/\/actoria.com\/ch-de\/wp-json\/wp\/v2\/pages\/1476\/revisions"}],"up":[{"embeddable":true,"href":"https:\/\/actoria.com\/ch-de\/wp-json\/wp\/v2\/pages\/14593"}],"wp:featuredmedia":[{"embeddable":true,"href":"https:\/\/actoria.com\/ch-de\/wp-json\/wp\/v2\/media\/18350"}],"wp:attachment":[{"href":"https:\/\/actoria.com\/ch-de\/wp-json\/wp\/v2\/media?parent=1476"}],"curies":[{"name":"wp","href":"https:\/\/api.w.org\/{rel}","templated":true}]}}