{"id":1484,"date":"2015-05-12T16:17:51","date_gmt":"2015-05-12T16:17:51","guid":{"rendered":"https:\/\/actoria.com\/ch\/?page_id=1484"},"modified":"2026-04-27T15:44:38","modified_gmt":"2026-04-27T13:44:38","slug":"aktivaoptimierung-des-unternehmens","status":"publish","type":"page","link":"https:\/\/actoria.com\/ch-de\/ubertragen\/wie-ubertragen\/vorbereitung-der-unternehmensubertragung\/aktivaoptimierung-des-unternehmens\/","title":{"rendered":"Aktivaoptimierung des Unternehmens"},"content":{"rendered":"<div id='av_section_1'  class='avia-section main_color avia-section-default avia-no-border-styling  avia-full-stretch avia-bg-style-fixed  avia-builder-el-0  el_before_av_one_full  avia-builder-el-first  header_page_section_title_wrapper  av-arrow-down-section av-minimum-height av-minimum-height-custom  container_wrap sidebar_right' style='background-repeat: no-repeat; background-image: url(https:\/\/actoria.com\/ch-de\/wp-content\/uploads\/2021\/12\/shutterstock-1-82-1500x1021.jpg);background-attachment: fixed; background-position: center center;  '  data-section-bg-repeat='stretch'><div class='container' style='height:660px'><main  role=\"main\" itemprop=\"mainContentOfPage\"  class='template-page content  av-content-small alpha units'><div class='post-entry post-entry-type-page post-entry-1484'><div class='entry-content-wrapper clearfix'>\n<div class='flex_column_table av-equal-height-column-flextable -flextable' ><div class=\"flex_column av_one_full  flex_column_table_cell av-equal-height-column av-align-bottom av-zero-column-padding first  avia-builder-el-1  avia-builder-el-no-sibling  header_page_section_title \" style='border-radius:0px; ' id=\"header_page_section_title\" ><p><br \/>\n<div  style='padding-bottom:5px; margin:0 0 0 0; color:#ffffff;' class='av-special-heading av-special-heading-h1 custom-color-heading   avia-builder-el-3  el_after_av_codeblock  avia-builder-el-last  '><h1 class='av-special-heading-tag '  itemprop=\"headline\"  >Aktivaoptimierung des Unternehmens<\/h1><div class='special-heading-border'><div class='special-heading-inner-border' style='border-color:#ffffff'><\/div><\/div><\/div><\/p><\/div><\/div><!--close column table wrapper. Autoclose: 1 --><\/div><\/div><\/main><!-- close content main element --><\/div><div class='av-extra-border-element border-extra-arrow-down'><div class='av-extra-border-outer'><div class='av-extra-border-inner'  style='background-color:#ffffff;' ><\/div><\/div><\/div><\/div><div id='after_section_1'  class='main_color av_default_container_wrap container_wrap sidebar_right' style=' '  ><div class='container' ><div class='template-page content  av-content-small alpha units'><div class='post-entry post-entry-type-page post-entry-1484'><div class='entry-content-wrapper clearfix'><div class=\"flex_column av_one_full  flex_column_div av-zero-column-padding first  avia-builder-el-4  el_after_av_section  avia-builder-el-no-sibling  \" style='border-radius:0px; '><section class=\"av_textblock_section \"  itemscope=\"itemscope\" itemtype=\"https:\/\/schema.org\/CreativeWork\" ><div class='avia_textblock  '   itemprop=\"text\" ><div id=\"attachment_18682\" style=\"width: 310px\" class=\"wp-caption alignleft\"><img loading=\"lazy\" decoding=\"async\" aria-describedby=\"caption-attachment-18682\" class=\"size-medium wp-image-18682\" title=\"Optimisation de l\u2019Actif de l\u2019entreprise, transmission d'entreprises en Suisse\" src=\"https:\/\/actoria.com\/ch\/wp-content\/uploads\/2021\/12\/shutterstock-1-81-300x169.jpg\" alt=\"Optimisation de l\u2019Actif de l\u2019entreprise, transmission d'entreprises en Suisse\" width=\"300\" height=\"169\" srcset=\"https:\/\/actoria.com\/ch-de\/wp-content\/uploads\/2021\/12\/shutterstock-1-81-300x169.jpg 300w, https:\/\/actoria.com\/ch-de\/wp-content\/uploads\/2021\/12\/shutterstock-1-81-1030x580.jpg 1030w, https:\/\/actoria.com\/ch-de\/wp-content\/uploads\/2021\/12\/shutterstock-1-81-768x432.jpg 768w, https:\/\/actoria.com\/ch-de\/wp-content\/uploads\/2021\/12\/shutterstock-1-81-1536x865.jpg 1536w, https:\/\/actoria.com\/ch-de\/wp-content\/uploads\/2021\/12\/shutterstock-1-81-2048x1153.jpg 2048w, https:\/\/actoria.com\/ch-de\/wp-content\/uploads\/2021\/12\/shutterstock-1-81-1500x844.jpg 1500w, https:\/\/actoria.com\/ch-de\/wp-content\/uploads\/2021\/12\/shutterstock-1-81-705x397.jpg 705w\" sizes=\"auto, (max-width: 300px) 100vw, 300px\" \/><p id=\"caption-attachment-18682\" class=\"wp-caption-text\"><em>Aktivaoptimierung des Unternehmens, Unternehmens\u00fcbertragung in der Schweiz<\/em><\/p><\/div>\n<p>In den meisten F\u00e4llen wird ein potenzieller \u00dcbernehmer, der ein zu verkaufendes Unternehmen sucht, vor allem versuchen, sich selbst zu beruhigen: Er wird eine <strong>Finanzanalyse der Konten<\/strong> der letzten drei Gesch\u00e4ftsjahre durchf\u00fchren, das Vorhandene untersuchen und versuchen, mit dem, was er sieht, eine Prognose zu erstellen&#8230; <strong>Diese Analyse wird f\u00fcr Sie oft ung\u00fcnstig ausfallen<\/strong>, wenn Sie sie nicht vorbereiten, weshalb die Optimierung der Aktiva des Unternehmens von grundlegender Bedeutung ist.<\/p>\n<p><strong>Wie k\u00f6nnen Sie das Image Ihres Unternehmens vor der \u00dcbertragung verbessern?<\/strong><\/p>\n<\/div><\/section><br \/>\n<div  style='height:50px' class='hr hr-invisible  '><span class='hr-inner ' ><span class='hr-inner-style'><\/span><\/span><\/div><br \/>\n<section class=\"av_textblock_section \"  itemscope=\"itemscope\" itemtype=\"https:\/\/schema.org\/CreativeWork\" ><div class='avia_textblock  '   itemprop=\"text\" ><h2>DIE ORGANISATORISCHE UMGESTALTUNG<\/h2>\n<p>Ihr Unternehmen ist schon lange in Betrieb, die Mitarbeiter wissen, was sie zu tun haben, und die Dinge sind nach und nach ineinander \u00fcbergegangen &#8230; F\u00fcr Sie funktioniert alles, aber f\u00fcr einen Manager, der neu hinzukommt, kann Ihre Organisation sehr komplex oder sogar un\u00fcbersichtlich erscheinen. Potenzielle \u00dcbernehmer werden <strong>die F\u00e4higkeit Ihres Unternehmens, ohne Sie zu funktionieren<\/strong> und <strong>sich an ver\u00e4nderte Bedingungen anzupassen<\/strong>, genau analysieren &#8230; Idealerweise sollten Sie <strong>ISO-9001 sein<\/strong>, dies w\u00fcrde ein Organisationsniveau nachweisen, das den internationalen Standards f\u00fcr Qualit\u00e4tsorganisation entspricht, d. h. die F\u00e4higkeit, die Anforderungen Ihrer Kunden zu erf\u00fcllen. Die F\u00fchrungskr\u00e4fte, die nach dem Verkauf im Unternehmen verbleiben, m\u00fcssen in der Lage sein, das Unternehmen t\u00e4glich weiterzuf\u00fchren. <strong>Unsere Experten, die auf Prozessoptimierung spezialisiert sind, k\u00f6nnen Ihnen in diesem Sinne helfen, den Wert Ihres Unternehmens in der Verkaufsphase zu steigern.<\/strong><\/p>\n<h2>DIE FINANZIELLE UMGESTALTUNG<\/h2>\n<p>Unsere Experten greifen in Ihre Bilanz ein, um das Eigenkapital zu maximieren, indem sie die R\u00fccklagen aufstocken, die Kontokorrentkonten einbeziehen und gegebenenfalls eine Kapitalerh\u00f6hung vornehmen (wobei sie mit der steuerlichen Hebelwirkung spielen&#8230;).<\/p>\n<p><strong>Eine umfangreiche Reduzierung des Working Capital <\/strong>(Vorr\u00e4te und Kundenkonten) ist immer m\u00f6glich (Factoring&#8230;).<\/p>\n<p><strong>Bestimmte Kosten k\u00f6nnen aktiviert<\/strong>, immaterielle Aktiva geschaffen (Marke, Name&#8230;) und materielle Aktiva neu bewertet werden&#8230;<\/p>\n<p>Einige R\u00fcckstellungen sind vielleicht nicht mehr gerechtfertigt! Neben der Optimierung der Aktiva des Unternehmens werden wir auch versuchen, Ihr Nettoergebnis zu optimieren, um den Erwartungen der meisten \u00dcbernehmer gerecht zu werden.<\/p>\n<\/div><\/section><\/p><\/div><\/p>\n","protected":false},"excerpt":{"rendered":"<p>Aktivaoptimierung des Unternehmens<\/p>\n","protected":false},"author":2,"featured_media":7001,"parent":14593,"menu_order":0,"comment_status":"closed","ping_status":"closed","template":"","meta":{"footnotes":""},"class_list":["post-1484","page","type-page","status-publish","has-post-thumbnail","hentry"],"_links":{"self":[{"href":"https:\/\/actoria.com\/ch-de\/wp-json\/wp\/v2\/pages\/1484","targetHints":{"allow":["GET"]}}],"collection":[{"href":"https:\/\/actoria.com\/ch-de\/wp-json\/wp\/v2\/pages"}],"about":[{"href":"https:\/\/actoria.com\/ch-de\/wp-json\/wp\/v2\/types\/page"}],"author":[{"embeddable":true,"href":"https:\/\/actoria.com\/ch-de\/wp-json\/wp\/v2\/users\/2"}],"replies":[{"embeddable":true,"href":"https:\/\/actoria.com\/ch-de\/wp-json\/wp\/v2\/comments?post=1484"}],"version-history":[{"count":0,"href":"https:\/\/actoria.com\/ch-de\/wp-json\/wp\/v2\/pages\/1484\/revisions"}],"up":[{"embeddable":true,"href":"https:\/\/actoria.com\/ch-de\/wp-json\/wp\/v2\/pages\/14593"}],"wp:featuredmedia":[{"embeddable":true,"href":"https:\/\/actoria.com\/ch-de\/wp-json\/wp\/v2\/media\/7001"}],"wp:attachment":[{"href":"https:\/\/actoria.com\/ch-de\/wp-json\/wp\/v2\/media?parent=1484"}],"curies":[{"name":"wp","href":"https:\/\/api.w.org\/{rel}","templated":true}]}}