{"id":1487,"date":"2015-05-12T16:18:41","date_gmt":"2015-05-12T14:18:41","guid":{"rendered":"https:\/\/actoria.com\/ch\/?page_id=1487"},"modified":"2026-04-27T15:44:32","modified_gmt":"2026-04-27T13:44:32","slug":"le-dossier-projet-de-lentreprise","status":"publish","type":"page","link":"https:\/\/actoria.com\/ch-de\/ubertragen\/unsere-tools-und-beratung-zur-ubertragung\/warum-die-ubertragung-eines-unternehmens-vorbereiten\/le-dossier-projet-de-lentreprise\/","title":{"rendered":"Die Projektmappe des Unternehmens"},"content":{"rendered":"<div id='av_section_1'  class='avia-section main_color avia-section-default avia-no-border-styling  avia-full-stretch avia-bg-style-fixed  avia-builder-el-0  el_before_av_one_full  avia-builder-el-first  header_page_section_title_wrapper  av-arrow-down-section av-minimum-height av-minimum-height-custom  container_wrap sidebar_right' style='background-repeat: no-repeat; background-image: url(https:\/\/actoria.com\/ch-de\/wp-content\/uploads\/2021\/12\/shutterstock-1-37-1500x910.jpg);background-attachment: fixed; background-position: center center;  '  data-section-bg-repeat='stretch'><div class='container' style='height:660px'><main  role=\"main\" itemprop=\"mainContentOfPage\"  class='template-page content  av-content-small alpha units'><div class='post-entry post-entry-type-page post-entry-1487'><div class='entry-content-wrapper clearfix'>\n<div class='flex_column_table av-equal-height-column-flextable -flextable' ><div class=\"flex_column av_one_full  flex_column_table_cell av-equal-height-column av-align-bottom av-zero-column-padding first  avia-builder-el-1  avia-builder-el-no-sibling  header_page_section_title \" style='border-radius:0px; ' id=\"header_page_section_title\" ><p><br \/>\n<div  style='padding-bottom:5px; margin:0 0 0 0; color:#ffffff;' class='av-special-heading av-special-heading-h1 custom-color-heading   avia-builder-el-3  el_after_av_codeblock  avia-builder-el-last  '><h1 class='av-special-heading-tag '  itemprop=\"headline\"  >Warum ist es unerl\u00e4sslich, die Ver\u00e4u\u00dferung eines Unternehmens vorzubereiten ?<\/h1><div class='special-heading-border'><div class='special-heading-inner-border' style='border-color:#ffffff'><\/div><\/div><\/div><\/p><\/div><\/div><!--close column table wrapper. Autoclose: 1 --><\/div><\/div><\/main><!-- close content main element --><\/div><div class='av-extra-border-element border-extra-arrow-down'><div class='av-extra-border-outer'><div class='av-extra-border-inner'  style='background-color:#ffffff;' ><\/div><\/div><\/div><\/div><div id='after_section_1'  class='main_color av_default_container_wrap container_wrap sidebar_right' style=' '  ><div class='container' ><div class='template-page content  av-content-small alpha units'><div class='post-entry post-entry-type-page post-entry-1487'><div class='entry-content-wrapper clearfix'><div class=\"flex_column av_one_full  flex_column_div av-zero-column-padding first  avia-builder-el-4  el_after_av_section  avia-builder-el-no-sibling  \" style='border-radius:0px; '><section class=\"av_textblock_section \"  itemscope=\"itemscope\" itemtype=\"https:\/\/schema.org\/CreativeWork\" ><div class='avia_textblock  '   itemprop=\"text\" ><h1>Warum sagt man, dass die Vorbereitung einer Unternehmens\u00fcbertragung obligatorisch ist?<\/h1>\n<p>Die Vorbereitung einer Unternehmens\u00fcbertragung ist <strong>unerl\u00e4sslich<\/strong>, um Hindernisse f\u00fcr die Ver\u00e4u\u00dferung eines KMU zu beseitigen oder den Wert des Unternehmens zu maximieren. Unabh\u00e4ngig von der Gr\u00f6\u00dfe oder der Gesch\u00e4ftst\u00e4tigkeit ist eine gute Vorbereitung der Ver\u00e4u\u00dferung eine hervorragende Rendite f\u00fcr die Investition.<\/p>\n<p>Die wichtigsten Punkte, die im Einzelnen behandelt werden m\u00fcssen, um eine solche Vorbereitung einer Gesch\u00e4ftsver\u00e4u\u00dferung durchzuf\u00fchren, sind unten aufgef\u00fchr.<\/p>\n<p><strong>\u2022<\/strong> Gibt es einen Businessplan f\u00fcr mehrere Jahre?<br \/>\n<strong>\u2022<\/strong> Weisen die Abschl\u00fcsse der letzten drei Gesch\u00e4ftsjahre eine positive Entwicklung auf ?<br \/>\n<strong>\u2022<\/strong> Sind unvorhergesehene Entwicklungen erkl\u00e4rbar?<br \/>\n<strong>\u2022<\/strong> Werden die Kontokorrentkonten der Aktion\u00e4re zur\u00fcckgezahlt?<br \/>\n<strong>\u2022<\/strong> Wie wird Ihr gr\u00f6\u00dfter Kunde reagieren?<br \/>\n<strong>\u2022<\/strong> Gibt es noch B\u00fcrgschaften des Unternehmers, die aufgehoben werden m\u00fcssen?<br \/>\n<strong>\u2022<\/strong> Stehen die F\u00fchrungskr\u00e4fte der gew\u00e4hlten L\u00f6sung positiv gegen\u00fcber?<br \/>\n<strong>\u2022<\/strong> Besteht die Gefahr, dass nach der Ver\u00e4u\u00dferung Ihres Unternehmens alte Gesch\u00e4fte wieder aufleben?<br \/>\n<strong>\u2022 <\/strong>Werden buchhalterische Entscheidungen, die getroffen wurden, um weniger Steuern zu zahlen, nicht den Eindruck erwecken, dass Ihr Unternehmen f\u00fcr einen \u00dcbernehmer nicht rentabel genug ist?<br \/>\n<strong>\u2022<\/strong> Gibt es steuerlich \u00fcbertragbare Forderungen?<br \/>\n<strong>\u2022<\/strong> Wann war die letzte Steuerpr\u00fcfung?<br \/>\n<strong>\u2022<\/strong> Haben Ihre Familienmitglieder, die im Unternehmen besch\u00e4ftigt sind, markt\u00fcbliche Positionen und Geh\u00e4lter?<\/p>\n<h2>WARUM DAS PROJEKT:<\/h2>\n<p><strong>\u2022<\/strong> Motivationen<br \/>\n<strong>\u2022<\/strong> Finanzielle Situation<br \/>\n<strong>\u2022<\/strong> Endogene und exogene Zw\u00e4nge des Unternehmens<br \/>\n<strong>\u2022<\/strong> Projekte pos Betrieb.<\/p>\n<h2><strong>PR\u00dcFUNG VERSCHIEDENER OPTIONEN:<\/strong><\/h2>\n<p><strong>\u2022<\/strong> \u00dcbertragung an ein Familienmitglied?<br \/>\n<strong>\u2022<\/strong> \u00dcbertragung des Unternehmens an ein Mitglied der Belegschaft?<br \/>\n<strong>\u2022<\/strong> \u00dcbertragung des Unternehmens an einen Dritten?<br \/>\n<strong>\u2022<\/strong> Kann man die \u00dcbertragung des Unternehmens an einen bekannten Dritten (Kunde, Lieferant, Partner,..) in Betracht ziehen?<br \/>\n<strong>\u2022<\/strong> Wenn der Dritte unbekannt ist, kann es sich dann um eine nat\u00fcrliche Person und\/oder eine juristische Person handeln?<\/p>\n<h2><strong>DAS UNTERNEHMEN VORBEREITEN:<\/strong><\/h2>\n<p><strong>\u2022<\/strong> Wie entwickelt sich sein Markt und welche Strategie verfolgt er, um ihn zu nutzen?<br \/>\n<strong>\u2022<\/strong> Wie gro\u00df ist sein Entwicklungspotenzial?<br \/>\n<strong>\u2022<\/strong> Verf\u00fcgt das Unternehmen \u00fcber eine leistungsf\u00e4hige Betriebskapazit\u00e4t?<br \/>\n<strong>\u2022<\/strong> Verf\u00fcgt es \u00fcber eine Verschuldungskapazit\u00e4t?<br \/>\n<strong>\u2022<\/strong> Ist die zu ver\u00e4u\u00dfernde Rechtsstruktur optimal?<br \/>\n<strong>\u2022<\/strong> Wem geh\u00f6ren die Immobilien?<\/p>\n<h2><strong>DIE PR\u00c4SENTATION OPTIMIEREN:<\/strong><\/h2>\n<p>Ohne bis zum &#171;Window Dressing&#187; zu gehen, ist es notwendig, die Ver\u00e4u\u00dferung eines KMU vorzubereiten, indem man das Unternehmen von seiner besten Seite pr\u00e4sentiert und im Vorfeld alle Probleme l\u00f6st, die einer Ver\u00e4u\u00dferung oder einem Verkauf Ihres Unternehmens im Wege stehen k\u00f6nnten.<\/p>\n<h2><strong>DER UNTERNEHMER MUSS AUCH EINE PERS\u00d6NLICHE BILANZ ZIEHEN, WOBEI ER FOLGENDES UNTERSUCHT :<\/strong><\/h2>\n<p><strong>\u2022<\/strong> Seine Motivation<br \/>\n<strong>\u2022<\/strong> Seine Verm\u00f6genssituation<br \/>\n<strong>\u2022<\/strong> Seine finanziellen Zw\u00e4nge<br \/>\n<strong>\u2022<\/strong> Seine mittel- und langfristige Strategie<\/p>\n<\/div><\/section><br \/>\n<section class=\"av_textblock_section \"  itemscope=\"itemscope\" itemtype=\"https:\/\/schema.org\/CreativeWork\" ><div class='avia_textblock  '   itemprop=\"text\" ><\/div><\/section><\/p><\/div><\/p>\n","protected":false},"excerpt":{"rendered":"<p>Die Projektmappe des Unternehmens<\/p>\n","protected":false},"author":2,"featured_media":6932,"parent":1464,"menu_order":0,"comment_status":"closed","ping_status":"closed","template":"","meta":{"footnotes":""},"class_list":["post-1487","page","type-page","status-publish","has-post-thumbnail","hentry"],"_links":{"self":[{"href":"https:\/\/actoria.com\/ch-de\/wp-json\/wp\/v2\/pages\/1487","targetHints":{"allow":["GET"]}}],"collection":[{"href":"https:\/\/actoria.com\/ch-de\/wp-json\/wp\/v2\/pages"}],"about":[{"href":"https:\/\/actoria.com\/ch-de\/wp-json\/wp\/v2\/types\/page"}],"author":[{"embeddable":true,"href":"https:\/\/actoria.com\/ch-de\/wp-json\/wp\/v2\/users\/2"}],"replies":[{"embeddable":true,"href":"https:\/\/actoria.com\/ch-de\/wp-json\/wp\/v2\/comments?post=1487"}],"version-history":[{"count":0,"href":"https:\/\/actoria.com\/ch-de\/wp-json\/wp\/v2\/pages\/1487\/revisions"}],"up":[{"embeddable":true,"href":"https:\/\/actoria.com\/ch-de\/wp-json\/wp\/v2\/pages\/1464"}],"wp:featuredmedia":[{"embeddable":true,"href":"https:\/\/actoria.com\/ch-de\/wp-json\/wp\/v2\/media\/6932"}],"wp:attachment":[{"href":"https:\/\/actoria.com\/ch-de\/wp-json\/wp\/v2\/media?parent=1487"}],"curies":[{"name":"wp","href":"https:\/\/api.w.org\/{rel}","templated":true}]}}