{"id":15902,"date":"2021-10-09T07:31:17","date_gmt":"2021-10-09T05:31:17","guid":{"rendered":"https:\/\/actoria.com\/ch\/?page_id=15902"},"modified":"2026-04-27T15:59:17","modified_gmt":"2026-04-27T13:59:17","slug":"unternehmensubertragung-und-nachfolge-im-kanton-waadt","status":"publish","type":"page","link":"https:\/\/actoria.com\/ch-de\/uber-uns\/organisation\/kantonale-niederlassungen\/unternehmensubertragung-und-nachfolge-im-kanton-waadt\/","title":{"rendered":"Unternehmens\u00fcbertragung und Nachfolge im Kanton Waadt"},"content":{"rendered":"<div id='av_section_1'  class='avia-section main_color avia-section-default avia-no-border-styling  avia-full-stretch avia-bg-style-fixed  avia-builder-el-0  el_before_av_one_full  avia-builder-el-first  header_page_section_title_wrapper  av-arrow-down-section av-minimum-height av-minimum-height-custom  container_wrap sidebar_right' style='background-repeat: no-repeat; background-image: url(https:\/\/actoria.com\/ch-de\/wp-content\/uploads\/2021\/10\/shutterstock-457807060-1500x1000.jpg);background-attachment: fixed; background-position: center center;  '  data-section-bg-repeat='stretch'><div class='container' style='height:660px'><main  role=\"main\" itemprop=\"mainContentOfPage\"  class='template-page content  av-content-small alpha units'><div class='post-entry post-entry-type-page post-entry-15902'><div class='entry-content-wrapper clearfix'>\n<div class='flex_column_table av-equal-height-column-flextable -flextable' ><div class=\"flex_column av_one_full  flex_column_table_cell av-equal-height-column av-align-bottom av-zero-column-padding first  avia-builder-el-1  avia-builder-el-no-sibling  header_page_section_title \" style='border-radius:0px; ' id=\"header_page_section_title\" ><p><br \/>\n<div  style='padding-bottom:5px; margin:0 0 0 0; color:#ffffff;' class='av-special-heading av-special-heading-h2 custom-color-heading   avia-builder-el-3  el_after_av_codeblock  avia-builder-el-last  '><h2 class='av-special-heading-tag '  itemprop=\"headline\"  >Unternehmens\u00fcbertragung und Nachfolge im Kanton Waadt<\/h2><div class='special-heading-border'><div class='special-heading-inner-border' style='border-color:#ffffff'><\/div><\/div><\/div><\/p><\/div><\/div><!--close column table wrapper. Autoclose: 1 --><\/div><\/div><\/main><!-- close content main element --><\/div><div class='av-extra-border-element border-extra-arrow-down'><div class='av-extra-border-outer'><div class='av-extra-border-inner'  style='background-color:#ffffff;' ><\/div><\/div><\/div><\/div><div id='after_section_1'  class='main_color av_default_container_wrap container_wrap sidebar_right' style=' '  ><div class='container' ><div class='template-page content  av-content-small alpha units'><div class='post-entry post-entry-type-page post-entry-15902'><div class='entry-content-wrapper clearfix'><div class=\"flex_column av_one_full  flex_column_div av-zero-column-padding first  avia-builder-el-4  el_after_av_section  avia-builder-el-no-sibling  \" style='border-radius:0px; '><section class=\"av_textblock_section \"  itemscope=\"itemscope\" itemtype=\"https:\/\/schema.org\/CreativeWork\" ><div class='avia_textblock  '   itemprop=\"text\" ><h3 style=\"text-align: justify;\"><strong>Actoria Kanton Waadt :<\/strong><\/h3>\n<p style=\"text-align: justify;\">Tel : +41 (0)21 519 08 27<br \/>\nEmail : info-vaud@actoria.ch<\/p>\n<h3 style=\"text-align: justify;\">Unternehmens\u00fcbertragung und Nachfolge im Kanton Waadt: Wie kann man sein Unternehmen im Kanton Waadt vorbereiten und \u00fcbertragen?<\/h3>\n<p style=\"text-align: justify;\"><em>Hier finden Sie alle wirtschaftlichen und demographischen Informationen, die Sie ben\u00f6tigen, um die \u00dcbertragung Ihres Unternehmens zu antizipieren. Entdecken Sie auch die dynamischsten Sektoren im Kanton Waadt.<\/em><\/p>\n<h3 style=\"text-align: justify;\">Unternehmens\u00fcbertragung und Nachfolge im Kanton Waadt und Wirtschaft<\/h3>\n<div id=\"attachment_16188\" style=\"width: 310px\" class=\"wp-caption alignleft\"><img loading=\"lazy\" decoding=\"async\" aria-describedby=\"caption-attachment-16188\" class=\"wp-image-16188 size-medium\" title=\"Transmission d'entreprises dans le canton de Vaud - - Transmission entreprises et d\u00e9veloppement Vaud\" src=\"https:\/\/actoria.com\/ch\/wp-content\/uploads\/2021\/10\/ddca71a3f71f23ca70111bc52aa7df5991dde5d3-2000-620x367-2-300x178.jpg\" alt=\"Transmission d'entreprises et succession dans le canton de Vaud\" width=\"300\" height=\"178\" srcset=\"https:\/\/actoria.com\/ch-de\/wp-content\/uploads\/2021\/10\/ddca71a3f71f23ca70111bc52aa7df5991dde5d3-2000-620x367-2-300x178.jpg 300w, https:\/\/actoria.com\/ch-de\/wp-content\/uploads\/2021\/10\/ddca71a3f71f23ca70111bc52aa7df5991dde5d3-2000-620x367-2.jpg 620w\" sizes=\"auto, (max-width: 300px) 100vw, 300px\" \/><p id=\"caption-attachment-16188\" class=\"wp-caption-text\">Unternehmens\u00fcbertragung im Kanton Waadt &#8211; &#8211; Unternehmens\u00fcbertragung und Entwicklung Waadt<\/p><\/div>\n<p>Der Kanton Waadt (VD, 8% des helvetischen Territoriums) ist der drittbev\u00f6lkerungsreichste Kanton der Schweiz (794.384 Einwohner Ende 2017) und der erste in der Westschweiz. Die Hauptstadt und gr\u00f6\u00dfte Stadt ist Lausanne (4. Stadt des Landes), dessen Ballungsraum mehr als 400.000 Einwohner z\u00e4hlt, was fast 52,5% der Gesamtbev\u00f6lkerung ausmacht.<\/p>\n<p>Nach Sch\u00e4tzungen vom Oktober 2019 belief sich das BIP des Kantons Waadt im Jahr 2018 auf CHF 57,2 Mrd. und machte damit 8% des nationalen BIP aus. Es ist der reichste Kanton in der Westschweiz, vor Genf. Der Kanton ist dynamisch, denn zwischen 1997 und 2018 verzeichnete das Waadtl\u00e4nder BIP ein durchschnittliches reales Wachstum, das \u00fcber dem der Schweiz lag, mit +2,5% pro Jahr gegen\u00fcber +2,0% (die Bandbreite kann je nach Institut und Berechnungsmethode variieren, der Abstand bleibt jedoch im Wesentlichen derselbe).<\/p>\n<div id=\"attachment_16189\" style=\"width: 310px\" class=\"wp-caption alignleft\"><img loading=\"lazy\" decoding=\"async\" aria-describedby=\"caption-attachment-16189\" class=\"wp-image-16189 size-medium\" title=\"Transmission d'entreprises dans le canton de Vaud - - Transmission entreprises et d\u00e9veloppement Vaud\" src=\"https:\/\/actoria.com\/ch\/wp-content\/uploads\/2021\/10\/PIB-Vaudoise-graphique-620x386-2-300x187.jpg\" alt=\"Transmission d'entreprises et succession dans le canton de Vaud\" width=\"300\" height=\"187\" srcset=\"https:\/\/actoria.com\/ch-de\/wp-content\/uploads\/2021\/10\/PIB-Vaudoise-graphique-620x386-2-300x187.jpg 300w, https:\/\/actoria.com\/ch-de\/wp-content\/uploads\/2021\/10\/PIB-Vaudoise-graphique-620x386-2.jpg 620w\" sizes=\"auto, (max-width: 300px) 100vw, 300px\" \/><p id=\"caption-attachment-16189\" class=\"wp-caption-text\">Unternehmens\u00fcbertragung im Kanton Waadt &#8211; &#8211; Unternehmens\u00fcbertragung und Entwicklung Waadt<\/p><\/div>\n<p>Ende 2017 gab es im Kanton Waadt 60.500 Unternehmen und ein Besch\u00e4ftigungsvolumen von etwa 357.800 Vollzeit\u00e4quivalenten. Der terti\u00e4re Sektor (Handel und Dienstleistungen) konzentriert das gr\u00f6\u00dfte Besch\u00e4ftigungsvolumen (78%). Danach folgt der sekund\u00e4re Sektor, der 19% des Besch\u00e4ftigungsvolumens des Kantons ausmacht. Der prim\u00e4re Sektor (Landwirtschaft, Forstwirtschaft, Fischerei) macht weniger als 3% des Gesamtvolumens aus.<\/p>\n<p>Die Schweizer Industrie (&#171;Swiss Made&#187;) ist weltweit bekannt. Die Waadtl\u00e4nder Industrie tr\u00e4gt mit ihren industriellen Flaggschiffen, die sich auf ein Ausbildungssystem st\u00fctzen, das das historische industrielle Know-how des Kantons fortsetzt (z.B. Uhrenindustrie mit den Marken Audemars Piguet oder Jaeger-Lecoultre), einen gro\u00dfen Teil zu diesem Erfolg bei. Der Kanton ist f\u00fchrend im gesamten Spektrum der Pr\u00e4zisionstechnologien, wie Mikromechanik, Mikroelektronik und Mikrosysteme.<\/p>\n<p>Das weltweit einzigartige Schweizer Ausbildungssystem bildet qualifizierte Arbeitskr\u00e4fte aus, die es ausl\u00e4ndischen Unternehmen, die sich hier niedergelassen haben, und lokalen Unternehmen erm\u00f6glichen, Produkte mit hoher Wertsch\u00f6pfung zu entwickeln. Allein im Kanton Waadt gibt es 4 universit\u00e4re Hochschulen und 9 Fachhochschulen (HES).<\/p>\n<h3>Wie wichtig ist es, sein Unternehmen im Kanton Waadt zu \u00fcbertragen, was steht auf dem Spiel?<\/h3>\n<p>Wie in anderen Schweizer Kantonen ist die Unternehmens\u00fcbertragung im Kanton Waadt eine lebenswichtige territoriale Herausforderung, insbesondere wenn man bedenkt, dass die gro\u00dfe Mehrheit (\u00fcber 99%) der Schweizer Unternehmen kleine und mittlere Unternehmen (KMU) sind und weniger als 250 Personen besch\u00e4ftigen.<\/p>\n<p>Im Kanton Waadt k\u00f6nnen die meisten Unternehmen als kleine und mittlere Unternehmen (KMU) klassifiziert werden, die hoch spezialisiert und extrem flexibel sind.<\/p>\n<p>Actoria ist der einzige auf KMUs spezialisierte Anbieter, der intern \u00fcber alle Kompetenzen verf\u00fcgt, die f\u00fcr eine erfolgreiche \u00dcbertragung eines Unternehmens in der Schweiz unerl\u00e4sslich sind (finanzielle und wirtschaftliche, rechtliche und steuerliche, technische Kompetenzen).<\/p>\n<p>Der Kanton Waadt ist eine attraktive Region, in der zahlreiche Bedingungen f\u00fcr die \u00dcbertragung eines Unternehmens gegeben sind. Die Wirtschaftsabkommen, die die Schweiz mit zahlreichen L\u00e4ndern unterzeichnet hat, machen den Kanton zu einem idealen Tor zum europ\u00e4ischen Markt und zum Rest der Welt. Aus diesem Grund haben viele multinationale Unternehmen wie Medtronic, Nissan, Honeywell, Starbucks Coffee, Nestl\u00e9 und Cisco ihren weltweiten, europ\u00e4ischen oder EMEA-Hauptsitz in der Schweiz. Diese Konzentration multinationaler Unternehmen und die Vielfalt der kleinen und mittleren Unternehmen im Kanton Waadt ziehen Talente aus der ganzen Welt an.<\/p>\n<div id=\"attachment_16190\" style=\"width: 310px\" class=\"wp-caption alignleft\"><img loading=\"lazy\" decoding=\"async\" aria-describedby=\"caption-attachment-16190\" class=\"wp-image-16190 size-medium\" title=\"Transmission d'entreprises dans le canton de Vaud - - Transmission entreprises et d\u00e9veloppement Vaud\" src=\"https:\/\/actoria.com\/ch\/wp-content\/uploads\/2021\/10\/SwissVentureGraphic-620x363-2-300x176.jpg\" alt=\"Transmission d'entreprises et succession dans le canton de Vaud\" width=\"300\" height=\"176\" srcset=\"https:\/\/actoria.com\/ch-de\/wp-content\/uploads\/2021\/10\/SwissVentureGraphic-620x363-2-300x176.jpg 300w, https:\/\/actoria.com\/ch-de\/wp-content\/uploads\/2021\/10\/SwissVentureGraphic-620x363-2.jpg 620w\" sizes=\"auto, (max-width: 300px) 100vw, 300px\" \/><p id=\"caption-attachment-16190\" class=\"wp-caption-text\">Unternehmens\u00fcbertragung im Kanton Waadt &#8211; &#8211; Unternehmens\u00fcbertragung und Entwicklung Waadt<\/p><\/div>\n<p>Der Kanton Waadt bietet Investoren die Gewissheit, vor Ort qualifizierte Arbeitskr\u00e4fte zu finden. Die engen Verbindungen zwischen der akademischen Welt und den Unternehmen machen das Waadtland zu einem f\u00fchrenden Standort f\u00fcr Forschungsaktivit\u00e4ten, die auf neue Technologien angewendet werden. Insbesondere im Jahr 2018 war der Kanton Waadt nach Z\u00fcrich der dynamischste Kanton in Bezug auf die Kapitalbeschaffung f\u00fcr Startups (CHF 267,5 Mio. gegen\u00fcber CHF 71,1 Mio. in Genf zum Beispiel).<\/p>\n<p>Schlie\u00dflich machen die Lebensqualit\u00e4t des Kantons Waadt zwischen Seen und Bergen (10% der \u00dcbernachtungen pro Jahr im Land), generell die der Schweiz, ein erstklassiges Kulturangebot (Montreux Jazz Festival) und eine gro\u00dfe Auswahl an gastronomischen Einrichtungen den Kanton Waadt zu einem \u00e4u\u00dferst attraktiven Ort.<\/p>\n<h3>Unternehmens\u00fcbertragung und -nachfolge im Kanton Waadt: die dynamischsten Sektoren<\/h3>\n<p>Energie und Umwelt: Der Kanton verf\u00fcgt \u00fcber ein Netzwerk von Unternehmen, die in Umwelt- und Energiefragen f\u00fchrend sind. Auf dem schnell wachsenden Weltmarkt f\u00fcr Cleantech oder saubere Technologien, der sich auf 2,5 Billionen Euro bel\u00e4uft, investieren Unternehmen wie Leclanch\u00e9 (Energiespeicherl\u00f6sungen) und Romande Energie (Entwicklung erneuerbarer Energien und Energieeffizienz) massiv in zukunftsorientierte technologische L\u00f6sungen. Der Kanton unterst\u00fctzt die Innovation mit einer beeindruckenden Dichte an Forschungsinstituten (Eidgen\u00f6ssische Technische Hochschule Lausanne, Centre Hospitalier Universitaire Vaudois, Schweizerisches Institut f\u00fcr experimentelle Krebsforschung) und verf\u00fcgt \u00fcber Technologiecluster von Weltruf. Ein Beispiel hierf\u00fcr ist Cleantech Alps mit Sitz in Sion.<\/p>\n<p>Pr\u00e4zisionsindustrie: In den Bereichen Robotik, Luft- und Raumfahrt, Messtechnik und Drohnen sind in der Waadt f\u00fchrende Industrieunternehmen angesiedelt: Apco Technologies, Lamina Technologies, SenseFly. Nicht zu vergessen die Pr\u00e4zisionsuhrenindustrie. Mit Weitblick investiert der Kanton in andere Zukunftssektoren wie additive Fertigung, 3D-Druck oder Industriedesign.<\/p>\n<p>Nutrition und Lebensmitteltechnologie: Der Schweizer Riese Nestl\u00e9 wurde 1905 in Vevey im Kanton gegr\u00fcndet. Die Tradition und der Ruf des Schweizer Nahrungsmittelsektors haben Waadt zu einer Heimat f\u00fcr internationale Branchenriesen wie General Mills, Chiquita und ADM (US) gemacht. Neben dem Nestl\u00e9 Research Center beherbergt die Waadt innovative F&amp;E-Einrichtungen wie das Agroscope de Changins und den Agrop\u00f4le de Molondin.\u00a0 Die Eidgen\u00f6ssische Technische Hochschule Lausanne er\u00f6ffnete vor einigen Jahren ein interdisziplin\u00e4res Forschungszentrum, das Food and Nutrition Center (CNU), das darauf abzielt, Forschungs- und Industrieakteure in Bezug auf Ern\u00e4hrungsfragen zusammenzubringen.<\/p>\n<p>Biowissenschaften und Gesundheit: Waadt wird als &#171;Health Valley&#187; bezeichnet. Der Kanton ist f\u00fchrend auf dem Gebiet der medizinischen Versorgung, der medizinischen Forschung und der Ausbildung. Der Kanton beherbergt Unternehmen, die sich auf Neurowissenschaften, Immunologie oder Herz-Kreislauf-Erkrankungen spezialisiert haben. Das Universit\u00e4tskrankenhaus des Kantons Waadt (CHUV) entwickelt Projekte von internationaler Dimension. Im Kanton sind 400 Unternehmen und ebenso viele Laboratorien registriert, die im Bereich der Biowissenschaften t\u00e4tig sind. Im Jahr 2016 zogen die jungen Unternehmen im Health Valley 7,4% der weltweiten Risikokapitalinvestitionen f\u00fcr diesen Sektor an. Medtronic, der weltweit f\u00fchrende Anbieter von medizinischen Technologien, L\u00f6sungen und Dienstleistungen, hat seinen Hauptsitz f\u00fcr Europa, den Nahen Osten und Afrika in Tolochenaz eingerichtet.<\/p>\n<p>Informations- und digitale Technologien: Die Schweiz ist das Land, in dem 1989 das World Wide Web am CERN in Meyrin bei Genf entstand, und ist im digitalen Sektor sehr dynamisch. In Waadt gibt es f\u00fchrende Unternehmen im Bereich der Computertechnik (Safe Host, Brainserve). Auch hier bieten die akademischen Strukturen &#8211; die Eidgen\u00f6ssische Technische Hochschule Lausanne verf\u00fcgt \u00fcber zwei Zentren f\u00fcr Datenwissenschaft &#8211; und die Forschungslabors einen idealen Rahmen f\u00fcr die Entwicklung von digitalen Produkten und Dienstleistungen.<\/p>\n<h3 style=\"text-align: justify;\">Vor der \u00dcbertragung eines Unternehmens im Kanton Waadt<\/h3>\n<p style=\"text-align: justify;\">Es ist wichtig, sich mit der regionalen wirtschaftlichen Realit\u00e4t vertraut zu machen. Die oben genannten Schl\u00fcsselzahlen geben einen allgemeinen Einblick in die Wirtschaft des Kantons.<\/p>\n<h3 style=\"text-align: justify;\">Begleitung der \u00dcbertragung Ihres Unternehmens im Kanton Waadt<\/h3>\n<p style=\"text-align: justify;\">Das Beratungsunternehmen Actoria, Spezialist f\u00fcr Unternehmens\u00fcbertragungen, ist in der Schweiz mit einer lokalen Niederlassung in Freiburg vertreten. Seit \u00fcber 25 Jahren begleiten wir F\u00fchrungskr\u00e4fte bei der \u00dcbertragung ihres Unternehmens mit einer bew\u00e4hrten Methode. Mit einem eingespielten Verfahren erledigen wir an Ihrer Seite alle Formalit\u00e4ten &#8211; Audit, Buchhaltung, Recht, HR, etc. &#8211; f\u00fcr den Verkauf Ihres Unternehmens. Von der Erstellung Ihrer Unterlagen bis zur Unterzeichnung des \u00dcbertragungsvertrags helfen wir Ihnen bei der Auswahl des besten Kandidaten f\u00fcr die \u00dcbernahme und verhandeln mit Ihnen die Bedingungen der \u00dcbertragung. Als unumg\u00e4nglicher Akteur bei der \u00dcbertragung von KMU und Kleinstunternehmen in der Schweiz und im Kanton Waadt unterst\u00fctzt Actoria jede Unternehmens\u00fcbertragung auf individuelle Weise. Wenn auch Sie die \u00dcbertragung Ihres Unternehmens im Kanton Waadt planen, nehmen Sie bitte Kontakt mit unserem B\u00fcro vor Ort auf.<\/p>\n<p style=\"text-align: justify;\"><strong><br \/>\nKartografische Elemente :<\/strong><\/p>\n<div id=\"attachment_16191\" style=\"width: 310px\" class=\"wp-caption alignleft\"><img loading=\"lazy\" decoding=\"async\" aria-describedby=\"caption-attachment-16191\" class=\"wp-image-16191 size-medium\" title=\"Transmission d'entreprises dans le canton de Vaud - - Transmission entreprises et d\u00e9veloppement Vaud\" src=\"https:\/\/actoria.com\/ch\/wp-content\/uploads\/2021\/10\/1024px-Karte-Kanton-Waadt-Bezirke-2010-1-620x582-1-300x282.jpg\" alt=\"Transmission d'entreprises et succession dans le canton de Vaud\" width=\"300\" height=\"282\" srcset=\"https:\/\/actoria.com\/ch-de\/wp-content\/uploads\/2021\/10\/1024px-Karte-Kanton-Waadt-Bezirke-2010-1-620x582-1-300x282.jpg 300w, https:\/\/actoria.com\/ch-de\/wp-content\/uploads\/2021\/10\/1024px-Karte-Kanton-Waadt-Bezirke-2010-1-620x582-1.jpg 620w\" sizes=\"auto, (max-width: 300px) 100vw, 300px\" \/><p id=\"caption-attachment-16191\" class=\"wp-caption-text\">Unternehmens\u00fcbertragung im Kanton Waadt &#8211; &#8211; Unternehmens\u00fcbertragung und Entwicklung Waadt<\/p><\/div>\n<\/div><\/section><\/div><\/p>\n","protected":false},"excerpt":{"rendered":"<p>Unternehmens\u00fcbertragung und Nachfolge im Kanton Waadt<\/p>\n","protected":false},"author":2,"featured_media":18347,"parent":8737,"menu_order":0,"comment_status":"closed","ping_status":"closed","template":"","meta":{"footnotes":""},"class_list":["post-15902","page","type-page","status-publish","has-post-thumbnail","hentry"],"_links":{"self":[{"href":"https:\/\/actoria.com\/ch-de\/wp-json\/wp\/v2\/pages\/15902","targetHints":{"allow":["GET"]}}],"collection":[{"href":"https:\/\/actoria.com\/ch-de\/wp-json\/wp\/v2\/pages"}],"about":[{"href":"https:\/\/actoria.com\/ch-de\/wp-json\/wp\/v2\/types\/page"}],"author":[{"embeddable":true,"href":"https:\/\/actoria.com\/ch-de\/wp-json\/wp\/v2\/users\/2"}],"replies":[{"embeddable":true,"href":"https:\/\/actoria.com\/ch-de\/wp-json\/wp\/v2\/comments?post=15902"}],"version-history":[{"count":0,"href":"https:\/\/actoria.com\/ch-de\/wp-json\/wp\/v2\/pages\/15902\/revisions"}],"up":[{"embeddable":true,"href":"https:\/\/actoria.com\/ch-de\/wp-json\/wp\/v2\/pages\/8737"}],"wp:featuredmedia":[{"embeddable":true,"href":"https:\/\/actoria.com\/ch-de\/wp-json\/wp\/v2\/media\/18347"}],"wp:attachment":[{"href":"https:\/\/actoria.com\/ch-de\/wp-json\/wp\/v2\/media?parent=15902"}],"curies":[{"name":"wp","href":"https:\/\/api.w.org\/{rel}","templated":true}]}}