{"id":1657,"date":"2015-05-13T11:28:47","date_gmt":"2015-05-13T11:28:47","guid":{"rendered":"https:\/\/actoria.com\/ch\/?page_id=1657"},"modified":"2026-04-27T15:49:29","modified_gmt":"2026-04-27T13:49:29","slug":"ein-franchise-netzwerk-verkaufen","status":"publish","type":"page","link":"https:\/\/actoria.com\/ch-de\/ubertragen\/an-wen-ubertragen\/ein-franchise-netzwerk-verkaufen\/","title":{"rendered":"Ein Franchise-Netzwerk verkaufen"},"content":{"rendered":"<div id='av_section_1'  class='avia-section main_color avia-section-default avia-no-border-styling  avia-full-stretch avia-bg-style-fixed  avia-builder-el-0  el_before_av_one_full  avia-builder-el-first  header_page_section_title_wrapper  av-arrow-down-section av-minimum-height av-minimum-height-custom  container_wrap sidebar_right' style='background-repeat: no-repeat; background-image: url(https:\/\/actoria.com\/ch-de\/wp-content\/uploads\/2021\/12\/shutterstock-1-79-1500x1001.jpg);background-attachment: fixed; background-position: center center;  '  data-section-bg-repeat='stretch'><div class='container' style='height:660px'><main  role=\"main\" itemprop=\"mainContentOfPage\"  class='template-page content  av-content-small alpha units'><div class='post-entry post-entry-type-page post-entry-1657'><div class='entry-content-wrapper clearfix'>\n<div class='flex_column_table av-equal-height-column-flextable -flextable' ><div class=\"flex_column av_one_full  flex_column_table_cell av-equal-height-column av-align-bottom av-zero-column-padding first  avia-builder-el-1  avia-builder-el-no-sibling  header_page_section_title \" style='border-radius:0px; ' id=\"header_page_section_title\" ><p><br \/>\n<div  style='padding-bottom:5px; margin:0 0 0 0; color:#ffffff;' class='av-special-heading av-special-heading-h1 custom-color-heading   avia-builder-el-3  el_after_av_codeblock  avia-builder-el-last  '><h1 class='av-special-heading-tag '  itemprop=\"headline\"  > Ein Franchise-Netzwerk verkaufen<\/h1><div class='special-heading-border'><div class='special-heading-inner-border' style='border-color:#ffffff'><\/div><\/div><\/div><\/p><\/div><\/div><!--close column table wrapper. Autoclose: 1 -->\n<\/div><\/div><\/main><!-- close content main element --><\/div><div class='av-extra-border-element border-extra-arrow-down'><div class='av-extra-border-outer'><div class='av-extra-border-inner'  style='background-color:#ffffff;' ><\/div><\/div><\/div><\/div><div id='after_section_1'  class='main_color av_default_container_wrap container_wrap sidebar_right' style=' '  ><div class='container' ><div class='template-page content  av-content-small alpha units'><div class='post-entry post-entry-type-page post-entry-1657'><div class='entry-content-wrapper clearfix'>\n<section class=\"av_textblock_section \"  itemscope=\"itemscope\" itemtype=\"https:\/\/schema.org\/CreativeWork\" ><div class='avia_textblock  '   itemprop=\"text\" ><div id=\"attachment_18674\" style=\"width: 310px\" class=\"wp-caption alignleft\"><img loading=\"lazy\" decoding=\"async\" aria-describedby=\"caption-attachment-18674\" class=\"size-medium wp-image-18674\" title=\"C\u00e9der un r\u00e9seau de franchise, transmission d'entreprises en Suisse\" src=\"https:\/\/actoria.com\/ch\/wp-content\/uploads\/2021\/12\/shutterstock-1-78-300x200.jpg\" alt=\"C\u00e9der un r\u00e9seau de franchise, transmission d'entreprises en Suisse\" width=\"300\" height=\"200\" srcset=\"https:\/\/actoria.com\/ch-de\/wp-content\/uploads\/2021\/12\/shutterstock-1-78-300x200.jpg 300w, https:\/\/actoria.com\/ch-de\/wp-content\/uploads\/2021\/12\/shutterstock-1-78-1030x687.jpg 1030w, https:\/\/actoria.com\/ch-de\/wp-content\/uploads\/2021\/12\/shutterstock-1-78-768x512.jpg 768w, https:\/\/actoria.com\/ch-de\/wp-content\/uploads\/2021\/12\/shutterstock-1-78-1536x1024.jpg 1536w, https:\/\/actoria.com\/ch-de\/wp-content\/uploads\/2021\/12\/shutterstock-1-78-2048x1365.jpg 2048w, https:\/\/actoria.com\/ch-de\/wp-content\/uploads\/2021\/12\/shutterstock-1-78-1500x1000.jpg 1500w, https:\/\/actoria.com\/ch-de\/wp-content\/uploads\/2021\/12\/shutterstock-1-78-705x470.jpg 705w\" sizes=\"auto, (max-width: 300px) 100vw, 300px\" \/><p id=\"caption-attachment-18674\" class=\"wp-caption-text\"><em>Ein Franchise-Netzwerk verkaufen, Unternehmens\u00fcbertragung in der Schweiz<\/em><\/p><\/div>\n<p>Die Verkauf eines Franchise- oder Filialnetzes ist oft eine viel komplexere Transaktion als die Verkauf eines Handels- oder Industrieunternehmens und erst recht die Verkauf von Franchisenehmern.<\/p>\n<p>Um ein Netzwerk erfolgreich zu verkaufen, ist eine <strong>sehr seri\u00f6se Vorbereitung<\/strong> der Transaktion unerl\u00e4sslich.<\/p>\n<\/div><\/section>\n<div class=\"flex_column av_one_full  flex_column_div av-zero-column-padding first  avia-builder-el-4  el_after_av_section  avia-builder-el-no-sibling  \" style='border-radius:0px; '><section class=\"av_textblock_section \"  itemscope=\"itemscope\" itemtype=\"https:\/\/schema.org\/CreativeWork\" ><div class='avia_textblock  '   itemprop=\"text\" ><h2 style=\"text-align: justify;\"><strong>VORBEREITUNG F\u00dcR DIE \u00dcBERTRAGUNG EINES FRANCHISE-NETZWERKS IN DER SCHWEIZ<\/strong><\/h2>\n<p>Diese Vorbereitung muss sich insbesondere auf folgende Punkte beziehen:<\/p>\n<p>\u2714Buchhalterische Vorbereitung des Unternehmens oder der Unternehmen, die das Netzwerk besitzen.<\/p>\n<p>\u2714Vorbereitung der Kommunikation gegen\u00fcber den Mitgliedern des Netzwerks.<\/p>\n<p>\u2714Rechtliche Vorbereitung der Franchisevertr\u00e4ge, die die Erlaubnis zur \u00dcbertragung des Netzwerks vorsehen m\u00fcssen.<\/p>\n<p>\u2714Vorbereitung des strategischen Plans f\u00fcr die n\u00e4chsten 2 bis 3 Jahre.<\/p>\n<p>\u2714Optimierung und Sicherung von Immobilienbesitz oder -beziehungen<\/p>\n<p>\u2714Finanzgutachten des Netzwerks zur Bestimmung des Werts des Netzwerks<\/p>\n<p>\u2714Finanzdiagnose des Netzwerks mit dem Ziel, die wirtschaftliche Leistung des Netzwerks hervorzuheben.<\/p>\n<p>\u2714Erstellung einer sehr umfassenden Pr\u00e4sentationsmappe (eventuell in mehrere Sprachen \u00fcbersetzt), die potenziellen \u00dcbernehmern und\/oder Investoren ausgeh\u00e4ndigt wird.<\/p>\n<p><strong>Jeder der oben genannten Punkte der Vorbereitung muss gr\u00fcndlich angegangen werden.<\/strong><\/p>\n<p>Eine schlampige oder gar keine Vorbereitung ist oft ein Grund f\u00fcr den Misserfolg, wenn es darum geht, ein Franchise-Netzwerk zu verkaufen.<\/p>\n<p>Allzu oft entsprechen die Pr\u00e4sentationsunterlagen, die die wichtigsten Punkte der Vorbereitung wiedergeben, nicht den Erwartungen der \u00dcbernehmer und Investoren. Das Ergebnis ist eine Zeitverschwendung f\u00fcr alle Beteiligten.<\/p>\n<p>Insbesondere die Fragen der buchhalterischen Vorbereitung und der Bewertung des Netzes sind heikel. Sie erfordern h\u00e4ufig eine <strong>Anpassung der Buchhaltung<\/strong>, um beispielsweise die Investitionen in die Entwicklung zu ermitteln, damit die tats\u00e4chliche Rentabilit\u00e4t des Unternehmens oder der Unternehmen, die das Netzwerk besitzen, deutlich wird.<\/p>\n<p>Ebenso unterscheidet sich der Ansatz zur Bewertung bei einem <strong>Filialisten<\/strong>, der den Besitz von Gesch\u00e4ftsgrundst\u00fccken hervorheben kann, die als Elemente der Verm\u00f6gensbewertung gelten.<\/p>\n<p>Auch die Frage des <strong>Immobilienbesitzes<\/strong> kann sich stark auf den Wert des Netzwerks auswirken, je nachdem, ob es direkt oder indirekt von der Gesellschaft, die das Netzwerk tr\u00e4gt, kontrolliert wird oder nicht.<\/p>\n<p>Der <strong>Franchisegeber<\/strong> hingegen hat Verpflichtungen gegen\u00fcber den Franchisenehmern, die im Rahmen von Franchisevertr\u00e4gen an sein Netzwerk gebunden sind. Der Bewertungsansatz ist in diesem Fall also ein anderer.<\/p>\n<p>Der Wert seines Netzes wird hier auf dem Wert der Marke, des Know-hows, der Qualit\u00e4t der vermarkteten Produkte oder Dienstleistungen, aber auch auf der Qualit\u00e4t der Franchisevertr\u00e4ge beruhen: Exklusivit\u00e4t, Verl\u00e4ngerungsbedingungen, finanzielle Bedingungen, Qualit\u00e4tskontrolle, Abtretungsbedingungen usw.<\/p>\n<h2 style=\"text-align: justify;\"><strong>IDENTIFIZIERUNG VON \u00dcBERNEHMERN\/INVESTOREN UND \u00dcBERTRAGUNG EINES FRANCHISE-NETZWERKS IN DER SCHWEIZ<\/strong><\/h2>\n<p>Diese Phase erweist sich aus mehreren Gr\u00fcnden als ebenso heikel wie die Vorbereitung:<\/p>\n<p>\u2714Es ist f\u00fcr einen Franchisegeber oder Filialisten nicht denkbar, intern in seinem Netz \u00fcber sein Verkaufsprojekt zu kommunizieren.<\/p>\n<p>\u2714Es ist nicht denkbar, dass ein Franchisegeber oder Filialist seine Wettbewerber \u00fcber seine Verkaufspl\u00e4ne informiert.<\/p>\n<p>\u2714Es ist nicht denkbar, dass die Kunden des Netzes \u00fcber den geplanten Verkauf informiert werden.<\/p>\n<p>\u2714Der finanzielle Einsatz ist so hoch, dass nur wenige \u00dcbernehmer f\u00fcr die M\u00f6glichkeit der \u00dcbernahme eines Netzes in Frage kommen.<\/p>\n<p>Aus all diesen Gr\u00fcnden hat <strong>Actoria Schweiz einen spezifischen Prozess zur Identifizierung von \u00dcbernehmern\/Investoren mit einem hohen finanziellen Niveau unter Wahrung einer perfekten Vertraulichkeit eingerichtet.<\/strong><\/p>\n<p>Insbesondere werden internationale Transaktionen bevorzugt und die internationale Logistik von <strong>Actoria Schweiz<\/strong> erm\u00f6glicht es ihr zum Beispiel, jegliche Kommunikation \u00fcber das Projekt in einem oder mehreren europ\u00e4ischen L\u00e4ndern zu unterbinden.<\/p>\n<p>Seit mehreren Jahren hat <strong>Actoria Schweiz<\/strong> eine starke Expertise im Bereich des vollst\u00e4ndigen oder teilweisen Verkaufs (Kapital\u00f6ffnung) von Netzwerken entwickelt und <strong>kann Sie von A bis Z bei allen Problemen im Zusammenhang mit dem Verkauf eines Franchise-Netzwerks begleiten<\/strong>, unabh\u00e4ngig davon, ob es in einem oder mehreren europ\u00e4ischen L\u00e4ndern angesiedelt ist.<\/p>\n<\/div><\/section><\/div>\n","protected":false},"excerpt":{"rendered":"<p>Ein Franchise-Netzwerk verkaufen<\/p>\n","protected":false},"author":2,"featured_media":18377,"parent":4362,"menu_order":5,"comment_status":"closed","ping_status":"closed","template":"","meta":{"footnotes":""},"class_list":["post-1657","page","type-page","status-publish","has-post-thumbnail","hentry"],"_links":{"self":[{"href":"https:\/\/actoria.com\/ch-de\/wp-json\/wp\/v2\/pages\/1657","targetHints":{"allow":["GET"]}}],"collection":[{"href":"https:\/\/actoria.com\/ch-de\/wp-json\/wp\/v2\/pages"}],"about":[{"href":"https:\/\/actoria.com\/ch-de\/wp-json\/wp\/v2\/types\/page"}],"author":[{"embeddable":true,"href":"https:\/\/actoria.com\/ch-de\/wp-json\/wp\/v2\/users\/2"}],"replies":[{"embeddable":true,"href":"https:\/\/actoria.com\/ch-de\/wp-json\/wp\/v2\/comments?post=1657"}],"version-history":[{"count":0,"href":"https:\/\/actoria.com\/ch-de\/wp-json\/wp\/v2\/pages\/1657\/revisions"}],"up":[{"embeddable":true,"href":"https:\/\/actoria.com\/ch-de\/wp-json\/wp\/v2\/pages\/4362"}],"wp:featuredmedia":[{"embeddable":true,"href":"https:\/\/actoria.com\/ch-de\/wp-json\/wp\/v2\/media\/18377"}],"wp:attachment":[{"href":"https:\/\/actoria.com\/ch-de\/wp-json\/wp\/v2\/media?parent=1657"}],"curies":[{"name":"wp","href":"https:\/\/api.w.org\/{rel}","templated":true}]}}