{"id":1659,"date":"2015-05-13T11:29:13","date_gmt":"2015-05-13T11:29:13","guid":{"rendered":"https:\/\/actoria.com\/ch\/?page_id=1659"},"modified":"2026-04-27T15:49:30","modified_gmt":"2026-04-27T13:49:30","slug":"ein-unternehmen-an-einen-arbeitnehmer-mbo-in-der-schweiz-ubertragen","status":"publish","type":"page","link":"https:\/\/actoria.com\/ch-de\/ubertragen\/an-wen-ubertragen\/ein-unternehmen-an-einen-arbeitnehmer-mbo-in-der-schweiz-ubertragen\/","title":{"rendered":"Ein Unternehmen an einen Arbeitnehmer (MBO) in der Schweiz \u00fcbertragen"},"content":{"rendered":"<div id='av_section_1'  class='avia-section main_color avia-section-default avia-no-border-styling  avia-full-stretch avia-bg-style-fixed  avia-builder-el-0  el_before_av_one_full  avia-builder-el-first  header_page_section_title_wrapper  av-arrow-down-section av-minimum-height av-minimum-height-custom  container_wrap sidebar_right' style='background-repeat: no-repeat; background-image: url(https:\/\/actoria.com\/ch-de\/wp-content\/uploads\/2021\/12\/shutterstock-1-69-1500x1000.jpg);background-attachment: fixed; background-position: center center;  '  data-section-bg-repeat='stretch'><div class='container' style='height:660px'><main  role=\"main\" itemprop=\"mainContentOfPage\"  class='template-page content  av-content-small alpha units'><div class='post-entry post-entry-type-page post-entry-1659'><div class='entry-content-wrapper clearfix'>\n<div class='flex_column_table av-equal-height-column-flextable -flextable' ><div class=\"flex_column av_one_full  flex_column_table_cell av-equal-height-column av-align-bottom av-zero-column-padding first  avia-builder-el-1  avia-builder-el-no-sibling  header_page_section_title \" style='border-radius:0px; ' id=\"header_page_section_title\" ><p><br \/>\n<div  style='padding-bottom:5px; margin:0 0 0 0; color:#ffffff;' class='av-special-heading av-special-heading-h1 custom-color-heading   avia-builder-el-3  el_after_av_codeblock  avia-builder-el-last  '><h1 class='av-special-heading-tag '  itemprop=\"headline\"  >Ein Unternehmen an einen Arbeitnehmer (MBO) in der Schweiz \u00fcbertragen<\/h1><div class='special-heading-border'><div class='special-heading-inner-border' style='border-color:#ffffff'><\/div><\/div><\/div><\/p><\/div><\/div><!--close column table wrapper. Autoclose: 1 -->\n<\/div><\/div><\/main><!-- close content main element --><\/div><div class='av-extra-border-element border-extra-arrow-down'><div class='av-extra-border-outer'><div class='av-extra-border-inner'  style='background-color:#ffffff;' ><\/div><\/div><\/div><\/div><div id='after_section_1'  class='main_color av_default_container_wrap container_wrap sidebar_right' style=' '  ><div class='container' ><div class='template-page content  av-content-small alpha units'><div class='post-entry post-entry-type-page post-entry-1659'><div class='entry-content-wrapper clearfix'>\n<div class=\"flex_column av_one_full  flex_column_div av-zero-column-padding first  avia-builder-el-4  el_after_av_section  avia-builder-el-no-sibling  \" style='border-radius:0px; '><section class=\"av_textblock_section \"  itemscope=\"itemscope\" itemtype=\"https:\/\/schema.org\/CreativeWork\" ><div class='avia_textblock  '   itemprop=\"text\" ><h2>WIE K\u00d6NNEN SIE EIN UNTERNEHMEN RICHTIG AN EINEN ARBEITNEHMER (MBO) IN DER SCHWEIZ VERKAUFEN?<\/h2>\n<p><img loading=\"lazy\" decoding=\"async\" class=\"size-medium wp-image-18649 alignleft\" title=\"C\u00e9der l\u2019entreprise \u00e0 un salari\u00e9 (MBO), transmission d'entreprises en Suisse\" src=\"https:\/\/actoria.com\/ch\/wp-content\/uploads\/2021\/12\/shutterstock-1-70-300x200.jpg\" alt=\"C\u00e9der l\u2019entreprise \u00e0 un salari\u00e9 (MBO), transmission d'entreprises en Suisse\" width=\"300\" height=\"200\" srcset=\"https:\/\/actoria.com\/ch-de\/wp-content\/uploads\/2021\/12\/shutterstock-1-70-300x200.jpg 300w, https:\/\/actoria.com\/ch-de\/wp-content\/uploads\/2021\/12\/shutterstock-1-70-1030x688.jpg 1030w, https:\/\/actoria.com\/ch-de\/wp-content\/uploads\/2021\/12\/shutterstock-1-70-768x513.jpg 768w, https:\/\/actoria.com\/ch-de\/wp-content\/uploads\/2021\/12\/shutterstock-1-70-1536x1025.jpg 1536w, https:\/\/actoria.com\/ch-de\/wp-content\/uploads\/2021\/12\/shutterstock-1-70-2048x1367.jpg 2048w, https:\/\/actoria.com\/ch-de\/wp-content\/uploads\/2021\/12\/shutterstock-1-70-1500x1001.jpg 1500w, https:\/\/actoria.com\/ch-de\/wp-content\/uploads\/2021\/12\/shutterstock-1-70-705x471.jpg 705w\" sizes=\"auto, (max-width: 300px) 100vw, 300px\" \/><\/p>\n<p>Wenn Sie als Unternehmensinhaber Ihr Unternehmen schon einmal an einen Arbeitnehmer verkauft haben, der Ihr Unternehmen \u00fcbernehmen wollte, ist Ihnen der Begriff \u201eManagement-Buy-out\u201c (MBO) wahrscheinlich gel\u00e4ufig.<\/p>\n<p>In seiner einfachsten Form erm\u00f6glicht der \u201eManagement-Buy-out\u201c einem Managementteam, seine Ressourcen zu b\u00fcndeln, um einen Teil oder die Gesamtheit des von ihm geleiteten Unternehmens zu erwerben.<\/p>\n<p>Die fremdfinanzierte \u00dcbernahme beruht auf demselben Prinzip, nur dass die K\u00e4ufer die Unternehmensaktiva als Sicherheit f\u00fcr die Finanzierung verwenden.<\/p>\n<\/div><\/section><br \/>\n<section class=\"av_textblock_section \"  itemscope=\"itemscope\" itemtype=\"https:\/\/schema.org\/CreativeWork\" ><div class='avia_textblock  '   itemprop=\"text\" ><h2><\/h2>\n<h2>WELCHE VORTEILE HAT ES, EIN UNTERNEHMEN AN EINEN ARBEITNEHMER IN DER SCHWEIZ ZU VERKAUFEN (MBO)?<\/h2>\n<p>Wenn Sie als F\u00fchrungskraft in einem Unternehmen t\u00e4tig sind und Ihr eigenes Unternehmen besitzen m\u00f6chten oder wenn Sie der Inhaber eines Unternehmens sind und dessen langfristige Zukunft nach Ihrer Pensionierung planen, z\u00f6gern Sie nicht, sich mit uns in Verbindung zu setzen, um Ihre Optionen zu besprechen.<\/p>\n<p>Eine realistische Option, die Sie als Unternehmensinhaber immer in Betracht ziehen sollten, ist die \u00dcbertragung an Arbeitnehmer, da diese oftmals die besten Voraussetzungen daf\u00fcr haben.<\/p>\n<p>Der Vorteil f\u00fcr Sie ist, dass ein Management-Buy-out (MBO) im Allgemeinen einfacher zu realisieren ist als ein kommerzieller Verkauf an ein anderes Unternehmen, da es einen vorher festgelegten K\u00e4ufer gibt, der das Unternehmen bereits kennt, und in der Regel g\u00fcnstigere Garantien\/Entsch\u00e4digungen verlangt werden, so dass Risiken vermieden werden k\u00f6nnen.<\/p>\n<p>Es ist auch eine Gelegenheit, Ihr F\u00fchrungsteam angemessen zu belohnen, indem Sie ihm die M\u00f6glichkeit geben, Ihr Erbe zu erhalten und es in der Zukunft aufzuwerten. F\u00fcr das F\u00fchrungsteam bietet sich m\u00f6glicherweise eine einmalige Gelegenheit, das Unternehmen zu kaufen und ein gewisses pers\u00f6nliches Verm\u00f6gen aufzubauen.<\/p>\n<p>Unser auf MBOs spezialisiertes Team wird Ihnen bei dieser Transaktion helfen k\u00f6nnen:<\/p>\n<p>\u2714Indem wir w\u00e4hrend der Verhandlung als Vermittler zwischen den beiden Parteien fungieren.<\/p>\n<p>\u2714Indem wir Ihnen eine unabh\u00e4ngige Stellungnahme zur Bewertung und zu den Gesch\u00e4ftsbedingungen der Transaktion abgeben.<\/p>\n<p>\u2714Indem wir Sie auf Treffen mit Banken und Investoren vorbereiten.<\/p>\n<p>\u2714Indem wir Ihnen bei der Erstellung des Businessplans und der notwendigen Finanzprognosen helfen.<\/p>\n<p>\u2714Indem wir Sie beraten, wie Sie zu den richtigen Bedingungen Kapital beschaffen k\u00f6nnen und wie die Finanzstruktur aussehen sollte, und indem wir Ihnen L\u00f6sungen f\u00fcr die Fremd- und Eigenkapitalfinanzierung aufzeigen.<\/p>\n<p>\u2714Indem wir den gesamten Prozess bis zum erfolgreichen Abschluss betreuen.<\/p>\n<h2><\/h2>\n<h2>VORTEILE EINES UNTERNEHMENSVERKAUFS AN EINEN ARBEITNEHMER (MBO) IN DER SCHWEIZ<\/h2>\n<p>Diese \u00dcbernahmearten bringen f\u00fcr alle Beteiligten mehrere Vorteile mit sich. Auf recht offensichtliche Weise erm\u00f6glichen sie einen reibungslosen \u00dcbergang. Da die neuen Inhaber das KMU und seine T\u00e4tigkeiten bereits kennen, ist das Risiko geringer, andere Arbeitnehmer sind weniger wahrscheinlich beunruhigt und Kunden und Gesch\u00e4ftspartner sind beruhigt. Dar\u00fcber hinaus bleiben der interne Prozess und die \u00dcbertragung von Befugnissen vertraulich und sind oft schnell abgewickelt. Sobald ein Unternehmensinhaber zustimmt, sein Unternehmen an Angeh\u00f6rige seines Personals zu \u00fcbertragen oder zu verkaufen, wird \u00fcblicherweise eine Reihe von h\u00e4ufigen Schritten im Zusammenhang mit der \u00dcbertragung von Befugnissen \u00fcbernommen.<\/p>\n<p>Der typische Ablauf ist wie folgt:<\/p>\n<p>\u2714Die Unternehmensbewertung kommt zur Festlegung des vereinbarten Preises.<\/p>\n<p>\u2714Die Arbeitnehmer sch\u00e4tzen den Anteil der Aktien, die sie sofort kaufen k\u00f6nnen, bevor sie die Aktion\u00e4rsvereinbarung aufsetzen.<\/p>\n<p>\u2714Finanzinstitute werden um Hilfe gebeten.<\/p>\n<p>\u2714Ein \u00dcbergangsplan, der die Steuer- und Nachfolgeplanung einschlie\u00dft, wird ausgearbeitet.<\/p>\n<p>\u2714Die Arbeitnehmer kaufen den Anteil des Verk\u00e4ufers durch finanzielle Unterst\u00fctzung.<\/p>\n<p>\u2714Die Entscheidungs- und Eigentumsbefugnisse werden auf die Nachfolger \u00fcbertragen. Dieser Prozess kann sich \u00fcber einen Zeitraum von einigen Monaten oder sogar Jahren erstrecken.<\/p>\n<p>\u2714Die Arbeitnehmer zahlen das Finanzinstitut zur\u00fcck. Die R\u00fcckzahlung erfolgt nach einem Zeitplan und in einem Tempo, das das Unternehmenswachstum nicht zu sehr bremst.<\/p>\n<p>Die K\u00e4ufer m\u00fcssen sich vergewissern, dass das Projekt rentabel ist oder zumindest das Potenzial dazu hat. Denken Sie daran, dass ein Unternehmenskauf erhebliche Mittel erfordert, was sich auf den Cashflow des Unternehmens auswirken wird. Um die f\u00fcr die R\u00fcckzahlung erforderlichen Mittelabfl\u00fcsse zu kompensieren, m\u00fcssen die K\u00e4ufer eine Strategie zur Erh\u00f6hung der Liquidit\u00e4t verfolgen, wie zum Beispiel Ausgabenk\u00fcrzungen, Produktivit\u00e4tsverbesserungen oder h\u00f6here Einnahmen. Eine umfassende Finanzanalyse sollte die Cashflows, das Umsatzvolumen, die Verschuldungskapazit\u00e4t und das Wachstumspotenzial offenlegen. Diese Analyse sollte auch wichtige Informationen \u00fcber den fairen Marktwert des Unternehmens und den Spielraum der Unternehmensleitung liefern.<\/p>\n<h2>WIE M\u00dcSSEN SIE SICH VORBEREITEN, BEVOR SIE EIN UNTERNEHMEN AN EINEN ARBEITNEHMER (MBO) IN DER SCHWEIZ VERKAUFEN?<\/h2>\n<p>Der oder die K\u00e4ufer m\u00fcssen einen soliden Gesch\u00e4ftsplan erstellen, um die \u00dcbernahme gut vorzubereiten. Die Prognosen sollten glaubw\u00fcrdig und realistisch sein. Pers\u00f6nliche und gesch\u00e4ftliche Kontakte und Referenzen k\u00f6nnen einem Nachfolger ebenfalls dabei helfen, das Vertrauen der Banker zu gewinnen. Wenn es sich um die \u00dcbernahme eines kleineren Unternehmens handelt, reicht in der Regel ein einziges Finanzinstitut zur Finanzierung aus. Bei gr\u00f6\u00dferen Transaktionen m\u00fcssen sich unter Umst\u00e4nden mehrere Institute an der Finanzierung beteiligen.<\/p>\n<p>Bei einer fremdfinanzierten \u00dcbernahme werden die Unternehmensaktiva bewertet, um das f\u00fcr die Finanzierung verf\u00fcgbare Eigenkapital zu ermitteln. Der Kreditgeber wird die Aktiva als Sicherheit verwenden. Das Finanzinstitut wird die Zinss\u00e4tze entsprechend den mit der Transaktion verbundenen Risiken festlegen.<\/p>\n<p>Der Geldgeber kann den Verk\u00e4ufer bitten, einen Teil des Verkaufs zu finanzieren, um sein Engagement f\u00fcr das Projekt und sein Vertrauen in das Managementteam zu demonstrieren. Achten Sie darauf, dass Sie sich bei den Finanzinstituten umsehen, um die besten Konditionen zu erhalten.<\/p>\n<h2>WIE FINANZIEREN SIE IHREN GEPLANTEN UNTERNEHMENSVERKAUF AN EINEN ARBEITNEHMER (MBO) IN DER SCHWEIZ?<\/h2>\n<p>Hier sind einige grundlegende Finanzierungsarten, die sich kombinieren lassen, um Ihren \u00dcbergang erfolgreich zu gestalten:<\/p>\n<p>\u2714Mit pers\u00f6nlichen Mitteln k\u00f6nnen Sie das Vertrauen eines Finanzinstituts gewinnen, das f\u00fcr die Transaktion vorgesehene Eigenkapital erh\u00f6hen und das Risiko teilen. K\u00e4ufer m\u00fcssen oft einen gro\u00dfen Betrag aus ihrem pers\u00f6nlichen Verm\u00f6gen investieren, insbesondere durch die Refinanzierung pers\u00f6nlicher Aktiva, um ihr Engagement zu beweisen.<\/p>\n<p>\u2714H\u00e4ufig werden Darlehen oder Gutschriften von Banken verwendet, um die Anteile zu kaufen, die Sie an dem Unternehmen halten. Diese Art der Finanzierung ist aufgrund ihrer Einfachheit attraktiv: Die Aktiva werden als Sicherheit verwendet und die Zinss\u00e4tze sind niedriger.<\/p>\n<p>\u2714Bei der Finanzierung durch den Verk\u00e4ufer oder Inhaber k\u00f6nnen die Zahlungen \u00fcber eine Reihe von Jahren gestaffelt werden. Diese Art der Finanzierung ist direkt mit Ihnen verbunden und kann aus Gutschriften, Darlehen oder Vorzugsaktien bestehen. Diese Methode verringert den Mittelabfluss zum Zeitpunkt der Transaktion und erleichtert den \u00dcbergang.<\/p>\n<p>\u2714In \u00e4hnlicher Weise erm\u00f6glicht der Kauf von Aktien, die in Raten bezahlt werden, dem Verk\u00e4ufer, ein gewisses Ma\u00df an Kontrolle zu behalten, bis er vollst\u00e4ndig zur\u00fcckgezahlt hat.<\/p>\n<p>\u2714Der Verkauf von Aktien an andere Mitarbeiter kann parallel zu einem Unternehmenskauf durch einen Teil der Mitarbeiter oder zu einer fremdfinanzierten \u00dcbernahme genutzt werden, um den verbleibenden Anteil zu finanzieren. Diese Art der Finanzierung erm\u00f6glicht es anderen Mitarbeitern, Aktienoptionen im Unternehmen zu erwerben. Diese Art der Finanzierung kann die bestehenden Mitarbeiter motivieren, w\u00e4hrend das Managementteam die Kontrolle \u00fcber das Unternehmen beh\u00e4lt.<\/p>\n<p>\u2714Nachrangige Finanzierung kann die Eigenkapitalinvestition des Managementteams erg\u00e4nzen, indem sie einige Elemente sowohl aus der Fremd- als auch aus der Eigenkapitalfinanzierung vereint, ohne die Beteiligung am Unternehmen zu verw\u00e4ssern. Wenn ein rentables Unternehmen die Finanzierung seiner Aktiva maximiert und die pers\u00f6nlichen Mittel des Managementteams nicht ausreichen, kann die Institution, die die nachrangige Finanzierung gew\u00e4hrt, bereit sein, ein h\u00f6heres Risiko einzugehen, um sich an dem Projekt zu beteiligen. Die R\u00fcckzahlungsbedingungen werden zum Zeitpunkt der Transaktion festgelegt.<\/p>\n<p>Der geplante Verkauf eines Unternehmens in der Schweiz an seine F\u00fchrungskr\u00e4fte ist ein \u00e4hnlicher Vorgang, der jedoch die Einf\u00fchrung eines neuen Managements in das Unternehmen voraussetzt, um die Transaktion durchzuf\u00fchren.<\/p>\n<p>Wenn Sie der Meinung sind, dass Ihr Managementteam verst\u00e4rkt werden muss, um einen Verkauf zu erleichtern, sollten Sie nicht aufgeben.<\/p>\n<p>Wir haben Datenbanken mit Kontakten, die nach einer solchen Gelegenheit suchen und einen nachweislichen Hintergrund haben, um Ihnen zu helfen.<\/p>\n<p>Schlie\u00dflich haben wir bei der Finanzierung von Firmen\u00fcbernahmen eine Erfolgsquote von 100 % erzielt.<\/p>\n<p>Ebenso wichtig ist jedoch, dass wir die Dynamik des Verkaufs an Ihr Managementteam oder der Vertretung des Managements bei einer m\u00f6glicherweise einmaligen Gelegenheit, Unternehmensinhaber zu werden, genau verstehen.<\/p>\n<p>F\u00fcr viele wird dies eine neue Erfahrung sein, und Sie m\u00fcssen nicht \u00fcber enorme pers\u00f6nliche finanzielle Ressourcen verf\u00fcgen, um dies zu erreichen.<\/p>\n<p>In den meisten F\u00e4llen \u00fcbernimmt das Managementteam die volle Kontrolle \u00fcber das Unternehmen und verl\u00e4sst sich auf sein Know-how, um es zum Bl\u00fchen zu bringen. Diese beiden Arten von Unternehmens\u00fcbernahmen, die sehr umfangreich sein k\u00f6nnen, werden normalerweise durch eine Kombination aus pers\u00f6nlichen Mitteln, Investorengeldern und Mitteln des Inhabers finanziert.<\/p>\n<\/div><\/section><\/p><\/div>\n","protected":false},"excerpt":{"rendered":"<p>Ein Unternehmen an einen Arbeitnehmer (MBO) in der Schweiz \u00fcbertragen<\/p>\n","protected":false},"author":2,"featured_media":18370,"parent":4362,"menu_order":2,"comment_status":"closed","ping_status":"closed","template":"","meta":{"footnotes":""},"class_list":["post-1659","page","type-page","status-publish","has-post-thumbnail","hentry"],"_links":{"self":[{"href":"https:\/\/actoria.com\/ch-de\/wp-json\/wp\/v2\/pages\/1659","targetHints":{"allow":["GET"]}}],"collection":[{"href":"https:\/\/actoria.com\/ch-de\/wp-json\/wp\/v2\/pages"}],"about":[{"href":"https:\/\/actoria.com\/ch-de\/wp-json\/wp\/v2\/types\/page"}],"author":[{"embeddable":true,"href":"https:\/\/actoria.com\/ch-de\/wp-json\/wp\/v2\/users\/2"}],"replies":[{"embeddable":true,"href":"https:\/\/actoria.com\/ch-de\/wp-json\/wp\/v2\/comments?post=1659"}],"version-history":[{"count":0,"href":"https:\/\/actoria.com\/ch-de\/wp-json\/wp\/v2\/pages\/1659\/revisions"}],"up":[{"embeddable":true,"href":"https:\/\/actoria.com\/ch-de\/wp-json\/wp\/v2\/pages\/4362"}],"wp:featuredmedia":[{"embeddable":true,"href":"https:\/\/actoria.com\/ch-de\/wp-json\/wp\/v2\/media\/18370"}],"wp:attachment":[{"href":"https:\/\/actoria.com\/ch-de\/wp-json\/wp\/v2\/media?parent=1659"}],"curies":[{"name":"wp","href":"https:\/\/api.w.org\/{rel}","templated":true}]}}