{"id":1661,"date":"2015-05-13T11:37:26","date_gmt":"2015-05-13T11:37:26","guid":{"rendered":"https:\/\/actoria.com\/ch\/?page_id=1661"},"modified":"2026-04-27T15:46:07","modified_gmt":"2026-04-27T13:46:07","slug":"ein-unternehmen-an-ihre-familie-ubertragen","status":"publish","type":"page","link":"https:\/\/actoria.com\/ch-de\/ubertragen\/an-wen-ubertragen\/ein-unternehmen-an-ihre-familie-ubertragen\/","title":{"rendered":"Ein Unternehmen an Ihre Familie \u00fcbertragen"},"content":{"rendered":"<div id='av_section_1'  class='avia-section main_color avia-section-default avia-no-border-styling  avia-full-stretch avia-bg-style-fixed  avia-builder-el-0  el_before_av_one_full  avia-builder-el-first  header_page_section_title_wrapper  av-arrow-down-section av-minimum-height av-minimum-height-custom  container_wrap sidebar_right' style='background-repeat: no-repeat; background-image: url(https:\/\/actoria.com\/ch-de\/wp-content\/uploads\/2021\/12\/shutterstock-1-74-1500x1000.jpg);background-attachment: fixed; background-position: center center;  '  data-section-bg-repeat='stretch'><div class='container' style='height:660px'><main  role=\"main\" itemprop=\"mainContentOfPage\"  class='template-page content  av-content-small alpha units'><div class='post-entry post-entry-type-page post-entry-1661'><div class='entry-content-wrapper clearfix'>\n<div class='flex_column_table av-equal-height-column-flextable -flextable' ><div class=\"flex_column av_one_full  flex_column_table_cell av-equal-height-column av-align-bottom av-zero-column-padding first  avia-builder-el-1  avia-builder-el-no-sibling  header_page_section_title \" style='border-radius:0px; ' id=\"header_page_section_title\" ><p><br \/>\n<div  style='padding-bottom:5px; margin:0 0 0 0; color:#ffffff;' class='av-special-heading av-special-heading-h1 custom-color-heading   avia-builder-el-3  el_after_av_codeblock  avia-builder-el-last  '><h1 class='av-special-heading-tag '  itemprop=\"headline\"  >Ein Unternehmen an Ihre Familie \u00fcbertragen<\/h1><div class='special-heading-border'><div class='special-heading-inner-border' style='border-color:#ffffff'><\/div><\/div><\/div><\/p><\/div><\/div><!--close column table wrapper. Autoclose: 1 --><\/div><\/div><\/main><!-- close content main element --><\/div><div class='av-extra-border-element border-extra-arrow-down'><div class='av-extra-border-outer'><div class='av-extra-border-inner'  style='background-color:#ffffff;' ><\/div><\/div><\/div><\/div><div id='after_section_1'  class='main_color av_default_container_wrap container_wrap sidebar_right' style=' '  ><div class='container' ><div class='template-page content  av-content-small alpha units'><div class='post-entry post-entry-type-page post-entry-1661'><div class='entry-content-wrapper clearfix'><div class=\"flex_column av_one_full  flex_column_div av-zero-column-padding first  avia-builder-el-4  el_after_av_section  avia-builder-el-no-sibling  \" style='border-radius:0px; '><section class=\"av_textblock_section \"  itemscope=\"itemscope\" itemtype=\"https:\/\/schema.org\/CreativeWork\" ><div class='avia_textblock  '   itemprop=\"text\" ><h2><strong>Ein Unternehmen unentgeltlich an Ihre Familie in der Schweiz \u00fcbertragen<\/strong><\/h2>\n<div id=\"attachment_18663\" style=\"width: 310px\" class=\"wp-caption alignleft\"><img loading=\"lazy\" decoding=\"async\" aria-describedby=\"caption-attachment-18663\" class=\"size-medium wp-image-18663\" title=\"C\u00e9der une soci\u00e9t\u00e9 \u00e0 sa famille, transmission d'entreprises en Suisse\" src=\"https:\/\/actoria.com\/ch\/wp-content\/uploads\/2021\/12\/shutterstock-1-73-300x200.jpg\" alt=\"C\u00e9der une soci\u00e9t\u00e9 \u00e0 sa famille, transmission d'entreprises en Suisse\" width=\"300\" height=\"200\" srcset=\"https:\/\/actoria.com\/ch-de\/wp-content\/uploads\/2021\/12\/shutterstock-1-73-300x200.jpg 300w, https:\/\/actoria.com\/ch-de\/wp-content\/uploads\/2021\/12\/shutterstock-1-73-1030x687.jpg 1030w, https:\/\/actoria.com\/ch-de\/wp-content\/uploads\/2021\/12\/shutterstock-1-73-768x512.jpg 768w, https:\/\/actoria.com\/ch-de\/wp-content\/uploads\/2021\/12\/shutterstock-1-73-1536x1024.jpg 1536w, https:\/\/actoria.com\/ch-de\/wp-content\/uploads\/2021\/12\/shutterstock-1-73-2048x1365.jpg 2048w, https:\/\/actoria.com\/ch-de\/wp-content\/uploads\/2021\/12\/shutterstock-1-73-1500x1000.jpg 1500w, https:\/\/actoria.com\/ch-de\/wp-content\/uploads\/2021\/12\/shutterstock-1-73-705x470.jpg 705w\" sizes=\"auto, (max-width: 300px) 100vw, 300px\" \/><p id=\"caption-attachment-18663\" class=\"wp-caption-text\"><em>Ein Unternehmen an Ihre Familie \u00fcbertragen, Unternehmens\u00fcbertragung in der Schweiz<\/em><\/p><\/div>\n<p>Im Allgemeinen erm\u00f6glicht der unentgeltliche Verkauf eines Unternehmens an Ihre Familie die Organisation einer \u00dcbertragung des Familienunternehmens zu einem niedrigeren Steuerbetrag als bei einer entgeltlichen \u00dcbertragung. <strong>Je fr\u00fcher diese Schenkung erfolgt, desto steuerlich attraktiver ist sie.<\/strong><\/p>\n<p>Bei der unentgeltlichen Unternehmens\u00fcbertragung wird der Unternehmensleiter zwischen einer Reihe von M\u00f6glichkeiten abw\u00e4gen m\u00fcssen. <strong>Die unentgeltliche Unternehmens\u00fcbertragung eines Unternehmens ist n\u00e4mlich steuerlich nicht schmerzlos, und es fallen verschiedene Steuern an<\/strong>, doch die Steuerbelastung ist je nach Situation und Land unterschiedlich hoch. Jeder Fall ist als Einzelfall zu betrachten. <strong>In jedem Fall sollte man sich fr\u00fchzeitig darum k\u00fcmmern. <\/strong><\/p>\n<p>Alle Schenkungen unterliegen einer <strong>\u201eallgemeinen\u201c Besteuerung<\/strong>, die unabh\u00e4ngig von der Schenkungsart gleicherma\u00dfen gilt, aber f\u00fcr jede gelten auch Sonderbestimmungen.<\/p>\n<p>Es werden Steuern f\u00e4llig. Es handelt sich um die <strong>Hand\u00e4nderungssteuer<\/strong>, die je nach Alter des Schenkers erm\u00e4\u00dfigt wird. Hinzu k\u00f6nnen Freibetr\u00e4ge kommen, die im Falle einer kollektiven und individuellen Verpflichtung, die Wertpapiere zu behalten, zu einer Verringerung der Steuerbemessungsgrundlage f\u00fchren.<\/p>\n<p><strong>Eine Steuerbefreiung f\u00fcr Verkaufsgewinne ist m\u00f6glich<\/strong>, wenn die \u00dcbertragung des Familienunternehmens (oder seiner Aktiva) einen bestimmten Betrag nicht \u00fcberschreitet.<\/p>\n<h2><strong>Ein Unternehmen entgeltlich an Ihre Familie in der Schweiz \u00fcbertragen<\/strong><\/h2>\n<p><strong>Die Bewertung<\/strong><\/p>\n<p>Die Unternehmensbewertung in der Verkaufsphase ist <strong>f\u00fcr den Unternehmensleiter selbst schwer zu bewerkstelligen,<\/strong> da er immer dazu neigen wird, nur die Qualit\u00e4ten und St\u00e4rken seines Unternehmens zu sehen. <strong>Ein externer Treuh\u00e4nder ist oft am besten in der Lage, eine objektive Einsch\u00e4tzung der aktuellen Situation des Unternehmens und seiner Perspektiven zu bieten.<\/strong><\/p>\n<p><strong>Die rechtliche und finanzielle Konstruktionen<\/strong><\/p>\n<p>Bei einer \u00dcbertragung eines Familienunternehmens sind zahlreiche, mehr oder weniger komplexe Konstruktionen m\u00f6glich. Im Rahmen einer Familiennachfolge sind bestimmte Konstruktionen besonders vorteilhaft, wie der OBO (siehe: Rubrik der Website) und die Gr\u00fcndung einer \u00dcbernahme-Holdinggesellschaft. <strong>Die Wahl der Konstruktion sollte in Absprache mit Spezialisten f\u00fcr diese Transaktionsart wie Wirtschaftspr\u00fcfern, Rechtsanw\u00e4lten, Beratern, usw. erfolgen.<\/strong><\/p>\n<p><strong>Steueroptimierung<\/strong><\/p>\n<p>Wenn man ein Unternehmen entgeltlich verkaufen m\u00f6chte, muss der Verk\u00e4ufer besonders auf die Besteuerung achten, die auf ihn zukommt. Es wird dringend empfohlen, sich an einen M &amp; A-Experten zu wenden, um der Verkauf seines KMUs steuerlich zu optimieren und von einer vorteilhaften Regelung zu profitieren.<\/p>\n<p><strong>Meistens ist es f\u00fcr den Verk\u00e4ufer und den \u00dcbernehmer von Vorteil, beide \u00dcbertragungsarten bestm\u00f6glich zu nutzen, indem sie Schenkung und Verkauf geschickt kombinieren<\/strong> und so von den Steuervorteilen profitieren, die mit jeder Art der Unternehmens\u00fcbertragung verbunden sind.<\/p>\n<p><strong>Actoria verf\u00fcgt \u00fcber eine gro\u00dfe Erfahrung in allen finanziellen, rechtlichen und technischen Bereichen der Unternehmens\u00fcbertragung<\/strong> und bietet ein Dienstleistungsangebot, das auf die Anforderungen von Familiennachfolgen zugeschnitten ist und diesen perfekt entspricht. Die Experten des <strong>Beratungsunternehmens Actoria<\/strong> begleiten das Paar Verk\u00e4ufer\/Familienunternehmer in allen Phasen der \u00dcbertragung des Familienunternehmens, von der Vorbereitung bis zur Begleitung nach dem Verkauf.<\/p>\n<\/div><\/section><\/div><\/p>\n","protected":false},"excerpt":{"rendered":"<p>Ein Unternehmen an Ihre Familie \u00fcbertragen<\/p>\n","protected":false},"author":2,"featured_media":18350,"parent":4362,"menu_order":1,"comment_status":"closed","ping_status":"closed","template":"","meta":{"footnotes":""},"class_list":["post-1661","page","type-page","status-publish","has-post-thumbnail","hentry"],"_links":{"self":[{"href":"https:\/\/actoria.com\/ch-de\/wp-json\/wp\/v2\/pages\/1661","targetHints":{"allow":["GET"]}}],"collection":[{"href":"https:\/\/actoria.com\/ch-de\/wp-json\/wp\/v2\/pages"}],"about":[{"href":"https:\/\/actoria.com\/ch-de\/wp-json\/wp\/v2\/types\/page"}],"author":[{"embeddable":true,"href":"https:\/\/actoria.com\/ch-de\/wp-json\/wp\/v2\/users\/2"}],"replies":[{"embeddable":true,"href":"https:\/\/actoria.com\/ch-de\/wp-json\/wp\/v2\/comments?post=1661"}],"version-history":[{"count":0,"href":"https:\/\/actoria.com\/ch-de\/wp-json\/wp\/v2\/pages\/1661\/revisions"}],"up":[{"embeddable":true,"href":"https:\/\/actoria.com\/ch-de\/wp-json\/wp\/v2\/pages\/4362"}],"wp:featuredmedia":[{"embeddable":true,"href":"https:\/\/actoria.com\/ch-de\/wp-json\/wp\/v2\/media\/18350"}],"wp:attachment":[{"href":"https:\/\/actoria.com\/ch-de\/wp-json\/wp\/v2\/media?parent=1661"}],"curies":[{"name":"wp","href":"https:\/\/api.w.org\/{rel}","templated":true}]}}