{"id":1663,"date":"2015-05-13T11:38:07","date_gmt":"2015-05-13T11:38:07","guid":{"rendered":"https:\/\/actoria.com\/ch\/?page_id=1663"},"modified":"2026-04-27T15:46:19","modified_gmt":"2026-04-27T13:46:19","slug":"das-unternehmen-an-sich-selbst-ubertragen-obo","status":"publish","type":"page","link":"https:\/\/actoria.com\/ch-de\/ubertragen\/an-wen-ubertragen\/das-unternehmen-an-sich-selbst-ubertragen-obo\/","title":{"rendered":"Das Unternehmen an sich selbst \u00fcbertragen (OBO)"},"content":{"rendered":"<div id='av_section_1'  class='avia-section main_color avia-section-default avia-no-border-styling  avia-full-stretch avia-bg-style-fixed  avia-builder-el-0  el_before_av_one_full  avia-builder-el-first  header_page_section_title_wrapper  av-arrow-down-section av-minimum-height av-minimum-height-custom  container_wrap sidebar_right' style='background-repeat: no-repeat; background-image: url(https:\/\/actoria.com\/ch-de\/wp-content\/uploads\/2021\/12\/shutterstock-1-71-1500x1000.jpg);background-attachment: fixed; background-position: center center;  '  data-section-bg-repeat='stretch'><div class='container' style='height:660px'><main  role=\"main\" itemprop=\"mainContentOfPage\"  class='template-page content  av-content-small alpha units'><div class='post-entry post-entry-type-page post-entry-1663'><div class='entry-content-wrapper clearfix'>\n<div class='flex_column_table av-equal-height-column-flextable -flextable' ><div class=\"flex_column av_one_full  flex_column_table_cell av-equal-height-column av-align-bottom av-zero-column-padding first  avia-builder-el-1  avia-builder-el-no-sibling  header_page_section_title \" style='border-radius:0px; ' id=\"header_page_section_title\" ><p><br \/>\n<div  style='padding-bottom:5px; margin:0 0 0 0; color:#ffffff;' class='av-special-heading av-special-heading-h1 custom-color-heading   avia-builder-el-3  el_after_av_codeblock  avia-builder-el-last  '><h1 class='av-special-heading-tag '  itemprop=\"headline\"  >Das Unternehmen an sich selbst \u00fcbertragen (OBO)<\/h1><div class='special-heading-border'><div class='special-heading-inner-border' style='border-color:#ffffff'><\/div><\/div><\/div><\/p><\/div><\/div><!--close column table wrapper. Autoclose: 1 -->\n<\/div><\/div><\/main><!-- close content main element --><\/div><div class='av-extra-border-element border-extra-arrow-down'><div class='av-extra-border-outer'><div class='av-extra-border-inner'  style='background-color:#ffffff;' ><\/div><\/div><\/div><\/div><div id='after_section_1'  class='main_color av_default_container_wrap container_wrap sidebar_right' style=' '  ><div class='container' ><div class='template-page content  av-content-small alpha units'><div class='post-entry post-entry-type-page post-entry-1663'><div class='entry-content-wrapper clearfix'>\n<div class=\"flex_column av_one_full  flex_column_div av-zero-column-padding first  avia-builder-el-4  el_after_av_section  avia-builder-el-no-sibling  \" style='border-radius:0px; '><section class=\"av_textblock_section \"  itemscope=\"itemscope\" itemtype=\"https:\/\/schema.org\/CreativeWork\" ><div class='avia_textblock  '   itemprop=\"text\" ><p><img loading=\"lazy\" decoding=\"async\" class=\"size-medium wp-image-18656 alignleft\" title=\"C\u00e9der l\u2019entreprise \u00e0 soi-m\u00eame, transmission d'entreprises en Suisse\" src=\"https:\/\/actoria.com\/ch\/wp-content\/uploads\/2021\/12\/shutterstock-1-72-300x200.jpg\" alt=\"C\u00e9der l\u2019entreprise \u00e0 soi-m\u00eame, transmission d'entreprises en Suisse\" width=\"300\" height=\"200\" srcset=\"https:\/\/actoria.com\/ch-de\/wp-content\/uploads\/2021\/12\/shutterstock-1-72-300x200.jpg 300w, https:\/\/actoria.com\/ch-de\/wp-content\/uploads\/2021\/12\/shutterstock-1-72-1030x687.jpg 1030w, https:\/\/actoria.com\/ch-de\/wp-content\/uploads\/2021\/12\/shutterstock-1-72-768x512.jpg 768w, https:\/\/actoria.com\/ch-de\/wp-content\/uploads\/2021\/12\/shutterstock-1-72-1536x1024.jpg 1536w, https:\/\/actoria.com\/ch-de\/wp-content\/uploads\/2021\/12\/shutterstock-1-72-2048x1365.jpg 2048w, https:\/\/actoria.com\/ch-de\/wp-content\/uploads\/2021\/12\/shutterstock-1-72-1500x1000.jpg 1500w, https:\/\/actoria.com\/ch-de\/wp-content\/uploads\/2021\/12\/shutterstock-1-72-705x470.jpg 705w\" sizes=\"auto, (max-width: 300px) 100vw, 300px\" \/><\/p>\n<p>Es ist legitim, sich zu fragen, wie es m\u00f6glich ist, das Unternehmen an sich selbst zu \u00fcbertragen?<\/p>\n<p>Sie sind Inhaber und Leiter Ihres Unternehmens, Sie sind zwischen 40 und 55 Jahre alt, Ihr Verm\u00f6gen besteht aus einem Hauptwohnsitz, einem sch\u00f6nen Auto und einem Zweithaus?<\/p>\n<p>Sie m\u00f6chten die Fr\u00fcchte Ihrer Arbeit genie\u00dfen und Ihr Unternehmen behalten?<\/p>\n<p>Ein Owner Buy Out (OBO) ist <strong>f\u00fcr Inhaber von gesunden, rentablen und gut sichtbaren KMU gedacht.<\/strong><\/p>\n<p>Aber wie kann man das Unternehmen konkret an sich selbst verkaufen?<\/p>\n<p><strong>Bedingungen:<\/strong><\/p>\n<p>&#8211; Das Unternehmen muss regelm\u00e4\u00dfig Dividenden an die Holding zur\u00fcckflie\u00dfen lassen, um den zu diesem Zweck aufgenommenen Kredit zur\u00fcckzuzahlen, ohne seine Entwicklungsziele zu gef\u00e4hrden.<\/p>\n<p>&#8211; Die R\u00fcckzahlung des Kredits darf nicht mehr als 50 % der Unternehmensgewinne betragen.<\/p>\n<h2>WIE SOLL DAS GESCHEHEN?<\/h2>\n<p>Ein OBO ist eine Konstruktion <strong>zum Unternehmensverkauf, die mit dem Inhaber selbst im Rahmen einer Transaktion zum Erwerb eines Unternehmens (von Unternehmen) durch Bankverschuldung durchgef\u00fchrt wird.<\/strong><\/p>\n<p>Der OBO (Owner Buyout) ist ein so genannter <strong>\u201eVerkauf mit doppelter Entspannung\u201c<\/strong>, da er es erm\u00f6glicht, das Unternehmen in zwei Schritten an sich selbst zu verkaufen:<\/p>\n<p><strong>Erste Entspannung<\/strong><\/p>\n<p>&#8211; Der Leiter, der Aktion\u00e4r des Unternehmens ist, gr\u00fcndet eine Holdinggesellschaft, die 100 % des Kapitals des Unternehmens \u00fcbernimmt.<\/p>\n<p>-Der leitende Aktion\u00e4r bringt die Gesellschaftsrechte seines Unternehmens in die \u00dcbernahmeholding ein und h\u00e4lt einen Teil des Kapitals als Minderheits- oder Mehrheitsaktion\u00e4r, je nach seiner Wahl, meist an der Seite von Kapitalinvestoren.<\/p>\n<p>&#8211; Die Kapitalgeber k\u00f6nnen Minderheits- oder Mehrheitsaktion\u00e4re sein. Im Allgemeinen sind sie in der Minderheit, weil sie eine Rendite auf ihre Investition wollen und sich nicht an der Unternehmensf\u00fchrung beteiligen.<\/p>\n<p>-Die Bezahlung des Unternehmens durch die \u00dcbernahmeholding erfolgt durch die Eigenkapitaleinlage des Kapitalinvestors und durch die von der Holding aufgenommenen Schulden.<\/p>\n<p>&#8211; Der Aktion\u00e4r f\u00fchrt sein Unternehmen weiterhin und ist ein wesentlicher leitender Aktion\u00e4r der \u00dcbernahmeholding. Mit anderen Worten: Er bleibt leitender Aktion\u00e4r und profitiert von der Liquidit\u00e4t des Verkaufs eines Teils der Wertpapiere an die Personen, die in das Kapital der Holding eingetreten sind.<\/p>\n<p><strong>Zweite Entspannung<\/strong><\/p>\n<p>&#8211; Der leitende Aktion\u00e4r kann beim Weiterverkauf seiner Anteile von der Wertsteigerung\/dem Mehrwert seines Unternehmens profitieren.<\/p>\n<p><strong>Das gemeinsame Ziel beider Parteien<\/strong> ist die Entwicklung des Unternehmens, um es mittel- bis langfristig weiterzuverkaufen. In der Regel verpflichten sich die Kapitalgeber f\u00fcr mindestens drei Jahre (Mindestdauer, um ihre Investition zur\u00fcckzuerhalten) und maximal sieben Jahre.<\/p>\n<p><strong>Der Ausstieg des Finanzpartners<\/strong><\/p>\n<p>Dem\/den Finanzpartner(n) stehen mehrere Ausstiegsm\u00f6glichkeiten zur Verf\u00fcgung:<\/p>\n<p>&#8211; Die \u00dcbernahme durch den Inhaber selbst mit anderen Finanzpartnern (sekund\u00e4rer LBO).<\/p>\n<p>&#8211; Der Verkauf an einen Industriekonzern<\/p>\n<p>&#8211; Die Notierung an der B\u00f6rse.<\/p>\n<p>Zu beachten ist, dass die Wahl und die Bedingungen des Ausstiegs beim Aufbau des OBO diskutiert und festgelegt werden.<\/p>\n<h2>WARUM DAS UNTERNEHMEN \u00dcBER EINEN OBO VERKAUFEN?<\/h2>\n<p>Es handelt sich um eine Transaktion, die es dem leitenden Aktion\u00e4r erm\u00f6glicht:<\/p>\n<p><strong>&#8211; Einen Teil seines beruflichen Verm\u00f6gens (das Unternehmen) in pers\u00f6nliches Verm\u00f6gen (Barmittel) umzuwandeln, w\u00e4hrend er seine T\u00e4tigkeit fortsetzt und weiterhin in erheblichem Umfang Anteilseigner seines Unternehmens bleibt.<\/strong><\/p>\n<p><strong>&#8211; Familienmitglieder am Kapital zu beteiligen, um die \u00dcbertragung Ihres Unternehmens vorzubereiten.<\/strong><\/p>\n<p><strong>&#8211; Andere Personen in das Kapital einzubinden: Mitarbeiter, Risikokapitalgeber.<\/strong><\/p>\n<p>Schl\u00fcsselfaktoren f\u00fcr den Erfolg:<\/p>\n<p>&#8211; Engagement und Motivation der F\u00fchrungskraft.<\/p>\n<p>&#8211; Echtes Unternehmensprojekt mit attraktiven finanziellen Perspektiven.<\/p>\n<p><strong style=\"font-size: 28px;\">VORTEILE<\/strong><\/p>\n<p>Der OBO ist <strong>die am wenigsten riskante Form<\/strong> des LBO, da es kaum einen Wechsel der Inhaber und der F\u00fchrungskr\u00e4fte gibt. Aus diesem Grund weckt diese Transaktion zunehmend das Interesse von Inhabern und Managern sowie von Kapitalgebern.<\/p>\n<p>&#8211; Diese Technik erm\u00f6glicht <strong>die<\/strong> <strong>Kontinuit\u00e4t des Managements<\/strong> des Unternehmens, was die Banken bei der Aufnahme von Schulden beruhigt.<\/p>\n<p>&#8211; Es besteht ein <strong>verm\u00f6gensrechtliches Interesse f\u00fcr den Unternehmensleiter<\/strong>, der einen Teil seines Gesch\u00e4ftsverm\u00f6gens als Privatverm\u00f6gen absichert.<\/p>\n<p>&#8211; Wenn keine \u00dcbertragung durch die Familie oder intern m\u00f6glich ist, gibt der OBO dem Gesch\u00e4ftsf\u00fchrer die M\u00f6glichkeit, <strong>einen Manager auszuw\u00e4hlen, ihn einzusetzen und auszubilden, um ihn dann zu \u00fcbertragen.<\/strong><\/p>\n<h2>BEISPIEL: EIN FAMILIENMITGLIED IN DAS KAPITAL EINBRINGEN<\/h2>\n<p>Nehmen wir als Beispiel ein Unternehmen mit einem Wert von 2 Millionen Euro, das sich vollst\u00e4ndig im Besitz des Gesch\u00e4ftsf\u00fchrers befindet. Dieser m\u00f6chte einen OBO durchf\u00fchren, um 50 % seiner Aktien zu \u201eliquidieren\u201c und gleichzeitig seine Tochter in das Kapital einzubeziehen.<\/p>\n<p>Er gr\u00fcndet eine Holdinggesellschaft, die 100 % der Aktien des KMUs halten soll. Dann bringt er 45 % seiner Aktien als Sacheinlage in diese Holding ein, wodurch die Holdinggesellschaft mit einem Kapital von 900 000 Euro ausgestattet wird.<\/p>\n<p>Seine Tochter bringt 100.000 Euro in das Kapital der Holding ein, die damit insgesamt 1 Million Euro besitzt. Mit dieser Million Euro Eigenkapital und unter Ber\u00fccksichtigung der von den Kreditinstituten akzeptierten Kennzahlen kann die Holding nun bei den Banken 1 Million Euro mit einer Laufzeit von sieben Jahren leihen.<\/p>\n<p>Die Holding verwendet das Geld aus diesem Kredit, um dem Manager die restlichen 50 % der Aktien in bar zu bezahlen. Am Ende der Konstruktion h\u00e4lt der Unternehmensleiter \u00fcber die Holdinggesellschaft immer noch 90 % seines KMUs und seine Tochter 10 %.<\/p>\n<h2>VORSICHT VOR MISSBRAUCH!<\/h2>\n<p>&#8211; Diese besondere Konstruktion wird h\u00e4ufig eingesetzt, um Bargeld zu erhalten und\/oder neue Aktion\u00e4re wie Familienmitglieder, Arbeitnehmer oder auch Beteiligungskapitalgeber in das Unternehmen zu holen. Wenn sich also die Kapitalverteilung nicht ge\u00e4ndert hat, kann es sein, dass die Steuerbeh\u00f6rden dies als <strong>Missbrauch des Steuerrechts<\/strong> betrachten.<\/p>\n<p>&#8211; <strong>Wenn Sie Ihr Unternehmen \u00fcberbewerten<\/strong>, kann die Finanzierungskonstruktion angespannt sein und Sie k\u00f6nnten Ihr Unternehmen schw\u00e4chen.<\/p>\n<\/div><\/section><\/div>\n","protected":false},"excerpt":{"rendered":"<p>Das Unternehmen an sich selbst \u00fcbertragen (OBO)<\/p>\n","protected":false},"author":2,"featured_media":7001,"parent":4362,"menu_order":3,"comment_status":"closed","ping_status":"closed","template":"","meta":{"footnotes":""},"class_list":["post-1663","page","type-page","status-publish","has-post-thumbnail","hentry"],"_links":{"self":[{"href":"https:\/\/actoria.com\/ch-de\/wp-json\/wp\/v2\/pages\/1663","targetHints":{"allow":["GET"]}}],"collection":[{"href":"https:\/\/actoria.com\/ch-de\/wp-json\/wp\/v2\/pages"}],"about":[{"href":"https:\/\/actoria.com\/ch-de\/wp-json\/wp\/v2\/types\/page"}],"author":[{"embeddable":true,"href":"https:\/\/actoria.com\/ch-de\/wp-json\/wp\/v2\/users\/2"}],"replies":[{"embeddable":true,"href":"https:\/\/actoria.com\/ch-de\/wp-json\/wp\/v2\/comments?post=1663"}],"version-history":[{"count":0,"href":"https:\/\/actoria.com\/ch-de\/wp-json\/wp\/v2\/pages\/1663\/revisions"}],"up":[{"embeddable":true,"href":"https:\/\/actoria.com\/ch-de\/wp-json\/wp\/v2\/pages\/4362"}],"wp:featuredmedia":[{"embeddable":true,"href":"https:\/\/actoria.com\/ch-de\/wp-json\/wp\/v2\/media\/7001"}],"wp:attachment":[{"href":"https:\/\/actoria.com\/ch-de\/wp-json\/wp\/v2\/media?parent=1663"}],"curies":[{"name":"wp","href":"https:\/\/api.w.org\/{rel}","templated":true}]}}