{"id":1665,"date":"2015-05-13T11:38:34","date_gmt":"2015-05-13T09:38:34","guid":{"rendered":"https:\/\/actoria.com\/ch\/?page_id=1665"},"modified":"2026-04-27T15:46:08","modified_gmt":"2026-04-27T13:46:08","slug":"ein-unternehmen-an-eine-dritte-person-ubertragen","status":"publish","type":"page","link":"https:\/\/actoria.com\/ch-de\/ubertragen\/an-wen-ubertragen\/ein-unternehmen-an-eine-dritte-person-ubertragen\/","title":{"rendered":"Ein Unternehmen an eine dritte Person \u00fcbertragen"},"content":{"rendered":"<div id='av_section_1'  class='avia-section main_color avia-section-default avia-no-border-styling  avia-full-stretch avia-bg-style-fixed  avia-builder-el-0  el_before_av_one_full  avia-builder-el-first  header_page_section_title_wrapper  av-arrow-down-section av-minimum-height av-minimum-height-custom  container_wrap sidebar_right' style='background-repeat: no-repeat; background-image: url(https:\/\/actoria.com\/ch-de\/wp-content\/uploads\/2021\/12\/shutterstock-1-77-1500x1000.jpg);background-attachment: fixed; background-position: center center;  '  data-section-bg-repeat='stretch'><div class='container' style='height:660px'><main  role=\"main\" itemprop=\"mainContentOfPage\"  class='template-page content  av-content-small alpha units'><div class='post-entry post-entry-type-page post-entry-1665'><div class='entry-content-wrapper clearfix'>\n<div class='flex_column_table av-equal-height-column-flextable -flextable' ><div class=\"flex_column av_one_full  flex_column_table_cell av-equal-height-column av-align-bottom av-zero-column-padding first  avia-builder-el-1  avia-builder-el-no-sibling  header_page_section_title \" style='border-radius:0px; ' id=\"header_page_section_title\" ><p><br \/>\n<div  style='padding-bottom:5px; margin:0 0 0 0; color:#ffffff;' class='av-special-heading av-special-heading-h1 custom-color-heading   avia-builder-el-3  el_after_av_codeblock  avia-builder-el-last  '><h1 class='av-special-heading-tag '  itemprop=\"headline\"  >Ein Unternehmen an eine dritte Person \u00fcbertragen<\/h1><div class='special-heading-border'><div class='special-heading-inner-border' style='border-color:#ffffff'><\/div><\/div><\/div><\/p><\/div><\/div><!--close column table wrapper. Autoclose: 1 -->\n<\/div><\/div><\/main><!-- close content main element --><\/div><div class='av-extra-border-element border-extra-arrow-down'><div class='av-extra-border-outer'><div class='av-extra-border-inner'  style='background-color:#ffffff;' ><\/div><\/div><\/div><\/div><div id='after_section_1'  class='main_color av_default_container_wrap container_wrap sidebar_right' style=' '  ><div class='container' ><div class='template-page content  av-content-small alpha units'><div class='post-entry post-entry-type-page post-entry-1665'><div class='entry-content-wrapper clearfix'>\n<div class=\"flex_column av_one_full  flex_column_div av-zero-column-padding first  avia-builder-el-4  el_after_av_section  avia-builder-el-no-sibling  \" style='border-radius:0px; '><section class=\"av_textblock_section \"  itemscope=\"itemscope\" itemtype=\"https:\/\/schema.org\/CreativeWork\" ><div class='avia_textblock  '   itemprop=\"text\" ><h2><strong>Was k\u00f6nnen die Motivationen sein, ein Unternehmen an eine dritte Person in der Schweiz zu \u00fcbertragen?<\/strong><\/h2>\n<div id=\"attachment_18669\" style=\"width: 310px\" class=\"wp-caption alignleft\"><img loading=\"lazy\" decoding=\"async\" aria-describedby=\"caption-attachment-18669\" class=\"size-medium wp-image-18669\" title=\"Transmettre une entreprise \u00e0 un tiers, transmission d'entreprises en Suisse\" src=\"https:\/\/actoria.com\/ch\/wp-content\/uploads\/2021\/12\/shutterstock-1-76-300x200.jpg\" alt=\"Transmettre une entreprise \u00e0 un tiers, transmission d'entreprises en Suisse\" width=\"300\" height=\"200\" srcset=\"https:\/\/actoria.com\/ch-de\/wp-content\/uploads\/2021\/12\/shutterstock-1-76-300x200.jpg 300w, https:\/\/actoria.com\/ch-de\/wp-content\/uploads\/2021\/12\/shutterstock-1-76-1030x687.jpg 1030w, https:\/\/actoria.com\/ch-de\/wp-content\/uploads\/2021\/12\/shutterstock-1-76-768x512.jpg 768w, https:\/\/actoria.com\/ch-de\/wp-content\/uploads\/2021\/12\/shutterstock-1-76-1536x1024.jpg 1536w, https:\/\/actoria.com\/ch-de\/wp-content\/uploads\/2021\/12\/shutterstock-1-76-2048x1365.jpg 2048w, https:\/\/actoria.com\/ch-de\/wp-content\/uploads\/2021\/12\/shutterstock-1-76-1500x1000.jpg 1500w, https:\/\/actoria.com\/ch-de\/wp-content\/uploads\/2021\/12\/shutterstock-1-76-705x470.jpg 705w\" sizes=\"auto, (max-width: 300px) 100vw, 300px\" \/><p id=\"caption-attachment-18669\" class=\"wp-caption-text\"><em>Ein Unternehmen an eine dritte Person \u00fcbertragen, Unternehmens\u00fcbertragung in der Schweiz<\/em><\/p><\/div>\n<p>Ein geringerer finanzieller Beitrag, um die Kontrolle zu \u00fcbernehmen.<\/p>\n<p>Es ist nicht notwendig, 100 % des Unternehmenskapitals zu erwerben, um die Kontrolle \u00fcber ein Unternehmen zu \u00fcbernehmen. Bei einem Unternehmen mit beschr\u00e4nkter Haftung gen\u00fcgt es, mehr als 50 % der Anteile zu besitzen, um \u00fcber die Managementpolitik und die Gewinnverwendung zu entscheiden. Wenn eine Person 75 % der Anteile besitzt, hat sie die Kontrolle \u00fcber das Unternehmen. Je nach Finanzkraft der Person ist es m\u00f6glich, ihre Kapitalbeteiligung im Laufe der Zeit zu erh\u00f6hen.<\/p>\n<h3>DER VERKAUF VON WERTPAPIEREN BEDEUTET \u201eBLOCKVERKAUF\u201c<\/h3>\n<p>Anders als beim Kauf eines Gesch\u00e4fts kann der \u00dcbernehmer nicht ausw\u00e4hlen, was er \u00fcbernimmt. Somit <strong>kann er die Risiken im Zusammenhang mit den fr\u00fcheren Unternehmenspassiva nicht mehr kontrollieren<\/strong>, da diese in den Blockkauf einbezogen sind. Der Unternehmensinhaber besitzt dann Rechte proportional zu seiner Kapitalbeteiligung des Unternehmens, um Gewinne zu erhalten oder f\u00fcr fr\u00fchere oder aktuelle Schulden aufzukommen.<\/p>\n<h3>ZU WELCHEM PREIS EIN UNTERNEHMEN VERKAUFEN?<\/h3>\n<p>Der Wert eines zu verkauften KMUs ist schwieriger zu ermitteln als der eines Investmentfonds, da er auf der Bewertung der Aktiva und Passiva des Unternehmens beruht.<\/p>\n<p><strong>Wenn man ein Unternehmen verkaufen m\u00f6chte, ist es \u00fcblich, ein Beratungsunternehmen mit der Durchf\u00fchrung dieser Bewertung zu beauftragen.<\/strong> Das Beratungsunternehmen wird in der Lage sein, den Wert des Unternehmens in der Verkaufsphase nach verschiedenen Methoden zu berechnen, die auf das jeweilige Unternehmen zugeschnitten sind.<\/p>\n<h3>GIBT ES GESETZLICHE GARANTIEN?<\/h3>\n<p>Die gesetzlichen Garantien sind gering. Der Kauf von Wertpapieren verleiht n\u00e4mlich keine besonderen Rechte an dem Fonds, den das Unternehmen besitzt. Falls es keine besonderen Verpflichtungen gibt, kann der K\u00e4ufer nur schwer gegen den Verk\u00e4ufer eines Unternehmens in der \u00dcbertragungsphase vorgehen.<\/p>\n<p>Der K\u00e4ufer kann gegen den Verk\u00e4ufer vorgehen, wenn er nachweist, dass:<\/p>\n<p>\u2714Das Unternehmen ist seines Verm\u00f6gens beraubt worden.<\/p>\n<p>\u2714Der Verk\u00e4ufer hat in einer Weise gehandelt, die die Zustimmung des K\u00e4ufers beeintr\u00e4chtigt.<\/p>\n<h3>DIE PASSIVGARANTIE WURDE VERPFLICHTEND<\/h3>\n<p>Da die gesetzlichen Garantien bei dem Unternehmensverkauf gering sind, <strong>ist eine vertragliche Garantie erforderlich: die Passivgarantie<\/strong>.<\/p>\n<p>Diese Garantie erm\u00f6glicht es, sich gegen alle Unternehmenspassiva in der Verkaufs- oder Kaufsphase zu sch\u00fctzen, die nicht in der Bilanz verbucht sind und deren Ursprung vor der \u00dcbertragung liegt. Die Ereignisse, deren Ursache vor der \u00dcbertragung des KMUs liegt und die es erm\u00f6glichen, diese Garantie auszul\u00f6sen, m\u00fcssen explizit und pr\u00e4zise dargelegt werden. Bei diesen Ereignissen kann es sich beispielsweise um eine Steuer- oder Sozialberichtigung oder um Haftungsanspr\u00fcche handeln.<\/p>\n<p>Es gibt zwei Arten von Klauseln: die reine Passivgarantie und die Preis\u00e4nderungsklausel.<\/p>\n<p><strong>Die reine Passivgarantie<\/strong><\/p>\n<p>Der Unternehmensverk\u00e4ufer verpflichtet sich, die Gl\u00e4ubiger zu befriedigen oder die Schulden zu begleichen, die nach dem Verkauf offengelegt wurden, damit das Unternehmen diese Passiva begleichen kann.<\/p>\n<p><strong>Die Preis\u00e4nderungsklausel<\/strong><\/p>\n<p>Diese Klausel wird in der Regel verwendet, wenn die Zahlung des Preises zeitlich gestaffelt erfolgt. Der Unternehmensverk\u00e4ufer verpflichtet sich, dem K\u00e4ufer die Wertdifferenz der Wertpapiere im Zusammenhang mit den offengelegten Passiva direkt zu erstatten, was einem Preisnachlass gleichkommt.<\/p>\n<h2>FORMALIT\u00c4TEN F\u00dcR DEN UNTERNEHMENSVERKAUF IN DER SCHWEIZ: SCHRITT F\u00dcR SCHRITT<\/h2>\n<p>Die \u00dcbertragung der Wertpapiere wird durch eine einzige Urkunde festgestellt. Es ist jedoch notwendig, vor der Unterzeichnung mehrere Dokumente zu verfassen. W\u00e4hrend <strong>der<\/strong> <strong>Zeit der Gespr\u00e4che<\/strong> sind beide Parteien zur Loyalit\u00e4t verpflichtet und wenn es zu einem missbr\u00e4uchlichen Abbruch der Gespr\u00e4che durch eine der Parteien kommt, haftet diese.<\/p>\n<p>W\u00e4hrend <strong>der Pr\u00fcfungsphase<\/strong> ist es ratsam, <strong>ein Vertragsprotokoll<\/strong>\u00a0zu unterzeichnen, in der die Kaufsmodalit\u00e4ten und die (zuvor erl\u00e4uterten) Garantien festgelegt werden. Eine Modalit\u00e4t ist vorzusehen, wenn Unternehmensanteile mit Investmentfonds bezahlt werden. Der Ehepartner muss in diesem Fall seine Zustimmung geben und dies in der Urkunde vermerken. Andernfalls kann der Ehepartner die Nichtigkeit der Urkunde innerhalb von zwei Jahren ab Kenntnis der Urkunde beantragen. Je nach Unternehmensform ist eine weitere Modalit\u00e4t erforderlich: Es muss die Zustimmung der anderen Gesch\u00e4ftspartner eingeholt werden, in der Regel die Mehrheit der Gesch\u00e4ftspartner, die die H\u00e4lfte der Unternehmensanteile vertreten.<\/p>\n<p><strong>Die<\/strong> <strong>Unternehmens\u00fcbertragung<\/strong> wird in einer privatschriftlichen oder notariellen Urkunde festgehalten.<\/p>\n<\/div><\/section><\/div>\n","protected":false},"excerpt":{"rendered":"<p>Ein Unternehmen an eine dritte Person \u00fcbertragen<\/p>\n","protected":false},"author":2,"featured_media":6975,"parent":4362,"menu_order":1,"comment_status":"closed","ping_status":"closed","template":"","meta":{"footnotes":""},"class_list":["post-1665","page","type-page","status-publish","has-post-thumbnail","hentry"],"_links":{"self":[{"href":"https:\/\/actoria.com\/ch-de\/wp-json\/wp\/v2\/pages\/1665","targetHints":{"allow":["GET"]}}],"collection":[{"href":"https:\/\/actoria.com\/ch-de\/wp-json\/wp\/v2\/pages"}],"about":[{"href":"https:\/\/actoria.com\/ch-de\/wp-json\/wp\/v2\/types\/page"}],"author":[{"embeddable":true,"href":"https:\/\/actoria.com\/ch-de\/wp-json\/wp\/v2\/users\/2"}],"replies":[{"embeddable":true,"href":"https:\/\/actoria.com\/ch-de\/wp-json\/wp\/v2\/comments?post=1665"}],"version-history":[{"count":0,"href":"https:\/\/actoria.com\/ch-de\/wp-json\/wp\/v2\/pages\/1665\/revisions"}],"up":[{"embeddable":true,"href":"https:\/\/actoria.com\/ch-de\/wp-json\/wp\/v2\/pages\/4362"}],"wp:featuredmedia":[{"embeddable":true,"href":"https:\/\/actoria.com\/ch-de\/wp-json\/wp\/v2\/media\/6975"}],"wp:attachment":[{"href":"https:\/\/actoria.com\/ch-de\/wp-json\/wp\/v2\/media?parent=1665"}],"curies":[{"name":"wp","href":"https:\/\/api.w.org\/{rel}","templated":true}]}}