{"id":1696,"date":"2015-05-13T14:38:08","date_gmt":"2015-05-13T14:38:08","guid":{"rendered":"https:\/\/actoria.com\/ch\/?page_id=1696"},"modified":"2026-04-27T15:46:12","modified_gmt":"2026-04-27T13:46:12","slug":"ubernahme-von-aktiva-beim-unternehmenskauf","status":"publish","type":"page","link":"https:\/\/actoria.com\/ch-de\/ubernehmen\/wie-ubernehmen\/ubernahme-von-aktiva-beim-unternehmenskauf\/","title":{"rendered":"\u00dcbernahme von Aktiva beim Unternehmenskauf"},"content":{"rendered":"<div id='av_section_1'  class='avia-section main_color avia-section-default avia-no-border-styling  avia-full-stretch avia-bg-style-fixed  avia-builder-el-0  el_before_av_one_full  avia-builder-el-first  header_page_section_title_wrapper  av-arrow-down-section av-minimum-height av-minimum-height-custom  container_wrap sidebar_right' style='background-repeat: no-repeat; background-image: url(https:\/\/actoria.com\/ch-de\/wp-content\/uploads\/2022\/02\/shutterstock--1500x1000.jpg);background-attachment: fixed; background-position: center center;  '  data-section-bg-repeat='stretch'><div class='container' style='height:660px'><main  role=\"main\" itemprop=\"mainContentOfPage\"  class='template-page content  av-content-small alpha units'><div class='post-entry post-entry-type-page post-entry-1696'><div class='entry-content-wrapper clearfix'>\n<div class='flex_column_table av-equal-height-column-flextable -flextable' ><div class=\"flex_column av_one_full  flex_column_table_cell av-equal-height-column av-align-bottom av-zero-column-padding first  avia-builder-el-1  avia-builder-el-no-sibling  header_page_section_title \" style='border-radius:0px; ' id=\"header_page_section_title\" ><p><br \/>\n<div  style='padding-bottom:5px; margin:0 0 0 0; color:#ffffff;' class='av-special-heading av-special-heading-h1 custom-color-heading   avia-builder-el-3  el_after_av_codeblock  avia-builder-el-last  '><h1 class='av-special-heading-tag '  itemprop=\"headline\"  >\u00dcbernahme von Aktiva beim Unternehmenskauf<\/h1><div class='special-heading-border'><div class='special-heading-inner-border' style='border-color:#ffffff'><\/div><\/div><\/div><\/p><\/div><\/div><!--close column table wrapper. Autoclose: 1 --><\/div><\/div><\/main><!-- close content main element --><\/div><div class='av-extra-border-element border-extra-arrow-down'><div class='av-extra-border-outer'><div class='av-extra-border-inner'  style='background-color:#ffffff;' ><\/div><\/div><\/div><\/div><div id='after_section_1'  class='main_color av_default_container_wrap container_wrap sidebar_right' style=' '  ><div class='container' ><div class='template-page content  av-content-small alpha units'><div class='post-entry post-entry-type-page post-entry-1696'><div class='entry-content-wrapper clearfix'><div class=\"flex_column av_one_full  flex_column_div av-zero-column-padding first  avia-builder-el-4  el_after_av_section  avia-builder-el-no-sibling  \" style='border-radius:0px; '><section class=\"av_textblock_section \"  itemscope=\"itemscope\" itemtype=\"https:\/\/schema.org\/CreativeWork\" ><div class='avia_textblock  '   itemprop=\"text\" ><h2>WAS GEH\u00d6RT ZU DEN AKTIVA?<\/h2>\n<p><img loading=\"lazy\" decoding=\"async\" class=\"size-medium wp-image-18744 alignleft\" title=\"Reprise des actifs dans l\u2019achat d\u2019entreprise, transmission d'entreprises en Suisse\" src=\"https:\/\/actoria.com\/ch\/wp-content\/uploads\/2022\/02\/shutterstock-1-1-300x196.jpg\" alt=\"Reprise des actifs dans l\u2019achat d\u2019entreprise, transmission d'entreprises en Suisse\" width=\"300\" height=\"196\" srcset=\"https:\/\/actoria.com\/ch-de\/wp-content\/uploads\/2022\/02\/shutterstock-1-1-300x196.jpg 300w, https:\/\/actoria.com\/ch-de\/wp-content\/uploads\/2022\/02\/shutterstock-1-1-1030x673.jpg 1030w, https:\/\/actoria.com\/ch-de\/wp-content\/uploads\/2022\/02\/shutterstock-1-1-768x501.jpg 768w, https:\/\/actoria.com\/ch-de\/wp-content\/uploads\/2022\/02\/shutterstock-1-1-1536x1003.jpg 1536w, https:\/\/actoria.com\/ch-de\/wp-content\/uploads\/2022\/02\/shutterstock-1-1-2048x1337.jpg 2048w, https:\/\/actoria.com\/ch-de\/wp-content\/uploads\/2022\/02\/shutterstock-1-1-1500x979.jpg 1500w, https:\/\/actoria.com\/ch-de\/wp-content\/uploads\/2022\/02\/shutterstock-1-1-705x460.jpg 705w\" sizes=\"auto, (max-width: 300px) 100vw, 300px\" \/><\/p>\n<p>In diesem Fall des Unternehmenskaufs <strong>wird<\/strong> durch den Kauf eines Fonds <strong>jede Verbindung mit fr\u00fcheren Passiva <\/strong>und damit auch mit den damit verbundenen Risiken <strong>vermieden<\/strong>. Der Verk\u00e4ufer tr\u00e4gt die Verantwortung daf\u00fcr. Folglich entspricht dies einer \u00dcbernahme der Aktiva.<\/p>\n<p>Dieser besteht aus <strong>immateriellen<\/strong> (Kundenstamm, Mietrecht, Firmenschild, Handelsname, Rechte des geistigen Eigentums: Patente, Lizenzen, Marken&#8230;) <strong>und materiellen<\/strong> (Material, Werkzeuge, Waren auf Lager) <strong>Elementen<\/strong>.<\/p>\n<p>Der Kauf eines Gesch\u00e4fts ist eine Form des Unternehmenskaufs, <strong>bei der der \u00dcbernehmer die Elemente ausw\u00e4hlen kann, die er \u00fcbernehmen m\u00f6chte<\/strong>. <strong>Dieser wird jedoch verpflichtet sein, bestimmte Vertr\u00e4ge zu behalten<\/strong>, die von Rechts wegen mit dem aufgekauften Fonds \u00fcbergehen:<\/p>\n<p><strong>Was steht bei der \u00dcbertragung eines Unternehmens auf dem Spiel?<\/strong><\/p>\n<p>\u2714Der gewerbliche Mietvertrag<\/p>\n<p>\u2714Versicherungsvertr\u00e4ge (der Erwerber kann sie k\u00fcndigen)<\/p>\n<p>\u2714Verlagsvertr\u00e4ge<\/p>\n<p>\u2714Arbeitsvertr\u00e4ge (zu den vorgesehenen Bedingungen)<\/p>\n<p>Was die Arbeitsvertr\u00e4ge betrifft, so kann der Erwerber in diesem Fall des Unternehmenskaufs gegebenenfalls vom Verk\u00e4ufer geschuldete Betr\u00e4ge gegen\u00fcber den derzeit im Unternehmen besch\u00e4ftigten Arbeitnehmern einfordern. Andererseits muss der Verk\u00e4ufer sie zur\u00fcckzahlen, es sei denn, es gibt eine gegenteilige Klausel.<\/p>\n<p>Auch andere Vertr\u00e4ge werden in diesem Fall des Unternehmenskaufs abgetreten. Die Vertr\u00e4ge, die f\u00fcr die Fortf\u00fchrung des Unternehmens notwendig sind, werden n\u00e4mlich beibehalten. Jeder dieser Vertr\u00e4ge wird genau untersucht, damit der K\u00e4ufer ihren genauen Zweck kennt.<\/p>\n<h2>ZU WELCHEM PREIS? WIE KANN MAN EINEN FONDS BEWERTEN?<\/h2>\n<p>In diesem Fall eines Unternehmenskaufs <strong>muss<\/strong> <strong>der Wert jedes materiellen und immateriellen Elements ermittelt werden<\/strong>, um zu einem Gesamtwert zu gelangen.<\/p>\n<p><strong>Der Wert der materiellen Elemente<\/strong> wird zu <strong>ihrem Marktwert<\/strong> festgelegt.<\/p>\n<p>Was <strong>die immateriellen Elemente in diesem Fall des Unternehmenskaufs<\/strong> betrifft, so <strong>kann man sich auf Immobilienmakler und professionelle Tabellen beziehen<\/strong>, mit denen man eine Preisspanne berechnen kann. Der Pr\u00e4sentationspreis wird je nach den Merkmalen des Unternehmens verfeinert.<\/p>\n<h2>DIE ZU BEACHTENDEN VERFAHRENSMODALIT\u00c4TEN<\/h2>\n<p>Der Kauf eines Fonds in diesem Fall des Unternehmenskaufs erfolgt in zwei Schritten:<\/p>\n<p>\u2714dem Vorvertrag<\/p>\n<p>\u2714der endg\u00fcltige Vertrag.<\/p>\n<p>Der erste Schritt erm\u00f6glicht es jeder Partei, die notwendigen Elemente zusammenzustellen (z. B. Verwaltungsunterlagen f\u00fcr den Verk\u00e4ufer und Bankgenehmigungen f\u00fcr den K\u00e4ufer). Dieser Vorvertrag kann die Form eines <strong>einseitigen Versprechens zum Kauf eines Unternehmens oder eines Verkaufskompromisses (oder synallagmatischen Verkaufsversprechens) annehmen<\/strong>.<\/p>\n<p>Der Unternehmenskaufvertrag bedeutet den Willen beider Parteien, sich gleichzeitig zu verpflichten. Allerdings kann in diesen Vorvertrag eine Ausstiegsklausel aufgenommen werden, die es dem K\u00e4ufer erm\u00f6glicht, die Verpflichtung mit einer zuvor festgelegten finanziellen Entsch\u00e4digung zugunsten des Verk\u00e4ufers nicht einzuhalten.<\/p>\n<p>Das einseitige Versprechen zum Verkauf eines Unternehmens zeigt <strong>den Willen des Verk\u00e4ufers zum Verkauf<\/strong> an. Ob dieses einseitige Versprechen zustande kommt, h\u00e4ngt vom Willen des K\u00e4ufers ab. F\u00fcr den Fall, dass der Verkauf nicht zustande kommt, zahlt der K\u00e4ufer dem Verk\u00e4ufer eine Stillhaltegeb\u00fchr. Das Versprechen muss innerhalb von 10 Tagen nach der Unterzeichnung eingetragen werden, andernfalls ist es ung\u00fcltig.<\/p>\n<p>Am Ende dieses Vorvertrags legen die beiden Parteien in diesem Fall des Unternehmenskaufs eine Frist f\u00fcr die Unterzeichnung des Vertrags fest. Dieser Vertrag wird registriert und gesetzlich bekannt gemacht.<\/p>\n<p>Wenn eine Ratenzahlung vereinbart wird, hat der Verk\u00e4ufer ein gesetzliches Vorrecht auf den Fonds, er ist berechtigt, weitere Sicherheiten (Verpf\u00e4ndung) zu verlangen. Mehr als drei Monate lang wird der Verk\u00e4ufer in diesem Fall eines Unternehmenskaufs finanziell nichts erhalten. Die Summe wird blockiert, um die Verbindlichkeiten zu bereinigen.<\/p>\n<h2>GESETZLICHE GARANTIEN, DIE VOM VERK\u00c4UFER GEMACHT WERDEN<\/h2>\n<p>In diesem Fall des Unternehmenskaufs gibt es zwei gesetzliche Garantien, die den K\u00e4ufer eines Gesch\u00e4ftsbetriebs sch\u00fctzen: <strong>die Garantie f\u00fcr verborgene M\u00e4ngel und die Verpflichtung zur Nichtwiederherstellung<\/strong>.<\/p>\n<p>Die Garantie f\u00fcr versteckte M\u00e4ngel muss nicht in der Urkunde vermerkt werden, <strong>damit sie den K\u00e4ufer vor versteckten M\u00e4ngeln sch\u00fctzt<\/strong>, die:<\/p>\n<p>\u2714die Nutzung des Geldes verhindern w\u00fcrde<\/p>\n<p>\u2714den Wert so erheblich ver\u00e4ndern w\u00fcrde, dass der K\u00e4ufer das Unternehmen nicht oder zu einem niedrigeren Preis gekauft h\u00e4tte.<\/p>\n<p>Die Verpflichtung zur Niederlassungsfreiheit in diesem Fall des Unternehmenskaufs wird in der Regel durch die Klausel des Wettbewerbsverbots erg\u00e4nzt, <strong>mit der sich der K\u00e4ufer vor jeder Handlung des Verk\u00e4ufers sch\u00fctzen kann<\/strong>, die zu einem Verlust von Kunden f\u00fchrt. Diese Klausel muss zeitlich und\/oder r\u00e4umlich begrenzt sein.<\/p>\n<\/div><\/section><\/div><\/p>\n","protected":false},"excerpt":{"rendered":"<p>\u00dcbernahme von Aktiva beim Unternehmenskauf<\/p>\n","protected":false},"author":2,"featured_media":6716,"parent":1789,"menu_order":1,"comment_status":"closed","ping_status":"closed","template":"","meta":{"footnotes":""},"class_list":["post-1696","page","type-page","status-publish","has-post-thumbnail","hentry"],"_links":{"self":[{"href":"https:\/\/actoria.com\/ch-de\/wp-json\/wp\/v2\/pages\/1696","targetHints":{"allow":["GET"]}}],"collection":[{"href":"https:\/\/actoria.com\/ch-de\/wp-json\/wp\/v2\/pages"}],"about":[{"href":"https:\/\/actoria.com\/ch-de\/wp-json\/wp\/v2\/types\/page"}],"author":[{"embeddable":true,"href":"https:\/\/actoria.com\/ch-de\/wp-json\/wp\/v2\/users\/2"}],"replies":[{"embeddable":true,"href":"https:\/\/actoria.com\/ch-de\/wp-json\/wp\/v2\/comments?post=1696"}],"version-history":[{"count":1,"href":"https:\/\/actoria.com\/ch-de\/wp-json\/wp\/v2\/pages\/1696\/revisions"}],"predecessor-version":[{"id":24572,"href":"https:\/\/actoria.com\/ch-de\/wp-json\/wp\/v2\/pages\/1696\/revisions\/24572"}],"up":[{"embeddable":true,"href":"https:\/\/actoria.com\/ch-de\/wp-json\/wp\/v2\/pages\/1789"}],"wp:featuredmedia":[{"embeddable":true,"href":"https:\/\/actoria.com\/ch-de\/wp-json\/wp\/v2\/media\/6716"}],"wp:attachment":[{"href":"https:\/\/actoria.com\/ch-de\/wp-json\/wp\/v2\/media?parent=1696"}],"curies":[{"name":"wp","href":"https:\/\/api.w.org\/{rel}","templated":true}]}}