{"id":1698,"date":"2015-05-13T14:38:27","date_gmt":"2015-05-13T13:38:27","guid":{"rendered":"https:\/\/actoria.com\/ch\/?page_id=1698"},"modified":"2026-04-27T15:46:21","modified_gmt":"2026-04-27T13:46:21","slug":"ubernahme-von-wertpapieren","status":"publish","type":"page","link":"https:\/\/actoria.com\/ch-de\/ubernehmen\/wie-ubernehmen\/ubernahme-von-wertpapieren\/","title":{"rendered":"\u00dcbernahme von Wertpapieren"},"content":{"rendered":"<div id='av_section_1'  class='avia-section main_color avia-section-default avia-no-border-styling  avia-full-stretch av-parallax-section avia-bg-style-parallax  avia-builder-el-0  el_before_av_one_full  avia-builder-el-first  header_page_section_title_wrapper  av-arrow-down-section av-minimum-height av-minimum-height-custom  container_wrap sidebar_right' style=' '  data-section-bg-repeat='stretch'><div class='av-parallax' data-avia-parallax-ratio='0.3' ><div class='av-parallax-inner main_color  avia-full-stretch' style = 'background-repeat: no-repeat; background-image: url(https:\/\/actoria.com\/ch-de\/wp-content\/uploads\/2020\/03\/actoria_cession_entreprise-2.jpg);background-attachment: scroll; background-position: center center; ' ><\/div><\/div><div class='container' style='height:660px'><main  role=\"main\" itemprop=\"mainContentOfPage\"  class='template-page content  av-content-small alpha units'><div class='post-entry post-entry-type-page post-entry-1698'><div class='entry-content-wrapper clearfix'>\n<div class='flex_column_table av-equal-height-column-flextable -flextable' ><div class=\"flex_column av_one_full  flex_column_table_cell av-equal-height-column av-align-bottom av-zero-column-padding first  avia-builder-el-1  avia-builder-el-no-sibling  header_page_section_title \" style='border-radius:0px; ' id=\"header_page_section_title\" ><p><br \/>\n<div  style='padding-bottom:5px; margin:0 0 0 0; color:#ffffff;' class='av-special-heading av-special-heading-h1 custom-color-heading   avia-builder-el-3  el_after_av_codeblock  avia-builder-el-last  '><h1 class='av-special-heading-tag '  itemprop=\"headline\"  >\u00dcbernahme von Wertpapieren<\/h1><div class='special-heading-border'><div class='special-heading-inner-border' style='border-color:#ffffff'><\/div><\/div><\/div><\/p><\/div><\/div><!--close column table wrapper. Autoclose: 1 --><\/div><\/div><\/main><!-- close content main element --><\/div><div class='av-extra-border-element border-extra-arrow-down'><div class='av-extra-border-outer'><div class='av-extra-border-inner'  style='background-color:#ffffff;' ><\/div><\/div><\/div><\/div><div id='after_section_1'  class='main_color av_default_container_wrap container_wrap sidebar_right' style=' '  ><div class='container' ><div class='template-page content  av-content-small alpha units'><div class='post-entry post-entry-type-page post-entry-1698'><div class='entry-content-wrapper clearfix'><div class=\"flex_column av_one_full  flex_column_div av-zero-column-padding first  avia-builder-el-4  el_after_av_section  avia-builder-el-no-sibling  \" style='border-radius:0px; '><section class=\"av_textblock_section \"  itemscope=\"itemscope\" itemtype=\"https:\/\/schema.org\/CreativeWork\" ><div class='avia_textblock  '   itemprop=\"text\" ><h2>WAS K\u00d6NNEN DIE MOTIVATIONEN F\u00dcR EINE UNTERNEHMENS\u00dcBERNAHME SEIN?<\/h2>\n<div id=\"attachment_16514\" style=\"width: 310px\" class=\"wp-caption alignleft\"><img loading=\"lazy\" decoding=\"async\" aria-describedby=\"caption-attachment-16514\" class=\"wp-image-16514 size-medium\" title=\"Cession de ma PME - Quelles peuvent \u00eatre les motivations pour c\u00e9der une entreprise ?\" src=\"https:\/\/actoria.com\/ch\/wp-content\/uploads\/2021\/10\/shutterstock-202142818-300x300.jpg\" alt=\"Cession de ma PME - Quelles peuvent \u00eatre les motivations pour c\u00e9der une entreprise ?\" width=\"300\" height=\"300\" srcset=\"https:\/\/actoria.com\/ch-de\/wp-content\/uploads\/2021\/10\/shutterstock-202142818-300x300.jpg 300w, https:\/\/actoria.com\/ch-de\/wp-content\/uploads\/2021\/10\/shutterstock-202142818-1030x1030.jpg 1030w, https:\/\/actoria.com\/ch-de\/wp-content\/uploads\/2021\/10\/shutterstock-202142818-80x80.jpg 80w, https:\/\/actoria.com\/ch-de\/wp-content\/uploads\/2021\/10\/shutterstock-202142818-768x768.jpg 768w, https:\/\/actoria.com\/ch-de\/wp-content\/uploads\/2021\/10\/shutterstock-202142818-1536x1536.jpg 1536w, https:\/\/actoria.com\/ch-de\/wp-content\/uploads\/2021\/10\/shutterstock-202142818-2048x2048.jpg 2048w, https:\/\/actoria.com\/ch-de\/wp-content\/uploads\/2021\/10\/shutterstock-202142818-36x36.jpg 36w, https:\/\/actoria.com\/ch-de\/wp-content\/uploads\/2021\/10\/shutterstock-202142818-180x180.jpg 180w, https:\/\/actoria.com\/ch-de\/wp-content\/uploads\/2021\/10\/shutterstock-202142818-1500x1500.jpg 1500w, https:\/\/actoria.com\/ch-de\/wp-content\/uploads\/2021\/10\/shutterstock-202142818-705x705.jpg 705w\" sizes=\"auto, (max-width: 300px) 100vw, 300px\" \/><p id=\"caption-attachment-16514\" class=\"wp-caption-text\"><em>Verkauf meines KMU &#8211; Was k\u00f6nnen die Motivationen f\u00fcr den Verkauf eines Unternehmens sein?<\/em><\/p><\/div>\n<h3><\/h3>\n<p><strong>Ein geringerer finanzieller Beitrag, um die Kontrolle zu \u00fcbernehmen.<\/strong><\/p>\n<p>Es ist nicht notwendig, 100 % des Unternehmenskapitals zu erwerben, um die Kontrolle \u00fcber ein Unternehmen zu \u00fcbernehmen. Bei einem Unternehmen mit beschr\u00e4nkter Haftung gen\u00fcgt es, mehr als 50 % der Anteile zu besitzen, um \u00fcber die Managementpolitik und die Gewinnverwendung zu entscheiden. Wenn eine Person 75 % der Anteile besitzt, hat sie die Kontrolle \u00fcber das Unternehmen. Je nach Finanzkraft der Person ist es m\u00f6glich, ihre Kapitalbeteiligung im Laufe der Zeit zu erh\u00f6hen.<\/p>\n<h2>DER \u00dcBERNAHME VON WERTPAPIEREN BEDEUTET \u201eBLOCKVERKAUF\u201c<\/h2>\n<p>Anders als beim Kauf eines Gesch\u00e4fts kann der \u00dcbernehmer nicht ausw\u00e4hlen, was er \u00fcbernimmt. Somit <strong>kann er die Risiken im Zusammenhang mit den fr\u00fcheren Unternehmenspassiva nicht mehr kontrollieren<\/strong>, da diese in den Blockkauf einbezogen sind. Der Unternehmensinhaber besitzt dann Rechte proportional zu seiner Kapitalbeteiligung des Unternehmens, um Gewinne zu erhalten oder f\u00fcr fr\u00fchere oder aktuelle Schulden aufzukommen.<\/p>\n<h2><strong>ZU WELCHEM PREIS?<\/strong><\/h2>\n<p>Der Wert eines zu verkauften KMUs ist schwieriger zu ermitteln als der eines Investmentfonds, da er auf der Bewertung der Aktiva und Passiva des Unternehmens beruht.<\/p>\n<p><strong>Wenn man ein Unternehmen verkaufen m\u00f6chte, ist es \u00fcblich, ein Beratungsunternehmen mit der Durchf\u00fchrung dieser Bewertung zu beauftragen.<\/strong> Das Beratungsunternehmen wird in der Lage sein, den Wert des Unternehmens in der Verkaufsphase nach verschiedenen Methoden zu berechnen, die auf das jeweilige Unternehmen zugeschnitten sind.<\/p>\n<h2>GIBT ES GESETZLICHE GARANTIEN?<\/h2>\n<p>Die gesetzlichen Garantien sind gering. Der Kauf von Wertpapieren verleiht n\u00e4mlich keine besonderen Rechte an dem Fonds, den das Unternehmen besitzt. Falls es keine besonderen Verpflichtungen gibt, kann der K\u00e4ufer nur schwer gegen den Verk\u00e4ufer eines Unternehmens in der \u00dcbertragungsphase vorgehen.<\/p>\n<p>Der K\u00e4ufer kann gegen den Verk\u00e4ufer vorgehen, wenn er nachweist, dass:<\/p>\n<p>\u2714Das Unternehmen ist seines Verm\u00f6gens beraubt worden.<\/p>\n<p>\u2714Der Verk\u00e4ufer hat in einer Weise gehandelt, die die Zustimmung des K\u00e4ufers beeintr\u00e4chtigt.<\/p>\n<h2>DIE PASSIVGARANTIE WURDE VERPFLICHTEND<\/h2>\n<p>Da die gesetzlichen Garantien bei dem Unternehmensverkauf gering sind, <strong>ist eine vertragliche Garantie erforderlich: die Passivgarantie<\/strong>.<\/p>\n<p>Diese Garantie erm\u00f6glicht es, sich gegen alle Unternehmenspassiva in der Verkaufs- oder Kaufsphase zu sch\u00fctzen, die nicht in der Bilanz verbucht sind und deren Ursprung vor der \u00dcbertragung liegt. Die Ereignisse, deren Ursache vor der \u00dcbertragung des KMUs liegt und die es erm\u00f6glichen, diese Garantie auszul\u00f6sen, m\u00fcssen explizit und pr\u00e4zise dargelegt werden. Bei diesen Ereignissen kann es sich beispielsweise um eine Steuer- oder Sozialberichtigung oder um Haftungsanspr\u00fcche handeln.<\/p>\n<p>Es gibt zwei Arten von Klauseln: die reine Passivgarantie und die Preis\u00e4nderungsklausel.<\/p>\n<p><strong>Die reine Passivgarantie<\/strong><\/p>\n<p>Der Unternehmensverk\u00e4ufer verpflichtet sich, die Gl\u00e4ubiger zu befriedigen oder die Schulden zu begleichen, die nach dem Verkauf offengelegt wurden, damit das Unternehmen diese Passiva begleichen kann.<\/p>\n<p><strong>Die Preis\u00e4nderungsklausel<\/strong><\/p>\n<p>Diese Klausel wird in der Regel verwendet, wenn die Zahlung des Preises zeitlich gestaffelt erfolgt. Der Unternehmensverk\u00e4ufer verpflichtet sich, dem K\u00e4ufer die Wertdifferenz der Wertpapiere im Zusammenhang mit den offengelegten Passiva direkt zu erstatten, was einem Preisnachlass gleichkommt.<\/p>\n<h2>FORMALIT\u00c4TEN F\u00dcR DEN UNTERNEHMENSVERKAUF IN DER SCHWEIZ: SCHRITT F\u00dcR SCHRITT<\/h2>\n<p>Die \u00dcbertragung der Wertpapiere wird durch eine einzige Urkunde festgestellt. Es ist jedoch notwendig, vor der Unterzeichnung mehrere Dokumente zu verfassen. W\u00e4hrend <strong>der<\/strong> <strong>Zeit der Gespr\u00e4che<\/strong> sind beide Parteien zur Loyalit\u00e4t verpflichtet und wenn es zu einem missbr\u00e4uchlichen Abbruch der Gespr\u00e4che durch eine der Parteien kommt, haftet diese.<\/p>\n<p>W\u00e4hrend <strong>der Pr\u00fcfungsphase<\/strong> ist es ratsam, <strong>ein Vertragsprotokoll<\/strong> zu unterzeichnen, in der die Kaufsmodalit\u00e4ten und die (zuvor erl\u00e4uterten) Garantien festgelegt werden. Eine Modalit\u00e4t ist vorzusehen, wenn Unternehmensanteile mit Investmentfonds bezahlt werden. Der Ehepartner muss in diesem Fall seine Zustimmung geben und dies in der Urkunde vermerken. Andernfalls kann der Ehepartner die Nichtigkeit der Urkunde innerhalb von zwei Jahren ab Kenntnis der Urkunde beantragen.<\/p>\n<p>Je nach Unternehmensform ist eine weitere Modalit\u00e4t erforderlich: Es muss die Zustimmung der anderen Gesch\u00e4ftspartner eingeholt werden, in der Regel die Mehrheit der Gesch\u00e4ftspartner, die die H\u00e4lfte der Unternehmensanteile vertreten.<\/p>\n<p><strong>Der Unternehmensverkauf <\/strong>wird in einer privatschriftlichen oder notariellen Urkunde festgehalten.<\/p>\n<p><strong>Die Bekanntmachungen des Verkaufs<\/strong><\/p>\n<p>Damit die Urkunde rechtswirksam wird, m\u00fcssen bestimmte gesetzliche Bekanntmachungen vorgenommen werden. Zum einen muss die Urkunde von der Gesellschaft in Anwesenheit eines Gerichtsvollziehers unterzeichnet werden. Andererseits m\u00fcssen zwei Ausfertigungen der Urkunde bei der Gesch\u00e4ftsstelle des Handelsgerichts sowie im Handels- und Gesellschaftsregister hinterlegt werden.<\/p>\n<p><strong>Die Geb\u00fchren f\u00fcr die Eintragung<\/strong><\/p>\n<p>Die Eintragung muss innerhalb eines Monats nach der Transaktion erfolgen.<\/p>\n<p><strong>Die Familiennachfolge<\/strong><\/p>\n<p>Bei einer Familien\u00fcbertragung bringt der Inhaber den Fonds in eine neue Gesellschaft ein, die bei dieser Gelegenheit f\u00fcr seine Zwecke gegr\u00fcndet wird.<\/p>\n<p>Die zu verkaufenden Unternehmensanteile werden zum Zeitpunkt des Erbfalls leichter aufgeteilt.<\/p>\n<p>Wenn einer der Erben eine \u00dcbernahme der Unternehmensanteile beabsichtigt, muss er einen Teil oder alle Anteile der Erben zur\u00fcckkaufen.<\/p>\n<\/div><\/section><\/div>[av_section min_height='custom' min_height_pc='25' min_height_px='660px' padding='default' custom_margin='0px' custom_margin_sync='true' color='main_color' background='bg_color' custom_bg='' background_gradient_color1='' background_gradient_color2='' background_gradient_direction='vertical' src='https:\/\/actoria.com\/ch\/wp-content\/uploads\/2021\/12\/shutterstock-1-43-1000x423.jpg' attachment='18521' attachment_size='entry_without_sidebar' attach='fixed' position='center center' repeat='stretch' video='' video_ratio='16:9' overlay_opacity='0.5' overlay_color='#000046' overlay_pattern='' overlay_custom_pattern='' shadow='no-border-styling' bottom_border='border-extra-arrow-down' bottom_border_diagonal_color='#ffffff' bottom_border_diagonal_direction='border-extra-diagonal-inverse' bottom_border_style='' custom_arrow_bg='' id='' custom_class='header_page_section_title_wrapper' aria_label='' av_element_hidden_in_editor='0' av_uid='av-jzjro2lm']\r\n[av_one_full first min_height='av-equal-height-column' vertical_alignment='av-align-bottom' space='' row_boxshadow_color='' row_boxshadow_width='10' margin='0px' margin_sync='true' mobile_breaking='' border='' border_color='' radius='0px' radius_sync='true' padding='0px' padding_sync='true' column_boxshadow_color='' column_boxshadow_width='10' background='bg_color' background_color='' background_gradient_color1='' background_gradient_color2='' background_gradient_direction='vertical' src='' attachment='' attachment_size='' background_position='top left' background_repeat='no-repeat' highlight_size='1.1' animation='' link='' linktarget='' link_hover='' title_attr='' alt_attr='' mobile_display='' id='header_page_section_title' custom_class='header_page_section_title' aria_label='' av_uid='av-jzjrtnz4']\r\n\r\n[av_codeblock wrapper_element='' wrapper_element_attributes='' codeblock_type='' av-mini-hide='aviaTBav-mini-hide' alb_description='' id='' custom_class='' av_uid='av-jzjsqafo']\r\n[av_breadcrumbs]\r\n[\/av_codeblock]\r\n\r\n[av_heading heading='Die Gruppe in K\u00fcrze' tag='h1' style='' subheading_active='' size='' av-medium-font-size-title='' av-small-font-size-title='' av-mini-font-size-title='' subheading_size='15' av-medium-font-size='' av-small-font-size='' av-mini-font-size='' color='custom-color-heading' custom_font='#ffffff' margin='0' margin_sync='true' padding='5' link='manually,http:\/\/' link_target='' id='' custom_class='' av_uid='av-l0be7tg8' admin_preview_bg=''][\/av_heading]\r\n\r\n[\/av_one_full]\r\n[\/av_section]\r\n\r\n[av_one_full first min_height='' vertical_alignment='' space='' custom_margin='' margin='0px' row_boxshadow='' row_boxshadow_color='' row_boxshadow_width='10' link='' linktarget='' link_hover='' title_attr='' alt_attr='' padding='0px' highlight='' highlight_size='' border='' border_color='' radius='0px' column_boxshadow='' column_boxshadow_color='' column_boxshadow_width='10' background='bg_color' background_color='' background_gradient_color1='' background_gradient_color2='' background_gradient_direction='vertical' src='' background_position='top left' background_repeat='no-repeat' animation='' mobile_breaking='' mobile_display='' av_uid='av-2oggqs']\r\n\r\n[av_textblock size='' av-medium-font-size='' av-small-font-size='' av-mini-font-size='' font_color='' color='' id='' custom_class='' av_uid='av-kai8gidf' admin_preview_bg='']\r\n<h3>Definition eines Unternehmenskaufs<\/h3>\r\n<img loading=\"lazy\" decoding=\"async\" class=\"alignleft wp-image-17793 size-medium\" src=\"http:\/\/actoria.com\/ch-de\/wp-content\/uploads\/2021\/11\/shutterstock-1-21-300x200.jpg\" alt=\"Acquisition d\u2019entreprise, transmission d&#039;entreprises en Suisse\" width=\"300\" height=\"200\" title=\"\" srcset=\"https:\/\/actoria.com\/ch-de\/wp-content\/uploads\/2021\/11\/shutterstock-1-21-300x200.jpg 300w, https:\/\/actoria.com\/ch-de\/wp-content\/uploads\/2021\/11\/shutterstock-1-21-1030x687.jpg 1030w, https:\/\/actoria.com\/ch-de\/wp-content\/uploads\/2021\/11\/shutterstock-1-21-768x512.jpg 768w, https:\/\/actoria.com\/ch-de\/wp-content\/uploads\/2021\/11\/shutterstock-1-21-1536x1024.jpg 1536w, https:\/\/actoria.com\/ch-de\/wp-content\/uploads\/2021\/11\/shutterstock-1-21-2048x1365.jpg 2048w, https:\/\/actoria.com\/ch-de\/wp-content\/uploads\/2021\/11\/shutterstock-1-21-1500x1000.jpg 1500w, https:\/\/actoria.com\/ch-de\/wp-content\/uploads\/2021\/11\/shutterstock-1-21-705x470.jpg 705w\" sizes=\"auto, (max-width: 300px) 100vw, 300px\" \/>\r\n\r\nEin Unternehmenskauf wird in der Schweiz als <strong>Unternehmenstransaktion <\/strong>definiert, bei der ein Unternehmen einen Teil oder alle Aktien oder Aktiva eines anderen Unternehmens kauft.\r\n\r\nUnternehmensk\u00e4ufe in der Schweiz werden in der Regel durchgef\u00fchrt, um die St\u00e4rken des Zielunternehmens zu \u00fcbernehmen, diese zu nutzen und Synergien zu erzielen.\r\n\r\nEs handelt sich in der Schweiz um einen Prozess, der darauf abzielt, <strong>die St\u00e4rken des gekauften Unternehmens zu nutzen.<\/strong>\r\n\r\nBeim Unternehmenskauf resultiert ein <strong>Wachstum des Unternehmens, das mehr Geschwindigkeit und Rentabilit\u00e4t erlangt<\/strong>, als dies durch normales organisches Wachstum m\u00f6glich w\u00e4re.\r\n\r\nDer Prozess des Unternehmenskaufs in der Schweiz muss damit beginnen, zu definieren, welcher Unternehmenstyp sich f\u00fcr einen erfolgreichen Kauf eignet.\r\n\r\nIm Allgemeinen werden in der Schweiz Unternehmen ins Visier genommen, die sich<strong> im selben oder in einem sehr komplement\u00e4ren Marktsegment <\/strong>befinden.\r\n\r\nSobald der Zieltyp festgelegt ist, wird das Zielunternehmen angesprochen und, falls Interesse besteht, eine Due Diligence durchgef\u00fchrt, um die finanziellen und sonstigen Bedingungen des Unternehmens zu \u00fcberpr\u00fcfen.\r\n\r\nDie Prozesse, das Personal und die Produkte\/Dienstleistungen des Zielunternehmens werden bewertet, und die wichtigsten Vorteile werden beibehalten.\r\n\r\nEin einfacher Unternehmenskauf in der Schweiz bezieht sich auf ein Unternehmen, das <strong>die Aktiva und die Gesch\u00e4ftst\u00e4tigkeiten eines anderen Unternehmens kauft<\/strong> <strong>und das Notwendige \u00fcbernimmt<\/strong>, w\u00e4hrend es doppelte oder unn\u00f6tige T\u00e4tigkeiten des gekauften Unternehmens problemlos loswird.\r\n\r\nBeim Kauf von Aktiva (im Gegensatz zum Kauf von Wertpapieren, Aktien oder Anteilen) in der Schweiz wird ein Unternehmen gekauft, um ein oder zwei Aktiva des Unternehmens zu erwerben (Beispiel: Kundenportfolio, Lagerbest\u00e4nde, Marke, ...).\r\n<h3>Vorteile von Unternehmensk\u00e4ufe<\/h3>\r\nUnternehmensk\u00e4ufe in der Schweiz haben f\u00fcr den K\u00e4ufer folgende Vorteile:\r\n\r\n<strong>Senkung der Markteintrittsbarrieren<\/strong>\r\n\r\nDurch K\u00e4ufe kann ein Unternehmen in der Schweiz mit einer bereits bekannten Marke, die einen guten Ruf genie\u00dft und \u00fcber einen bestehenden Kundenstamm verf\u00fcgt, sofort in neue M\u00e4rkte und Produktlinien eintreten.\r\n\r\nEin Unternehmenskauf kann dabei helfen, Barrieren zu \u00fcberwinden, die zuvor den Markteintritt behindert haben.\r\n\r\nDer Markteintritt kann f\u00fcr Kleinunternehmen ein kostspieliges Projekt sein, da Ausgaben f\u00fcr Marktforschung, die Entwicklung eines neuen Produkts und die Zeit, die f\u00fcr den Aufbau eines gro\u00dfen Kundenstamms ben\u00f6tigt wird, anfallen.\r\n\r\n<strong>Marktmacht<\/strong>\r\n\r\nEin Kauf kann dazu beitragen, den Marktanteil Ihres Unternehmens in der Schweiz schnell zu erh\u00f6hen.\r\n\r\nAuch wenn der Wettbewerb schwierig sein kann, kann Ihnen das Wachstum durch Kauf helfen, einen Wettbewerbsvorteil auf dem Markt zu erlangen.\r\n\r\nDer Prozess erm\u00f6glicht es, Synergien auf dem Markt zu erzielen.\r\n\r\n<strong>Neue F\u00e4higkeiten und Ressourcen<\/strong>\r\n\r\nEin Unternehmen in der Schweiz kann sich daf\u00fcr entscheiden, andere Unternehmen aufzukaufen, um Kompetenzen und Ressourcen zu erwerben, \u00fcber die es derzeit nicht verf\u00fcgt.\r\n\r\nDies kann viele Vorteile mit sich bringen, wie zum Beispiel ein schnelles Einkommenswachstum oder eine Verbesserung der langfristigen Finanzlage des Unternehmens, was die Kapitalbeschaffung f\u00fcr Wachstumsstrategien erleichtert.\r\n\r\nExpansion und Vielfalt k\u00f6nnen einem Unternehmen auch dabei helfen, einer Wirtschaftsflaute zu widerstehen.\r\n\r\n<strong>Zugang zu Experten<\/strong>\r\n\r\nWenn sich Kleinunternehmen in der Schweiz mit gr\u00f6\u00dferen Unternehmen zusammenschlie\u00dfen, k\u00f6nnen sie Zugang zu Spezialisten wie Finanz-, Rechts- oder HR-Experten haben.\r\n\r\n<strong>Zugang zu Kapital<\/strong>\r\n\r\nNach einem Kauf ist der Zugang zu Kapital als gr\u00f6\u00dferes Unternehmen verbessert.\r\n\r\nDie Inhaber kleiner Unternehmen in der Schweiz sind in der Regel gezwungen, ihr eigenes Geld in das Wachstum des Unternehmens zu investieren, da sie keinen Zugang zu gr\u00f6\u00dferen Kreditfonds haben.\r\n\r\nDurch einen Kauf steht jedoch ein h\u00f6heres Ma\u00df an Kapital zur Verf\u00fcgung, sodass die Unternehmer die erforderlichen Mittel kaufen k\u00f6nnen, ohne in die eigene Tasche greifen zu m\u00fcssen.\r\n\r\n<strong>Neue Ideen und Perspektiven<\/strong>\r\n\r\nK\u00e4ufe in der Schweiz erm\u00f6glichen oft den Aufbau eines neuen Expertenteams mit neuen Perspektiven und Ideen, denen es am Herzen liegt, dem Unternehmen zu helfen, seine Ziele zu erreichen.\r\n[\/av_textblock]\r\n\r\n[\/av_one_full]<\/p>\n","protected":false},"excerpt":{"rendered":"<p>\u00dcbernahme von Wertpapieren<\/p>\n","protected":false},"author":2,"featured_media":6783,"parent":1789,"menu_order":0,"comment_status":"closed","ping_status":"open","template":"","meta":{"footnotes":""},"class_list":["post-1698","page","type-page","status-publish","has-post-thumbnail","hentry"],"_links":{"self":[{"href":"https:\/\/actoria.com\/ch-de\/wp-json\/wp\/v2\/pages\/1698","targetHints":{"allow":["GET"]}}],"collection":[{"href":"https:\/\/actoria.com\/ch-de\/wp-json\/wp\/v2\/pages"}],"about":[{"href":"https:\/\/actoria.com\/ch-de\/wp-json\/wp\/v2\/types\/page"}],"author":[{"embeddable":true,"href":"https:\/\/actoria.com\/ch-de\/wp-json\/wp\/v2\/users\/2"}],"replies":[{"embeddable":true,"href":"https:\/\/actoria.com\/ch-de\/wp-json\/wp\/v2\/comments?post=1698"}],"version-history":[{"count":1,"href":"https:\/\/actoria.com\/ch-de\/wp-json\/wp\/v2\/pages\/1698\/revisions"}],"predecessor-version":[{"id":24593,"href":"https:\/\/actoria.com\/ch-de\/wp-json\/wp\/v2\/pages\/1698\/revisions\/24593"}],"up":[{"embeddable":true,"href":"https:\/\/actoria.com\/ch-de\/wp-json\/wp\/v2\/pages\/1789"}],"wp:featuredmedia":[{"embeddable":true,"href":"https:\/\/actoria.com\/ch-de\/wp-json\/wp\/v2\/media\/6783"}],"wp:attachment":[{"href":"https:\/\/actoria.com\/ch-de\/wp-json\/wp\/v2\/media?parent=1698"}],"curies":[{"name":"wp","href":"https:\/\/api.w.org\/{rel}","templated":true}]}}