{"id":17712,"date":"2021-11-18T15:24:59","date_gmt":"2021-11-18T14:24:59","guid":{"rendered":"https:\/\/actoria.com\/ch\/?page_id=17712"},"modified":"2026-04-27T15:56:58","modified_gmt":"2026-04-27T13:56:58","slug":"immaterielle-bewertung-eines-unternehmens","status":"publish","type":"page","link":"https:\/\/actoria.com\/ch-de\/ubertragen\/wie-ubertragen\/vorbereitung-der-unternehmensubertragung\/immaterielle-bewertung-eines-unternehmens\/","title":{"rendered":"Immaterielle Bewertung eines Unternehmens"},"content":{"rendered":"<div id='av_section_1'  class='avia-section main_color avia-section-default avia-no-border-styling  avia-full-stretch avia-bg-style-fixed  avia-builder-el-0  el_before_av_one_full  avia-builder-el-first  header_page_section_title_wrapper  av-arrow-down-section av-minimum-height av-minimum-height-custom  container_wrap sidebar_right' style='background-repeat: no-repeat; background-image: url(https:\/\/actoria.com\/ch-de\/wp-content\/uploads\/2021\/11\/shutterstock-1-3-1500x1000.jpg);background-attachment: fixed; background-position: center center;  '  data-section-bg-repeat='stretch'><div class='container' style='height:660px'><main  role=\"main\" itemprop=\"mainContentOfPage\"  class='template-page content  av-content-small alpha units'><div class='post-entry post-entry-type-page post-entry-17712'><div class='entry-content-wrapper clearfix'>\n<div class='flex_column_table av-equal-height-column-flextable -flextable' ><div class=\"flex_column av_one_full  flex_column_table_cell av-equal-height-column av-align-bottom av-zero-column-padding first  avia-builder-el-1  avia-builder-el-no-sibling  header_page_section_title \" style='border-radius:0px; ' id=\"header_page_section_title\" ><p><br \/>\n<div  style='padding-bottom:5px; margin:0 0 0 0; color:#ffffff;' class='av-special-heading av-special-heading-h1 custom-color-heading   avia-builder-el-3  el_after_av_codeblock  avia-builder-el-last  '><h1 class='av-special-heading-tag '  itemprop=\"headline\"  >Immaterielle Bewertung eines Unternehmens<\/h1><div class='special-heading-border'><div class='special-heading-inner-border' style='border-color:#ffffff'><\/div><\/div><\/div><\/p><\/div><\/div><!--close column table wrapper. Autoclose: 1 --><\/div><\/div><\/main><!-- close content main element --><\/div><div class='av-extra-border-element border-extra-arrow-down'><div class='av-extra-border-outer'><div class='av-extra-border-inner'  style='background-color:#ffffff;' ><\/div><\/div><\/div><\/div><div id='after_section_1'  class='main_color av_default_container_wrap container_wrap sidebar_right' style=' '  ><div class='container' ><div class='template-page content  av-content-small alpha units'><div class='post-entry post-entry-type-page post-entry-17712'><div class='entry-content-wrapper clearfix'><div class=\"flex_column av_one_full  flex_column_div av-zero-column-padding first  avia-builder-el-4  el_after_av_section  avia-builder-el-no-sibling  \" style='border-radius:0px; '><section class=\"av_textblock_section \"  itemscope=\"itemscope\" itemtype=\"https:\/\/schema.org\/CreativeWork\" ><div class='avia_textblock  '   itemprop=\"text\" ><h2>Neuer Ansatz zur Bewertung eines Unternehmens in der Schweiz<\/h2>\n<p><img loading=\"lazy\" decoding=\"async\" class=\"wp-image-17840 size-medium alignleft\" title=\"Valorisation immat\u00e9rielle d\u2019une entreprise, transmission de PME en Suisse\" src=\"https:\/\/actoria.com\/be\/wp-content\/uploads\/2021\/11\/shutterstock-1-1-300x200.jpg\" alt=\"Valorisation immat\u00e9rielle d\u2019une entreprise, transmission de PME en Suisse\" width=\"300\" height=\"200\" \/><\/p>\n<p>Investitionen in immaterielle Aktiva (Immaterielles) bilden die Grundlage f\u00fcr die wissensbasierte Wirtschaft in der Schweiz.<\/p>\n<p>Diese Investitionen wie geistiges Eigentum (IP), Forschung, Technologie und Software sowie Humankapital sind in den letzten 25 Jahren unaufhaltsam gestiegen. Und die COVID-19-Pandemie scheint diese Entwicklung noch beschleunigt zu haben.<\/p>\n<h2><\/h2>\n<h2><\/h2>\n<h2>Ein dematerialisierter Ansatz f\u00fcr die Bewertung von Unternehmen<\/h2>\n<p>Erleben wir den Beginn einer neuen Etappe in der Geschichte des Kapitalismus, die auf Lernen, Wissen und intellektuellem Kapital basiert?<\/p>\n<p>Wird die immaterielle Bewertung von Unternehmen in der Schweiz die rein finanziellen Bewertungsmethoden \u00fcberholen?<\/p>\n<p>Immaterielle Aktiva (Intangibles) werden immer wichtiger f\u00fcr die Bewertung von Unternehmen.<\/p>\n<p>Die derzeitigen Rechnungslegungsstandards in der Schweiz erschweren jedoch ihre Ber\u00fccksichtigung in den Jahresabschl\u00fcssen.<\/p>\n<p>Diese mangelnde Ber\u00fccksichtigung kann sich nachteilig auf die Bewertung eines Unternehmens auswirken.<\/p>\n<p>Bewertungen, die auf einfachen buchhalterischen Ma\u00dfen aus den Jahresabschl\u00fcssen (Bilanzen und Konten) der Unternehmen beruhen, reichen nicht mehr aus.<\/p>\n<p>Selbst entwickelte immaterielle Aktiva tendieren dazu, nicht in der Bilanz aufzutauchen und die damit verbundenen Kosten werden als Aufwand verbucht, wenn sie anfallen.<\/p>\n<p>Nach IFRS werden diese Aktiva nur dann bilanziert, wenn bestimmte Kriterien erf\u00fcllt sind.<\/p>\n<p>Die Bilanzierung unterscheidet sich je nach Aktivatyp:<\/p>\n<ul>\n<li>Materielle Aktiva profitieren von Abschreibungen und Wertminderungen.<\/li>\n<li><strong>Selbstentwickelte immaterielle Aktiva haben in der Schweiz keine standardisierten Rechnungslegungsma\u00dfnahmen<\/strong> und f\u00fchren zu Bewertungsproblemen.<\/li>\n<\/ul>\n<p>Da die Investitionen in immaterielle Aktiva steigen, wird die Bewertung des Wertes dieser Aktiva als <strong>Teil des Unternehmenswertes<\/strong> immer wichtiger.<\/p>\n<h2>Diskriminierung zwischen den Unternehmensaktiva auf der Ebene der Rechnungslegung<\/h2>\n<p><img loading=\"lazy\" decoding=\"async\" class=\"size-medium wp-image-18019 alignleft\" title=\"Valorisation immat\u00e9rielle d\u2019une entreprise, transmission d'entreprises en Suisse\" src=\"https:\/\/actoria.com\/be\/wp-content\/uploads\/2021\/11\/shutterstock-1-3-300x200.jpg\" alt=\"Valorisation immat\u00e9rielle d\u2019une entreprise, transmission d'entreprises en Suisse\" width=\"300\" height=\"200\" \/><\/p>\n<p>Ein Unternehmen in der Schweiz, das sein Portfolio an immateriellen Aktiva ( immateriellen Verm\u00f6genswerten) durch K\u00e4ufe erweitert hat, wird wahrscheinlich einen h\u00f6heren Anteil an immateriellen Aktiva in seiner Bilanz haben (und einen h\u00f6heren Anteil an Goodwill) als ein Unternehmen, das immaterielle Aktiva intern entwickelt hat.<\/p>\n<p>Dies wird sich auf die Bilanzrelationen und die ausgewiesenen Gewinne, aber auch auf den Unternehmenswert auswirken.<\/p>\n<p>Die Bewertung von immateriellen Aktiva (Intangibles) ist h\u00f6chst subjektiv.<\/p>\n<p>Erschwerend kommt hinzu, dass Unternehmer in der Schweiz dazu neigen, den Wert der immateriellen Aktiva ihres Unternehmens zu \u00fcbersch\u00e4tzen.<\/p>\n<p>Immaterielle Aktiva (Intangibles) k\u00f6nnen der entscheidende Faktor f\u00fcr den Wert Ihres Unternehmens sein und sogar der Geheimtipp, der den K\u00e4ufer dazu bringt, einen sehr hohen Preis zu akzeptieren.<\/p>\n<p>Die Akzeptanz des Wertes dieser Art von Aktiva ist jedoch oft der gr\u00f6\u00dfte Stolperstein beim Verkauf eines Unternehmens.<\/p>\n<p>Hier sind einige Tipps zum Verst\u00e4ndnis von immateriellen Aktiva und wie sie bewertet werden k\u00f6nnten.<\/p>\n<h3><span style=\"font-size: 20px; font-weight: 600;\">1. <\/span><strong>Verstehen, was ein immaterielles (unk\u00f6rperliches) Aktivum ist.<\/strong><\/h3>\n<p>Ein immaterielles Aktivum ist ein Aktivum, das keine physische Form hat und nicht monet\u00e4r ist.<\/p>\n<p>Die wichtigsten immateriellen Aktiva sind geistiges Eigentum, Marken, Warenzeichen, Kundenlisten und in einigen F\u00e4llen Wettbewerbsverbotsvereinbarungen.<\/p>\n<p>Manchmal k\u00f6nnen diese Aktiva alle als &#171;Goodwill&#187; zusammengefasst werden, aber in Wirklichkeit sind sie getrennt und separat.<\/p>\n<p>Im Allgemeinen erscheinen sie nicht in der Bilanz eines Unternehmens, wenn ein Unternehmen ein anderes Unternehmen erwirbt oder wenn ein bestimmtes immaterielles Aktivum separat erworben wird.<\/p>\n<h3>2. Den Prozess verstehen<\/h3>\n<p>Bei einer Unternehmens\u00fcbertragung in der Schweiz erstellt Actoria normalerweise eine Bewertung f\u00fcr das gesamte Unternehmen, einschlie\u00dflich des Wertes der immateriellen Aktiva (Intangibles).<\/p>\n<\/div><\/section><\/div><div class=\"flex_column av_one_full  flex_column_div av-zero-column-padding first  \" style='border-radius:0px; '><section class=\"av_textblock_section \"  itemscope=\"itemscope\" itemtype=\"https:\/\/schema.org\/CreativeWork\" ><div class='avia_textblock  '   itemprop=\"text\" ><h2>Exponierte Bewertungsmethode<\/h2>\n<p><img loading=\"lazy\" decoding=\"async\" class=\"size-medium wp-image-17719 alignleft\" title=\"Valorisation immat\u00e9rielle d\u2019une entreprise, transmission d'entreprises en Suisse\" src=\"https:\/\/actoria.com\/ch\/wp-content\/uploads\/2021\/11\/shutterstock-1-2-300x200.jpg\" alt=\"Valorisation immat\u00e9rielle d\u2019une entreprise, transmission d'entreprises en Suisse\" width=\"300\" height=\"200\" srcset=\"https:\/\/actoria.com\/ch-de\/wp-content\/uploads\/2021\/11\/shutterstock-1-2-300x200.jpg 300w, https:\/\/actoria.com\/ch-de\/wp-content\/uploads\/2021\/11\/shutterstock-1-2-1030x687.jpg 1030w, https:\/\/actoria.com\/ch-de\/wp-content\/uploads\/2021\/11\/shutterstock-1-2-768x512.jpg 768w, https:\/\/actoria.com\/ch-de\/wp-content\/uploads\/2021\/11\/shutterstock-1-2-1536x1024.jpg 1536w, https:\/\/actoria.com\/ch-de\/wp-content\/uploads\/2021\/11\/shutterstock-1-2-2048x1365.jpg 2048w, https:\/\/actoria.com\/ch-de\/wp-content\/uploads\/2021\/11\/shutterstock-1-2-1500x1000.jpg 1500w, https:\/\/actoria.com\/ch-de\/wp-content\/uploads\/2021\/11\/shutterstock-1-2-705x470.jpg 705w\" sizes=\"auto, (max-width: 300px) 100vw, 300px\" \/><\/p>\n<p>Die von Actoria Schweiz entwickelte Methode zur Bewertung immaterieller Aktiva und strategischer immaterieller G\u00fcter ist das Ergebnis jahrelanger Erfahrung und \u00dcberlegungen.<\/p>\n<p>Sie spiegelt in gewisser Weise den sogenannten Marktwert der b\u00f6rsennotierten Gruppen und Unternehmen wider. Die Berechnung scheint einfach zu sein, da es sich um die folgende Formel handelt:<\/p>\n<p>Marktwert = Eigenkapital + Goodwill.<\/p>\n<p>Und manchmal: Marktwert = Eigenkapital &#8211; Badwill<\/p>\n<h3>Besonderheiten dieser Methode<\/h3>\n<ul>\n<li>Diese Methode erm\u00f6glicht es, die folgenden Hauptelemente zu ber\u00fccksichtigen:- Humankapital (Kompetenzen, Geschicklichkeit, Produktivit\u00e4t, Effizienz&#8230;)<\/li>\n<li>Beziehungs- und Strukturkapital (Netzwerke, Partnerschaften, Adressbuch, Lobbying, Pr\u00e4senz in Normungsorganisationen&#8230;).<\/li>\n<li>Organisatorisches Kapital (Wettbewerbsvorteile, Business Model, Software&#8230;)<\/li>\n<li>Kundenkapital (Marktanteil, Kundenbindung, qualifizierte potenzielle Kunden)<\/li>\n<li>Innovationskapital (Datenbanken, Wissensmanagement, Innovation und wirtschaftliche Intelligenz&#8230;)<\/li>\n<li>Und gesch\u00fctzte immaterielle Werte (Marken, Patente, Designs, Copyrights&#8230;).<\/li>\n<\/ul>\n<h3>Engagieren Sie einen Experten<\/h3>\n<p>Bei einem Unternehmensverkauf oder bei einem Unternehmenszusammenschluss in der Schweiz oder im Ausland ist es immer eine gute Idee, einen Bewerter wie Actoria zu engagieren, um den Unternehmenswert zu ermitteln. Dies kann dazu beitragen, Streitigkeiten oder Verwirrung zwischen K\u00e4ufer und Verk\u00e4ufer zu vermeiden.<\/p>\n<p>Wenn Sie einen Bewerter einstellen, suchen Sie nach Referenzen und holen Sie Angebote von zwei oder drei anerkannten Unternehmensbewertern in der Schweiz ein, die mit Ihrer Branche vertraut sind.<\/p>\n<p>Immaterielle Aktiva sind alle sehr einzigartig.<\/p>\n<p>Der Versuch, ihren Wert zu bewerten, ohne alle Feinheiten zu verstehen, f\u00fchrt nicht zu einem sehr genauen Ergebnis und kann frustrierend sein. Wenden Sie sich an Actoria, um Rat zu erhalten.<\/p>\n<p><strong>Actoria Schweiz hat ein sehr spezifisches Werkzeug<\/strong>, Xtravalue, entwickelt, das nach einem Audit Ihrer immateriellen Aktiva jedem dieser Aktiva einen spezifischen Wert zuweist, um letztendlich einen neuen Goodwill zu bestimmen, der Ihrem Unternehmen einen immateriellen Wert verleiht.<\/p>\n<p>F\u00fcr weitere Informationen nehmen Sie bitte Kontakt mit uns auf.<\/p>\n<\/div><\/section><\/div><\/p>\n","protected":false},"excerpt":{"rendered":"<p>Immaterielle Bewertung eines Unternehmens<\/p>\n","protected":false},"author":2,"featured_media":18356,"parent":14593,"menu_order":0,"comment_status":"closed","ping_status":"closed","template":"","meta":{"footnotes":""},"class_list":["post-17712","page","type-page","status-publish","has-post-thumbnail","hentry"],"_links":{"self":[{"href":"https:\/\/actoria.com\/ch-de\/wp-json\/wp\/v2\/pages\/17712","targetHints":{"allow":["GET"]}}],"collection":[{"href":"https:\/\/actoria.com\/ch-de\/wp-json\/wp\/v2\/pages"}],"about":[{"href":"https:\/\/actoria.com\/ch-de\/wp-json\/wp\/v2\/types\/page"}],"author":[{"embeddable":true,"href":"https:\/\/actoria.com\/ch-de\/wp-json\/wp\/v2\/users\/2"}],"replies":[{"embeddable":true,"href":"https:\/\/actoria.com\/ch-de\/wp-json\/wp\/v2\/comments?post=17712"}],"version-history":[{"count":0,"href":"https:\/\/actoria.com\/ch-de\/wp-json\/wp\/v2\/pages\/17712\/revisions"}],"up":[{"embeddable":true,"href":"https:\/\/actoria.com\/ch-de\/wp-json\/wp\/v2\/pages\/14593"}],"wp:featuredmedia":[{"embeddable":true,"href":"https:\/\/actoria.com\/ch-de\/wp-json\/wp\/v2\/media\/18356"}],"wp:attachment":[{"href":"https:\/\/actoria.com\/ch-de\/wp-json\/wp\/v2\/media?parent=17712"}],"curies":[{"name":"wp","href":"https:\/\/api.w.org\/{rel}","templated":true}]}}