{"id":17729,"date":"2021-11-18T15:53:22","date_gmt":"2021-11-18T14:53:22","guid":{"rendered":"https:\/\/actoria.com\/ch\/?page_id=17729"},"modified":"2026-04-27T15:56:59","modified_gmt":"2026-04-27T13:56:59","slug":"ihr-wachstum-beschleunigen","status":"publish","type":"page","link":"https:\/\/actoria.com\/ch-de\/entwickeln\/warum-sich-entwickeln\/ihr-wachstum-beschleunigen\/","title":{"rendered":"Ihr Wachstum beschleunigen"},"content":{"rendered":"<div id='av_section_1'  class='avia-section main_color avia-section-default avia-no-border-styling  avia-full-stretch avia-bg-style-fixed  avia-builder-el-0  el_before_av_one_full  avia-builder-el-first  header_page_section_title_wrapper  av-arrow-down-section av-minimum-height av-minimum-height-custom  container_wrap sidebar_right' style='background-repeat: no-repeat; background-image: url(https:\/\/actoria.com\/ch-de\/wp-content\/uploads\/2021\/12\/shutterstock-1-39-1500x1125.jpg);background-attachment: fixed; background-position: center center;  '  data-section-bg-repeat='stretch'><div class='container' style='height:660px'><main  role=\"main\" itemprop=\"mainContentOfPage\"  class='template-page content  av-content-small alpha units'><div class='post-entry post-entry-type-page post-entry-17729'><div class='entry-content-wrapper clearfix'>\n<div class='flex_column_table av-equal-height-column-flextable -flextable' ><div class=\"flex_column av_one_full  flex_column_table_cell av-equal-height-column av-align-bottom av-zero-column-padding first  avia-builder-el-1  avia-builder-el-no-sibling  header_page_section_title \" style='border-radius:0px; ' id=\"header_page_section_title\" ><p><br \/>\n<div  style='padding-bottom:5px; margin:0 0 0 0; color:#ffffff;' class='av-special-heading av-special-heading-h1 custom-color-heading   avia-builder-el-3  el_after_av_codeblock  avia-builder-el-last  '><h1 class='av-special-heading-tag '  itemprop=\"headline\"  >Ihr Wachstum beschleunigen<\/h1><div class='special-heading-border'><div class='special-heading-inner-border' style='border-color:#ffffff'><\/div><\/div><\/div><\/p><\/div><\/div><!--close column table wrapper. Autoclose: 1 --><\/div><\/div><\/main><!-- close content main element --><\/div><div class='av-extra-border-element border-extra-arrow-down'><div class='av-extra-border-outer'><div class='av-extra-border-inner'  style='background-color:#ffffff;' ><\/div><\/div><\/div><\/div><div id='after_section_1'  class='main_color av_default_container_wrap container_wrap sidebar_right' style=' '  ><div class='container' ><div class='template-page content  av-content-small alpha units'><div class='post-entry post-entry-type-page post-entry-17729'><div class='entry-content-wrapper clearfix'><div class=\"flex_column av_one_full  flex_column_div av-zero-column-padding first  avia-builder-el-4  el_after_av_section  avia-builder-el-no-sibling  \" style='border-radius:0px; '><section class=\"av_textblock_section \"  itemscope=\"itemscope\" itemtype=\"https:\/\/schema.org\/CreativeWork\" ><div class='avia_textblock  '   itemprop=\"text\" ><h2>WIE K\u00d6NNEN SIE IHR UNTERNEHMENSWACHSTUM BESCHLEUNIGEN UND KRISEN IN DER SCHWEIZ \u00dcBERWINDEN?<\/h2>\n<p><img loading=\"lazy\" decoding=\"async\" class=\"wp-image-17734 size-medium alignleft\" title=\"Acc\u00e9lerer sa croissance, transmission d'entreprises en Suisse\" src=\"https:\/\/actoria.com\/ch\/wp-content\/uploads\/2021\/11\/shutterstock-1-4-300x200.jpg\" alt=\"Acc\u00e9lerer sa croissance, transmission d'entreprises en Suisse\" width=\"300\" height=\"200\" srcset=\"https:\/\/actoria.com\/ch-de\/wp-content\/uploads\/2021\/11\/shutterstock-1-4-300x200.jpg 300w, https:\/\/actoria.com\/ch-de\/wp-content\/uploads\/2021\/11\/shutterstock-1-4-1030x687.jpg 1030w, https:\/\/actoria.com\/ch-de\/wp-content\/uploads\/2021\/11\/shutterstock-1-4-768x512.jpg 768w, https:\/\/actoria.com\/ch-de\/wp-content\/uploads\/2021\/11\/shutterstock-1-4-1536x1024.jpg 1536w, https:\/\/actoria.com\/ch-de\/wp-content\/uploads\/2021\/11\/shutterstock-1-4-2048x1365.jpg 2048w, https:\/\/actoria.com\/ch-de\/wp-content\/uploads\/2021\/11\/shutterstock-1-4-1500x1000.jpg 1500w, https:\/\/actoria.com\/ch-de\/wp-content\/uploads\/2021\/11\/shutterstock-1-4-705x470.jpg 705w\" sizes=\"auto, (max-width: 300px) 100vw, 300px\" \/><\/p>\n<p>Die Priorit\u00e4t eines jeden Unternehmens sollte ein <strong>langfristiges, nachhaltiges und stabiles Wachstum in der Schweiz<\/strong> sein.<\/p>\n<p>M&amp;A spielen eine Rolle bei der <strong>langfristigen Entwicklung<\/strong> Ihres Unternehmens, zun\u00e4chst auf regionaler und sp\u00e4ter auf nationaler Ebene.<\/p>\n<p>Die Entwicklung eines Unternehmens in der Schweiz f\u00fchrt heute \u00fcber einen <strong>unvermeidlichen Prozess<\/strong> des externen Wachstums.<\/p>\n<p>Die externe Entwicklung ist heute der <strong>wichtigste Hebel zur Beschleunigung des Wachstums <\/strong>eines Unternehmens, da sie es erm\u00f6glicht, starke Synergien mit externen Unternehmen aufzubauen, um ehrgeizige strategische Ziele zu erreichen.<\/p>\n<p>Unternehmenszusammenschl\u00fcsse stellen eine Methode zur <strong>Transformation<\/strong> von Unternehmen in einem zunehmend wettbewerbsintensiven globalen Umfeld dar.<\/p>\n<p>Sie erm\u00f6glicht es den Unternehmen, sich an die von der Umwelt gebotenen<strong> Chancen anzupassen<\/strong> und sich besser zu positionieren, um einen h\u00f6heren Wert f\u00fcr die Stakeholder zu erzielen (1+1 = 3).<\/p>\n<p>Die Entscheidung f\u00fcr externes Wachstum anstelle von organischem Wachstum bietet eine Reihe von Vorteilen f\u00fcr die Entwicklung Ihres Unternehmens.<\/p>\n<p>Doch die Durchf\u00fchrung einer externen Wachstumstransaktion in der Schweiz als <strong>Instrument f\u00fcr nachhaltiges Wachstum und Wertsteigerung<\/strong> beschr\u00e4nkt sich keineswegs auf einer einmaligen Einnahme von h\u00f6heren Einnahmen und Gewinnen.<\/p>\n<p>Unternehmenszusammenschl\u00fcsse sind am effektivsten, wenn sie als <strong>Erg\u00e4nzung<\/strong> zu einer Strategie des organischen Wachstums betrachtet werden.<\/p>\n<p>Um das Wachstum eines Schweizer Unternehmens durch die Durchf\u00fchrung von Unternehmenszusammenschl\u00fcssen oder -k\u00e4ufen zu beschleunigen, muss zun\u00e4chst ein solides und leistungsf\u00e4higes Unternehmen vorhanden sein.<\/p>\n<p>Dies setzt voraus, dass <strong>sich das Kerngesch\u00e4ft gut entwickelt<\/strong> und von einem <strong>funktionierenden Gesch\u00e4ftsmodell<\/strong> getragen wird.<\/p>\n<p>Das bedeutet, dass jeder Kauf oder jeder Zusammenschluss zu einer bereits finanziell stabilen und gesch\u00e4ftlich erfolgreichen Einheit hinzukommt.<\/p>\n<p>Das Gegenteil zu tun, indem man ein gesundes und erfolgreiches Schweizer Unternehmen mit einem anderen statischen oder gescheiterten Unternehmen mit einem dysfunktionalen Gesch\u00e4ftsmodell erwirbt oder sich ihm ann\u00e4hert, wird das zweite Unternehmen nicht aufwerten. Vielmehr ist es sogar ein Rezept daf\u00fcr, dass beide Unternehmen in Schwierigkeiten geraten.<\/p>\n<\/div><\/section><\/div><\/p>\n","protected":false},"excerpt":{"rendered":"<p>Ihr Wachstum beschleunigen<\/p>\n","protected":false},"author":2,"featured_media":18350,"parent":9388,"menu_order":0,"comment_status":"closed","ping_status":"closed","template":"","meta":{"footnotes":""},"class_list":["post-17729","page","type-page","status-publish","has-post-thumbnail","hentry"],"_links":{"self":[{"href":"https:\/\/actoria.com\/ch-de\/wp-json\/wp\/v2\/pages\/17729","targetHints":{"allow":["GET"]}}],"collection":[{"href":"https:\/\/actoria.com\/ch-de\/wp-json\/wp\/v2\/pages"}],"about":[{"href":"https:\/\/actoria.com\/ch-de\/wp-json\/wp\/v2\/types\/page"}],"author":[{"embeddable":true,"href":"https:\/\/actoria.com\/ch-de\/wp-json\/wp\/v2\/users\/2"}],"replies":[{"embeddable":true,"href":"https:\/\/actoria.com\/ch-de\/wp-json\/wp\/v2\/comments?post=17729"}],"version-history":[{"count":0,"href":"https:\/\/actoria.com\/ch-de\/wp-json\/wp\/v2\/pages\/17729\/revisions"}],"up":[{"embeddable":true,"href":"https:\/\/actoria.com\/ch-de\/wp-json\/wp\/v2\/pages\/9388"}],"wp:featuredmedia":[{"embeddable":true,"href":"https:\/\/actoria.com\/ch-de\/wp-json\/wp\/v2\/media\/18350"}],"wp:attachment":[{"href":"https:\/\/actoria.com\/ch-de\/wp-json\/wp\/v2\/media?parent=17729"}],"curies":[{"name":"wp","href":"https:\/\/api.w.org\/{rel}","templated":true}]}}