{"id":17738,"date":"2021-11-18T16:02:04","date_gmt":"2021-11-18T15:02:04","guid":{"rendered":"https:\/\/actoria.com\/ch\/?page_id=17738"},"modified":"2026-04-27T15:55:59","modified_gmt":"2026-04-27T13:55:59","slug":"wie-lassen-sich-skaleneffekte-erzielen","status":"publish","type":"page","link":"https:\/\/actoria.com\/ch-de\/entwickeln\/warum-sich-entwickeln\/wie-lassen-sich-skaleneffekte-erzielen\/","title":{"rendered":"Wie lassen sich Skaleneffekte erzielen?"},"content":{"rendered":"<div id='av_section_1'  class='avia-section main_color avia-section-default avia-no-border-styling  avia-full-stretch avia-bg-style-fixed  avia-builder-el-0  el_before_av_one_full  avia-builder-el-first  header_page_section_title_wrapper  av-arrow-down-section av-minimum-height av-minimum-height-custom  container_wrap sidebar_right' style='background-repeat: no-repeat; background-image: url(https:\/\/actoria.com\/ch-de\/wp-content\/uploads\/2021\/11\/shutterstock-1-7-1500x1039.jpg);background-attachment: fixed; background-position: center center;  '  data-section-bg-repeat='stretch'><div class='container' style='height:660px'><main  role=\"main\" itemprop=\"mainContentOfPage\"  class='template-page content  av-content-small alpha units'><div class='post-entry post-entry-type-page post-entry-17738'><div class='entry-content-wrapper clearfix'>\n<div class='flex_column_table av-equal-height-column-flextable -flextable' ><div class=\"flex_column av_one_full  flex_column_table_cell av-equal-height-column av-align-bottom av-zero-column-padding first  avia-builder-el-1  avia-builder-el-no-sibling  header_page_section_title \" style='border-radius:0px; ' id=\"header_page_section_title\" ><p><br \/>\n<div  style='padding-bottom:5px; margin:0 0 0 0; color:#ffffff;' class='av-special-heading av-special-heading-h1 custom-color-heading   avia-builder-el-3  el_after_av_codeblock  avia-builder-el-last  '><h1 class='av-special-heading-tag '  itemprop=\"headline\"  >Wie lassen sich Skaleneffekte erzielen?<\/h1><div class='special-heading-border'><div class='special-heading-inner-border' style='border-color:#ffffff'><\/div><\/div><\/div><\/p><\/div><\/div><!--close column table wrapper. Autoclose: 1 --><\/div><\/div><\/main><!-- close content main element --><\/div><div class='av-extra-border-element border-extra-arrow-down'><div class='av-extra-border-outer'><div class='av-extra-border-inner'  style='background-color:#ffffff;' ><\/div><\/div><\/div><\/div><div id='after_section_1'  class='main_color av_default_container_wrap container_wrap sidebar_right' style=' '  ><div class='container' ><div class='template-page content  av-content-small alpha units'><div class='post-entry post-entry-type-page post-entry-17738'><div class='entry-content-wrapper clearfix'><div class=\"flex_column av_one_full  flex_column_div av-zero-column-padding first  avia-builder-el-4  el_after_av_section  avia-builder-el-no-sibling  \" style='border-radius:0px; '><section class=\"av_textblock_section \"  itemscope=\"itemscope\" itemtype=\"https:\/\/schema.org\/CreativeWork\" ><div class='avia_textblock  '   itemprop=\"text\" ><p>Das Erzielen von Skaleneffekten kann der beste Weg sein, um Ihr Unternehmen in der Schweiz zu vergr\u00f6\u00dfern.<\/p>\n<h2>WIE LASSEN SICH SKALENEFFEKTE ERZIELEN?<\/h2>\n<p><img loading=\"lazy\" decoding=\"async\" class=\"size-medium wp-image-18516 alignleft\" title=\"R\u00e9aliser des Economies d\u2019\u00e9chelle, transmission d'entreprises en Suisse\" src=\"https:\/\/actoria.com\/ch\/wp-content\/uploads\/2021\/12\/shutterstock-1-41-300x198.jpg\" alt=\"R\u00e9aliser des Economies d\u2019\u00e9chelle, transmission d'entreprises en Suisse\" width=\"300\" height=\"198\" srcset=\"https:\/\/actoria.com\/ch-de\/wp-content\/uploads\/2021\/12\/shutterstock-1-41-300x198.jpg 300w, https:\/\/actoria.com\/ch-de\/wp-content\/uploads\/2021\/12\/shutterstock-1-41-1030x680.jpg 1030w, https:\/\/actoria.com\/ch-de\/wp-content\/uploads\/2021\/12\/shutterstock-1-41-768x507.jpg 768w, https:\/\/actoria.com\/ch-de\/wp-content\/uploads\/2021\/12\/shutterstock-1-41-1536x1014.jpg 1536w, https:\/\/actoria.com\/ch-de\/wp-content\/uploads\/2021\/12\/shutterstock-1-41-2048x1353.jpg 2048w, https:\/\/actoria.com\/ch-de\/wp-content\/uploads\/2021\/12\/shutterstock-1-41-1500x991.jpg 1500w, https:\/\/actoria.com\/ch-de\/wp-content\/uploads\/2021\/12\/shutterstock-1-41-705x466.jpg 705w\" sizes=\"auto, (max-width: 300px) 100vw, 300px\" \/><\/p>\n<p>Ein Skaleneffekt liegt vor, wenn ein Zusammenschluss die <strong>durchschnittlichen Kosten <\/strong>Ihres Unternehmens <strong>senkt<\/strong>,<strong> die Verkaufspreise reduziert<\/strong> und <strong>die Rentabilit\u00e4t<\/strong> Ihres Unternehmens <strong>erh\u00f6ht<\/strong>.<\/p>\n<p>Zu den verschiedenen Skaleneffekten geh\u00f6ren:<\/p>\n<p>\u2714<strong>Technische Einsparungen<\/strong>: Wenn das Unternehmen hohe Fixkosten hat, wird der Zusammenschluss mit einem anderen Unternehmen zu niedrigeren Durchschnittskosten f\u00fchren;<\/p>\n<p>\u2714<strong>Gro\u00dfeinkauf<\/strong>: Ein B\u00fcndnis oder eine Fusion kann bessere finanzielle Bedingungen f\u00fcr den Kauf gro\u00dfer Mengen an Rohstoffen, Grundstoffen oder Dienstleistungen bieten.<\/p>\n<p>\u2714<strong>Finanziell<\/strong>: Bessere Zinss\u00e4tze f\u00fcr Gro\u00dfunternehmen.<\/p>\n<p>\u2714<strong>Organisation<\/strong>: Ein Sitz anstelle von zweien ist effizienter.<\/p>\n<p>Es ist zu beachten, dass eine \u201evertikale\u201c Ann\u00e4herung (an einen Lieferanten oder H\u00e4ndler) weniger potenzielle Skaleneffekte bietet als ein horizontaler Zusammenschluss (Wettbewerber).<\/p>\n<p>Beispielsweise k\u00f6nnte eine \u201evertikale\u201c Fusion nicht von technischen Skaleneffekten profitieren.<\/p>\n<p>Bei einer \u201evertikalen\u201c Ann\u00e4herung k\u00f6nnte es jedoch finanzielle und risikobezogene Einsparungen geben.<\/p>\n<p>Einige Industriezweige in der Schweiz werden mehr Skaleneffekte erzielen als andere. Beispielsweise hat ein Hersteller von Autoteilen hohe Fixkosten und erzielt daher mehr Skaleneffekte als zwei Bekleidungsh\u00e4ndler.<\/p>\n<h2><strong>WAS GENAU IST GEMEINT, WENN VON \u201eSKALENEFFEKTEN\u201c ZWISCHEN KONKURRIERENDEN UNTERNEHMEN IN DER SCHWEIZ ODER IM AUSLAND DIE REDE IST?<\/strong><\/h2>\n<p>Erstens k\u00f6nnen Skaleneffekte zwischen Unternehmen in der Schweiz Synergien erzeugen, die aus dem Effekt der kritischen Gr\u00f6\u00dfe resultieren. Durch die gr\u00f6\u00dfere Gr\u00f6\u00dfe verf\u00fcgt das neue Unternehmen \u00fcber eine st\u00e4rkere Verhandlungsposition gegen\u00fcber den Zulieferern, wodurch die Kosten f\u00fcr den Kauf von Komponenten sinken.<\/p>\n<p>Der Gr\u00f6\u00dfeneffekt schl\u00e4gt sich auch in Skaleneffekten in der Produktion nieder: Sobald die Fixkosten hoch sind, k\u00f6nnen sie durch eine Erh\u00f6hung der produzierten Menge besser amortisiert werden, wodurch die St\u00fcckkosten sinken.<\/p>\n<p>Skaleneffekte zwischen Unternehmen in der Schweiz k\u00f6nnen sich auch auf Querschnittsfunktionen beziehen: Eine Fusion bedeutet oft das Ende von Doppelarbeit, zum Beispiel in den Bereichen Marketing, Personalwesen und sogar in der Unternehmensleitung.<\/p>\n<p>Diese Skaleneffekte zwischen Unternehmen in der Schweiz sind jedoch nicht unendlich, und die Herausforderung nach der Fusion besteht darin, die Gr\u00f6\u00dfe zu finden, die die Produktionskosten pro Einheit minimiert: die ber\u00fchmte \u201eMindestoptimale Betriebsgr\u00f6\u00dfen\u201c.\u00a0 Sie kann durch die sogenannte \u201eSurvivor-Technik\u201c angen\u00e4hert werden, bei der die Gr\u00f6\u00dfe des Unternehmens, das im Vergleich zu den Wettbewerbern in seiner Branche \u00fcberdurchschnittlich gut abschneidet, als Bezugsgr\u00f6\u00dfe dient.<\/p>\n<p>Zweitens k\u00f6nnen die Synergien zwischen Unternehmen in der Schweiz auf Verbundvorteile zur\u00fcckzuf\u00fchren sein: Die Herstellung verschiedener Varianten desselben Produkts f\u00fchrt zu Kostensenkungen, da alle Varianten des Produkts die gleichen Ressourcen beanspruchen.\u00a0 Hier wird deutlich, wie interessant es f\u00fcr einen Automobilhersteller ist, eine Fahrzeugpalette mit verschiedenen Modellen herzustellen, die auf denselben F&amp;E-Ausgaben, demselben Design oder einer modularen Plattform basieren.<\/p>\n<p>Drittens erm\u00f6glicht eine Fusion zwischen Unternehmen in der Schweiz absolute Kostensenkungen, unabh\u00e4ngig vom Gr\u00f6\u00dfeneffekt: Wenn die beiden Unternehmen nicht auf demselben technologischen Niveau sind, wird das neue Unternehmen die effizientere Technologie \u00fcbernehmen, was zu Produktionsumverteilungen zwischen den Standorten f\u00fchren wird.<\/p>\n<p>Viertens k\u00f6nnen Synergien zwischen Unternehmen in der Schweiz durch Erfahrungsvorteile entstehen, wenn die beiden Unternehmen nicht gleich lange auf dem Markt sind. In vielen Branchen f\u00fchrt eine lange Produktionszeit aufgrund von Lerneffekten zu einer niedrigeren Kostenkurve. Eine Fusion kann es einem Unternehmen erm\u00f6glichen, \u201eseinen R\u00fcckstand aufzuholen\u201c, indem es von der Erfahrung seines Partners profitiert.<\/p>\n<p>Schlie\u00dflich kann sich eine Fusion zwischen Unternehmen in der Schweiz positiv auf den Anreiz zur Innovation auswirken. Zun\u00e4chst einmal ist das neue Unternehmen in der Lage, sich die Ergebnisse seiner F&amp;E leichter anzueignen, da die beiden Unternehmen nicht mehr in Wettbewerb zueinander stehen. Dar\u00fcber hinaus kann Innovation die Mobilisierung erheblicher finanzieller Ressourcen erfordern, die einem einzelnen Unternehmen nicht zur Verf\u00fcgung stehen. Diese verschiedenen Synergien werden logischerweise dazu f\u00fchren, dass die Gewinnspanne des Unternehmens steigt. Die Rolle der Synergien f\u00fcr den Erfolg einer Fusion muss jedoch stark relativiert werden. So zeigten Blonigen und Pierce in einer ber\u00fchmten empirischen Studie \u00fcber eine Stichprobe amerikanischer Unternehmen, dass die Synergien nicht die Ursache f\u00fcr die bessere Leistung nach der Fusion sind. Sie seien anderswo zu suchen: in der Zunahme der Marktmacht. Eine horizontale Fusion verringert den Wettbewerb, wodurch das neue Unternehmen die Preise erh\u00f6hen kann.<\/p>\n<\/div><\/section><\/div><\/p>\n","protected":false},"excerpt":{"rendered":"<p>Wie lassen sich Skaleneffekte erzielen?<\/p>\n","protected":false},"author":2,"featured_media":11808,"parent":9388,"menu_order":0,"comment_status":"closed","ping_status":"closed","template":"","meta":{"footnotes":""},"class_list":["post-17738","page","type-page","status-publish","has-post-thumbnail","hentry"],"_links":{"self":[{"href":"https:\/\/actoria.com\/ch-de\/wp-json\/wp\/v2\/pages\/17738","targetHints":{"allow":["GET"]}}],"collection":[{"href":"https:\/\/actoria.com\/ch-de\/wp-json\/wp\/v2\/pages"}],"about":[{"href":"https:\/\/actoria.com\/ch-de\/wp-json\/wp\/v2\/types\/page"}],"author":[{"embeddable":true,"href":"https:\/\/actoria.com\/ch-de\/wp-json\/wp\/v2\/users\/2"}],"replies":[{"embeddable":true,"href":"https:\/\/actoria.com\/ch-de\/wp-json\/wp\/v2\/comments?post=17738"}],"version-history":[{"count":0,"href":"https:\/\/actoria.com\/ch-de\/wp-json\/wp\/v2\/pages\/17738\/revisions"}],"up":[{"embeddable":true,"href":"https:\/\/actoria.com\/ch-de\/wp-json\/wp\/v2\/pages\/9388"}],"wp:featuredmedia":[{"embeddable":true,"href":"https:\/\/actoria.com\/ch-de\/wp-json\/wp\/v2\/media\/11808"}],"wp:attachment":[{"href":"https:\/\/actoria.com\/ch-de\/wp-json\/wp\/v2\/media?parent=17738"}],"curies":[{"name":"wp","href":"https:\/\/api.w.org\/{rel}","templated":true}]}}