{"id":17749,"date":"2021-11-18T16:25:30","date_gmt":"2021-11-18T15:25:30","guid":{"rendered":"https:\/\/actoria.com\/ch\/?page_id=17749"},"modified":"2026-04-27T15:56:58","modified_gmt":"2026-04-27T13:56:58","slug":"krisen-uberwinden","status":"publish","type":"page","link":"https:\/\/actoria.com\/ch-de\/entwickeln\/warum-sich-entwickeln\/krisen-uberwinden\/","title":{"rendered":"Krisen \u00fcberwinden"},"content":{"rendered":"<div id='av_section_1'  class='avia-section main_color avia-section-default avia-no-border-styling  avia-full-stretch avia-bg-style-fixed  avia-builder-el-0  el_before_av_one_full  avia-builder-el-first  header_page_section_title_wrapper  av-arrow-down-section av-minimum-height av-minimum-height-custom  container_wrap sidebar_right' style='background-repeat: no-repeat; background-image: url(https:\/\/actoria.com\/ch-de\/wp-content\/uploads\/2021\/12\/shutterstock-1-40-1500x873.jpg);background-attachment: fixed; background-position: center center;  '  data-section-bg-repeat='stretch'><div class='container' style='height:660px'><main  role=\"main\" itemprop=\"mainContentOfPage\"  class='template-page content  av-content-small alpha units'><div class='post-entry post-entry-type-page post-entry-17749'><div class='entry-content-wrapper clearfix'>\n<div class='flex_column_table av-equal-height-column-flextable -flextable' ><div class=\"flex_column av_one_full  flex_column_table_cell av-equal-height-column av-align-bottom av-zero-column-padding first  avia-builder-el-1  avia-builder-el-no-sibling  header_page_section_title \" style='border-radius:0px; ' id=\"header_page_section_title\" ><p><br \/>\n<div  style='padding-bottom:5px; margin:0 0 0 0; color:#ffffff;' class='av-special-heading av-special-heading-h1 custom-color-heading   avia-builder-el-3  el_after_av_codeblock  avia-builder-el-last  '><h1 class='av-special-heading-tag '  itemprop=\"headline\"  > Krisen \u00fcberwinden<\/h1><div class='special-heading-border'><div class='special-heading-inner-border' style='border-color:#ffffff'><\/div><\/div><\/div><\/p><\/div><\/div><!--close column table wrapper. Autoclose: 1 -->\n<\/div><\/div><\/main><!-- close content main element --><\/div><div class='av-extra-border-element border-extra-arrow-down'><div class='av-extra-border-outer'><div class='av-extra-border-inner'  style='background-color:#ffffff;' ><\/div><\/div><\/div><\/div><div id='after_section_1'  class='main_color av_default_container_wrap container_wrap sidebar_right' style=' '  ><div class='container' ><div class='template-page content  av-content-small alpha units'><div class='post-entry post-entry-type-page post-entry-17749'><div class='entry-content-wrapper clearfix'>\n<div class=\"flex_column av_one_full  flex_column_div av-zero-column-padding first  avia-builder-el-4  el_after_av_section  avia-builder-el-no-sibling  \" style='border-radius:0px; '><section class=\"av_textblock_section \"  itemscope=\"itemscope\" itemtype=\"https:\/\/schema.org\/CreativeWork\" ><div class='avia_textblock  '   itemprop=\"text\" ><h1 style=\"text-align: center;\"><strong>Krisen \u00fcberwinden<\/strong><\/h1>\n<h3 style=\"text-align: center;\">Eine Einf\u00fchrung in die Grunds\u00e4tze des Wachstums als strategischer Hebel f\u00fcr Resilienz<\/h3>\n<\/div><\/section><br \/>\n<section class=\"av_textblock_section \"  itemscope=\"itemscope\" itemtype=\"https:\/\/schema.org\/CreativeWork\" ><div class='avia_textblock  '   itemprop=\"text\" ><p><img loading=\"lazy\" decoding=\"async\" class=\"wp-image-17758 size-medium alignleft\" title=\"Surmonter les crises, transmission d'entreprises en Suisse\" src=\"https:\/\/actoria.com\/ch\/wp-content\/uploads\/2021\/11\/shutterstock-1-9-300x200.jpg\" alt=\"Surmonter les crises, transmission d'entreprises en Suisse\" width=\"300\" height=\"200\" srcset=\"https:\/\/actoria.com\/ch-de\/wp-content\/uploads\/2021\/11\/shutterstock-1-9-300x200.jpg 300w, https:\/\/actoria.com\/ch-de\/wp-content\/uploads\/2021\/11\/shutterstock-1-9-1030x687.jpg 1030w, https:\/\/actoria.com\/ch-de\/wp-content\/uploads\/2021\/11\/shutterstock-1-9-768x512.jpg 768w, https:\/\/actoria.com\/ch-de\/wp-content\/uploads\/2021\/11\/shutterstock-1-9-1536x1024.jpg 1536w, https:\/\/actoria.com\/ch-de\/wp-content\/uploads\/2021\/11\/shutterstock-1-9-2048x1365.jpg 2048w, https:\/\/actoria.com\/ch-de\/wp-content\/uploads\/2021\/11\/shutterstock-1-9-1500x1000.jpg 1500w, https:\/\/actoria.com\/ch-de\/wp-content\/uploads\/2021\/11\/shutterstock-1-9-705x470.jpg 705w\" sizes=\"auto, (max-width: 300px) 100vw, 300px\" \/><\/p>\n<p>In Zeiten der wirtschaftlichen Rezession <strong>m\u00fcssen sich<\/strong> <strong>die Wachstumsstrategien der Unternehmen \u00e4ndern<\/strong>, damit sie die Krise \u00fcberwinden k\u00f6nnen.<\/p>\n<p>Wir k\u00f6nnen dieses Thema nicht behandeln, ohne auf die alte Etymologie dieses Wortes zur\u00fcckzugehen, das eine Doppelbedeutung hat. Aus dem Altgriechischen <em>krisis<\/em>, was Urteil, Entscheidung bedeutet, und aus dem mittelalterlichen Lateinischen <em>crisis<\/em>, was eine brutale, gewaltsame Manifestation einer Krankheit bedeutet. <strong>Die Krise bezieht sich auf einen Schl\u00fcsselmoment, in dem sich alles entscheidet.<\/strong><\/p>\n<p><strong>Der moderne Unternehmer muss in der Lage sein, in einer Zeit der Unsicherheit zu leben.<\/strong><\/p>\n<p>Globale Krisen (wirtschaftlichen, gesundheitlichen und gesellschaftlichen Ursprungs) sind ein wichtiges Anliegen f\u00fcr Unternehmensleiter, und wie man den Schock der Krise \u00fcberwinden kann, ist Teil der F\u00e4higkeiten eines guten Unternehmers.<\/p>\n<p><strong>Ein Raum der M\u00f6glichkeiten, der durch die Denkweise der Unternehmensleiter herausgefordert wird<\/strong><\/p>\n<p>Ein so beunruhigendes Ereignis wie eine Krise hat verschiedene Auswirkungen auf die Wachstumsstrategien und die Unternehmensleistungen. Sie k\u00f6nnte Unternehmensleiter zu <strong>irrationalen Handlungen<\/strong> veranlassen, zum Beispiel dazu, Mitarbeiter an den Wettbewerb zu verlieren.<\/p>\n<p><strong>Den Unternehmenswert in Krisenzeiten zu wahren<\/strong><\/p>\n<p>In fr\u00fcheren Krisen sind Unternehmen verschwunden, weil sie unkluge Entscheidungen getroffen haben. Sch\u00e4tzungen zufolge ist der Unternehmenswert w\u00e4hrend der Krise 2007-2008 <strong>innerhalb von zwei Jahren um \u00fcber 63 %<\/strong> gesunken. Krisen machen es so erforderlich, Ver\u00e4nderungen in den Unternehmensstrategien und -gesch\u00e4ftsmodellen zu verstehen, einschlie\u00dflich der Wachstumsstrategien, die zur Abfederung von Schocks bei erneuten Krisen angenommen werden sollten.<\/p>\n<p><strong>Die Notwendigkeit, Wachstumsstrategien zu verwandeln<\/strong><\/p>\n<p>In Zeiten der wirtschaftlichen Rezession <strong>m\u00fcssen sich die<\/strong> <strong>Wachstumsstrategien der Unternehmen \u00e4ndern<\/strong>, damit sie die Krise \u00fcberwinden k\u00f6nnen. In dieser Zeit gewinnt der Begriff der Wachstumsstrategien an Bedeutung, obwohl Wachstum und Rezession nicht von Natur aus miteinander vereinbar sind. Daher <strong>wird die Entscheidung, welche Art von Strategie verfolgt werden soll, zu einer kritischen Entscheidung<\/strong> f\u00fcr die Nachhaltigkeit von Unternehmen.<\/p>\n<p>In einem Kontext der weltweiten wirtschaftlichen Probleme <strong>greift<\/strong> die Krise auf die Unternehmen <strong>\u00fcber<\/strong>. Und die Umsetzung von L\u00f6sungen wie Fusionen und Unternehmenszusammenschl\u00fcssen ist nicht so einfach, auch wenn sie rettend sein k\u00f6nnen.<\/p>\n<p><strong><em>\u201eDie Menschen akzeptieren Ver\u00e4nderungen nur, wenn sie unbedingt notwendig sind, und die Notwendigkeit sehen sie nur in der Krise.\u201c<\/em><\/strong><\/p>\n<p>Jean Monnet<\/p>\n<p>Wirtschaftskrisen <strong>zwingen<\/strong> Unternehmensleiter <strong>zu<\/strong> <strong>Ver\u00e4nderungsoptionen<\/strong>. Die Bew\u00e4ltigung des Wandels ist eine schwierige Angelegenheit, und ein Teil des Problems besteht darin, dass es kaum einen Konsens dar\u00fcber gibt, welche Faktoren Transformationsinitiativen am meisten vorantreiben und wie sie das Unternehmensverhalten beeinflussen.<\/p>\n<p>Der erste Grundsatz bei allen Beschlussfassungen und Arbitrage besteht darin, sich eine klare und objektive strategische Vision von der Situation, den beteiligten Kr\u00e4ften, dem Umfang und den Modalit\u00e4ten des strategischen Handelns zu verschaffen.<\/p>\n<\/div><\/section><\/p><\/div>\n","protected":false},"excerpt":{"rendered":"<p>Krisen \u00fcberwinden<\/p>\n","protected":false},"author":2,"featured_media":6932,"parent":9388,"menu_order":0,"comment_status":"closed","ping_status":"closed","template":"","meta":{"footnotes":""},"class_list":["post-17749","page","type-page","status-publish","has-post-thumbnail","hentry"],"_links":{"self":[{"href":"https:\/\/actoria.com\/ch-de\/wp-json\/wp\/v2\/pages\/17749","targetHints":{"allow":["GET"]}}],"collection":[{"href":"https:\/\/actoria.com\/ch-de\/wp-json\/wp\/v2\/pages"}],"about":[{"href":"https:\/\/actoria.com\/ch-de\/wp-json\/wp\/v2\/types\/page"}],"author":[{"embeddable":true,"href":"https:\/\/actoria.com\/ch-de\/wp-json\/wp\/v2\/users\/2"}],"replies":[{"embeddable":true,"href":"https:\/\/actoria.com\/ch-de\/wp-json\/wp\/v2\/comments?post=17749"}],"version-history":[{"count":0,"href":"https:\/\/actoria.com\/ch-de\/wp-json\/wp\/v2\/pages\/17749\/revisions"}],"up":[{"embeddable":true,"href":"https:\/\/actoria.com\/ch-de\/wp-json\/wp\/v2\/pages\/9388"}],"wp:featuredmedia":[{"embeddable":true,"href":"https:\/\/actoria.com\/ch-de\/wp-json\/wp\/v2\/media\/6932"}],"wp:attachment":[{"href":"https:\/\/actoria.com\/ch-de\/wp-json\/wp\/v2\/media?parent=17749"}],"curies":[{"name":"wp","href":"https:\/\/api.w.org\/{rel}","templated":true}]}}