{"id":17762,"date":"2021-11-18T16:40:46","date_gmt":"2021-11-18T15:40:46","guid":{"rendered":"https:\/\/actoria.com\/ch\/?page_id=17762"},"modified":"2026-04-27T15:56:59","modified_gmt":"2026-04-27T13:56:59","slug":"strategische-allianz-zwischen-unternehmen","status":"publish","type":"page","link":"https:\/\/actoria.com\/ch-de\/entwickeln\/welche-entwicklungslosungen\/strategische-allianz-zwischen-unternehmen\/","title":{"rendered":"Strategische Allianz zwischen Unternehmen"},"content":{"rendered":"<div id='av_section_1'  class='avia-section main_color avia-section-default avia-no-border-styling  avia-full-stretch avia-bg-style-fixed  avia-builder-el-0  el_before_av_one_full  avia-builder-el-first  header_page_section_title_wrapper  av-arrow-down-section av-minimum-height av-minimum-height-custom  container_wrap sidebar_right' style='background-repeat: no-repeat; background-image: url(https:\/\/actoria.com\/ch-de\/wp-content\/uploads\/2021\/11\/shutterstock-1-14-1500x978.jpg);background-attachment: fixed; background-position: center center;  '  data-section-bg-repeat='stretch'><div class='container' style='height:660px'><main  role=\"main\" itemprop=\"mainContentOfPage\"  class='template-page content  av-content-small alpha units'><div class='post-entry post-entry-type-page post-entry-17762'><div class='entry-content-wrapper clearfix'>\n<div class='flex_column_table av-equal-height-column-flextable -flextable' ><div class=\"flex_column av_one_full  flex_column_table_cell av-equal-height-column av-align-bottom av-zero-column-padding first  avia-builder-el-1  avia-builder-el-no-sibling  header_page_section_title \" style='border-radius:0px; ' id=\"header_page_section_title\" ><p><br \/>\n<div  style='padding-bottom:5px; margin:0 0 0 0; color:#ffffff;' class='av-special-heading av-special-heading-h1 custom-color-heading   avia-builder-el-3  el_after_av_codeblock  avia-builder-el-last  '><h1 class='av-special-heading-tag '  itemprop=\"headline\"  >Strategische Allianz zwischen Unternehmen<\/h1><div class='special-heading-border'><div class='special-heading-inner-border' style='border-color:#ffffff'><\/div><\/div><\/div><\/p><\/div><\/div><!--close column table wrapper. Autoclose: 1 -->\n<\/div><\/div><\/main><!-- close content main element --><\/div><div class='av-extra-border-element border-extra-arrow-down'><div class='av-extra-border-outer'><div class='av-extra-border-inner'  style='background-color:#ffffff;' ><\/div><\/div><\/div><\/div><div id='after_section_1'  class='main_color av_default_container_wrap container_wrap sidebar_right' style=' '  ><div class='container' ><div class='template-page content  av-content-small alpha units'><div class='post-entry post-entry-type-page post-entry-17762'><div class='entry-content-wrapper clearfix'>\n<div class=\"flex_column av_one_full  flex_column_div av-zero-column-padding first  avia-builder-el-4  el_after_av_section  avia-builder-el-no-sibling  \" style='border-radius:0px; '><section class=\"av_textblock_section \"  itemscope=\"itemscope\" itemtype=\"https:\/\/schema.org\/CreativeWork\" ><div class='avia_textblock  '   itemprop=\"text\" ><h3>Definition einer strategischen Allianz<\/h3>\n<p><img loading=\"lazy\" decoding=\"async\" class=\"alignleft wp-image-17763 size-medium\" title=\"Alliance entre entreprises, transmission d'entreprises en Suisse\" src=\"https:\/\/actoria.com\/ch\/wp-content\/uploads\/2021\/11\/shutterstock-1-11-300x200.jpg\" alt=\"Alliance strat\u00e9gique entre entreprises, transmission d'entreprises en Suisse\" width=\"300\" height=\"200\" srcset=\"https:\/\/actoria.com\/ch-de\/wp-content\/uploads\/2021\/11\/shutterstock-1-11-300x200.jpg 300w, https:\/\/actoria.com\/ch-de\/wp-content\/uploads\/2021\/11\/shutterstock-1-11-1030x687.jpg 1030w, https:\/\/actoria.com\/ch-de\/wp-content\/uploads\/2021\/11\/shutterstock-1-11-768x512.jpg 768w, https:\/\/actoria.com\/ch-de\/wp-content\/uploads\/2021\/11\/shutterstock-1-11-1536x1024.jpg 1536w, https:\/\/actoria.com\/ch-de\/wp-content\/uploads\/2021\/11\/shutterstock-1-11-2048x1365.jpg 2048w, https:\/\/actoria.com\/ch-de\/wp-content\/uploads\/2021\/11\/shutterstock-1-11-1500x1000.jpg 1500w, https:\/\/actoria.com\/ch-de\/wp-content\/uploads\/2021\/11\/shutterstock-1-11-705x470.jpg 705w\" sizes=\"auto, (max-width: 300px) 100vw, 300px\" \/><\/p>\n<p>Eine strategische Allianz (oder auch strategische Partnerschaft) ist eine Vereinbarung zwischen zwei oder mehreren Parteien, <strong>eine Reihe von vereinbarten und notwendigen Zielen zu verfolgen und dabei unabh\u00e4ngige Organisationen zu bleiben.<\/strong><\/p>\n<p>Eine strategische Allianz in der Schweiz entspricht in der Regel nicht einer Partnerschaftsbeziehung im rechtlichen Rahmen einer Agentur oder eines verbundenen Unternehmens.<\/p>\n<p>Im Allgemeinen bilden zwei Unternehmen eine strategische Allianz, wenn jedes von ihnen \u00fcber <strong>Fachwissen<\/strong> verf\u00fcgt, <strong>das dem anderen bei der Verbesserung seiner Gesch\u00e4ftst\u00e4tigkeit helfen wird.<\/strong><\/p>\n<p>Strategische Allianzen in der Schweiz k\u00f6nnen sich im Rahmen von Outsourcing-Beziehungen entwickeln, bei denen die Parteien langfristige Vorteile und Innovationen auf der Grundlage beiderseitiger w\u00fcnschenswerter Ergebnisse anstreben.<\/p>\n<p>Strategische Allianzen in der Schweiz entstehen, wenn sich zwei oder mehr Organisationen zusammenschlie\u00dfen, um <strong>nach<\/strong> <strong>gegenseitigen Vorteilen zu suchen.<\/strong><\/p>\n<p>Die Partner k\u00f6nnen der strategischen Allianz Ressourcen wie Produkte, Vertriebskan\u00e4le, Fertigungskapazit\u00e4ten, Projektfinanzierung, Investitionsg\u00fcter, Wissen, Expertise oder geistiges Eigentum zur Verf\u00fcgung stellen.<\/p>\n<p>Die Allianz in der Schweiz ist <strong>eine Kooperation oder Zusammenarbeit, die auf Synergieeffekte abzielt, bei der jeder Partner hofft, dass die Vorteile der Allianz<\/strong> gr\u00f6\u00dfer als die der individuellen Bem\u00fchungen sein werden.<\/p>\n<p>Sie beinhaltet manchmal <strong>Technologietransfer<\/strong> (Zugang zu Wissen und Expertise), wirtschaftliche Spezialisierung, geteilte Ausgaben und geteiltes Risiko.<\/p>\n<p>Eine strategische Allianz in der Schweiz ist <strong>ein Mittel, um interne Aktiva, F\u00e4higkeiten und T\u00e4tigkeiten<\/strong> mit dem Zugang zu notwendigen Ressourcen oder Prozessen von externen Akteuren wie Lieferanten, Kunden, Wettbewerber, Unternehmen aus verschiedenen Branchen, Markeneigent\u00fcmern, Universit\u00e4ten, Instituten oder Regierungsabteilungen zu erg\u00e4nzen.<\/p>\n<p>In mehr oder weniger gro\u00dfem Umfang f\u00fchren einige Allianzen in der Schweiz <strong>zu einer teilweisen Integration der Parteien<\/strong> durch schrittweise Kapitalbeteiligungen, Vertr\u00e4ge, in denen die Rechte, Rollen und Verantwortlichkeiten \u00fcber einen bestimmten Zeitraum festgelegt werden, oder Minderheitsbeteiligungen am Kapital.<\/p>\n<p>Im Gegensatz zu einem Gemeinschaftsunternehmen <strong>bilden <\/strong>die Unternehmen einer strategischen Allianz in der Schweiz <strong>keine neue Einheit<\/strong>, um ihre Ziele zu verfolgen, sondern arbeiten zusammen, bleiben aber getrennt und unterscheidbar.<\/p>\n<h3>Vorteile einer Allianz<\/h3>\n<p><img loading=\"lazy\" decoding=\"async\" class=\"wp-image-17736 size-medium alignleft\" title=\"Acc\u00e9lerer sa croissance, transmission d'entreprises en Suisse\" src=\"https:\/\/actoria.com\/ch\/wp-content\/uploads\/2021\/11\/shutterstock-1-5-300x198.jpg\" alt=\"Alliance strat\u00e9gique, Acc\u00e9lerer sa croissance, transmission d'entreprises en Suisse\" width=\"300\" height=\"198\" srcset=\"https:\/\/actoria.com\/ch-de\/wp-content\/uploads\/2021\/11\/shutterstock-1-5-300x198.jpg 300w, https:\/\/actoria.com\/ch-de\/wp-content\/uploads\/2021\/11\/shutterstock-1-5-1030x680.jpg 1030w, https:\/\/actoria.com\/ch-de\/wp-content\/uploads\/2021\/11\/shutterstock-1-5-768x507.jpg 768w, https:\/\/actoria.com\/ch-de\/wp-content\/uploads\/2021\/11\/shutterstock-1-5-1536x1014.jpg 1536w, https:\/\/actoria.com\/ch-de\/wp-content\/uploads\/2021\/11\/shutterstock-1-5-2048x1353.jpg 2048w, https:\/\/actoria.com\/ch-de\/wp-content\/uploads\/2021\/11\/shutterstock-1-5-1500x991.jpg 1500w, https:\/\/actoria.com\/ch-de\/wp-content\/uploads\/2021\/11\/shutterstock-1-5-705x466.jpg 705w\" sizes=\"auto, (max-width: 300px) 100vw, 300px\" \/><\/p>\n<p><strong>Die Risikoteilung<\/strong><\/p>\n<p>Partnerschaften erm\u00f6glichen es den beteiligten Unternehmen, ihr Marktrisiko auszugleichen. Strategische Allianzen funktionieren wahrscheinlich am besten, wenn sich die Portfolios der Unternehmen erg\u00e4nzen, aber nicht direkt miteinander konkurrieren.<\/p>\n<p><strong>Der Wissensaustausch<\/strong><\/p>\n<p>Die Verteilung von Kompetenzen (Vertrieb, Marketing, Management), Marken, Marktkenntnis, technischem Know-how und Aktiva f\u00fchrt zu Synergieeffekten, die sich in einer B\u00fcndelung von Ressourcen niederschlagen, die wertvoller sind als die getrennten individuellen Ressourcen des betreffenden Unternehmens.<\/p>\n<p><strong>M\u00f6glichkeiten f\u00fcr Wachstum<\/strong><\/p>\n<p>Die Nutzung der Vertriebsnetze des Partners in Verbindung mit der Verwertung eines guten Markenimages kann einem Unternehmen helfen, schneller zu wachsen, als es dies allein k\u00f6nnte. Das organische Wachstum eines Unternehmens reicht oft nicht aus, um die strategischen Anforderungen eines Unternehmens zu erf\u00fcllen, das hei\u00dft ein Unternehmen kann sich ohne die Expertise und die Unterst\u00fctzung von Partnern nicht schnell genug entwickeln und expandieren.<\/p>\n<p><strong>Schnelligkeit des Marktzugangs<\/strong><\/p>\n<p>Eine schnelle Markteinf\u00fchrung ist ein wesentlicher Erfolgsfaktor auf den heutigen wettbewerbsorientierten M\u00e4rkten, und der richtige Partner kann dazu beitragen, diese Situation deutlich zu verbessern.<\/p>\n<p><strong>Komplexit\u00e4t<\/strong><\/p>\n<p>Mit zunehmender Komplexit\u00e4t wird es immer schwieriger, alle Anforderungen und Herausforderungen, denen sich ein Unternehmen gegen\u00fcbersieht, zu bew\u00e4ltigen. Die B\u00fcndelung von Expertise und Fachwissen kann daher dazu beitragen, den Kunden besser zu dienen.<\/p>\n<p><strong>Innovation<\/strong><\/p>\n<p>Die Parteien einer Allianz k\u00f6nnen gemeinsam festlegen, welche Ergebnisse sie erzielen wollen, und einen Kooperationsvertrag mit Anreizen zur F\u00f6rderung von Investitionen in Innovation ausarbeiten.<\/p>\n<p><strong>Kosten<\/strong><\/p>\n<p>Partnerschaften k\u00f6nnen dazu beitragen, Kosten zu senken, insbesondere in nicht gewinnorientierten Bereichen wie Forschung und Entwicklung.<\/p>\n<p><strong>Zugang zu Ressourcen<\/strong><\/p>\n<p>Die Partner einer strategischen Allianz k\u00f6nnen sich gegenseitig helfen, indem sie Zugang zu Ressourcen (Personal, Finanzen, Technologie) gew\u00e4hren, die es dem Partner erm\u00f6glichen, seine Produkte in besserer Qualit\u00e4t oder in rentabler Weise herzustellen.<\/p>\n<p><strong>Zugang zu Zielm\u00e4rkten<\/strong><\/p>\n<p>Manchmal ist die Zusammenarbeit mit einem lokalen Partner die einzige M\u00f6glichkeit, in einen bestimmten Markt einzudringen. Vor allem Entwicklungsl\u00e4nder wollen verhindern, dass ihre Ressourcen ausgebeutet werden, was ausl\u00e4ndischen Unternehmen den Zugang zu diesen M\u00e4rkten erschwert.<\/p>\n<p><strong>Einsparungen durch Skaleneffekte<\/strong><\/p>\n<p>Wenn Unternehmen ihre Ressourcen zusammenlegen und sich gegenseitig den Zugang zu Fertigungskapazit\u00e4ten erm\u00f6glichen, k\u00f6nnen Skaleneffekte erzielt werden.<\/p>\n<p><strong>Die Kooperation mit geeigneten Strategien erm\u00f6glicht es auch Kleinunternehmen, zusammenzuarbeiten und sich gegen gro\u00dfe Wettbewerber zu behaupten.<\/strong><\/p>\n<\/div><\/section><\/div>\n","protected":false},"excerpt":{"rendered":"<p>Strategische Allianz zwischen Unternehmen<\/p>\n","protected":false},"author":2,"featured_media":6975,"parent":17743,"menu_order":0,"comment_status":"closed","ping_status":"closed","template":"","meta":{"footnotes":""},"class_list":["post-17762","page","type-page","status-publish","has-post-thumbnail","hentry"],"_links":{"self":[{"href":"https:\/\/actoria.com\/ch-de\/wp-json\/wp\/v2\/pages\/17762","targetHints":{"allow":["GET"]}}],"collection":[{"href":"https:\/\/actoria.com\/ch-de\/wp-json\/wp\/v2\/pages"}],"about":[{"href":"https:\/\/actoria.com\/ch-de\/wp-json\/wp\/v2\/types\/page"}],"author":[{"embeddable":true,"href":"https:\/\/actoria.com\/ch-de\/wp-json\/wp\/v2\/users\/2"}],"replies":[{"embeddable":true,"href":"https:\/\/actoria.com\/ch-de\/wp-json\/wp\/v2\/comments?post=17762"}],"version-history":[{"count":0,"href":"https:\/\/actoria.com\/ch-de\/wp-json\/wp\/v2\/pages\/17762\/revisions"}],"up":[{"embeddable":true,"href":"https:\/\/actoria.com\/ch-de\/wp-json\/wp\/v2\/pages\/17743"}],"wp:featuredmedia":[{"embeddable":true,"href":"https:\/\/actoria.com\/ch-de\/wp-json\/wp\/v2\/media\/6975"}],"wp:attachment":[{"href":"https:\/\/actoria.com\/ch-de\/wp-json\/wp\/v2\/media?parent=17762"}],"curies":[{"name":"wp","href":"https:\/\/api.w.org\/{rel}","templated":true}]}}