{"id":17775,"date":"2021-11-18T16:58:31","date_gmt":"2021-11-18T15:58:31","guid":{"rendered":"https:\/\/actoria.com\/ch\/?page_id=17775"},"modified":"2026-04-27T15:56:57","modified_gmt":"2026-04-27T13:56:57","slug":"gemeinschaftsunternehmen-joint-venture","status":"publish","type":"page","link":"https:\/\/actoria.com\/ch-de\/entwickeln\/welche-entwicklungslosungen\/gemeinschaftsunternehmen-joint-venture\/","title":{"rendered":"Gemeinschaftsunternehmen (Joint Venture)"},"content":{"rendered":"<div id='av_section_1'  class='avia-section main_color avia-section-default avia-no-border-styling  avia-full-stretch avia-bg-style-fixed  avia-builder-el-0  el_before_av_one_full  avia-builder-el-first  header_page_section_title_wrapper  av-arrow-down-section av-minimum-height av-minimum-height-custom  container_wrap sidebar_right' style='background-repeat: no-repeat; background-image: url(https:\/\/actoria.com\/ch-de\/wp-content\/uploads\/2021\/12\/shutterstock-1-44-1500x1001.jpg);background-attachment: fixed; background-position: center center;  '  data-section-bg-repeat='stretch'><div class='container' style='height:660px'><main  role=\"main\" itemprop=\"mainContentOfPage\"  class='template-page content  av-content-small alpha units'><div class='post-entry post-entry-type-page post-entry-17775'><div class='entry-content-wrapper clearfix'>\n<div class='flex_column_table av-equal-height-column-flextable -flextable' ><div class=\"flex_column av_one_full  flex_column_table_cell av-equal-height-column av-align-bottom av-zero-column-padding first  avia-builder-el-1  avia-builder-el-no-sibling  header_page_section_title \" style='border-radius:0px; ' id=\"header_page_section_title\" ><p><br \/>\n<div  style='padding-bottom:5px; margin:0 0 0 0; color:#ffffff;' class='av-special-heading av-special-heading-h1 custom-color-heading   avia-builder-el-3  el_after_av_codeblock  avia-builder-el-last  '><h1 class='av-special-heading-tag '  itemprop=\"headline\"  >Gemeinschaftsunternehmen (Joint Venture)<\/h1><div class='special-heading-border'><div class='special-heading-inner-border' style='border-color:#ffffff'><\/div><\/div><\/div><\/p><\/div><\/div><!--close column table wrapper. Autoclose: 1 --><\/div><\/div><\/main><!-- close content main element --><\/div><div class='av-extra-border-element border-extra-arrow-down'><div class='av-extra-border-outer'><div class='av-extra-border-inner'  style='background-color:#ffffff;' ><\/div><\/div><\/div><\/div><div id='after_section_1'  class='main_color av_default_container_wrap container_wrap sidebar_right' style=' '  ><div class='container' ><div class='template-page content  av-content-small alpha units'><div class='post-entry post-entry-type-page post-entry-17775'><div class='entry-content-wrapper clearfix'><div class=\"flex_column av_one_full  flex_column_div av-zero-column-padding first  avia-builder-el-4  el_after_av_section  avia-builder-el-no-sibling  \" style='border-radius:0px; '><section class=\"av_textblock_section \"  itemscope=\"itemscope\" itemtype=\"https:\/\/schema.org\/CreativeWork\" ><div class='avia_textblock  '   itemprop=\"text\" ><h2><\/h2>\n<h1>Was ist ein Joint Venture (JV)?<\/h1>\n<p><img loading=\"lazy\" decoding=\"async\" class=\"size-medium wp-image-17777 alignleft\" title=\"Soci\u00e9t\u00e9 commune (joint-venture), transmission d'entreprises en Suisse\" src=\"https:\/\/actoria.com\/ch\/wp-content\/uploads\/2021\/11\/shutterstock-1-16-300x200.jpg\" alt=\"Soci\u00e9t\u00e9 commune (joint-venture), transmission d'entreprises en Suisse\" width=\"300\" height=\"200\" srcset=\"https:\/\/actoria.com\/ch-de\/wp-content\/uploads\/2021\/11\/shutterstock-1-16-300x200.jpg 300w, https:\/\/actoria.com\/ch-de\/wp-content\/uploads\/2021\/11\/shutterstock-1-16-1030x688.jpg 1030w, https:\/\/actoria.com\/ch-de\/wp-content\/uploads\/2021\/11\/shutterstock-1-16-768x513.jpg 768w, https:\/\/actoria.com\/ch-de\/wp-content\/uploads\/2021\/11\/shutterstock-1-16-1536x1025.jpg 1536w, https:\/\/actoria.com\/ch-de\/wp-content\/uploads\/2021\/11\/shutterstock-1-16-2048x1367.jpg 2048w, https:\/\/actoria.com\/ch-de\/wp-content\/uploads\/2021\/11\/shutterstock-1-16-1500x1001.jpg 1500w, https:\/\/actoria.com\/ch-de\/wp-content\/uploads\/2021\/11\/shutterstock-1-16-705x471.jpg 705w\" sizes=\"auto, (max-width: 300px) 100vw, 300px\" \/><\/p>\n<p>Ein Joint Venture (JV) ist ein Wirtschaftsunternehmen, bei dem zwei oder mehr Organisationen <strong>ihre Ressourcen kombinieren<\/strong>, um einen<strong> taktischen und strategischen Vorteil auf dem Markt<\/strong> zu erlangen.<\/p>\n<p>Unternehmen in der Schweiz gehen h\u00e4ufig ein Joint Venture oder Gemeinschaftsunternehmen ein, um <strong>bestimmte Projekte <\/strong>zu verfolgen.<\/p>\n<p>Das Joint Venture in der Schweiz kann ein neues Projekt mit \u00e4hnlichen Produkten oder Dienstleistungen sein, oder es kann die Gr\u00fcndung eines v\u00f6llig neuen Unternehmens mit verschiedenen grundlegenden Gesch\u00e4ftst\u00e4tigkeiten beinhalten.<\/p>\n<p>Die Unternehmen initiieren ein Joint Venture durch eine <strong>vertragliche Vereinbarung zwischen allen beteiligten Parteien.<\/strong> Der Gewinn und der Verlust des Unternehmens werden von den Beteiligten geteilt.<\/p>\n<h2>Die wichtigsten Vorteile von Gemeinschaftsunternehmen (Joint Venture)<\/h2>\n<p>Ein Gemeinschaftsunternehmen (Joint Venture) in der Schweiz bietet seinen Beteiligten mehrere Vorteile. Es kann einem Unternehmen helfen, schneller zu wachsen, die Produktivit\u00e4t zu steigern und zus\u00e4tzliche Gewinne zu erwirtschaften.<\/p>\n<h3><strong>Gemeinsame Investition<\/strong><\/h3>\n<p>Jede Partei des Unternehmens bringt gem\u00e4\u00df den Bedingungen des Partnerschaftsabkommens einen bestimmten Anfangskapitalbetrag in das Projekt ein und <strong>verringert<\/strong> <strong>damit einen Teil der finanziellen Belastung<\/strong>, die jedem Unternehmen in der Schweiz auferlegt wird.<\/p>\n<h3><strong>Geteilte Ausgaben<\/strong><\/h3>\n<p>Jede Partei teilt sich einen <strong>gemeinsamen Pool an Ressourcen<\/strong>, was die Kosten auf globaler Basis senken kann.<\/p>\n<h3><strong>Technische Expertise und Know-how<\/strong><\/h3>\n<p>Jede Partei des Joint Ventures bringt h\u00e4ufig <strong>Expertise und Fachkenntnisse <\/strong>ein, was dazu beitr\u00e4gt, das Gemeinschaftsunternehmen (Joint Venture) stark genug zu machen, um sich aggressiv in eine bestimmte Richtung zu bewegen.<\/p>\n<h3><strong>Neuer Markteintritt<\/strong><\/h3>\n<p>Ein Gemeinschaftsunternehmen (Joint Venture) kann es Unternehmen in der Schweiz erm\u00f6glichen, sehr schnell in einen neuen Markt einzutreten, da alle relevanten Vorschriften und die Logistik von dem lokalen Akteur \u00fcbernommen werden.<\/p>\n<p>Ein <strong>internationaler Joint-Venture-Vertrag<\/strong> ist eine Vereinbarung zwischen einem Unternehmen mit Sitz in Land \u201eA\u201c und einem Unternehmen mit Sitz in Land \u201eB\u201c, das Zugang zum Markt in Land \u201eA\u201c erhalten m\u00f6chte.<\/p>\n<p>Mit der Gr\u00fcndung des Gemeinschaftsunternehmens (Joint Venture) sind die Unternehmen in der Schweiz in der Lage, ihr Produktportfolio und die Gr\u00f6\u00dfe des Marktes zu erweitern, und das Unternehmen in Land \u201eB\u201c erh\u00e4lt einen einfachen Zugang zum Markt in Land \u201eA\u201c.<\/p>\n<h3><strong>Neue Einnahmequellen<\/strong><\/h3>\n<p>Kleinunternehmen in der Schweiz haben oft mit begrenzten Ressourcen und Kapital f\u00fcr Wachstumsprojekte zu k\u00e4mpfen.<\/p>\n<p>Durch den Abschluss eines Gemeinschaftsunternehmens (Joint Venture) mit einem gr\u00f6\u00dferen Unternehmen, das \u00fcber <strong>mehr finanzielle Ressourcen<\/strong> verf\u00fcgt, kann das Kleinunternehmen schneller wachsen.<\/p>\n<p>Die erweiterten Vertriebskan\u00e4le des Gro\u00dfunternehmens k\u00f6nnen dem Kleinunternehmen auch gr\u00f6\u00dfere und\/oder diversifiziertere Einnahmequellen erschlie\u00dfen.<\/p>\n<h3><strong>Gewinne aus geistigem Eigentum<\/strong><\/h3>\n<p>Fortschrittliche Technologien sind f\u00fcr Unternehmen oft schwer intern einzusetzen.<\/p>\n<p>Daher gehen Unternehmen in der Schweiz h\u00e4ufig Gemeinschaftsunternehmen (Joint Venture) mit technologiereichen Unternehmen ein, <strong>um auf diese Aktiva zuzugreifen, ohne die Zeit und das Geld aufwenden zu m\u00fcssen<\/strong>, um sie intern zu entwickeln.<\/p>\n<p>Ein Gro\u00dfunternehmen mit gutem Zugang zu Finanzmitteln kann sein Betriebskapital in ein Gemeinschaftsunternehmen (Joint Venture) mit einem Unternehmen einbringen, das nur \u00fcber begrenzte Finanzierungsm\u00f6glichkeiten verf\u00fcgt, aber eine Schl\u00fcsseltechnologie f\u00fcr die Entwicklung von Produkten oder Dienstleistungen bereitstellen kann.<\/p>\n<h3><strong>Vorteile von Synergieeffekten<\/strong><\/h3>\n<p>Gemeinschaftsunternehmen (Joint Venture) in der Schweiz k\u00f6nnen die gleiche Art von Synergievorteilen bieten, nach denen Unternehmen bei M&amp;A oft suchen &#8211; entweder <strong>finanzielle Synergie<\/strong>, die die Kapitalkosten senkt, oder <strong>betriebliche Synergie<\/strong>, bei der zwei Unternehmen, die zusammenarbeiten, die betriebliche Effizienz steigern.<\/p>\n<h3><strong>H\u00f6here Glaubw\u00fcrdigkeit<\/strong><\/h3>\n<p>Ein junges Unternehmen in der Schweiz braucht in der Regel viel Zeit, um seine Glaubw\u00fcrdigkeit auf dem Markt und einen soliden Kundenstamm aufzubauen.<\/p>\n<p>F\u00fcr diese Unternehmen kann die Bildung eines Gemeinschaftsunternehmens (Joint Venture) mit einer <strong>gr\u00f6\u00dferen und bekannteren Marke<\/strong> dazu beitragen, dass sie schneller eine h\u00f6here Sichtbarkeit und Glaubw\u00fcrdigkeit auf dem Markt erreichen.<\/p>\n<h3><strong>Hindernisse f\u00fcr den Wettbewerb<\/strong><\/h3>\n<p>Einer der Gr\u00fcnde zur Bildung eines Joint Ventures in der Schweiz ist auch <strong>die Vermeidung von Wettbewerb und Preisdruck.<\/strong><\/p>\n<p>Durch die Zusammenarbeit mit anderen Unternehmen k\u00f6nnen Unternehmen manchmal effektiv Barrieren f\u00fcr Wettbewerber errichten, die es ihnen schwer machen, in den Markt einzudringen.<\/p>\n<h3><strong>Verbesserte Skaleneffekte<\/strong><\/h3>\n<p>Ein gr\u00f6\u00dferes Unternehmen profitiert immer von Skaleneffekten, wovon wiederum allen Parteien des Gemeinschaftsunternehmens (Joint Venture) zugute kommen.<\/p>\n<p>Dies bezieht sich auf den Begriff der betrieblichen Synergie.<\/p>\n<\/div><\/section><\/div><\/p>\n","protected":false},"excerpt":{"rendered":"<p>Gemeinschaftsunternehmen (Joint Venture)<\/p>\n","protected":false},"author":2,"featured_media":6910,"parent":17743,"menu_order":0,"comment_status":"closed","ping_status":"closed","template":"","meta":{"footnotes":""},"class_list":["post-17775","page","type-page","status-publish","has-post-thumbnail","hentry"],"_links":{"self":[{"href":"https:\/\/actoria.com\/ch-de\/wp-json\/wp\/v2\/pages\/17775","targetHints":{"allow":["GET"]}}],"collection":[{"href":"https:\/\/actoria.com\/ch-de\/wp-json\/wp\/v2\/pages"}],"about":[{"href":"https:\/\/actoria.com\/ch-de\/wp-json\/wp\/v2\/types\/page"}],"author":[{"embeddable":true,"href":"https:\/\/actoria.com\/ch-de\/wp-json\/wp\/v2\/users\/2"}],"replies":[{"embeddable":true,"href":"https:\/\/actoria.com\/ch-de\/wp-json\/wp\/v2\/comments?post=17775"}],"version-history":[{"count":1,"href":"https:\/\/actoria.com\/ch-de\/wp-json\/wp\/v2\/pages\/17775\/revisions"}],"predecessor-version":[{"id":24607,"href":"https:\/\/actoria.com\/ch-de\/wp-json\/wp\/v2\/pages\/17775\/revisions\/24607"}],"up":[{"embeddable":true,"href":"https:\/\/actoria.com\/ch-de\/wp-json\/wp\/v2\/pages\/17743"}],"wp:featuredmedia":[{"embeddable":true,"href":"https:\/\/actoria.com\/ch-de\/wp-json\/wp\/v2\/media\/6910"}],"wp:attachment":[{"href":"https:\/\/actoria.com\/ch-de\/wp-json\/wp\/v2\/media?parent=17775"}],"curies":[{"name":"wp","href":"https:\/\/api.w.org\/{rel}","templated":true}]}}