{"id":17784,"date":"2021-11-18T17:03:47","date_gmt":"2021-11-18T16:03:47","guid":{"rendered":"https:\/\/actoria.com\/ch\/?page_id=17784"},"modified":"2026-04-27T15:56:57","modified_gmt":"2026-04-27T13:56:57","slug":"unternehmensfusionen","status":"publish","type":"page","link":"https:\/\/actoria.com\/ch-de\/entwickeln\/welche-entwicklungslosungen\/unternehmensfusionen\/","title":{"rendered":"Unternehmensfusionen"},"content":{"rendered":"<div id='av_section_1'  class='avia-section main_color avia-section-default avia-no-border-styling  avia-full-stretch avia-bg-style-fixed  avia-builder-el-0  el_before_av_one_full  avia-builder-el-first  header_page_section_title_wrapper  av-arrow-down-section av-minimum-height av-minimum-height-custom  container_wrap sidebar_right' style='background-repeat: no-repeat; background-image: url(https:\/\/actoria.com\/ch-de\/wp-content\/uploads\/2021\/11\/shutterstock-1-18-1500x911.jpg);background-attachment: fixed; background-position: center center;  '  data-section-bg-repeat='stretch'><div class='container' style='height:660px'><main  role=\"main\" itemprop=\"mainContentOfPage\"  class='template-page content  av-content-small alpha units'><div class='post-entry post-entry-type-page post-entry-17784'><div class='entry-content-wrapper clearfix'>\n<div class='flex_column_table av-equal-height-column-flextable -flextable' ><div class=\"flex_column av_one_full  flex_column_table_cell av-equal-height-column av-align-bottom av-zero-column-padding first  avia-builder-el-1  avia-builder-el-no-sibling  header_page_section_title \" style='border-radius:0px; ' id=\"header_page_section_title\" ><p><br \/>\n<div  style='padding-bottom:5px; margin:0 0 0 0; color:#ffffff;' class='av-special-heading av-special-heading-h1 custom-color-heading   avia-builder-el-3  el_after_av_codeblock  avia-builder-el-last  '><h1 class='av-special-heading-tag '  itemprop=\"headline\"  >Fusionen<\/h1><div class='special-heading-border'><div class='special-heading-inner-border' style='border-color:#ffffff'><\/div><\/div><\/div><\/p><\/div><\/div><!--close column table wrapper. Autoclose: 1 -->\n<\/div><\/div><\/main><!-- close content main element --><\/div><div class='av-extra-border-element border-extra-arrow-down'><div class='av-extra-border-outer'><div class='av-extra-border-inner'  style='background-color:#ffffff;' ><\/div><\/div><\/div><\/div><div id='after_section_1'  class='main_color av_default_container_wrap container_wrap sidebar_right' style=' '  ><div class='container' ><div class='template-page content  av-content-small alpha units'><div class='post-entry post-entry-type-page post-entry-17784'><div class='entry-content-wrapper clearfix'>\n<div class=\"flex_column av_one_full  flex_column_div av-zero-column-padding first  avia-builder-el-4  el_after_av_section  avia-builder-el-no-sibling  \" style='border-radius:0px; '><section class=\"av_textblock_section \"  itemscope=\"itemscope\" itemtype=\"https:\/\/schema.org\/CreativeWork\" ><div class='avia_textblock  '   itemprop=\"text\" ><h1><strong>Was ist eine Fusion?<\/strong><\/h1>\n<p><img loading=\"lazy\" decoding=\"async\" class=\"size-medium wp-image-17788 alignleft\" title=\"Fusions, transmission d'entreprises en Suisse\" src=\"https:\/\/actoria.com\/ch\/wp-content\/uploads\/2021\/11\/shutterstock-1-19-300x300.jpg\" alt=\"Fusions, transmission d'entreprises en Suisse\" width=\"300\" height=\"300\" srcset=\"https:\/\/actoria.com\/ch-de\/wp-content\/uploads\/2021\/11\/shutterstock-1-19-300x300.jpg 300w, https:\/\/actoria.com\/ch-de\/wp-content\/uploads\/2021\/11\/shutterstock-1-19-1030x1030.jpg 1030w, https:\/\/actoria.com\/ch-de\/wp-content\/uploads\/2021\/11\/shutterstock-1-19-80x80.jpg 80w, https:\/\/actoria.com\/ch-de\/wp-content\/uploads\/2021\/11\/shutterstock-1-19-768x768.jpg 768w, https:\/\/actoria.com\/ch-de\/wp-content\/uploads\/2021\/11\/shutterstock-1-19-1536x1536.jpg 1536w, https:\/\/actoria.com\/ch-de\/wp-content\/uploads\/2021\/11\/shutterstock-1-19-36x36.jpg 36w, https:\/\/actoria.com\/ch-de\/wp-content\/uploads\/2021\/11\/shutterstock-1-19-180x180.jpg 180w, https:\/\/actoria.com\/ch-de\/wp-content\/uploads\/2021\/11\/shutterstock-1-19-1500x1500.jpg 1500w, https:\/\/actoria.com\/ch-de\/wp-content\/uploads\/2021\/11\/shutterstock-1-19-705x705.jpg 705w, https:\/\/actoria.com\/ch-de\/wp-content\/uploads\/2021\/11\/shutterstock-1-19.jpg 1600w\" sizes=\"auto, (max-width: 300px) 100vw, 300px\" \/><\/p>\n<p>Eine Fusion ist eine Unternehmensstrategie in der Schweiz, um sich mit einem anderen Unternehmen zusammenzuschlie\u00dfen und als eine einzige juristische Person zu fungieren.<\/p>\n<p>Die Unternehmen in der Schweiz, die Fusionen zustimmen, sind in Bezug auf Gr\u00f6\u00dfe und Umfang der Gesch\u00e4ftst\u00e4tigkeit in der Regel gleich.<\/p>\n<h2><strong>Arten von Fusionen<\/strong><\/h2>\n<h2><strong style=\"font-size: 20px\">1.Fusion von Wettbewerbern und Produkterweiterungen<\/strong><\/h2>\n<p>Solche Fusionen finden zwischen Unternehmen statt, die <strong>auf demselben Markt<\/strong> t\u00e4tig sind. Bei einer Fusion wird der bestehenden Produktpalette eines Unternehmens ein neues Produkt hinzugef\u00fcgt.<\/p>\n<p>Durch den Zusammenschluss k\u00f6nnen die Unternehmen in der Schweiz Zugang zu einem gr\u00f6\u00dferen Kundenstamm erhalten und ihren Marktanteil erh\u00f6hen.<\/p>\n<p><strong style=\"font-size: 20px\">2.Konglomerate Fusion<\/strong><\/p>\n<p>Eine Konglomerate Fusion ist ein Zusammenschluss von Unternehmen in der Schweiz, die nicht verwandte T\u00e4tigkeiten aus\u00fcben.<\/p>\n<p>Die Vereinigung wird nur stattfinden, wenn sie das Verm\u00f6gen der Aktion\u00e4re erh\u00f6ht.<\/p>\n<p><strong style=\"font-size: 20px\">3.Markterweiterungsfusion<\/strong><\/p>\n<p>Unternehmen in der Schweiz, die auf <strong>unterschiedlichen M\u00e4rkten<\/strong> t\u00e4tig sind, aber dieselben Produkte verkaufen, schlie\u00dfen sich zusammen, um Zugang zu einem gr\u00f6\u00dferen Markt und einem gr\u00f6\u00dferen Kundenstamm zu erhalten.<\/p>\n<p><strong style=\"font-size: 20px\">4.Horizontale Fusion<\/strong><\/p>\n<p>Unternehmen in der Schweiz, die auf M\u00e4rkten t\u00e4tig sind, auf denen sie weniger zahlreich sind, schlie\u00dfen sich zusammen, um einen gr\u00f6\u00dferen Markt zu gewinnen.<\/p>\n<p>Eine horizontale Fusion ist eine Art der Konsolidierung von Unternehmen, die <strong>\u00e4hnliche Produkte oder Dienstleistungen<\/strong> verkaufen. Dies f\u00fchrt zur Ausschaltung des Wettbewerbs. Somit k\u00f6nnen Skaleneffekte erzielt werden.<\/p>\n<p><strong style=\"font-size: 20px\">5.Vertikale Fusion<\/strong><\/p>\n<p>Eine vertikale Fusion findet statt, wenn Unternehmen in der Schweiz, die in derselben Branche, jedoch auf verschiedenen Ebenen in der Lieferkette t\u00e4tig sind, fusionieren.<\/p>\n<p>Solche Fusionen f\u00fchren zu mehr Synergien, einer besseren Kontrolle der Lieferkette und einer h\u00f6heren Effizienz.<\/p>\n<h2><strong>Vorteile einer Fusion<\/strong><\/h2>\n<h2><strong style=\"font-size: 20px\">1.Erh\u00f6ht den Marktanteil<\/strong><\/h2>\n<p>Wenn Unternehmen in der Schweiz fusionieren, <strong>erlangt<\/strong> das neue Unternehmen einen gr\u00f6\u00dferen Marktanteil und <strong>einen Vorsprung vor dem Wettbewerb<\/strong>.<\/p>\n<p><strong style=\"font-size: 20px\">2.Senkt die Betriebskosten<\/strong><\/p>\n<p>Unternehmen in der Schweiz k\u00f6nnen <strong>Skaleneffekte<\/strong> erzielen, zum Beispiel durch den Gro\u00dfeinkauf von Rohstoffen, was zu Kostensenkungen f\u00fchren kann. Investitionen in Aktiva verteilen sich nun auf eine gr\u00f6\u00dfere Produktion, was zu technischen Einsparungen f\u00fchrt.<\/p>\n<p><strong style=\"font-size: 20px\">3.Vermeidet die Doppelarbeit<\/strong><\/p>\n<p>Einige Unternehmen in der Schweiz, die \u00e4hnliche Produkte herstellen, k\u00f6nnen fusionieren, um <strong>Doppelarbeit zu vermeiden<\/strong> und den Wettbewerb auszuschalten. Dies f\u00fchrt auch zu niedrigeren Preisen f\u00fcr die Kunden.<\/p>\n<p><strong style=\"font-size: 20px\">4.Erweitert das Gesch\u00e4ft auf neue geografische Gebiete<\/strong><\/p>\n<p>Ein Unternehmen in der Schweiz, das <strong>sein Gesch\u00e4ft in einem bestimmten geografischen Gebiet ausbauen <\/strong>m\u00f6chte, kann sich mit einem anderen \u00e4hnlichen Unternehmen zusammenschlie\u00dfen, das in demselben Gebiet t\u00e4tig ist, um das Gesch\u00e4ft in Gang zu bringen.<\/p>\n<p><strong style=\"font-size: 20px\">5.Verhindert die Schlie\u00dfung eines unrentablen Unternehmens<\/strong><\/p>\n<p>Fusionen in der Schweiz k\u00f6nnen <strong>die Insolvenz eines Unternehmens vermeiden<\/strong> und viele Arbeitspl\u00e4tze retten.<\/p>\n<\/div><\/section><\/div>\n","protected":false},"excerpt":{"rendered":"<p>Unternehmensfusionen<\/p>\n","protected":false},"author":2,"featured_media":6752,"parent":17743,"menu_order":0,"comment_status":"closed","ping_status":"closed","template":"","meta":{"footnotes":""},"class_list":["post-17784","page","type-page","status-publish","has-post-thumbnail","hentry"],"_links":{"self":[{"href":"https:\/\/actoria.com\/ch-de\/wp-json\/wp\/v2\/pages\/17784","targetHints":{"allow":["GET"]}}],"collection":[{"href":"https:\/\/actoria.com\/ch-de\/wp-json\/wp\/v2\/pages"}],"about":[{"href":"https:\/\/actoria.com\/ch-de\/wp-json\/wp\/v2\/types\/page"}],"author":[{"embeddable":true,"href":"https:\/\/actoria.com\/ch-de\/wp-json\/wp\/v2\/users\/2"}],"replies":[{"embeddable":true,"href":"https:\/\/actoria.com\/ch-de\/wp-json\/wp\/v2\/comments?post=17784"}],"version-history":[{"count":1,"href":"https:\/\/actoria.com\/ch-de\/wp-json\/wp\/v2\/pages\/17784\/revisions"}],"predecessor-version":[{"id":24576,"href":"https:\/\/actoria.com\/ch-de\/wp-json\/wp\/v2\/pages\/17784\/revisions\/24576"}],"up":[{"embeddable":true,"href":"https:\/\/actoria.com\/ch-de\/wp-json\/wp\/v2\/pages\/17743"}],"wp:featuredmedia":[{"embeddable":true,"href":"https:\/\/actoria.com\/ch-de\/wp-json\/wp\/v2\/media\/6752"}],"wp:attachment":[{"href":"https:\/\/actoria.com\/ch-de\/wp-json\/wp\/v2\/media?parent=17784"}],"curies":[{"name":"wp","href":"https:\/\/api.w.org\/{rel}","templated":true}]}}