{"id":1784,"date":"2015-05-14T12:29:26","date_gmt":"2015-05-14T12:29:26","guid":{"rendered":"https:\/\/actoria.com\/ch\/?page_id=1784"},"modified":"2026-04-27T15:46:40","modified_gmt":"2026-04-27T13:46:40","slug":"suche-nach-potenziellen-ubernehmern","status":"publish","type":"page","link":"https:\/\/actoria.com\/ch-de\/ubernehmen\/die-schritte-zu-einer-erfolgreichen-ubernahme\/suche-nach-potenziellen-ubernehmern\/","title":{"rendered":"Suche nach potenziellen \u00dcbernehmern"},"content":{"rendered":"<div id='av_section_1'  class='avia-section main_color avia-section-default avia-no-border-styling  avia-full-stretch avia-bg-style-fixed  avia-builder-el-0  el_before_av_one_full  avia-builder-el-first  header_page_section_title_wrapper  av-arrow-down-section av-minimum-height av-minimum-height-custom  container_wrap sidebar_right' style='background-repeat: no-repeat; background-image: url(https:\/\/actoria.com\/ch-de\/wp-content\/uploads\/2021\/10\/shutterstock-304617983-1500x1000.jpg);background-attachment: fixed; background-position: center center;  '  data-section-bg-repeat='stretch'><div class='container' style='height:660px'><main  role=\"main\" itemprop=\"mainContentOfPage\"  class='template-page content  av-content-small alpha units'><div class='post-entry post-entry-type-page post-entry-1784'><div class='entry-content-wrapper clearfix'>\n<div class='flex_column_table av-equal-height-column-flextable -flextable' ><div class=\"flex_column av_one_full  flex_column_table_cell av-equal-height-column av-align-bottom av-zero-column-padding first  avia-builder-el-1  avia-builder-el-no-sibling  header_page_section_title \" style='border-radius:0px; ' id=\"header_page_section_title\" ><p><br \/>\n<div  style='padding-bottom:5px; margin:0 0 0 0; color:#ffffff;' class='av-special-heading av-special-heading-h1 custom-color-heading   avia-builder-el-3  el_after_av_codeblock  avia-builder-el-last  '><h1 class='av-special-heading-tag '  itemprop=\"headline\"  >Suche nach potenziellen \u00dcbernehmern<\/h1><div class='special-heading-border'><div class='special-heading-inner-border' style='border-color:#ffffff'><\/div><\/div><\/div><\/p><\/div><\/div><!--close column table wrapper. Autoclose: 1 --><\/div><\/div><\/main><!-- close content main element --><\/div><div class='av-extra-border-element border-extra-arrow-down'><div class='av-extra-border-outer'><div class='av-extra-border-inner'  style='background-color:#ffffff;' ><\/div><\/div><\/div><\/div><div id='after_section_1'  class='main_color av_default_container_wrap container_wrap sidebar_right' style=' '  ><div class='container' ><div class='template-page content  av-content-small alpha units'><div class='post-entry post-entry-type-page post-entry-1784'><div class='entry-content-wrapper clearfix'><div class=\"flex_column av_one_full  flex_column_div av-zero-column-padding first  avia-builder-el-4  el_after_av_section  avia-builder-el-no-sibling  \" style='border-radius:0px; '><section class=\"av_textblock_section \"  itemscope=\"itemscope\" itemtype=\"https:\/\/schema.org\/CreativeWork\" ><div class='avia_textblock  '   itemprop=\"text\" ><h2><strong>Eine spezialisierte Abteilung<\/strong><\/h2>\n<\/div><\/section><\/div><div class=\"flex_column av_one_full  flex_column_div av-zero-column-padding first  \" style='border-radius:0px; '><section class=\"av_textblock_section \"  itemscope=\"itemscope\" itemtype=\"https:\/\/schema.org\/CreativeWork\" ><div class='avia_textblock  '   itemprop=\"text\" ><div id=\"attachment_15848\" style=\"width: 310px\" class=\"wp-caption alignleft\"><img loading=\"lazy\" decoding=\"async\" aria-describedby=\"caption-attachment-15848\" class=\"size-medium wp-image-15848\" title=\"r\u00e9seau Actoria - - D\u00e9veloppement du groupe Actoria\" src=\"https:\/\/actoria.com\/ch\/wp-content\/uploads\/2021\/10\/shutterstock-433567450-300x200.jpg\" alt=\"r\u00e9seau Actoria - - D\u00e9veloppement du groupe Actoria\" width=\"300\" height=\"200\" srcset=\"https:\/\/actoria.com\/ch-de\/wp-content\/uploads\/2021\/10\/shutterstock-433567450-300x200.jpg 300w, https:\/\/actoria.com\/ch-de\/wp-content\/uploads\/2021\/10\/shutterstock-433567450-1030x687.jpg 1030w, https:\/\/actoria.com\/ch-de\/wp-content\/uploads\/2021\/10\/shutterstock-433567450-768x513.jpg 768w, https:\/\/actoria.com\/ch-de\/wp-content\/uploads\/2021\/10\/shutterstock-433567450-1536x1025.jpg 1536w, https:\/\/actoria.com\/ch-de\/wp-content\/uploads\/2021\/10\/shutterstock-433567450-2048x1367.jpg 2048w, https:\/\/actoria.com\/ch-de\/wp-content\/uploads\/2021\/10\/shutterstock-433567450-1500x1001.jpg 1500w, https:\/\/actoria.com\/ch-de\/wp-content\/uploads\/2021\/10\/shutterstock-433567450-705x470.jpg 705w\" sizes=\"auto, (max-width: 300px) 100vw, 300px\" \/><p id=\"caption-attachment-15848\" class=\"wp-caption-text\"><em>Actoria-Netzwerk &#8211; Entwicklung der Actoria-Gruppe<\/em><\/p><\/div>\n<p><strong>Actoria Schweiz<\/strong> ist auf die Beratung bei dem Verkauf und \u00dcbertragung von Unternehmen nur als Berater von Aktion\u00e4ren von Unternehmen, die ihre Beteiligung verkaufen wollen, spezialisiert.<\/p>\n<h2 style=\"text-align: justify\"><strong>DIREKTER ANSATZ<\/strong><\/h2>\n<p><strong>Actoria Schweiz bevorzugt die direkte Ansprache bei der Suche nach potenziellen \u00dcbernehmern, insbesondere<\/strong>\u00a0durch vertrauliche Briefe.<\/p>\n<p>Der Vorteil dieser Formel:<\/p>\n<p>\u2714Eine gezielte \u201eDurchk\u00e4mmung\u201c entsprechend den sektoriellen und geografischen Zw\u00e4ngen.<\/p>\n<p>\u2714Die M\u00f6glichkeit f\u00fcr den \u00dcbernehmer, die Gelegenheit zu finden, bevor sie auf dem Verkaufsmarkt auftaucht.<\/p>\n<p>\u2714Ein dynamischer Ansatz.<\/p>\n<h2 style=\"text-align: justify\"><strong>INDIREKTER ANSATZ<\/strong><\/h2>\n<p><strong>Actoria Schweiz<\/strong> hat den Status eines <strong>Experten<\/strong> bei den gr\u00f6\u00dften Managerclubs und spezialisierten beruflichen Netzwerken, in denen potenzielle Verk\u00e4ufer zusammengeschlossen sind.<\/p>\n<p>Das Beratungsunternehmen ist zudem Partner zahlreicher <strong>IHKs, Verb\u00e4nde, Organisationen, Berufsverb\u00e4nde, Zusammenschl\u00fcsse von Rechtsanw\u00e4lten, Wirtschaftspr\u00fcfern und Gesch\u00e4ftsbanken<\/strong>.<\/p>\n<h2><strong>KOMMUNIKATION<\/strong><\/h2>\n<p>Unter der Bedingung, dass die<strong> Vertraulichkeit<\/strong> gewahrt bleibt, ist es in bestimmten F\u00e4llen angebracht, \u00fcber <strong>spezialisierte Presse- oder Internetmedien<\/strong> zu kommunizieren.<\/p>\n<p><strong>Actoria Schweiz<\/strong> verf\u00fcgt \u00fcber <strong>privilegierte Partnerschaften<\/strong>, die es ihr erm\u00f6glichen, \u00fcber ein <strong>ausgezeichnetes Publikum<\/strong> zu verf\u00fcgen.<\/p>\n<\/div><\/section><\/div><\/p>\n","protected":false},"excerpt":{"rendered":"<p>Suche nach potenziellen \u00dcbernehmern<\/p>\n","protected":false},"author":2,"featured_media":6526,"parent":1700,"menu_order":1,"comment_status":"closed","ping_status":"closed","template":"","meta":{"footnotes":""},"class_list":["post-1784","page","type-page","status-publish","has-post-thumbnail","hentry"],"_links":{"self":[{"href":"https:\/\/actoria.com\/ch-de\/wp-json\/wp\/v2\/pages\/1784","targetHints":{"allow":["GET"]}}],"collection":[{"href":"https:\/\/actoria.com\/ch-de\/wp-json\/wp\/v2\/pages"}],"about":[{"href":"https:\/\/actoria.com\/ch-de\/wp-json\/wp\/v2\/types\/page"}],"author":[{"embeddable":true,"href":"https:\/\/actoria.com\/ch-de\/wp-json\/wp\/v2\/users\/2"}],"replies":[{"embeddable":true,"href":"https:\/\/actoria.com\/ch-de\/wp-json\/wp\/v2\/comments?post=1784"}],"version-history":[{"count":1,"href":"https:\/\/actoria.com\/ch-de\/wp-json\/wp\/v2\/pages\/1784\/revisions"}],"predecessor-version":[{"id":24523,"href":"https:\/\/actoria.com\/ch-de\/wp-json\/wp\/v2\/pages\/1784\/revisions\/24523"}],"up":[{"embeddable":true,"href":"https:\/\/actoria.com\/ch-de\/wp-json\/wp\/v2\/pages\/1700"}],"wp:featuredmedia":[{"embeddable":true,"href":"https:\/\/actoria.com\/ch-de\/wp-json\/wp\/v2\/media\/6526"}],"wp:attachment":[{"href":"https:\/\/actoria.com\/ch-de\/wp-json\/wp\/v2\/media?parent=1784"}],"curies":[{"name":"wp","href":"https:\/\/api.w.org\/{rel}","templated":true}]}}