{"id":17906,"date":"2021-11-25T20:29:20","date_gmt":"2021-11-25T19:29:20","guid":{"rendered":"https:\/\/actoria.com\/ch\/?page_id=17906"},"modified":"2026-04-27T15:56:57","modified_gmt":"2026-04-27T13:56:57","slug":"unternehmensubertragung-und-nachfolge-im-kanton-bern","status":"publish","type":"page","link":"https:\/\/actoria.com\/ch-de\/uber-uns\/organisation\/kantonale-niederlassungen\/unternehmensubertragung-und-nachfolge-im-kanton-bern\/","title":{"rendered":"Unternehmens\u00fcbertragung und Nachfolge im Kanton Bern"},"content":{"rendered":"<div id='av_section_1'  class='avia-section main_color avia-section-default avia-no-border-styling  avia-full-stretch avia-bg-style-fixed  avia-builder-el-0  el_before_av_one_full  avia-builder-el-first  header_page_section_title_wrapper  av-arrow-down-section av-minimum-height av-minimum-height-custom  container_wrap sidebar_right' style='background-repeat: no-repeat; background-image: url(https:\/\/actoria.com\/ch-de\/wp-content\/uploads\/2021\/11\/shutterstock-1-6-1500x1125.jpg);background-attachment: fixed; background-position: center center;  '  data-section-bg-repeat='stretch'><div class='container' style='height:660px'><main  role=\"main\" itemprop=\"mainContentOfPage\"  class='template-page content  av-content-small alpha units'><div class='post-entry post-entry-type-page post-entry-17906'><div class='entry-content-wrapper clearfix'>\n<div class='flex_column_table av-equal-height-column-flextable -flextable' ><div class=\"flex_column av_one_full  flex_column_table_cell av-equal-height-column av-align-bottom av-zero-column-padding first  avia-builder-el-1  avia-builder-el-no-sibling  header_page_section_title \" style='border-radius:0px; ' id=\"header_page_section_title\" ><p><br \/>\n<div  style='padding-bottom:5px; margin:0 0 0 0; color:#ffffff;' class='av-special-heading av-special-heading-h2 custom-color-heading   avia-builder-el-3  el_after_av_codeblock  avia-builder-el-last  '><h2 class='av-special-heading-tag '  itemprop=\"headline\"  >Unternehmens\u00fcbertragung und Nachfolge im Kanton Bern<\/h2><div class='special-heading-border'><div class='special-heading-inner-border' style='border-color:#ffffff'><\/div><\/div><\/div><\/p><\/div><\/div><!--close column table wrapper. Autoclose: 1 --><\/div><\/div><\/main><!-- close content main element --><\/div><div class='av-extra-border-element border-extra-arrow-down'><div class='av-extra-border-outer'><div class='av-extra-border-inner'  style='background-color:#ffffff;' ><\/div><\/div><\/div><\/div><div id='after_section_1'  class='main_color av_default_container_wrap container_wrap sidebar_right' style=' '  ><div class='container' ><div class='template-page content  av-content-small alpha units'><div class='post-entry post-entry-type-page post-entry-17906'><div class='entry-content-wrapper clearfix'><div class=\"flex_column av_one_full  flex_column_div av-zero-column-padding first  avia-builder-el-4  el_after_av_section  avia-builder-el-no-sibling  \" style='border-radius:0px; '><section class=\"av_textblock_section \"  itemscope=\"itemscope\" itemtype=\"https:\/\/schema.org\/CreativeWork\" ><div class='avia_textblock  '   itemprop=\"text\" ><h3 style=\"text-align: justify\"><strong>Actoria Bern :<\/strong><\/h3>\n<p style=\"text-align: justify\">Tel : +41 (0)31 519 00 77<br \/>\nEmail : info-berne@actoria.ch<\/p>\n<h3>Unternehmens\u00fcbertragung im Kanton Bern: Wie kann man sein Unternehmen im Kanton Bern vorbereiten und \u00fcbertragen?<\/h3>\n<p><em>Hier finden Sie alle wirtschaftlichen und demographischen Informationen, die Sie ben\u00f6tigen, um die \u00dcbergabe Ihres Unternehmens zu planen. Entdecken Sie auch die dynamischsten Sektoren im Kanton Bern.<\/em><\/p>\n<h3 style=\"text-align: justify\">Unternehmens\u00fcbertragung im Kanton Bern und Wirtschaft<\/h3>\n<div id=\"attachment_16204\" style=\"width: 310px\" class=\"wp-caption alignleft\"><img loading=\"lazy\" decoding=\"async\" aria-describedby=\"caption-attachment-16204\" class=\"size-medium wp-image-16204\" title=\"Transmission entreprises et d\u00e9veloppement Berne, transmission d'entreprises en Suisse\" src=\"https:\/\/actoria.com\/ch\/wp-content\/uploads\/2021\/10\/Ville-de-Berne-620x413-2-300x200.jpg\" alt=\"Transmission entreprises et d\u00e9veloppement Berne, transmission d'entreprises en Suisse\" width=\"300\" height=\"200\" srcset=\"https:\/\/actoria.com\/ch-de\/wp-content\/uploads\/2021\/10\/Ville-de-Berne-620x413-2-300x200.jpg 300w, https:\/\/actoria.com\/ch-de\/wp-content\/uploads\/2021\/10\/Ville-de-Berne-620x413-2.jpg 620w\" sizes=\"auto, (max-width: 300px) 100vw, 300px\" \/><p id=\"caption-attachment-16204\" class=\"wp-caption-text\">Unternehmens\u00fcbertragung und Entwicklung Bern, Unternehmens\u00fcbertragung in der Schweiz<\/p><\/div>\n<p style=\"text-align: justify\">Der Kanton Bern (BE) ist mit \u00fcber einer Million Einwohnern (12% der Landesbev\u00f6lkerung, Zahlen Dezember 2018) der zweitbev\u00f6lkerungsreichste Kanton der Schweizerischen Eidgenossenschaft und einer der fl\u00e4chenm\u00e4\u00dfig gr\u00f6\u00dften Kantone. Seine Hauptstadt Bern mit \u00fcber 141.000 Einwohnern (die f\u00fcnftgr\u00f6\u00dfte Stadt des Landes, die Berner Agglomeration hat 409.000 Einwohner) ist auch die Hauptstadt der Eidgenossenschaft. Aufgrund seiner zentralen geographischen Lage im Westen des Landes befindet sich der Kanton an der Grenze zwischen dem franz\u00f6sischsprachigen und dem deutschsprachigen Teil und grenzt an 11 andere Kantone. Der Kanton ist in 10 Verwaltungsbezirke unterteilt und hat 346 Gemeinden. Die Amtssprachen sind Deutsch und Franz\u00f6sisch.<\/p>\n<p style=\"text-align: justify\">Nach kantonalen Quellen belief sich das BIP des Kantons Bern im Jahr 2018 auf CHF 80 Mrd., was etwa 12% des nationalen BIP entspricht. Damit liegt der Kanton Bern auf Platz 2 hinter Z\u00fcrich. Beim BIP pro Kopf liegt der Kanton Bern auf dem 8. Platz aller Kantone. Im Jahr 2016 gab es im Kanton Jura 633.690 Arbeitspl\u00e4tze. Der terti\u00e4re Sektor (Handel und Dienstleistungen) konzentriert das gr\u00f6\u00dfte Besch\u00e4ftigungsvolumen (74%). Der sekund\u00e4re Sektor macht 20% des Besch\u00e4ftigungsvolumens des Kantons aus.<strong> In absoluten Zahlen ist der Kanton Bern mit mehr als 100.000 Arbeitspl\u00e4tzen der gr\u00f6\u00dfte Industriekanton der Schweiz.<\/strong> Der prim\u00e4re Sektor (Landwirtschaft, Forstwirtschaft, Fischerei) macht 6% des Gesamtvolumens aus.<\/p>\n<p>Die Wirtschaft des Kantons Bern ist reich und vielf\u00e4ltig. Auf dem Gebiet des Kantons Bern gibt es fast 70.000 Unternehmen. Die Regionen Biel und der Berner Jura sind historisch mit der Schweizer Uhrmachertradition verbunden (Omega, Rolex, Longines). Das gr\u00f6\u00dfte Uhrenunternehmen der Welt, die Swatch Group, hat ihren Hauptsitz in Neufch\u00e2tel, aber ihr Verwaltungssitz befindet sich in Biel, im Kanton Bern. Auf der Grundlage des Know-hows in der Uhrenindustrie haben viele Unternehmen Kompetenzen in den Bereichen Medizintechnik, Telekommunikation und Informatik, Pr\u00e4zisionsindustrie und Maschinenbau entwickelt.<\/p>\n<p>Der Kanton Bern beherbergt internationale Marktf\u00fchrer in allen Sektoren (Swisscom, eBay, CSL Behring, Galenica, usw.), aber auch Champions, die sich auf einen Nischenmarkt spezialisiert haben, wie z.B. Lantal Textiles in Langenthal, das die Stoffe f\u00fcr die Flugzeugsitze der meisten Fluggesellschaften herstellt.<\/p>\n<p>Der Kanton Bern hat mehr als 30.000 Arbeitspl\u00e4tze in der Landwirtschaft, was nicht unbedeutend ist, da es 1\/5 der Arbeitspl\u00e4tze in diesem Sektor in der Schweiz ausmacht. Der Kanton ist auf bestimmte Produkte spezialisiert, wie z.B. Gem\u00fcseanbau im Seeland, der ber\u00fchmte Emmentaler stammt aus dem Emmental, einer Region im Osten des Kantons Bern, und n\u00f6rdlich des Bielersees befindet sich das gr\u00f6\u00dfte Weinbaugebiet des Kantons. Der Kanton Bern beherbergt gro\u00dfe Namen in der Agrarwirtschaft: zum Beispiel Nestl\u00e9 in Konolfingen, Haco in G\u00fcmligen, Wander in Neuenegg, Toblerone in Bern, Emmi in Ostermundigen und Kirchberg.<\/p>\n<div id=\"attachment_16205\" style=\"width: 310px\" class=\"wp-caption alignleft\"><img loading=\"lazy\" decoding=\"async\" aria-describedby=\"caption-attachment-16205\" class=\"size-medium wp-image-16205\" title=\"Transmission entreprises et d\u00e9veloppement Berne, transmission d'entreprises en Suisse\" src=\"https:\/\/actoria.com\/ch\/wp-content\/uploads\/2021\/10\/PIB-par-cantons-620x553-2-300x268.png\" alt=\"Transmission entreprises et d\u00e9veloppement Berne, transmission d'entreprises en Suisse\" width=\"300\" height=\"268\" srcset=\"https:\/\/actoria.com\/ch-de\/wp-content\/uploads\/2021\/10\/PIB-par-cantons-620x553-2-300x268.png 300w, https:\/\/actoria.com\/ch-de\/wp-content\/uploads\/2021\/10\/PIB-par-cantons-620x553-2.png 620w\" sizes=\"auto, (max-width: 300px) 100vw, 300px\" \/><p id=\"caption-attachment-16205\" class=\"wp-caption-text\">\u00dcbertragung von Unternehmen und Entwicklung Bern, \u00dcbertragung von Unternehmen in der Schweiz<\/p><\/div>\n<p style=\"text-align: justify\">Viele Arbeitspl\u00e4tze sind mit dem Tourismus verbunden. Die Reiseziele im Berner Oberland (Thunersee, Brienzersee, Berner Alpen) sind weltweit bekannt und die Stadt Bern ist auch ein beliebtes Reiseziel f\u00fcr internationale G\u00e4ste. Zusammen mit Graub\u00fcnden und dem Wallis geh\u00f6rt der Kanton Bern zu den drei wichtigsten Tourismuskantonen der Schweiz. Der Tourismussektor des Kantons bietet 38.000 Vollzeitstellen und tr\u00e4gt zur Wertsch\u00f6pfung in H\u00f6he von 4,7 Milliarden CHF bei. Daher profitieren viele Unternehmen, die direkte Dienstleistungen erbringen, von der Tourismuswirtschaft, die mit dem Hotel- und Gastst\u00e4ttengewerbe, der Beherbergung, aber auch dem Transport, den Reiseb\u00fcros, der Kultur und dem Sport sowie pers\u00f6nlichen Dienstleistungen verbunden ist. Der Kanton betreibt eine proaktive Politik zur Entwicklung der touristischen Infrastruktur und des Marketings unter dem Label &#171;Made in Bern &#8211; Best of Switzerland&#187;.<\/p>\n<p style=\"text-align: justify\">Der terti\u00e4re Sektor, insbesondere das Gesundheitswesen, die \u00f6ffentliche Verwaltung und das Bildungswesen, konzentriert fast 70% der erwerbst\u00e4tigen Bev\u00f6lkerung. Bern ist der Sitz der Bundesverwaltung, daher haben die Sektoren der \u00f6ffentlichen Verwaltung eine gro\u00dfe Bedeutung im Kanton. Drei Viertel der Arbeitspl\u00e4tze im Kanton Bern sind im Dienstleistungssektor angesiedelt.<\/p>\n<h3 style=\"text-align: justify\">Wie wichtig ist die \u00dcbertragung eines Unternehmens im Kanton Bern, was steht auf dem Spiel?<\/h3>\n<div id=\"attachment_16206\" style=\"width: 310px\" class=\"wp-caption alignleft\"><img loading=\"lazy\" decoding=\"async\" aria-describedby=\"caption-attachment-16206\" class=\"size-medium wp-image-16206\" title=\"Transmission entreprises et d\u00e9veloppement Berne, transmission d'entreprises en Suisse\" src=\"https:\/\/actoria.com\/ch\/wp-content\/uploads\/2021\/10\/Creation-de-nouvelles-entreprises-2-620x283-2-300x137.png\" alt=\"Transmission entreprises et d\u00e9veloppement Berne, transmission d'entreprises en Suisse\" width=\"300\" height=\"137\" srcset=\"https:\/\/actoria.com\/ch-de\/wp-content\/uploads\/2021\/10\/Creation-de-nouvelles-entreprises-2-620x283-2-300x137.png 300w, https:\/\/actoria.com\/ch-de\/wp-content\/uploads\/2021\/10\/Creation-de-nouvelles-entreprises-2-620x283-2.png 620w\" sizes=\"auto, (max-width: 300px) 100vw, 300px\" \/><p id=\"caption-attachment-16206\" class=\"wp-caption-text\">Unternehmens\u00fcbertragung und Entwicklung Bern, Unternehmens\u00fcbertragung in der Schweiz<\/p><\/div>\n<p>Wie in anderen Schweizer Kantonen ist die Unternehmens\u00fcbertragung im Kanton Bern eine wichtige territoriale Herausforderung, da von den 70.000 Unternehmen im Kanton Bern 99% in die Kategorie der kleinen und mittleren Unternehmen (KMU) mit weniger als 250 Arbeitspl\u00e4tzen fallen. Die Mehrheit der Unternehmen f\u00e4llt sogar in die Kategorie der Mikrounternehmen (weniger als 10 Arbeitspl\u00e4tze).<\/p>\n<p>Actoria ist der einzige auf KMUs spezialisierte Anbieter, der intern \u00fcber alle Kompetenzen verf\u00fcgt, die f\u00fcr eine erfolgreiche \u00dcbertragung eines Unternehmens in der Schweiz unerl\u00e4sslich sind (finanzielle und wirtschaftliche, rechtliche und steuerliche, technische Kompetenzen).<\/p>\n<p>Der Kanton Bern ist ein attraktives Gebiet f\u00fcr Unternehmen, da sie hier hochqualifizierte Arbeitskr\u00e4fte finden und die Unternehmenssteuern attraktiv sind; die Zweisprachigkeit ist ein weiterer Vorteil. Dar\u00fcber hinaus f\u00f6rdert die N\u00e4he zu Universit\u00e4ten, Fachhochschulen, Forschungs- und Entwicklungszentren die Innovation. Der Switzerland Innovation Park Biel in Biel betreibt eine F&amp;E-Plattform, die sich mit industrieller Technologie befasst. Die Swiss Smart Factory analysiert und entwickelt Forschungsthemen zum Thema Industrie 4.0. Unternehmer und Innovatoren haben auch die M\u00f6glichkeit, sich auf dem Swiss Economic Forum zu vernetzen, das j\u00e4hrlich in Interlaken stattfindet und mehr als 1.200 Entscheidungstr\u00e4ger aus Unternehmen aller Gr\u00f6\u00dfenordnungen sowie Vertreter aus Politik, Wissenschaft und den Medien empf\u00e4ngt. Schlie\u00dflich bietet Bern, wie andere Kantone auch, ein \u00e4u\u00dferst angenehmes Lebensumfeld.<\/p>\n<p style=\"text-align: justify\"><span style=\"font-size: 20px;font-weight: 600\">Unternehmens\u00fcbertragungen im Kanton Bern: die dynamischsten Sektoren<\/span><\/p>\n<p style=\"text-align: justify\">Energie: Der Sektor Energie- und Umwelttechnik bietet etwa 15.000 Arbeitspl\u00e4tze in der Region. Die KMU des Kantons, die auf Energieeffizienz und erneuerbare Energien (Wasserkraft, Solarenergie, Windkraft) spezialisiert sind, finden im Berner Gebiet einen fruchtbaren Boden, um ihr Know-how zu entfalten. Mehr als 60% der in der Schweiz hergestellten W\u00e4rmepumpen stammen aus dem Kanton Bern. Die BKW Energie AG (BKW) oder Bernische Kraftwerke (BKW) ist eines der gr\u00f6\u00dften Stromversorgungsunternehmen der Schweiz. Sie ist \u00fcber den Kanton Bern hinaus auch im Kanton Jura und in Teilen des Kantons Neuenburg t\u00e4tig. Der in Bern ans\u00e4ssige Verein energie-cluster.ch (400 Mitglieder, davon 80% Unternehmen) erm\u00f6glicht es Unternehmen, sich an Forschungs- und Entwicklungsprojekten zu beteiligen. Es werden Weiterbildungsma\u00dfnahmen f\u00fcr Unternehmen, Forscher und Planer angeboten. Es werden Innovationsgruppen gebildet, die sich u.a. auf sanfte Bel\u00fcftung, Hochleistungs-W\u00e4rmed\u00e4mmung, W\u00e4rmetauscher, Verarbeitungssysteme usw. spezialisieren.<\/p>\n<p>Agrarwirtschaft: Es ist unm\u00f6glich, den Schweizer Agrarindustriegiganten Nestl\u00e9 nicht zu erw\u00e4hnen, der in Konolfingen sein gr\u00f6\u00dftes und wichtigstes Forschungszentrum f\u00fcr Milchprodukte betreibt. Neben den gro\u00dfen Konzernen beherbergt der Kanton auch f\u00fchrende Unternehmen in Nischenm\u00e4rkten, wie z.B. MDM Dreyer in Bern, dessen Hauptaktivit\u00e4t der Einkauf von Trockenfr\u00fcchten, Halbfertig- und Fertigprodukten f\u00fcr die Agrarwirtschaft ist. Oder RONDO Burgdorf, das seit 70 Jahren Maschinen und Anlagen f\u00fcr die Produktion von Backwaren aller Art herstellt.\u00a0 \u00a0 \u00a0 \u00a0 Der Cluster Food &amp; Nutrition (mit Sitz in Freiburg, gemeinsam mit den Kantonen Bern, Freiburg und Wallis) erm\u00f6glicht es Unternehmen, die Wettbewerbsf\u00e4higkeit und die Wertsch\u00f6pfung in der Agrarwirtschaftbranche zu verbessern, indem sie die Innovation in den Mittelpunkt stellen. Ein weiteres Ziel ist die Maximierung von Networking- und Gesch\u00e4ftsm\u00f6glichkeiten unter den Mitgliedern und mit der Welt der Ausbildung und F&amp;E.<\/p>\n<p>Medizintechnik: Ein dynamischer und zukunftstr\u00e4chtiger Sektor im Kanton, in dem etwa 280 Unternehmen als Hersteller und Zulieferer t\u00e4tig sind. Die Zahl der Besch\u00e4ftigten im Bereich Medizintechnik stieg in den letzten Jahren um 20% auf etwa 7.000 Personen (Quelle: Kanton). Medtronic, einer der weltweit f\u00fchrenden Hersteller von Medizintechnik, hat seine Verkaufs- und Marketingabteilung f\u00fcr die Schweiz in M\u00fcnchenbuchsee in der N\u00e4he von Bern angesiedelt. Haag-Streit, ein f\u00fchrender Hersteller von medizinischen Ger\u00e4ten (Ophthalmologie, Pneumologie, Optik f\u00fcr Mikrochirurgie), hat seinen Sitz in Koeniz, im Verwaltungskreis Bern-Mittelland. Die Ziemer Group, einer der weltweit f\u00fchrenden Hersteller von Ger\u00e4ten f\u00fcr die Augenchirurgie und Spezialist f\u00fcr Laserchirurgie, ist in Bern ans\u00e4ssig&#8230; Swiss Medtech ist der Branchenverband, der die Interessen der Schweizer Medizintechnik auf Schweizer Ebene vertritt. Es ist kein Zufall, dass dieser starke Zweig der Schweizer Industrie (1.400 Unternehmen, 58.500 Mitarbeiter) Bern als Sitz gew\u00e4hlt hat. Swiss Medtech setzt sich daf\u00fcr ein, dass die Schweiz ein attraktiver Ort f\u00fcr Innovation und internationalen Austausch bleibt.<\/p>\n<h3 style=\"text-align: justify\">Vor der \u00dcbertragung eines Unternehmens im Kanton Bern<\/h3>\n<p style=\"text-align: justify\">Es ist wichtig, sich mit der regionalen wirtschaftlichen Realit\u00e4t vertraut zu machen. Die oben erw\u00e4hnten Schl\u00fcsselzahlen erm\u00f6glichen eine umfassende Beleuchtung der Wirtschaft des Kantons.<\/p>\n<h3 style=\"text-align: justify\">Begleitung der \u00dcbertragung Ihres Unternehmens im Kanton Bern<\/h3>\n<p style=\"text-align: justify\">Die Kanzlei Actoria, Spezialist f\u00fcr Unternehmens\u00fcbertragungen, ist in der Schweiz mit einer lokalen Niederlassung in Freiburg vertreten. Seit mehr als 25 Jahren begleiten wir F\u00fchrungskr\u00e4fte bei der \u00dcbertragung ihres Unternehmens mit einer bew\u00e4hrten Methode. Mit einem eingespielten Verfahren erledigen wir an Ihrer Seite alle Formalit\u00e4ten &#8211; Audit, Buchhaltung, Recht, HR, etc. &#8211; f\u00fcr den Verkauf Ihres Unternehmens. Von der Erstellung Ihrer Unterlagen bis zur Unterzeichnung des \u00dcbertragungsvertrags helfen wir Ihnen bei der Auswahl des besten Kandidaten f\u00fcr die \u00dcbernahme und verhandeln mit Ihnen die Bedingungen der \u00dcbertragung. Als unumg\u00e4nglicher Akteur bei der \u00dcbertragung von KMU und Kleinstunternehmen in der Schweiz und im Kanton Bern unterst\u00fctzt Actoria jede Unternehmensver\u00e4u\u00dferung auf individuelle Weise. Wenn auch Sie die \u00dcbertragung Ihres Unternehmens im Kanton Bern planen, nehmen Sie bitte Kontakt mit unserem lokalen B\u00fcro auf.<\/p>\n<p><strong>Kartografische Elemente :<\/strong><\/p>\n<div id=\"attachment_16207\" style=\"width: 310px\" class=\"wp-caption alignnone\"><img loading=\"lazy\" decoding=\"async\" aria-describedby=\"caption-attachment-16207\" class=\"size-medium wp-image-16207\" title=\"Transmission entreprises et d\u00e9veloppement Berne, transmission d'entreprises en Suisse\" src=\"https:\/\/actoria.com\/ch\/wp-content\/uploads\/2021\/10\/Karte-Kanton-Bern-Bezirke-2009-1-620x564-1-300x273.jpg\" alt=\"Transmission entreprises et d\u00e9veloppement Berne, transmission d'entreprises en Suisse\" width=\"300\" height=\"273\" srcset=\"https:\/\/actoria.com\/ch-de\/wp-content\/uploads\/2021\/10\/Karte-Kanton-Bern-Bezirke-2009-1-620x564-1-300x273.jpg 300w, https:\/\/actoria.com\/ch-de\/wp-content\/uploads\/2021\/10\/Karte-Kanton-Bern-Bezirke-2009-1-620x564-1.jpg 620w\" sizes=\"auto, (max-width: 300px) 100vw, 300px\" \/><p id=\"caption-attachment-16207\" class=\"wp-caption-text\">\u00dcbertragung von Unternehmen und Entwicklung Bern, Unternehmens\u00fcbertragung in der Schweiz<\/p><\/div>\n<\/div><\/section><\/div><\/p>\n","protected":false},"excerpt":{"rendered":"<p>Unternehmens\u00fcbertragung und Nachfolge im Kanton Bern<\/p>\n","protected":false},"author":2,"featured_media":6664,"parent":8737,"menu_order":0,"comment_status":"closed","ping_status":"closed","template":"","meta":{"footnotes":""},"class_list":["post-17906","page","type-page","status-publish","has-post-thumbnail","hentry"],"_links":{"self":[{"href":"https:\/\/actoria.com\/ch-de\/wp-json\/wp\/v2\/pages\/17906","targetHints":{"allow":["GET"]}}],"collection":[{"href":"https:\/\/actoria.com\/ch-de\/wp-json\/wp\/v2\/pages"}],"about":[{"href":"https:\/\/actoria.com\/ch-de\/wp-json\/wp\/v2\/types\/page"}],"author":[{"embeddable":true,"href":"https:\/\/actoria.com\/ch-de\/wp-json\/wp\/v2\/users\/2"}],"replies":[{"embeddable":true,"href":"https:\/\/actoria.com\/ch-de\/wp-json\/wp\/v2\/comments?post=17906"}],"version-history":[{"count":1,"href":"https:\/\/actoria.com\/ch-de\/wp-json\/wp\/v2\/pages\/17906\/revisions"}],"predecessor-version":[{"id":24546,"href":"https:\/\/actoria.com\/ch-de\/wp-json\/wp\/v2\/pages\/17906\/revisions\/24546"}],"up":[{"embeddable":true,"href":"https:\/\/actoria.com\/ch-de\/wp-json\/wp\/v2\/pages\/8737"}],"wp:featuredmedia":[{"embeddable":true,"href":"https:\/\/actoria.com\/ch-de\/wp-json\/wp\/v2\/media\/6664"}],"wp:attachment":[{"href":"https:\/\/actoria.com\/ch-de\/wp-json\/wp\/v2\/media?parent=17906"}],"curies":[{"name":"wp","href":"https:\/\/api.w.org\/{rel}","templated":true}]}}