{"id":17912,"date":"2021-11-25T20:42:29","date_gmt":"2021-11-25T19:42:29","guid":{"rendered":"https:\/\/actoria.com\/ch\/?page_id=17912"},"modified":"2026-04-27T15:55:57","modified_gmt":"2026-04-27T13:55:57","slug":"unternehmensubertragung-und-nachfolge-im-kanton-wallis","status":"publish","type":"page","link":"https:\/\/actoria.com\/ch-de\/uber-uns\/organisation\/kantonale-niederlassungen\/unternehmensubertragung-und-nachfolge-im-kanton-wallis\/","title":{"rendered":"Unternehmens\u00fcbertragung und Nachfolge im Kanton Wallis"},"content":{"rendered":"<div id='av_section_1'  class='avia-section main_color avia-section-default avia-no-border-styling  avia-full-stretch avia-bg-style-fixed  avia-builder-el-0  el_before_av_one_full  avia-builder-el-first  header_page_section_title_wrapper  av-arrow-down-section av-minimum-height av-minimum-height-custom  container_wrap sidebar_right' style='background-repeat: no-repeat; background-image: url(https:\/\/actoria.com\/ch-de\/wp-content\/uploads\/2021\/11\/shutterstock-1-23-1500x1000.jpg);background-attachment: fixed; background-position: center center;  '  data-section-bg-repeat='stretch'><div class='container' style='height:660px'><main  role=\"main\" itemprop=\"mainContentOfPage\"  class='template-page content  av-content-small alpha units'><div class='post-entry post-entry-type-page post-entry-17912'><div class='entry-content-wrapper clearfix'>\n<div class='flex_column_table av-equal-height-column-flextable -flextable' ><div class=\"flex_column av_one_full  flex_column_table_cell av-equal-height-column av-align-bottom av-zero-column-padding first  avia-builder-el-1  avia-builder-el-no-sibling  header_page_section_title \" style='border-radius:0px; ' id=\"header_page_section_title\" ><p><br \/>\n<div  style='padding-bottom:5px; margin:0 0 0 0; color:#ffffff;' class='av-special-heading av-special-heading-h2 custom-color-heading   avia-builder-el-3  el_after_av_codeblock  avia-builder-el-last  '><h2 class='av-special-heading-tag '  itemprop=\"headline\"  >Unternehmens\u00fcbertragung und Nachfolge im Kanton Wallis<\/h2><div class='special-heading-border'><div class='special-heading-inner-border' style='border-color:#ffffff'><\/div><\/div><\/div><\/p><\/div><\/div><!--close column table wrapper. Autoclose: 1 --><\/div><\/div><\/main><!-- close content main element --><\/div><div class='av-extra-border-element border-extra-arrow-down'><div class='av-extra-border-outer'><div class='av-extra-border-inner'  style='background-color:#ffffff;' ><\/div><\/div><\/div><\/div><div id='after_section_1'  class='main_color av_default_container_wrap container_wrap sidebar_right' style=' '  ><div class='container' ><div class='template-page content  av-content-small alpha units'><div class='post-entry post-entry-type-page post-entry-17912'><div class='entry-content-wrapper clearfix'><div class=\"flex_column av_one_full  flex_column_div av-zero-column-padding first  avia-builder-el-4  el_after_av_section  avia-builder-el-no-sibling  \" style='border-radius:0px; '><section class=\"av_textblock_section \"  itemscope=\"itemscope\" itemtype=\"https:\/\/schema.org\/CreativeWork\" ><div class='avia_textblock  '   itemprop=\"text\" ><h3 style=\"text-align: justify\"><strong>Unternehmens\u00fcbertragung und Nachfolge im Kanton Wallis :<\/strong><\/h3>\n<p style=\"text-align: justify\">Tel : +41 (0)27 519 01 57<br \/>\nEmail : info-valais@actoria.ch<\/p>\n<h3 style=\"text-align: justify\">Unternehmens\u00fcbertragung im Kanton Wallis: Wie kann man sein Unternehmen im Kanton Wallis vorbereiten und \u00fcbertragen?<\/h3>\n<p style=\"text-align: justify\"><em>Hier finden Sie alle wirtschaftlichen und demographischen Informationen, die Sie ben\u00f6tigen, um die \u00dcbergabe Ihres Unternehmens zu planen. Entdecken Sie auch die dynamischsten Sektoren des Kantons Waadt.<\/em><\/p>\n<h3 style=\"text-align: justify\">Unternehmens\u00fcbertragung im Kanton Wallis und Wirtschaft<\/h3>\n<div id=\"attachment_16210\" style=\"width: 310px\" class=\"wp-caption alignleft\"><img loading=\"lazy\" decoding=\"async\" aria-describedby=\"caption-attachment-16210\" class=\"size-medium wp-image-16210\" title=\"Transmission entreprises et d\u00e9veloppement Valais, transmission d'entreprises en Suisse\" src=\"https:\/\/actoria.com\/ch\/wp-content\/uploads\/2021\/10\/Ville-de-Sion-620x348-2-300x168.jpg\" alt=\"Transmission entreprises et d\u00e9veloppement Valais, transmission d'entreprises en Suisse\" width=\"300\" height=\"168\" srcset=\"https:\/\/actoria.com\/ch-de\/wp-content\/uploads\/2021\/10\/Ville-de-Sion-620x348-2-300x168.jpg 300w, https:\/\/actoria.com\/ch-de\/wp-content\/uploads\/2021\/10\/Ville-de-Sion-620x348-2.jpg 620w\" sizes=\"auto, (max-width: 300px) 100vw, 300px\" \/><p id=\"caption-attachment-16210\" class=\"wp-caption-text\">Unternehmens\u00fcbertragung und Entwicklung Wallis, Unternehmens\u00fcbertragung in der Schweiz<\/p><\/div>\n<p>Der Kanton Wallis (VS, 12,7% des Schweizer Territoriums), der drittgr\u00f6\u00dfte Kanton der Eidgenossenschaft, z\u00e4hlte im Dezember 2018 341.463 Einwohner. Die Hauptstadt ist Sion, die mit 34.599 Einwohnern die gr\u00f6\u00dfte Stadt des Kantons ist. Der Kanton ist zweisprachig mit Franz\u00f6sisch und Deutsch als Amtssprachen.<\/p>\n<p>Nach kantonalen Quellen belief sich das BIP des Wallis im Jahr 2018 auf CHF 18,4 Milliarden. Das Wallis hat das niedrigste Bruttoinlandsprodukt (BIP) pro Kopf in der Westschweiz. Zwischen 2014 und 2018 sank das BIP pro Kopf um 0,7% von CHF 54.467 auf CHF 54.037 im Jahr 2018.<\/p>\n<p>Im Jahr 2018 gab es im Kanton Wallis 173.420 Arbeitspl\u00e4tze. Der terti\u00e4re Sektor (Handel und Dienstleistungen) konzentriert das gr\u00f6\u00dfte Besch\u00e4ftigungsvolumen (73%). Danach folgt der sekund\u00e4re Sektor, der 22% des Besch\u00e4ftigungsvolumens des Kantons ausmacht. Der prim\u00e4re Sektor (Landwirtschaft, Forstwirtschaft, Fischerei) macht 5% der Gesamtbesch\u00e4ftigung aus.<\/p>\n<p>W\u00e4hrend der terti\u00e4re Sektor die meisten Arbeitspl\u00e4tze bietet, nimmt die Industrie einen strategischen Platz in der Walliser Wirtschaft ein. In der Tat werden <strong>25% der kantonalen Wertsch\u00f6pfung<\/strong> von der Industrie erwirtschaftet.<\/p>\n<p>Weitere Besonderheiten der Walliser Wirtschaft: Das Wallis ist der zweitgr\u00f6\u00dfte Kanton der Schweiz im Bereich der Biowissenschaften. Es ist auch die f\u00fchrende Region der Schweiz in der Forschung und Produktion von Aluminium, dank seines Zentrums in Siders. Der Energiesektor ist sehr wichtig, da 28% der Schweizer Wasserkraftproduktion aus dem Wallis stammt.<\/p>\n<p>Schlie\u00dflich hat der Kanton eine nach au\u00dfen offene Wirtschaft: 1 von 2 Franken wird im Export verdient. Und fast 60% der Exportums\u00e4tze des Kantons werden in der agrochemischen Produktion (Chemie und verwandte Produkte, Harze, Klebstoffe, Pharmazeutika) erzielt.<\/p>\n<h3 style=\"text-align: justify\">Wie wichtig ist die \u00dcbertragung eines Unternehmens im Kanton Wallis, was steht auf dem Spiel?<\/h3>\n<div id=\"attachment_16211\" style=\"width: 310px\" class=\"wp-caption alignleft\"><img loading=\"lazy\" decoding=\"async\" aria-describedby=\"caption-attachment-16211\" class=\"size-medium wp-image-16211\" title=\"Transmission entreprises et d\u00e9veloppement Valais, transmission d'entreprises en Suisse\" src=\"https:\/\/actoria.com\/ch\/wp-content\/uploads\/2021\/10\/ContributionAuxExportationsValaisannes-620x370-2-300x179.jpg\" alt=\"Transmission entreprises et d\u00e9veloppement Valais, transmission d'entreprises en Suisse\" width=\"300\" height=\"179\" srcset=\"https:\/\/actoria.com\/ch-de\/wp-content\/uploads\/2021\/10\/ContributionAuxExportationsValaisannes-620x370-2-300x179.jpg 300w, https:\/\/actoria.com\/ch-de\/wp-content\/uploads\/2021\/10\/ContributionAuxExportationsValaisannes-620x370-2.jpg 620w\" sizes=\"auto, (max-width: 300px) 100vw, 300px\" \/><p id=\"caption-attachment-16211\" class=\"wp-caption-text\">Unternehmens\u00fcbertragung und Entwicklung Wallis, Unternehmens\u00fcbertragung in der Schweiz<\/p><\/div>\n<p>Wie in anderen Schweizer Kantonen ist die Unternehmens\u00fcbertragung im Kanton Wallis eine lebenswichtige territoriale Herausforderung, insbesondere wenn man bedenkt, dass die gro\u00dfe Mehrheit (\u00fcber 99%) der Schweizer Unternehmen kleine und mittlere Unternehmen (KMU) sind und weniger als 250 Personen besch\u00e4ftigen.<\/p>\n<p>Im Kanton Wallis basiert die kantonale Wirtschaft haupts\u00e4chlich auf KMUs. 90% der Walliser Unternehmen besch\u00e4ftigen weniger als 100 Personen.<\/p>\n<p>Actoria ist der einzige auf KMUs spezialisierte Anbieter, der intern \u00fcber alle Kompetenzen verf\u00fcgt, die f\u00fcr eine erfolgreiche \u00dcbertragung eines Unternehmens in der Schweiz unerl\u00e4sslich sind (finanzielle und wirtschaftliche, rechtliche und steuerliche, technische Kompetenzen).<\/p>\n<p>W\u00e4hrend das Image des Kantons eine Wirtschaft ist, die sich auf Tourismus und Landwirtschaft st\u00fctzt (die lokalen Produkte sind ber\u00fchmt und die Walliser Gastronomie bekannt), verf\u00fcgt das Wallis \u00fcber eine entwickelte Industrie, die multinationale Konzerne (Alcan, Lonza, BASF, Syngenta, Huntsman), kleine und mittlere Unternehmen und Start-ups umfasst, die eine Produktion auf hohem Niveau in sehr unterschiedlichen Bereichen gew\u00e4hrleisten.<\/p>\n<p>Trotz einer Wirtschaft, die durch eines der h\u00f6chsten Preis- und Lohnniveaus der Welt und einer komplexen Topographie (Naturgefahren) gebremst wird, bleibt das Wallis eine attraktive Region, um sein Unternehmen zu \u00fcbertragen. Um die Wettbewerbsf\u00e4higkeit der Unternehmen zu verbessern, konsolidiert der Kanton die steuerlichen Ma\u00dfnahmen, die Unternehmen mit hohem Entwicklungspotenzial beg\u00fcnstigen, vereinfacht die Verwaltungsverfahren f\u00fcr Unternehmen und flexibilisiert die Vorschriften. Um aufstrebende Startups zu unterst\u00fctzen, f\u00f6rdert der Kanton die Schaffung g\u00fcnstiger Rahmenbedingungen.<\/p>\n<p>Im Allgemeinen verfolgt der Kanton eine proaktive Politik, um die Produktion auf Sektoren mit hoher Wertsch\u00f6pfung und Wettbewerbsvorteilen auszurichten (Chemie, erneuerbare Energien, typische landwirtschaftliche Produkte, hochwertiger Tourismus oder Nischentourismus).<\/p>\n<p>Der Kanton Wallis bietet einen attraktiven Lebensraum mit einem starken Tourismus in allen vier Jahreszeiten, qualitativ hochwertigen landwirtschaftlichen Produkten und einem sich entwickelnden privaten Gesundheitsangebot.<\/p>\n<h3 style=\"text-align: justify\">Unternehmens\u00fcbertragungen im Kanton Wallis: die dynamischsten Sektoren<\/h3>\n<p>Pharmazie, Chemie &amp; Biotechnologie: Die 1887 in Gampel im Wallis gegr\u00fcndete Lonza-Gruppe ist ein f\u00fchrendes multinationales Unternehmen in der Herstellung von Spitzenpr\u00e4paraten f\u00fcr die Chemie- und Pharmaindustrie an ihrem Standort in Visp. Hier arbeiten fast 3.000 Mitarbeiter, die einen Umsatz von ca. 1 Milliarde Schweizer Franken erwirtschaften. Huntsman wurde 1970 gegr\u00fcndet und ist ein weltweit f\u00fchrender Hersteller und Vertreiber von Chemikalien, der sich auf die Herstellung von Epoxidharzen und differenzierten L\u00f6sungen spezialisiert hat. Der Gesch\u00e4ftsbereich Advanced Materials mit Sitz in Monthey im Wallis erm\u00f6glicht es Industrien wie der Luft- und Raumfahrt, der Automobilindustrie, der Windkraftindustrie, der Bau- und Beschichtungsindustrie und der Medizintechnik, herk\u00f6mmliche Materialien durch L\u00f6sungen mit sehr spezifischen Spezifikationen zu ersetzen. Die Flugzeughersteller Airbus und Boeing verwenden im Wallis hergestelltes Harz f\u00fcr den Zusammenbau ihrer Flugzeuge.<\/p>\n<p>Lebensmittelindustrie: Der Kanton ist die Kornkammer der Schweiz und entwickelt rund um au\u00dfergew\u00f6hnliche Produkte (Mineralwasser, Trockenfleisch, Bergkr\u00e4uter, Eglifilets) eine starke Lebensmittelindustrie. So besitzt er den gr\u00f6\u00dften Schweizer Abf\u00fcller von Mineralwasser und Sirup: die Aproz-Gruppe. Ebenfalls erw\u00e4hnenswert ist die Firma Sanaro, die im Wallis u.a. zwei in der Schweiz und im Ausland bekannte S\u00fc\u00dfstoffmarken herstellt: Assugrin und Hermetas.<\/p>\n<p>Automobil- und Luftfahrtindustrie: Rund um die Aluminiumproduktion stellt die Constellium-Gruppe, die im Wallis 700 Personen besch\u00e4ftigt, strukturelle Aluminiumteile mit hohem Mehrwert f\u00fcr die Luft- und Raumfahrtindustrie, den Maschinenbau und den Schienenverkehr her. Das Forschungszentrum der Gruppe hat insbesondere zahlreiche technologische Fortschritte im Bereich der Aluminiumlegierungen erzielt. Weltweit f\u00fchrende Unternehmen wie Alstom und Dassault kaufen bei Constellium Bleche von h\u00f6chster Qualit\u00e4t. Novelis ist das gr\u00f6\u00dfte Unternehmen f\u00fcr Aluminiumwalzprodukte und einer der gr\u00f6\u00dften Aluminiumrecycler der Welt. Sie entwirft und liefert Aluminiumblech f\u00fcr die Karosserien von Jaguar und Land Rover.<\/p>\n<p>Energie: Der Kanton produziert mehr als ein Viertel der in der Schweiz verbrauchten Wasserkraft und f\u00f6rdert mit mehr als 300 Sonnentagen pro Jahr die Entwicklung der Photovoltaik. Studer Innotec ist heute einer der Weltmarktf\u00fchrer f\u00fcr Wechselrichter und stellt j\u00e4hrlich mehr als 20.000 Wechselrichter in seinem Werk in Sion her. Das Unternehmen FMV, das sich mehrheitlich im Besitz des Kantons befindet, erzeugt, transportiert und handelt mit Strom. Seine Wasserkraftwerke erzeugen j\u00e4hrlich etwa 1 Milliarde kWh einheimischer, sauberer und erneuerbarer Energie. Dies deckt etwa 1\/3 des Stromverbrauchs des Kantons und erm\u00f6glicht es ihm, seinen Energieverbrauch zu kontrollieren.<\/p>\n<h3 style=\"text-align: justify\">Vor der \u00dcbertragung eines Unternehmens im Kanton Wallis<\/h3>\n<p style=\"text-align: justify\">Es ist wichtig, sich mit der regionalen wirtschaftlichen Realit\u00e4t vertraut zu machen. Die oben genannten Schl\u00fcsselzahlen erm\u00f6glichen eine globale Beleuchtung der Wirtschaft des Kantons.<\/p>\n<h3>Begleitung der \u00dcbertragung Ihres Unternehmens im Kanton Wallis<\/h3>\n<p>Das Beratungsunternehmen Actoria, Spezialist f\u00fcr die \u00dcbertragung von Unternehmen, ist in der Schweiz mit einer lokalen Niederlassung in Freiburg vertreten. Seit \u00fcber 25 Jahren begleiten wir F\u00fchrungskr\u00e4fte bei der \u00dcbertragung ihres Unternehmens mit einer bew\u00e4hrten Methode. Mit einem eingespielten Verfahren erledigen wir an Ihrer Seite alle Formalit\u00e4ten &#8211; Audit, Buchhaltung, Recht, HR, etc. &#8211; f\u00fcr den Verkauf Ihres Unternehmens. Von der Erstellung Ihrer Unterlagen bis zur Unterzeichnung des \u00dcbertragungsvertrags helfen wir Ihnen bei der Auswahl des besten Kandidaten f\u00fcr die \u00dcbernahme und verhandeln mit Ihnen die Bedingungen der \u00dcbertragung. Als unumg\u00e4nglicher Akteur bei der \u00dcbertragung von KMU und Kleinstunternehmen in der Schweiz und im Kanton Wallis unterst\u00fctzt Actoria jede Unternehmens\u00fcbertragung auf individuelle Weise. Wenn auch Sie die \u00dcbertragung Ihres Unternehmens im Kanton Wallis planen, nehmen Sie bitte Kontakt mit unserem B\u00fcro vor Ort auf.<\/p>\n<p style=\"text-align: justify\"><strong>Kartographische Elemente\u00a0:<\/strong><\/p>\n<div id=\"attachment_15964\" style=\"width: 310px\" class=\"wp-caption alignnone\"><img loading=\"lazy\" decoding=\"async\" aria-describedby=\"caption-attachment-15964\" class=\"size-medium wp-image-15964\" title=\", transmission d'entreprises en Suisse\" src=\"https:\/\/actoria.com\/ch\/wp-content\/uploads\/2021\/10\/Canton-du-Valais-districts-300x218.jpg\" alt=\", transmission d'entreprises en Suisse\" width=\"300\" height=\"218\" srcset=\"https:\/\/actoria.com\/ch-de\/wp-content\/uploads\/2021\/10\/Canton-du-Valais-districts-300x218.jpg 300w, https:\/\/actoria.com\/ch-de\/wp-content\/uploads\/2021\/10\/Canton-du-Valais-districts-1030x747.jpg 1030w, https:\/\/actoria.com\/ch-de\/wp-content\/uploads\/2021\/10\/Canton-du-Valais-districts-768x557.jpg 768w, https:\/\/actoria.com\/ch-de\/wp-content\/uploads\/2021\/10\/Canton-du-Valais-districts-1536x1114.jpg 1536w, https:\/\/actoria.com\/ch-de\/wp-content\/uploads\/2021\/10\/Canton-du-Valais-districts-2048x1485.jpg 2048w, https:\/\/actoria.com\/ch-de\/wp-content\/uploads\/2021\/10\/Canton-du-Valais-districts-1500x1088.jpg 1500w, https:\/\/actoria.com\/ch-de\/wp-content\/uploads\/2021\/10\/Canton-du-Valais-districts-705x511.jpg 705w\" sizes=\"auto, (max-width: 300px) 100vw, 300px\" \/><p id=\"caption-attachment-15964\" class=\"wp-caption-text\">Unternehmens\u00fcbertragung in der Schweiz<\/p><\/div>\n<\/div><\/section><\/div><\/p>\n","protected":false},"excerpt":{"rendered":"<p>Unternehmens\u00fcbertragung und Nachfolge im Kanton Wallis<\/p>\n","protected":false},"author":2,"featured_media":6526,"parent":8737,"menu_order":0,"comment_status":"closed","ping_status":"closed","template":"","meta":{"footnotes":""},"class_list":["post-17912","page","type-page","status-publish","has-post-thumbnail","hentry"],"_links":{"self":[{"href":"https:\/\/actoria.com\/ch-de\/wp-json\/wp\/v2\/pages\/17912","targetHints":{"allow":["GET"]}}],"collection":[{"href":"https:\/\/actoria.com\/ch-de\/wp-json\/wp\/v2\/pages"}],"about":[{"href":"https:\/\/actoria.com\/ch-de\/wp-json\/wp\/v2\/types\/page"}],"author":[{"embeddable":true,"href":"https:\/\/actoria.com\/ch-de\/wp-json\/wp\/v2\/users\/2"}],"replies":[{"embeddable":true,"href":"https:\/\/actoria.com\/ch-de\/wp-json\/wp\/v2\/comments?post=17912"}],"version-history":[{"count":1,"href":"https:\/\/actoria.com\/ch-de\/wp-json\/wp\/v2\/pages\/17912\/revisions"}],"predecessor-version":[{"id":24516,"href":"https:\/\/actoria.com\/ch-de\/wp-json\/wp\/v2\/pages\/17912\/revisions\/24516"}],"up":[{"embeddable":true,"href":"https:\/\/actoria.com\/ch-de\/wp-json\/wp\/v2\/pages\/8737"}],"wp:featuredmedia":[{"embeddable":true,"href":"https:\/\/actoria.com\/ch-de\/wp-json\/wp\/v2\/media\/6526"}],"wp:attachment":[{"href":"https:\/\/actoria.com\/ch-de\/wp-json\/wp\/v2\/media?parent=17912"}],"curies":[{"name":"wp","href":"https:\/\/api.w.org\/{rel}","templated":true}]}}