{"id":18770,"date":"2022-02-10T16:51:42","date_gmt":"2022-02-10T15:51:42","guid":{"rendered":"https:\/\/actoria.com\/ch\/?page_id=18770"},"modified":"2026-04-27T15:55:53","modified_gmt":"2026-04-27T13:55:53","slug":"wie-konnen-sie-ihre-entwicklung-mit-hilfe-einer-strategischen-diagnose-beschleunigen","status":"publish","type":"page","link":"https:\/\/actoria.com\/ch-de\/entwickeln\/wie-sich-entwickeln\/wie-konnen-sie-ihre-entwicklung-mit-hilfe-einer-strategischen-diagnose-beschleunigen\/","title":{"rendered":"Wie k\u00f6nnen Sie Ihre Entwicklung mit Hilfe einer strategischen Diagnose beschleunigen?"},"content":{"rendered":"<div id='av_section_1'  class='avia-section main_color avia-section-default avia-no-border-styling  avia-full-stretch avia-bg-style-fixed  avia-builder-el-0  el_before_av_one_full  avia-builder-el-first  header_page_section_title_wrapper  av-arrow-down-section av-minimum-height av-minimum-height-custom  container_wrap sidebar_right' style='background-repeat: no-repeat; background-image: url(https:\/\/actoria.com\/ch-de\/wp-content\/uploads\/2022\/02\/shutterstock-1-4-1500x1500.jpg);background-attachment: fixed; background-position: center center;  '  data-section-bg-repeat='stretch'><div class='container' style='height:660px'><main  role=\"main\" itemprop=\"mainContentOfPage\"  class='template-page content  av-content-small alpha units'><div class='post-entry post-entry-type-page post-entry-18770'><div class='entry-content-wrapper clearfix'>\n<div class='flex_column_table av-equal-height-column-flextable -flextable' ><div class=\"flex_column av_one_full  flex_column_table_cell av-equal-height-column av-align-bottom av-zero-column-padding first  avia-builder-el-1  avia-builder-el-no-sibling  header_page_section_title \" style='border-radius:0px; ' id=\"header_page_section_title\" ><p><br \/>\n<div  style='padding-bottom:5px; margin:0 0 0 0; color:#ffffff;' class='av-special-heading av-special-heading-h1 custom-color-heading   avia-builder-el-3  el_after_av_codeblock  avia-builder-el-last  '><h1 class='av-special-heading-tag '  itemprop=\"headline\"  >Wie k\u00f6nnen Sie Ihre Entwicklung mit Hilfe einer strategischen Diagnose beschleunigen?<\/h1><div class='special-heading-border'><div class='special-heading-inner-border' style='border-color:#ffffff'><\/div><\/div><\/div><\/p><\/div><\/div><!--close column table wrapper. Autoclose: 1 -->\n<\/div><\/div><\/main><!-- close content main element --><\/div><div class='av-extra-border-element border-extra-arrow-down'><div class='av-extra-border-outer'><div class='av-extra-border-inner'  style='background-color:#ffffff;' ><\/div><\/div><\/div><\/div><div id='after_section_1'  class='main_color av_default_container_wrap container_wrap sidebar_right' style=' '  ><div class='container' ><div class='template-page content  av-content-small alpha units'><div class='post-entry post-entry-type-page post-entry-18770'><div class='entry-content-wrapper clearfix'>\n<div class=\"flex_column av_one_full  flex_column_div av-zero-column-padding first  avia-builder-el-4  el_after_av_section  avia-builder-el-no-sibling  \" style='border-radius:0px; '><section class=\"av_textblock_section \"  itemscope=\"itemscope\" itemtype=\"https:\/\/schema.org\/CreativeWork\" ><div class='avia_textblock  '   itemprop=\"text\" ><h2>Wie k\u00f6nnen Sie Ihre Entwicklung durch eine strategische Diagnose beschleunigen?<\/h2>\n<p>Sie fragen sich vielleicht, wie Sie Ihre Entwicklung mit Hilfe einer strategischen Diagnose beschleunigen k\u00f6nnen?<\/p>\n<p>Sie haben wahrscheinlich schon von der strategischen Diagnose geh\u00f6rt, sind aber immer noch nicht davon \u00fcberzeugt, dass sie der aktuellen Situation Ihres Unternehmens und Ihren Zielen entspricht? Wir werden Ihnen erkl\u00e4ren, wie dieses Instrument Ihnen helfen kann, Ihr Unternehmen innerhalb weniger Monate um das 2- bis 10-fache zu vergr\u00f6\u00dfern.<\/p>\n<h2>Was ist eine strategische Diagnose?<\/h2>\n<p><img loading=\"lazy\" decoding=\"async\" class=\"alignnone wp-image-18772 size-medium\" title=\"Valorisation immat\u00e9rielle d\u2019une entreprise, transmission d'entreprises en Suisse\" src=\"https:\/\/actoria.com\/ch\/wp-content\/uploads\/2022\/02\/shutterstock-1-3-300x199.jpg\" alt=\"Qu'est-ce qu'un diagnostic strat\u00e9gique ?\" width=\"300\" height=\"199\" srcset=\"https:\/\/actoria.com\/ch-de\/wp-content\/uploads\/2022\/02\/shutterstock-1-3-300x199.jpg 300w, https:\/\/actoria.com\/ch-de\/wp-content\/uploads\/2022\/02\/shutterstock-1-3-768x510.jpg 768w, https:\/\/actoria.com\/ch-de\/wp-content\/uploads\/2022\/02\/shutterstock-1-3-705x468.jpg 705w, https:\/\/actoria.com\/ch-de\/wp-content\/uploads\/2022\/02\/shutterstock-1-3.jpg 1000w\" sizes=\"auto, (max-width: 300px) 100vw, 300px\" \/><\/p>\n<p>Eine Diagnose wird als strategisch bezeichnet, wenn sie alle Ressourcen und Kompetenzen eines Unternehmens \u00fcberpr\u00fcft, nicht nur die finanziellen Ressourcen, sondern auch die Humanressourcen, die industrielle Pr\u00e4senz und die technische Expertise, um die St\u00e4rken und Schw\u00e4chen, aber auch die Wachstumschancen und Wachstumsbremsen zu identifizieren.<\/p>\n<p>Sie sollte als Diagnose bezeichnet werden, da es darum geht, die gesamte Bandbreite der Unternehmenssituation in der Schweiz zu einem bestimmten Zeitpunkt zu erfassen, wobei unter anderem die Kunden und der Wettbewerbsmarkt ber\u00fccksichtigt werden.<\/p>\n<p>Die Diagnose ist strategisch, da sie im Rahmen eines genau definierten Projekts erfolgt, zum Beispiel um das Unternehmen zu entwickeln, es umzustrukturieren oder mit einem anderen Unternehmen zu fusionieren.<\/p>\n<p>Das Ziel einer strategischen Diagnose ist immer die Verbesserung der wirtschaftlichen Leistung des Unternehmens und damit die Wertsch\u00f6pfung f\u00fcr die Organisation, die Aktion\u00e4re und die Arbeitnehmer.<\/p>\n<h2>Was sind die Bestandteile einer strategischen Diagnose f\u00fcr ein Unternehmen in der Schweiz?<\/h2>\n<p>Wenn eine strategische Diagnose zur Unterst\u00fctzung eines geografischen Wachstumsprojekts (Region, Land) eingesetzt wird, umfasst sie mehrere Bereiche.<\/p>\n<p>Neben der Analyse Ihrer St\u00e4rken und Schw\u00e4chen sowie der Kompetenzen und F\u00e4higkeiten des Unternehmens ist es selbstverst\u00e4ndlich wichtig, den Zielmarkt zu analysieren, um Ihre Kenntnisse und Ihr Verst\u00e4ndnis des \u00d6kosystems, in dem das Unternehmen t\u00e4tig sein wird, zu maximieren: Was wissen Sie \u00fcber potenzielle Kunden, den Wettbewerb in Ihrem Segment oder die Marktdynamik in der Schweiz?<\/p>\n<p>Sie sollten auch eine Bewertung der geografischen Pr\u00e4senz Ihrer aktuellen und potenziellen Kunden vornehmen und feststellen, ob Ihr Wertangebot auf den ausl\u00e4ndischen M\u00e4rkten identisch sein wird oder ob es ge\u00e4ndert, verfeinert oder erweitert werden muss.<\/p>\n<p>Die Analyse des Zielmarktes erm\u00f6glicht es auch, potenzielle zuk\u00fcnftige Gesch\u00e4ftspartner und m\u00f6gliche Kaufziele zu identifizieren.<\/p>\n<p>Schlie\u00dflich kann ein Besuch im Zielgebiet (Region, Land) Teil einer strategischen Diagnose zur Unterst\u00fctzung einer Wachstumsinitiative sein, da er die unvermeidlichen kulturellen Unterschiede erkennen l\u00e4sst (oder zumindest einen ersten \u00dcberblick verschafft), mit denen Sie sich auseinandersetzen m\u00fcssen, wenn Sie Aussicht auf Erfolg haben, und die die sp\u00e4tere Wahl des am besten geeigneten Wachstumsplans erleichtern werden.<\/p>\n<p>Der gesamte Prozess f\u00fchrt zu einer Zielgebiets\u00fcbersicht, die von entscheidender Bedeutung ist. Es w\u00e4re ein katastrophaler strategischer Fehler, in ein Land zu investieren, in dem Ihre Produkte oder Dienstleistungen nicht gefragt sind.<\/p>\n<h2>Was ist der Unterschied zu einer internen strategischen Diagnose f\u00fcr ein Unternehmen in der Schweiz?<\/h2>\n<p>Eine interne Diagnose erm\u00f6glicht es Ihnen, die St\u00e4rken und Schw\u00e4chen Ihres Unternehmens zu identifizieren, w\u00e4hrend Sie Ihr Gesch\u00e4ftsmodell und Ihre Kosten- und Einkommensstruktur sorgf\u00e4ltig analysieren, indem Sie Ihre menschlichen, materiellen und immateriellen Ressourcen, einschlie\u00dflich Ihres Rufs und Ihres Markenimages, untersuchen.<\/p>\n<p>Das Ziel dieser \u00dcbung ist es, auf klare und unmissverst\u00e4ndliche Weise die Wettbewerbsvorteile aufzudecken, die Sie m\u00f6glicherweise als Grundlage f\u00fcr das Wachstum Ihrer Organisation nutzen k\u00f6nnen.<\/p>\n<h2>Besonderheiten der externen strategischen Diagnose f\u00fcr ein Unternehmen in der Schweiz<\/h2>\n<p>Die externe Diagnose erm\u00f6glicht es Ihnen, den Lebenszyklus Ihrer Produkte oder Dienstleistungen nach Kundensegmenten zu definieren, die Erwartungen und Auswahlkriterien Ihrer aktuellen und potenziellen Kunden zu verstehen und die Chancen und Gefahren im Umfeld des Unternehmens zu identifizieren. F\u00fcr viele Unternehmen ist diese zweite Diagnose einfacher durchzuf\u00fchren.<\/p>\n<p>Die beste Diagnose ist jedoch eine kombinierte (interne und externe) Diagnose, die mit der Unterst\u00fctzung eines externen Beraters durchgef\u00fchrt wird, der eine globale Sicht auf Ihre Entwicklung haben kann. Auch wenn sie oft vernachl\u00e4ssigt wird, ist eine interne strategische Diagnose, die mit externer Unterst\u00fctzung durchgef\u00fchrt wird, ein wichtiges Managementinstrument, das es der Unternehmensleitung erm\u00f6glicht, die Wachstumsstrategie des Unternehmens aus einem neuen Blickwinkel zu beurteilen und neue Denkans\u00e4tze zu er\u00f6ffnen.<\/p>\n<p>Dar\u00fcber hinaus ist die Beauftragung eines externen Beraters, Ihren Businessplan (hinsichtlich seiner Ziele und finanziellen Investitionen) zu \u00fcberpr\u00fcfen, auch ein ideales Mittel, um m\u00f6gliche Schw\u00e4chen oder Verbesserungsm\u00f6glichkeiten aufzudecken.<\/p>\n<p>Schlie\u00dflich erm\u00f6glicht eine solche strategische Diagnose die klare Identifizierung und Auswahl der Bereiche, in denen das Unternehmen verst\u00e4rkt werden muss, um den neuen Zielmarkt anzugreifen (wie Management, Verkauf, Marketing oder Personalwesen).<\/p>\n<p>Abschlie\u00dfend ist es daher wichtig, daran zu erinnern, dass es einfach nicht ausreicht, dass das Ergebnis einer strategischen Diagnose ein weiterer Bericht ist, der zu nichts f\u00fchrt, sondern zu konkreten Aktionen f\u00fchren muss. Eine effektive strategische Diagnose erm\u00f6glicht es, mehrere greifbare und umsetzbare Szenarien f\u00fcr geografisches oder sektorales Wachstum zu entwickeln. Wie Sie gesehen haben, ist eine strategische Diagnose unerl\u00e4sslich, um sicherzustellen, dass Ihre Entscheidung, Ihr Unternehmen in eine andere Region, ein anderes Land oder eine andere Branche zu expandieren, in voller Kenntnis der Sachlage getroffen wird und den erhofften Erfolg bringt.<\/p>\n<\/div><\/section><\/div><div class=\"flex_column av_one_full  flex_column_div av-zero-column-padding first  \" style='border-radius:0px; '><section class=\"av_textblock_section \"  itemscope=\"itemscope\" itemtype=\"https:\/\/schema.org\/CreativeWork\" ><div class='avia_textblock  '   itemprop=\"text\" ><h2>Exponierte Bewertungsmethode<\/h2>\n<p><img loading=\"lazy\" decoding=\"async\" class=\"size-medium wp-image-17719 alignleft\" title=\"Valorisation immat\u00e9rielle d\u2019une entreprise, transmission d'entreprises en Suisse\" src=\"https:\/\/actoria.com\/ch\/wp-content\/uploads\/2021\/11\/shutterstock-1-2-300x200.jpg\" alt=\"Valorisation immat\u00e9rielle d\u2019une entreprise, transmission d'entreprises en Suisse\" width=\"300\" height=\"200\" srcset=\"https:\/\/actoria.com\/ch-de\/wp-content\/uploads\/2021\/11\/shutterstock-1-2-300x200.jpg 300w, https:\/\/actoria.com\/ch-de\/wp-content\/uploads\/2021\/11\/shutterstock-1-2-1030x687.jpg 1030w, https:\/\/actoria.com\/ch-de\/wp-content\/uploads\/2021\/11\/shutterstock-1-2-768x512.jpg 768w, https:\/\/actoria.com\/ch-de\/wp-content\/uploads\/2021\/11\/shutterstock-1-2-1536x1024.jpg 1536w, https:\/\/actoria.com\/ch-de\/wp-content\/uploads\/2021\/11\/shutterstock-1-2-2048x1365.jpg 2048w, https:\/\/actoria.com\/ch-de\/wp-content\/uploads\/2021\/11\/shutterstock-1-2-1500x1000.jpg 1500w, https:\/\/actoria.com\/ch-de\/wp-content\/uploads\/2021\/11\/shutterstock-1-2-705x470.jpg 705w\" sizes=\"auto, (max-width: 300px) 100vw, 300px\" \/><\/p>\n<p>Die von Actoria Schweiz entwickelte Methode zur Bewertung immaterieller Aktiva und strategischer immaterieller G\u00fcter ist das Ergebnis jahrelanger Erfahrung und \u00dcberlegungen.<\/p>\n<p>Sie spiegelt in gewisser Weise den sogenannten Marktwert der b\u00f6rsennotierten Gruppen und Unternehmen wider. Die Berechnung scheint einfach zu sein, da es sich um die folgende Formel handelt:<\/p>\n<p>Marktwert = Eigenkapital + Goodwill.<\/p>\n<p>Und manchmal: Marktwert = Eigenkapital &#8211; Badwill<\/p>\n<h3>Besonderheiten dieser Methode<\/h3>\n<ul>\n<li>Diese Methode erm\u00f6glicht es, die folgenden Hauptelemente zu ber\u00fccksichtigen:- Humankapital (Kompetenzen, Geschicklichkeit, Produktivit\u00e4t, Effizienz&#8230;)<\/li>\n<li>Beziehungs- und Strukturkapital (Netzwerke, Partnerschaften, Adressbuch, Lobbying, Pr\u00e4senz in Normungsorganisationen&#8230;).<\/li>\n<li>Organisatorisches Kapital (Wettbewerbsvorteile, Business Model, Software&#8230;)<\/li>\n<li>Kundenkapital (Marktanteil, Kundenbindung, qualifizierte potenzielle Kunden)<\/li>\n<li>Innovationskapital (Datenbanken, Wissensmanagement, Innovation und wirtschaftliche Intelligenz&#8230;)<\/li>\n<li>Und gesch\u00fctzte immaterielle Werte (Marken, Patente, Designs, Copyrights&#8230;).<\/li>\n<\/ul>\n<h3>Engagieren Sie einen Experten<\/h3>\n<p>Bei einem Unternehmensverkauf oder bei einem Unternehmenszusammenschluss in der Schweiz oder im Ausland ist es immer eine gute Idee, einen Bewerter wie Actoria zu engagieren, um den Unternehmenswert zu ermitteln. Dies kann dazu beitragen, Streitigkeiten oder Verwirrung zwischen K\u00e4ufer und Verk\u00e4ufer zu vermeiden.<\/p>\n<p>Wenn Sie einen Bewerter einstellen, suchen Sie nach Referenzen und holen Sie Angebote von zwei oder drei anerkannten Unternehmensbewertern in der Schweiz ein, die mit Ihrer Branche vertraut sind.<\/p>\n<p>Immaterielle Aktiva sind alle sehr einzigartig.<\/p>\n<p>Der Versuch, ihren Wert zu bewerten, ohne alle Feinheiten zu verstehen, f\u00fchrt nicht zu einem sehr genauen Ergebnis und kann frustrierend sein. Wenden Sie sich an Actoria, um Rat zu erhalten.<\/p>\n<p><strong>Actoria Schweiz hat ein sehr spezifisches Werkzeug<\/strong>, Xtravalue, entwickelt, das nach einem Audit Ihrer immateriellen Aktiva jedem dieser Aktiva einen spezifischen Wert zuweist, um letztendlich einen neuen Goodwill zu bestimmen, der Ihrem Unternehmen einen immateriellen Wert verleiht.<\/p>\n<p>F\u00fcr weitere Informationen nehmen Sie bitte Kontakt mit uns auf.<\/p>\n<\/div><\/section><\/div><\/p>\n","protected":false},"excerpt":{"rendered":"<p>Wie k\u00f6nnen Sie Ihre Entwicklung mit Hilfe einer strategischen Diagnose beschleunigen?<\/p>\n","protected":false},"author":2,"featured_media":6975,"parent":9390,"menu_order":2,"comment_status":"closed","ping_status":"closed","template":"","meta":{"footnotes":""},"class_list":["post-18770","page","type-page","status-publish","has-post-thumbnail","hentry"],"_links":{"self":[{"href":"https:\/\/actoria.com\/ch-de\/wp-json\/wp\/v2\/pages\/18770","targetHints":{"allow":["GET"]}}],"collection":[{"href":"https:\/\/actoria.com\/ch-de\/wp-json\/wp\/v2\/pages"}],"about":[{"href":"https:\/\/actoria.com\/ch-de\/wp-json\/wp\/v2\/types\/page"}],"author":[{"embeddable":true,"href":"https:\/\/actoria.com\/ch-de\/wp-json\/wp\/v2\/users\/2"}],"replies":[{"embeddable":true,"href":"https:\/\/actoria.com\/ch-de\/wp-json\/wp\/v2\/comments?post=18770"}],"version-history":[{"count":0,"href":"https:\/\/actoria.com\/ch-de\/wp-json\/wp\/v2\/pages\/18770\/revisions"}],"up":[{"embeddable":true,"href":"https:\/\/actoria.com\/ch-de\/wp-json\/wp\/v2\/pages\/9390"}],"wp:featuredmedia":[{"embeddable":true,"href":"https:\/\/actoria.com\/ch-de\/wp-json\/wp\/v2\/media\/6975"}],"wp:attachment":[{"href":"https:\/\/actoria.com\/ch-de\/wp-json\/wp\/v2\/media?parent=18770"}],"curies":[{"name":"wp","href":"https:\/\/api.w.org\/{rel}","templated":true}]}}