{"id":22247,"date":"2022-08-05T12:29:26","date_gmt":"2022-08-05T10:29:26","guid":{"rendered":"http:\/\/actoria.com\/ch-de\/?page_id=22247"},"modified":"2026-04-27T16:04:18","modified_gmt":"2026-04-27T14:04:18","slug":"den-strategischen-leitfaden-fuer-inbound-unternehmensuebertragungen-bestellen","status":"publish","type":"page","link":"https:\/\/actoria.com\/ch-de\/ubertragen\/unsere-tools-und-beratung-zur-ubertragung\/den-strategischen-leitfaden-fuer-inbound-unternehmensuebertragungen-bestellen\/","title":{"rendered":"Den strategischen Leitfaden f\u00fcr Inbound-Unternehmens\u00fcbertragungen bestellen"},"content":{"rendered":"<div class=\"flex_column av_one_third  flex_column_div av-zero-column-padding first  \" style='border-radius:0px; '><div  class='avia-image-container  av-styling-    avia-align-center '  itemprop=\"image\" itemscope=\"itemscope\" itemtype=\"https:\/\/schema.org\/ImageObject\"  ><div class='avia-image-container-inner'><div class='avia-image-overlay-wrap'><img class='avia_image' src='https:\/\/actoria.com\/ch-de\/wp-content\/uploads\/2022\/08\/Book-Inbound-DE-1.png' alt='Den strategischen Leitfaden f\u00fcr Inbound-Unternehmens\u00fcbertragungen bestellenFirmen\u00fcbergabe, Verkauf von KMU, Erwerb von Schweizer Firmen, Deutschland, \u00d6sterreich' title='Den strategischen Leitfaden f\u00fcr Inbound-Unternehmens\u00fcbertragungen bestellenFirmen\u00fcbergabe, Verkauf von KMU, Erwerb von Schweizer Firmen, Deutschland, \u00d6sterreich' height=\"1383\" width=\"1500\"  itemprop=\"thumbnailUrl\"  \/><\/div><\/div><\/div><\/div>\n<div class=\"flex_column av_two_third  flex_column_div av-zero-column-padding   \" style='border-radius:0px; '><\/div>\n<section class=\"av_textblock_section \"  itemscope=\"itemscope\" itemtype=\"https:\/\/schema.org\/CreativeWork\" ><div class='avia_textblock  '   itemprop=\"text\" ><h2><strong>ABER WARUM DIESER STRATEGISCHE LEITFADEN ?<\/strong><\/h2>\n<p>Ist es m\u00f6glich, schnell einen \u00dcbernehmer zu finden, ohne dass alle davon erfahren?<\/p>\n<p>Die Antwort lautet ja, und zwar dank einer neuen Methode, die von Fachleuten f\u00fcr Fusionen und \u00dcbernahmen angewandt wird: Inbound Transmission.<\/p>\n<p>Das Prinzip dieser Methode besteht darin, \u00dcbernehmer magnetisch anzuziehen, ohne sich jemals in die Position eines Bittstellers zu begeben.<\/p>\n<p>Die direkte Kontaktaufnahme mit \u00dcbernehmern, um ihnen Ihr Unternehmen vorzustellen, ist die beste L\u00f6sung, um es zu entwerten und Ihre jahrelange Arbeit und Investitionen zu ruinieren.<\/p>\n<\/div><\/section>\n","protected":false},"excerpt":{"rendered":"<p>Den strategischen Leitfaden f\u00fcr Inbound-Unternehmens\u00fcbertragungen bestellen<\/p>\n","protected":false},"author":2,"featured_media":22283,"parent":16521,"menu_order":0,"comment_status":"closed","ping_status":"closed","template":"","meta":{"footnotes":""},"class_list":["post-22247","page","type-page","status-publish","has-post-thumbnail","hentry"],"_links":{"self":[{"href":"https:\/\/actoria.com\/ch-de\/wp-json\/wp\/v2\/pages\/22247","targetHints":{"allow":["GET"]}}],"collection":[{"href":"https:\/\/actoria.com\/ch-de\/wp-json\/wp\/v2\/pages"}],"about":[{"href":"https:\/\/actoria.com\/ch-de\/wp-json\/wp\/v2\/types\/page"}],"author":[{"embeddable":true,"href":"https:\/\/actoria.com\/ch-de\/wp-json\/wp\/v2\/users\/2"}],"replies":[{"embeddable":true,"href":"https:\/\/actoria.com\/ch-de\/wp-json\/wp\/v2\/comments?post=22247"}],"version-history":[{"count":0,"href":"https:\/\/actoria.com\/ch-de\/wp-json\/wp\/v2\/pages\/22247\/revisions"}],"up":[{"embeddable":true,"href":"https:\/\/actoria.com\/ch-de\/wp-json\/wp\/v2\/pages\/16521"}],"wp:featuredmedia":[{"embeddable":true,"href":"https:\/\/actoria.com\/ch-de\/wp-json\/wp\/v2\/media\/22283"}],"wp:attachment":[{"href":"https:\/\/actoria.com\/ch-de\/wp-json\/wp\/v2\/media?parent=22247"}],"curies":[{"name":"wp","href":"https:\/\/api.w.org\/{rel}","templated":true}]}}