{"id":24452,"date":"2023-07-19T09:30:42","date_gmt":"2023-07-19T07:30:42","guid":{"rendered":"http:\/\/actoria.com\/ch-de\/uber-uns\/dienstleistungen\/branchen\/luft-und-raumfahrt-copy\/"},"modified":"2026-04-27T15:55:52","modified_gmt":"2026-04-27T13:55:52","slug":"green-business-und-umwelt","status":"publish","type":"page","link":"https:\/\/actoria.com\/ch-de\/uber-uns\/dienstleistungen\/branchen\/green-business-und-umwelt\/","title":{"rendered":"Green Business und Umwelt"},"content":{"rendered":"<div id='av_section_1'  class='avia-section main_color avia-section-default avia-no-border-styling  avia-full-stretch avia-bg-style-fixed  avia-builder-el-0  el_before_av_one_full  avia-builder-el-first  header_page_section_title_wrapper  av-arrow-down-section av-minimum-height av-minimum-height-custom  container_wrap sidebar_right' style='background-repeat: no-repeat; background-image: url(https:\/\/actoria.com\/ch-de\/wp-content\/uploads\/2023\/07\/green-business-growth.jpg);background-attachment: fixed; background-position: center center;  '  data-section-bg-repeat='stretch'><div class='container' style='height:660px'><main  role=\"main\" itemprop=\"mainContentOfPage\"  class='template-page content  av-content-small alpha units'><div class='post-entry post-entry-type-page post-entry-24452'><div class='entry-content-wrapper clearfix'>\n<div class='flex_column_table av-equal-height-column-flextable -flextable' ><div class=\"flex_column av_one_full  flex_column_table_cell av-equal-height-column av-align-bottom av-zero-column-padding first  avia-builder-el-1  avia-builder-el-no-sibling  header_page_section_title \" style='border-radius:0px; ' id=\"header_page_section_title\" ><p><br \/>\n<div  style='padding-bottom:5px; margin:0 0 0 0; color:#ffffff;' class='av-special-heading av-special-heading-h1 custom-color-heading   avia-builder-el-3  el_after_av_codeblock  avia-builder-el-last  '><h1 class='av-special-heading-tag '  itemprop=\"headline\"  >Green Business und Umwelt<\/h1><div class='special-heading-border'><div class='special-heading-inner-border' style='border-color:#ffffff'><\/div><\/div><\/div><\/p><\/div><\/div><!--close column table wrapper. Autoclose: 1 -->\n<\/div><\/div><\/main><!-- close content main element --><\/div><div class='av-extra-border-element border-extra-arrow-down'><div class='av-extra-border-outer'><div class='av-extra-border-inner'  style='background-color:#ffffff;' ><\/div><\/div><\/div><\/div><div id='after_section_1'  class='main_color av_default_container_wrap container_wrap sidebar_right' style=' '  ><div class='container' ><div class='template-page content  av-content-small alpha units'><div class='post-entry post-entry-type-page post-entry-24452'><div class='entry-content-wrapper clearfix'>\n<div class=\"flex_column av_one_full  flex_column_div av-zero-column-padding first  avia-builder-el-4  el_after_av_section  avia-builder-el-no-sibling  \" style='border-radius:0px; '><section class=\"av_textblock_section \"  itemscope=\"itemscope\" itemtype=\"https:\/\/schema.org\/CreativeWork\" ><div class='avia_textblock  '   itemprop=\"text\" ><p>Green Business (Umwelt) betrifft mehrere Bereiche unserer Wirtschaft :<\/p>\n<p>\u2022 Baubereich: Installation neuer Heizsysteme etc.<br \/>\n\u2022 Recycling von Abf\u00e4llen<br \/>\n\u2022 Fairer Handel<br \/>\n\u2022 Erneuerbare Energien: Windkraft, Geothermie usw.<br \/>\n\u2022 Gr\u00fcner Transport<br \/>\n\u2022 Gr\u00fcner Tourismus<\/p>\n<p>Er umfasst daher alle Unternehmen, die Umweltbelange und das Prinzip der Nachhaltigkeit in ihre Entwicklung einbeziehen.<\/p>\n<p>Der 12. Dezember 2015 wird f\u00fcr die Menschheit ein wichtiges Datum bleiben, an dem das internationale Klimaabkommen als Ergebnis der COP 21 verabschiedet wurde. Ziel dieses Abkommens ist es, den Anstieg der Durchschnittstemperatur auf unter 2 Grad zu begrenzen und Anstrengungen zu unternehmen, diesen Anstieg auf 1,5 Grad zu begrenzen, um die Risiken und Auswirkungen der Folgen des Klimawandels zu verringern.<\/p>\n<p>Es geht auch darum, die klimatische Herausforderung positiv zu sehen, indem man den Schwerpunkt auf die Vorteile legt, die sich daraus ergeben, insbesondere in Bezug auf die Schaffung von Arbeitspl\u00e4tzen, Innovationen und Energieeinsparungen.<\/p>\n<p>Tats\u00e4chlich st\u00f6rt der Klimawandel nicht nur die Meeresstr\u00f6mungen, sondern wirkt sich auch auf die Luft aus, die in unserer Atmosph\u00e4re zirkuliert. Innerhalb weniger Jahre hat sich die Windgeschwindigkeit unerwartet stark beschleunigt, wie eine in &#171;Nature Climate Change&#187; ver\u00f6ffentlichte Studie ergab.<\/p>\n<p>Diese schnelle Zunahme der weltweiten Windgeschwindigkeit ist eine gute Nachricht f\u00fcr den Energiesektor. Durch die Ausweitung ihrer Forschung haben die Wissenschaftler berechnet, dass eine typische Windkraftanlage, die weltweit eine durchschnittliche Windgeschwindigkeit erh\u00e4lt, im Jahr 2017 etwa 17% mehr Energie produziert h\u00e4tte als im Jahr 2010. Ihren Prognosen zufolge k\u00f6nnte die Produktion von Windenergie bis 2024 somit um 37% steigen.<\/p>\n<p>Die Zunahme der Windgeschwindigkeit ist auf jeden Fall ein gutes Zeichen f\u00fcr den \u00dcbergang des Energiesektors zu erneuerbaren Energien, der f\u00fcr die Aufrechterhaltung der globalen Erw\u00e4rmung unter 2 \u00b0C von entscheidender Bedeutung ist.<\/p>\n<p>Interessant ist auch, dass 2019 etwa 7 % der Europ\u00e4er ein \u00d6kostromangebot abonniert haben, w\u00e4hrend dieser Anteil 2017 nur 5 % betrug. F\u00fcr die Energieversorger ist das Argument &#171;gr\u00fcn&#187; n\u00e4mlich zentral geworden, um Liefervertr\u00e4ge zu vermarkten.<\/p>\n<p>Seit 2020 ist der Sektor &#171;Umwelt und Klimawandel&#187; der Sektor mit den meisten Fusionen und \u00dcbernahmen im Vergleich zum Durchschnitt der drei vorangegangenen Jahre, wobei diese Transaktionen alle Arten von Transaktionen umfassen, einschlie\u00dflich der Zusammenf\u00fchrung von Unternehmen, die eine Entwicklungsstrategie ist, die von den F\u00fchrungskr\u00e4ften relativ h\u00e4ufig in Betracht gezogen wurde. Die Zahl der Kapitalerhebungen ist heute ebenfalls gestiegen, da die Manager versuchen, sich an Regierungsentscheidungen anzupassen, die diesen Sektor betreffen, wie z. B. das Gesetz vom 10. Februar 2020 \u00fcber den Kampf gegen Verschwendung und f\u00fcr die Kreislaufwirtschaft.<\/p>\n<p><img loading=\"lazy\" decoding=\"async\" class=\" wp-image-24460 aligncenter\" title=\"Green Business und Umwelt, Firmen\u00fcbergabe, Verkauf von KMU, Erwerb von Schweizer Firmen, Deutschland, \u00d6sterreich\" src=\"http:\/\/actoria.com\/ch-de\/wp-content\/uploads\/2023\/07\/Image--300x162.png\" alt=\"Green Business und Umwelt, Firmen\u00fcbergabe, Verkauf von KMU, Erwerb von Schweizer Firmen, Deutschland, \u00d6sterreich\" width=\"591\" height=\"319\" srcset=\"https:\/\/actoria.com\/ch-de\/wp-content\/uploads\/2023\/07\/Image--300x162.png 300w, https:\/\/actoria.com\/ch-de\/wp-content\/uploads\/2023\/07\/Image-.png 551w\" sizes=\"auto, (max-width: 591px) 100vw, 591px\" \/><\/p>\n<p>Wir haben Transaktionen in allen diesen Sektoren abgeschlossen. Wir sind in der Lage, geeignete Transaktionen auf der Basis von Direktansprachen zu lokalisieren und auszuw\u00e4hlen.<\/p>\n<p>Unsere Fachleute haben zahlreiche Research-Mandate im Bereich Green Business durchgef\u00fchrt. Unsere Ausgangsbasis f\u00fcr die Zusammenstellung unseres Teams besteht aus einer gro\u00dfen Gruppe von Umweltexperten.<\/p>\n<p>Der Green-Business-Sektor verf\u00fcgt \u00fcber einen betr\u00e4chtlichen Markt, um gr\u00fcnere Fundamente in unserer Wirtschaft und f\u00fcr Unternehmen zu entwickeln.<\/p>\n<\/div><\/section><\/div>\n","protected":false},"excerpt":{"rendered":"<p>Luft- und Raumfahrt<\/p>\n","protected":false},"author":2,"featured_media":11808,"parent":10521,"menu_order":8,"comment_status":"closed","ping_status":"closed","template":"","meta":{"footnotes":""},"class_list":["post-24452","page","type-page","status-publish","has-post-thumbnail","hentry"],"_links":{"self":[{"href":"https:\/\/actoria.com\/ch-de\/wp-json\/wp\/v2\/pages\/24452","targetHints":{"allow":["GET"]}}],"collection":[{"href":"https:\/\/actoria.com\/ch-de\/wp-json\/wp\/v2\/pages"}],"about":[{"href":"https:\/\/actoria.com\/ch-de\/wp-json\/wp\/v2\/types\/page"}],"author":[{"embeddable":true,"href":"https:\/\/actoria.com\/ch-de\/wp-json\/wp\/v2\/users\/2"}],"replies":[{"embeddable":true,"href":"https:\/\/actoria.com\/ch-de\/wp-json\/wp\/v2\/comments?post=24452"}],"version-history":[{"count":0,"href":"https:\/\/actoria.com\/ch-de\/wp-json\/wp\/v2\/pages\/24452\/revisions"}],"up":[{"embeddable":true,"href":"https:\/\/actoria.com\/ch-de\/wp-json\/wp\/v2\/pages\/10521"}],"wp:featuredmedia":[{"embeddable":true,"href":"https:\/\/actoria.com\/ch-de\/wp-json\/wp\/v2\/media\/11808"}],"wp:attachment":[{"href":"https:\/\/actoria.com\/ch-de\/wp-json\/wp\/v2\/media?parent=24452"}],"curies":[{"name":"wp","href":"https:\/\/api.w.org\/{rel}","templated":true}]}}