{"id":24468,"date":"2023-07-19T09:44:49","date_gmt":"2023-07-19T07:44:49","guid":{"rendered":"http:\/\/actoria.com\/ch-de\/uber-uns\/dienstleistungen\/branchen\/luft-und-raumfahrt-copy\/"},"modified":"2026-04-27T15:56:01","modified_gmt":"2026-04-27T13:56:01","slug":"kommunikation","status":"publish","type":"page","link":"https:\/\/actoria.com\/ch-de\/uber-uns\/dienstleistungen\/branchen\/kommunikation\/","title":{"rendered":"Kommunikation"},"content":{"rendered":"<div id='av_section_1'  class='avia-section main_color avia-section-default avia-no-border-styling  avia-full-stretch avia-bg-style-fixed  avia-builder-el-0  el_before_av_one_full  avia-builder-el-first  header_page_section_title_wrapper  av-arrow-down-section av-minimum-height av-minimum-height-custom  container_wrap sidebar_right' style='background-repeat: no-repeat; background-image: url(https:\/\/actoria.com\/ch-de\/wp-content\/uploads\/2023\/07\/medias-communication-actoria.jpg);background-attachment: fixed; background-position: center center;  '  data-section-bg-repeat='stretch'><div class='container' style='height:660px'><main  role=\"main\" itemprop=\"mainContentOfPage\"  class='template-page content  av-content-small alpha units'><div class='post-entry post-entry-type-page post-entry-24468'><div class='entry-content-wrapper clearfix'>\n<div class='flex_column_table av-equal-height-column-flextable -flextable' ><div class=\"flex_column av_one_full  flex_column_table_cell av-equal-height-column av-align-bottom av-zero-column-padding first  avia-builder-el-1  avia-builder-el-no-sibling  header_page_section_title \" style='border-radius:0px; ' id=\"header_page_section_title\" ><p><br \/>\n<div  style='padding-bottom:5px; margin:0 0 0 0; color:#ffffff;' class='av-special-heading av-special-heading-h1 custom-color-heading   avia-builder-el-3  el_after_av_codeblock  avia-builder-el-last  '><h1 class='av-special-heading-tag '  itemprop=\"headline\"  >Kommunikation<\/h1><div class='special-heading-border'><div class='special-heading-inner-border' style='border-color:#ffffff'><\/div><\/div><\/div><\/p><\/div><\/div><!--close column table wrapper. Autoclose: 1 --><\/div><\/div><\/main><!-- close content main element --><\/div><div class='av-extra-border-element border-extra-arrow-down'><div class='av-extra-border-outer'><div class='av-extra-border-inner'  style='background-color:#ffffff;' ><\/div><\/div><\/div><\/div><div id='after_section_1'  class='main_color av_default_container_wrap container_wrap sidebar_right' style=' '  ><div class='container' ><div class='template-page content  av-content-small alpha units'><div class='post-entry post-entry-type-page post-entry-24468'><div class='entry-content-wrapper clearfix'><div class=\"flex_column av_one_full  flex_column_div av-zero-column-padding first  avia-builder-el-4  el_after_av_section  avia-builder-el-no-sibling  \" style='border-radius:0px; '><section class=\"av_textblock_section \"  itemscope=\"itemscope\" itemtype=\"https:\/\/schema.org\/CreativeWork\" ><div class='avia_textblock  '   itemprop=\"text\" ><h2><img loading=\"lazy\" decoding=\"async\" class=\" wp-image-24472 alignleft\" title=\"\" src=\"http:\/\/actoria.com\/ch-de\/wp-content\/uploads\/2023\/07\/shutterstock-x--180x180.jpg\" alt=\"Luft- und Raumfahrt Exemplaire, Firmen\u00fcbergabe, Verkauf von KMU, Erwerb von Schweizer Firmen, Deutschland, \u00d6sterreich\" width=\"201\" height=\"201\" srcset=\"https:\/\/actoria.com\/ch-de\/wp-content\/uploads\/2023\/07\/shutterstock-x--180x180.jpg 180w, https:\/\/actoria.com\/ch-de\/wp-content\/uploads\/2023\/07\/shutterstock-x--80x80.jpg 80w, https:\/\/actoria.com\/ch-de\/wp-content\/uploads\/2023\/07\/shutterstock-x--36x36.jpg 36w\" sizes=\"auto, (max-width: 201px) 100vw, 201px\" \/><\/h2>\n<p>Kommunikation ist ein menschliches Bed\u00fcrfnis, das durch eine Vielzahl von Produkten und erg\u00e4nzenden Dienstleistungen befriedigt wird, die von der Kommunikationsbranche bereitgestellt werden. Die Kommunikationstechnologie hat im letzten Jahrzehnt ein rasantes Wachstum erlebt, und wir sind in ein Zeitalter eingetreten, in dem Daten als &#171;das neue \u00d6l&#187; angesehen werden.<\/p>\n<p>Der \u00dcbergang zum Informationszeitalter war durch Digitalisierungsbem\u00fchungen und disruptive Technologien gekennzeichnet, die die Art und Weise, wie die Menschen kommunizieren und auf Informationen zugreifen, grundlegend ver\u00e4ndert haben.<\/p>\n<h2>Erleichtert durch innovative L\u00f6sungen und den Ausbau der Netzinfrastruktur sind neue Gesch\u00e4ftsmodelle entstanden<\/h2>\n<p>Der Kommunikationssektor \u00fcbt einen gro\u00dfen Einfluss auf die Gesellschaft aus, was sowohl Herausforderungen (z. B. Datenschutz, Informationsqualit\u00e4t und Energieverbrauch) als auch Chancen (z. B. soziale Inklusion, Dekarbonisierung) mit sich bringt.<\/p>\n<p>Viele Unternehmen erzeugen potenziell positive Nettoauswirkungen auf die Nachhaltigkeit, indem sie Produkte und Dienstleistungen anbieten, die herk\u00f6mmliche T\u00e4tigkeiten ersetzen (z. B. die Erleichterung einer geografisch unabh\u00e4ngigen Kommunikation anstelle von Fernreisen). Im Gegensatz zur pers\u00f6nlichen Kommunikation produziert die digitale Kommunikation, die Datenstr\u00f6me \u00fcber eine bestimmte Entfernung mittels eines \u00dcbertragungsmediums erfordert, jedoch mit Sicherheit negative externe Effekte: extensiver Energieverbrauch durch Digitalisierung, soziale Ausgrenzung aufgrund eines fehlenden Internetzugangs oder Verletzungen der Privatsph\u00e4re durch Datenauswertung.<\/p>\n<h2>Ausma\u00df des Sektors<\/h2>\n<p>Die Branche, die von Telekommunikationsbetreibern bis hin zu Werbe- und Druckunternehmen reicht, umfasst somit ein breites Spektrum an Unternehmen, die divergierende Produkte und Dienstleistungen mit unterschiedlichen Auswirkungen auf die Gesellschaft, die Umwelt und die Wirtschaft anbieten. Dar\u00fcber hinaus wird der Kommunikationssektor von st\u00e4ndigen technologischen Innovationen und St\u00f6rungen angetrieben, die nicht nur die Gesch\u00e4ftsmodelle innerhalb der Branche selbst, sondern auch das Gesch\u00e4ftsgebaren in allen anderen Branchen ver\u00e4ndern.<\/p>\n<p>Der Kommunikationssektor ist durch eine Marktkonzentration gekennzeichnet, insbesondere in seinen Teilsektoren Internet (3,7 %), Telekommunikation (3,1 %) und Medienanbieter (1,2 %), in denen einige wenige Unternehmen eine starke Marktmacht aus\u00fcben. Parallel zu dieser Marktmacht ist der Datenschutz zu einem betr\u00e4chtlichen ESG-Risiko geworden. Mit dem Aufkommen des Internets hat sich dieses ESG-Risiko erh\u00f6ht, insbesondere durch den Aufstieg von Unternehmen, deren Gesch\u00e4ftsmodell auf der Sammlung und dem Verkauf von Daten beruht.<\/p>\n<p>Facebook beispielsweise hat zunehmend an Ansehen verloren, da das Unternehmen wegen seines umstrittenen Verhaltens im Umgang mit Nutzerdaten unter Druck geraten ist. Seit seinem B\u00f6rsengang im Jahr 2012 wurde Facebook regelm\u00e4\u00dfig von Inrate auf die Auswirkungen der Kontroverse hin untersucht. Die unklare Verwendung von Kundendaten und die mangelnde Transparenz des Unternehmens gegen\u00fcber Investoren und Interessengruppen stellen ein erhebliches Reputationsrisiko dar.<\/p>\n<h2>Vorsicht bei Datenverletzungen<\/h2>\n<p>Der letzte Datenversto\u00df, in den die Beratungsfirma Cambridge Analytica verwickelt war, hatte f\u00fcr Facebook erhebliche Auswirkungen auf den Aktienmarkt, da der Aktienkurs drastisch fiel. Dieses Beispiel unterstreicht, wie wichtig es f\u00fcr Unternehmen ist, eine strenge Richtlinie und ein solides Datenverwaltungssystem einzuf\u00fchren. So k\u00f6nnen die mit Datenverst\u00f6\u00dfen verbundenen Risiken wie erh\u00f6hte Sanierungskosten, Kundenverlust und m\u00f6glicherweise ein Reputationsverlust vermieden werden (Rahm 2014). Inrate betrachtet ein gutes Datenmanagement als hohe Priorit\u00e4t und hat einen separaten Indikator f\u00fcr Kontroversen \u00fcber den Inhalt und die Vertraulichkeit von Daten eingef\u00fchrt.<\/p>\n<p>Gro\u00dfe Datenmengen bergen zwar gewisse ESG-Risiken, aber auch gro\u00dfe Chancen. Die Verf\u00fcgbarkeit gro\u00dfer Datenmengen in k\u00fcrzerer Zeit erm\u00f6glicht es Unternehmen, die anstehenden Nachhaltigkeitsfragen zu analysieren, sie effizienter zu bearbeiten und genauer zu berichten, was die Transparenz erh\u00f6ht. Dies erm\u00f6glicht es dann den Investoren, die Auswirkungen der Nachhaltigkeit auf die Branche und das Unternehmen besser zu bewerten und in ihre Entscheidungsfindung einzubeziehen (GRI 2016).<\/p>\n<p>Die Lieferkette sowie verantwortungsvolle Managementsysteme sind ESG-Themen, die viel Aufmerksamkeit erhalten.<\/p>\n<p>Diese Unternehmen betreiben nicht nur Netzwerke, sondern verkaufen auch Mobiltelefone und elektronische Ger\u00e4te im Einzelhandel, die Mineralien enthalten, die nicht nat\u00fcrlichen Ursprungs sind. Dar\u00fcber hinaus wird eine Reihe von Ger\u00e4ten von Vertragsherstellern zusammengebaut, die f\u00fcr schlechte Arbeitsbedingungen bekannt sind. Im Allgemeinen treten ESG-Risiken am Anfang der Lieferketten auf, haupts\u00e4chlich jenseits der erstrangigen Lieferanten. Die Demonstration des Engagements f\u00fcr lokale Gesetze wie den Dodd-Frank Act und den UK Modern Slavery Act sowie die Teilnahme an Brancheninitiativen wie der Global eSustainability Initiative (GeSI) erh\u00f6hen das Vertrauen verantwortungsbewusster Investoren. Das Anbieten alternativer Ger\u00e4te mit sozialvertr\u00e4glichen Dienstleistungen und Komponenten kann zu einem Wettbewerbsvorteil f\u00fchren.<\/p>\n<h2>Auswirkungen auf die Umwelt<\/h2>\n<p>Obwohl sich der Kommunikationssektor haupts\u00e4chlich auf die Gesellschaft auswirkt, verdienen Umweltrisiken und -chancen die gleiche Aufmerksamkeit. Eine umfassende Bewertung der Auswirkungen eines Unternehmens auf die Umwelt erfordert eine Analyse des gesamten Lebenszyklus des Produkts, einschlie\u00dflich der Lieferketten, der Produktnutzung, des Umweltmanagements und der Abfallentsorgung.<\/p>\n<p>Der Stromverbrauch ist ein gro\u00dfes Umweltproblem (GRI 2013a), da Rechenzentren etwa 1,4 % des weltweiten Stromverbrauchs ben\u00f6tigen.<\/p>\n<p>Diese Zahl d\u00fcrfte parallel zum steigenden Datenvolumen weiter zunehmen (Castellazzi et al. 2017). Weitere Probleme, die angegangen werden m\u00fcssen, sind die Nutzung von Strom in der Netzinfrastruktur und die Vermeidung von gef\u00e4hrlichen Stoffen und Elektronikschrott aus Konsumg\u00fctern. Beispiele f\u00fcr Risiken aufgrund ineffizienter Umweltma\u00dfnahmen sind die Nichteinhaltung nationaler Gesetze zur Umweltverschmutzung und die hohen Kosten, die durch einen \u00fcberm\u00e4\u00dfigen Energieverbrauch entstehen (CDC. Group plc 2018). Inrate identifiziert diese Risiken, indem es branchenspezifische Umweltfragen in der Bewertung von Kommunikationsunternehmen abdeckt.<\/p>\n<p>Trotz dieser Herausforderungen k\u00f6nnen Kommunikationsprodukte und -dienstleistungen einen Substitutionseffekt auf bestimmte traditionelle T\u00e4tigkeiten haben, z. B. durch den Ersatz physischer Medien oder die Reduzierung von Reisen. Dies f\u00fchrt letztlich zu einer Verringerung des CO2-Aussto\u00dfes, des Ressourcenverbrauchs und der Umweltverschmutzung. Dar\u00fcber hinaus k\u00f6nnen Unternehmen ihre Energieeffizienz verbessern, indem sie die Effizienz der Datennutzung steigern und erneuerbare Energiequellen nutzen.<\/p>\n<\/div><\/section><\/div><\/p>\n","protected":false},"excerpt":{"rendered":"<p>Luft- und Raumfahrt<\/p>\n","protected":false},"author":2,"featured_media":11808,"parent":10521,"menu_order":0,"comment_status":"closed","ping_status":"closed","template":"","meta":{"footnotes":""},"class_list":["post-24468","page","type-page","status-publish","has-post-thumbnail","hentry"],"_links":{"self":[{"href":"https:\/\/actoria.com\/ch-de\/wp-json\/wp\/v2\/pages\/24468","targetHints":{"allow":["GET"]}}],"collection":[{"href":"https:\/\/actoria.com\/ch-de\/wp-json\/wp\/v2\/pages"}],"about":[{"href":"https:\/\/actoria.com\/ch-de\/wp-json\/wp\/v2\/types\/page"}],"author":[{"embeddable":true,"href":"https:\/\/actoria.com\/ch-de\/wp-json\/wp\/v2\/users\/2"}],"replies":[{"embeddable":true,"href":"https:\/\/actoria.com\/ch-de\/wp-json\/wp\/v2\/comments?post=24468"}],"version-history":[{"count":0,"href":"https:\/\/actoria.com\/ch-de\/wp-json\/wp\/v2\/pages\/24468\/revisions"}],"up":[{"embeddable":true,"href":"https:\/\/actoria.com\/ch-de\/wp-json\/wp\/v2\/pages\/10521"}],"wp:featuredmedia":[{"embeddable":true,"href":"https:\/\/actoria.com\/ch-de\/wp-json\/wp\/v2\/media\/11808"}],"wp:attachment":[{"href":"https:\/\/actoria.com\/ch-de\/wp-json\/wp\/v2\/media?parent=24468"}],"curies":[{"name":"wp","href":"https:\/\/api.w.org\/{rel}","templated":true}]}}