{"id":2770,"date":"2015-08-25T08:39:34","date_gmt":"2015-08-25T06:39:34","guid":{"rendered":"https:\/\/actoria.com\/ch\/?page_id=2770"},"modified":"2026-04-27T15:47:14","modified_gmt":"2026-04-27T13:47:14","slug":"laden-sie-den-strategischen-leitfaden-fur-eine-erfolgreiche-unternehmensubertragung-herunter","status":"publish","type":"page","link":"https:\/\/actoria.com\/ch-de\/ubertragen\/unsere-tools-und-beratung-zur-ubertragung\/laden-sie-den-strategischen-leitfaden-fur-eine-erfolgreiche-unternehmensubertragung-herunter\/","title":{"rendered":"Laden Sie den strategischen Leitfaden f\u00fcr eine erfolgreiche Unternehmens\u00fcbertragung herunter"},"content":{"rendered":"<div class='flex_column_table av-equal-height-column-flextable -flextable' ><div class=\"flex_column av_two_fifth  avia-full-contain flex_column_table_cell av-equal-height-column av-align-top av-zero-column-padding first  \" style='border-radius:0px; '><div  class='avia-image-container  av-styling-    avia-align-center '  itemprop=\"image\" itemscope=\"itemscope\" itemtype=\"https:\/\/schema.org\/ImageObject\"  ><div class='avia-image-container-inner'><div class='avia-image-overlay-wrap'><img class='avia_image' src='https:\/\/actoria.com\/ch-de\/wp-content\/uploads\/2022\/08\/Book-steps-DE-1030x950.png' alt='Laden Sie den strategischen Leitfaden f\u00fcr eine erfolgreiche Unternehmens\u00fcbertragung herunterFirmen\u00fcbergabe, Verkauf von KMU, Erwerb von Schweizer Firmen, Deutschland, \u00d6sterreich' title='Laden Sie den strategischen Leitfaden f\u00fcr eine erfolgreiche Unternehmens\u00fcbertragung herunterFirmen\u00fcbergabe, Verkauf von KMU, Erwerb von Schweizer Firmen, Deutschland, \u00d6sterreich' height=\"950\" width=\"1030\"  itemprop=\"thumbnailUrl\"  \/><\/div><\/div><\/div><\/div><\/div><!--close column table wrapper. Autoclose: 1 --><div class='flex_column_table av-equal-height-column-flextable -flextable' ><div class='av-flex-placeholder'><\/div><div class=\"flex_column av_three_fifth  flex_column_table_cell av-equal-height-column av-align-top av-zero-column-padding   \" style='border-radius:0px; '><section class=\"av_textblock_section \"  itemscope=\"itemscope\" itemtype=\"https:\/\/schema.org\/CreativeWork\" ><div class='avia_textblock  '   itemprop=\"text\" ><p><iframe style=\"height: 500px; width: 150%; border: none;\" src=\"https:\/\/forms.zohopublic.com\/rseauactoria\/form\/DEDcouvrezlamthodeen7tapesquinousapermisderussir40\/formperma\/8OIVTzmK7xT9R_fGjfRNo9sNaurFQtdsMVFMxcriHf4\" frameborder=\"0\"><\/iframe><\/p>\n<\/div><\/section><\/div><\/div><!--close column table wrapper. Autoclose: 1 --><section class=\"av_textblock_section \"  itemscope=\"itemscope\" itemtype=\"https:\/\/schema.org\/CreativeWork\" ><div class='avia_textblock  '   itemprop=\"text\" ><h3>Aber warum dieser strategische Leitfaden?<\/h3>\n<p>Nun, ganz einfach, um Ihnen den Start zu erleichtern.<\/p>\n<p>Viele Unternehmensleiter glauben, dass die Komplexit\u00e4t der Transaktion sie davon abh\u00e4lt, schnell zu beginnen, und wenn sie es dann doch tun, fragen sie sich, mit welchem Schritt sie zuerst beginnen sollen.<\/p>\n<p>Wir sind der Meinung, dass dieser Leitfaden durch die Beantwortung der <strong>zehn h\u00e4ufigsten Fragen, die sich Unternehmensleiter in der \u00dcbertragungsphase stellen<\/strong>, dazu beitr\u00e4gt, dass Sie den \u00dcbertragungsprozess unter ruhigeren Bedingungen beginnen k\u00f6nnen.<\/p>\n<\/div><\/section><\/p>\n","protected":false},"excerpt":{"rendered":"<p>Laden Sie den strategischen Leitfaden f\u00fcr eine erfolgreiche Unternehmens\u00fcbertragung herunter<\/p>\n","protected":false},"author":2,"featured_media":22277,"parent":16521,"menu_order":1,"comment_status":"closed","ping_status":"closed","template":"","meta":{"footnotes":""},"class_list":["post-2770","page","type-page","status-publish","has-post-thumbnail","hentry"],"_links":{"self":[{"href":"https:\/\/actoria.com\/ch-de\/wp-json\/wp\/v2\/pages\/2770","targetHints":{"allow":["GET"]}}],"collection":[{"href":"https:\/\/actoria.com\/ch-de\/wp-json\/wp\/v2\/pages"}],"about":[{"href":"https:\/\/actoria.com\/ch-de\/wp-json\/wp\/v2\/types\/page"}],"author":[{"embeddable":true,"href":"https:\/\/actoria.com\/ch-de\/wp-json\/wp\/v2\/users\/2"}],"replies":[{"embeddable":true,"href":"https:\/\/actoria.com\/ch-de\/wp-json\/wp\/v2\/comments?post=2770"}],"version-history":[{"count":0,"href":"https:\/\/actoria.com\/ch-de\/wp-json\/wp\/v2\/pages\/2770\/revisions"}],"up":[{"embeddable":true,"href":"https:\/\/actoria.com\/ch-de\/wp-json\/wp\/v2\/pages\/16521"}],"wp:featuredmedia":[{"embeddable":true,"href":"https:\/\/actoria.com\/ch-de\/wp-json\/wp\/v2\/media\/22277"}],"wp:attachment":[{"href":"https:\/\/actoria.com\/ch-de\/wp-json\/wp\/v2\/media?parent=2770"}],"curies":[{"name":"wp","href":"https:\/\/api.w.org\/{rel}","templated":true}]}}