{"id":4604,"date":"2016-08-10T11:47:23","date_gmt":"2016-08-10T09:47:23","guid":{"rendered":"https:\/\/actoria.com\/ch\/?page_id=4604"},"modified":"2022-08-12T17:00:58","modified_gmt":"2022-08-12T15:00:58","slug":"formular-fur-eine-kostenlose-einschatzung","status":"publish","type":"page","link":"https:\/\/actoria.com\/ch-de\/formular-fur-eine-kostenlose-einschatzung\/","title":{"rendered":"Formular f\u00fcr eine kostenlose Einsch\u00e4tzung"},"content":{"rendered":"<section class=\"av_textblock_section \"  itemscope=\"itemscope\" itemtype=\"https:\/\/schema.org\/CreativeWork\" ><div class='avia_textblock  '   itemprop=\"text\" ><\/p>\n<figure><iframe loading=\"lazy\" src=\"https:\/\/estimateur.capinext.com\/estimateur\/?lng=fr\" width=\"100%\" height=\"550px\" frameborder=\"0\" allowfullscreen=\"allowfullscreen\"><\/iframe><\/figure>\n<p>Nutzen Sie unser Tool f\u00fcr eine schnelle und kostenlose Sch\u00e4tzung des Wertes Ihres Unternehmens. Mit unserem Tool zur Unternehmensbewertung k\u00f6nnen Sie eine erste finanzielle Einsch\u00e4tzung des Wertes Ihres Unternehmens vornehmen. Dieses Tool ist sehr einfach zu bedienen und erm\u00f6glicht es Ihnen, in 2 bis 3 Minuten eine schnelle Sch\u00e4tzung des Wertes Ihres Unternehmens und eine erste grobe Bewertungsspanne zu erhalten.<\/p>\n<p>So k\u00f6nnen Sie sich, bevor Sie einen \u00dcbertragungsprozess in Gang setzen, eine erste Vorstellung vom Wert Ihres Unternehmens machen. Diese Sch\u00e4tzung ersetzt nicht ein Finanzgutachten Ihres Unternehmens, das eventuelle Anpassungen der Abschl\u00fcsse ber\u00fccksichtigt, aber sie gibt Ihnen eine erste Vorstellung vom Wert und damit vom Preis, den Sie f\u00fcr die \u00dcbertragung Ihres Unternehmens aufbringen m\u00fcssen.<\/p>\n<p>Geben Sie den Umsatz, die Ergebnisse der letzten drei Jahre Ihres Unternehmens ein und f\u00fcllen Sie dann die Angaben zu den Immobilien aus, wenn Sie Eigent\u00fcmer sind.<\/p>\n<p>Sie werden sehen, dass der Unternehmenssch\u00e4tzer sehr einfach zu bedienen ist und Sie von einer schnellen Sch\u00e4tzung des Wertes Ihres Unternehmens profitieren k\u00f6nnen.<\/p>\n<p>Wenn man sich auf eine \u00dcbergabe einl\u00e4sst, ohne eine Vorstellung vom Wert seines Unternehmens zu haben, ist dies oft ein Grund f\u00fcr das Scheitern des Vorhabens. Daher ist es wichtig, \u00fcber den Wert des Unternehmens nachzudenken, um die richtige Entscheidung zu treffen und alle Auswirkungen der \u00dcbertragung auf Ihren Lebensstandard zu bedenken.<\/p>\n<p>Mit unserem sehr innovativen Tool zur Sch\u00e4tzung des Unternehmenswerts k\u00f6nnen Sie endlich eine fundierte Entscheidung \u00fcber die Ver\u00e4u\u00dferung treffen und mit seri\u00f6sen Argumenten nach einem K\u00e4ufer suchen.<\/p>\n<p><strong>Dieses System ist f\u00fcr Unternehmen mit einem Umsatz von weniger als 1 Million geeignet. Wenn Sie \u00fcber diesem Wert liegen, <a href=\"https:\/\/www.actoria.com\/ch-de\">nehmen Sie bitte direkt Kontakt mit uns auf.<\/a>.<\/strong><\/p>\n<p>Wir hoffen, dass dieses Sch\u00e4tzinstrument Ihnen dabei hilft, die richtige Entscheidung zur \u00dcbertragung Ihres Unternehmens zu treffen.<\/p>\n<p>Wenn Sie weitere Informationen w\u00fcnschen, nehmen Sie bitte <a href=\"https:\/\/www.capinext.com\/contact\" rel=\"nofollow noopener\" target=\"_blank\">Kontakt mit uns auf<\/a>.<\/p>\n<p><\/p>\n<\/div><\/section>","protected":false},"excerpt":{"rendered":"<p>Formular f\u00fcr eine kostenlose Einsch\u00e4tzung<\/p>\n","protected":false},"author":2,"featured_media":7001,"parent":0,"menu_order":0,"comment_status":"closed","ping_status":"closed","template":"","meta":{"footnotes":""},"class_list":["post-4604","page","type-page","status-publish","has-post-thumbnail","hentry"],"_links":{"self":[{"href":"https:\/\/actoria.com\/ch-de\/wp-json\/wp\/v2\/pages\/4604","targetHints":{"allow":["GET"]}}],"collection":[{"href":"https:\/\/actoria.com\/ch-de\/wp-json\/wp\/v2\/pages"}],"about":[{"href":"https:\/\/actoria.com\/ch-de\/wp-json\/wp\/v2\/types\/page"}],"author":[{"embeddable":true,"href":"https:\/\/actoria.com\/ch-de\/wp-json\/wp\/v2\/users\/2"}],"replies":[{"embeddable":true,"href":"https:\/\/actoria.com\/ch-de\/wp-json\/wp\/v2\/comments?post=4604"}],"version-history":[{"count":0,"href":"https:\/\/actoria.com\/ch-de\/wp-json\/wp\/v2\/pages\/4604\/revisions"}],"wp:featuredmedia":[{"embeddable":true,"href":"https:\/\/actoria.com\/ch-de\/wp-json\/wp\/v2\/media\/7001"}],"wp:attachment":[{"href":"https:\/\/actoria.com\/ch-de\/wp-json\/wp\/v2\/media?parent=4604"}],"curies":[{"name":"wp","href":"https:\/\/api.w.org\/{rel}","templated":true}]}}