{"id":5413,"date":"2017-11-22T09:35:24","date_gmt":"2017-11-22T09:35:24","guid":{"rendered":"https:\/\/actoria.com\/ch\/?page_id=5413"},"modified":"2026-04-27T15:46:12","modified_gmt":"2026-04-27T13:46:12","slug":"das-wort-des-prasidenten","status":"publish","type":"page","link":"https:\/\/actoria.com\/ch-de\/uber-uns\/ethik\/das-wort-des-prasidenten\/","title":{"rendered":"Das Wort des Pr\u00e4sidenten"},"content":{"rendered":"<div id='av_section_1'  class='avia-section main_color avia-section-default avia-no-border-styling  avia-full-stretch avia-bg-style-fixed  avia-builder-el-0  el_before_av_one_full  avia-builder-el-first  header_page_section_title_wrapper  av-arrow-down-section av-minimum-height av-minimum-height-custom  container_wrap sidebar_right' style='background-repeat: no-repeat; background-image: url(https:\/\/actoria.com\/ch-de\/wp-content\/uploads\/2021\/12\/shutterstock-1-33-1500x936.jpg);background-attachment: fixed; background-position: center center;  '  data-section-bg-repeat='stretch'><div class='container' style='height:660px'><main  role=\"main\" itemprop=\"mainContentOfPage\"  class='template-page content  av-content-small alpha units'><div class='post-entry post-entry-type-page post-entry-5413'><div class='entry-content-wrapper clearfix'>\n<div class='flex_column_table av-equal-height-column-flextable -flextable' ><div class=\"flex_column av_one_full  flex_column_table_cell av-equal-height-column av-align-bottom av-zero-column-padding first  avia-builder-el-1  avia-builder-el-no-sibling  header_page_section_title \" style='border-radius:0px; ' id=\"header_page_section_title\" ><p><br \/>\n<div  style='padding-bottom:5px; margin:0 0 0 0; color:#ffffff;' class='av-special-heading av-special-heading-h1 custom-color-heading   avia-builder-el-3  el_after_av_codeblock  avia-builder-el-last  '><h1 class='av-special-heading-tag '  itemprop=\"headline\"  >Das Wort des Pr\u00e4sidenten<\/h1><div class='special-heading-border'><div class='special-heading-inner-border' style='border-color:#ffffff'><\/div><\/div><\/div><\/p><\/div><\/div><!--close column table wrapper. Autoclose: 1 --><\/div><\/div><\/main><!-- close content main element --><\/div><div class='av-extra-border-element border-extra-arrow-down'><div class='av-extra-border-outer'><div class='av-extra-border-inner'  style='background-color:#ffffff;' ><\/div><\/div><\/div><\/div><div id='after_section_1'  class='main_color av_default_container_wrap container_wrap sidebar_right' style=' '  ><div class='container' ><div class='template-page content  av-content-small alpha units'><div class='post-entry post-entry-type-page post-entry-5413'><div class='entry-content-wrapper clearfix'><div class=\"flex_column av_one_full  flex_column_div av-zero-column-padding first  avia-builder-el-4  el_after_av_section  avia-builder-el-no-sibling  \" style='border-radius:0px; '><section class=\"av_textblock_section \"  itemscope=\"itemscope\" itemtype=\"https:\/\/schema.org\/CreativeWork\" ><div class='avia_textblock  '   itemprop=\"text\" ><p><img loading=\"lazy\" decoding=\"async\" title=\"Das Wort des Pr\u00e4sidenten Fusionen und \u00dcbernahmen in der Schweiz und in Deutschland\" class=\"alignleft wp-image-3964\" src=\"https:\/\/www.actoria.ch\/wp-content\/uploads\/2016\/11\/1857-Copie-684x1024-620x928.jpg\" alt=\"Fabrice Lange, Pr\u00e9sident du Groupe Actoria\" width=\"276\" height=\"413\" \/><\/p>\n<p>In der Actoria-Gruppe, die wir vor fast 20 Jahren gegr\u00fcndet haben, wollen wir unsere Dienstleistungen mit einem einzigartigen Ansatz und <strong>einer innovativen Vision<\/strong> anbieten. Das ist unsere Art, innovativ zu sein, zusammenzuarbeiten, zu funktionieren und <strong>Werte zu schaffen<\/strong>, sowohl f\u00fcr Verk\u00e4ufer als auch f\u00fcr \u00dcbernehmer von Unternehmen. Dies spiegelt sich in unseren Grundwerten.<\/p>\n<p>Dementsprechend findet unsere Vision eines ethischen Marktes f\u00fcr Unternehmens\u00fcbertragungen auf allen Ebenen ihren Niederschlag: von der Verwaltung unserer Mandate und dem pers\u00f6nlichen Service f\u00fcr unsere Kunden bis hin zur St\u00e4rkung unserer Marke und unseres Rufs oder der st\u00e4ndigen Einhaltung der Vertraulichkeit.<\/p>\n<p>Im Mittelpunkt unseres Gesch\u00e4ftskodex stehen unsere sieben grundlegenden und nachhaltigen Werte: <strong>Wertsch\u00f6pfung f\u00fcr unsere Kunden, hervorragende Leistungen der Mitglieder des Netzwerks, Know-how, Integrit\u00e4t, Verantwortung, Wagemut und Kreativit\u00e4t.<\/strong> Der Gesch\u00e4ftskodex umfasst auch \u201eHandlungsgrunds\u00e4tze\u201c, die beschreiben, wie wir unsere Werte vollst\u00e4ndig einhalten und unsere Verpflichtungen erf\u00fcllen k\u00f6nnen, die jeder von uns verstehen und einhalten muss, um ein ethisches Arbeitsumfeld zu bewahren.<\/p>\n<p>In einer Welt, die sich immer schneller dreht, steht viel auf dem Spiel. Die Uberisierung der Wirtschaft, die auf die Disintermediation von Dienstleistungen abzielt, die Digitalisierung, die Prozessautomatisierung, Big Data, k\u00fcnstliche Intelligenz und Blockchains sind allesamt neue Herausforderungen, <strong>denen wir uns stellen m\u00fcssen, um unsere Grundwerte zu wahren und den Erwartungen unserer Kunden besser gerecht zu werden.<\/strong><\/p>\n<p>Diese Herausforderungen erfordern das Beste von jedem von uns, jeden Tag und in allem, was wir tun. Ich sch\u00e4tze alle Bem\u00fchungen der Berater der Actoria-Gruppe, unseren Gesch\u00e4ftskodex und die Grundwerte, die Actoria zu einem besonderen Unternehmen machen, zu vertreten.<\/p>\n<p>Fabrice Lange<\/p>\n<p>Pr\u00e4sident<\/p>\n<\/div><\/section><\/div><\/p>\n","protected":false},"excerpt":{"rendered":"<p>Das Wort des Pr\u00e4sidenten<\/p>\n","protected":false},"author":2,"featured_media":6910,"parent":9892,"menu_order":2,"comment_status":"closed","ping_status":"closed","template":"","meta":{"footnotes":""},"class_list":["post-5413","page","type-page","status-publish","has-post-thumbnail","hentry"],"_links":{"self":[{"href":"https:\/\/actoria.com\/ch-de\/wp-json\/wp\/v2\/pages\/5413","targetHints":{"allow":["GET"]}}],"collection":[{"href":"https:\/\/actoria.com\/ch-de\/wp-json\/wp\/v2\/pages"}],"about":[{"href":"https:\/\/actoria.com\/ch-de\/wp-json\/wp\/v2\/types\/page"}],"author":[{"embeddable":true,"href":"https:\/\/actoria.com\/ch-de\/wp-json\/wp\/v2\/users\/2"}],"replies":[{"embeddable":true,"href":"https:\/\/actoria.com\/ch-de\/wp-json\/wp\/v2\/comments?post=5413"}],"version-history":[{"count":1,"href":"https:\/\/actoria.com\/ch-de\/wp-json\/wp\/v2\/pages\/5413\/revisions"}],"predecessor-version":[{"id":24612,"href":"https:\/\/actoria.com\/ch-de\/wp-json\/wp\/v2\/pages\/5413\/revisions\/24612"}],"up":[{"embeddable":true,"href":"https:\/\/actoria.com\/ch-de\/wp-json\/wp\/v2\/pages\/9892"}],"wp:featuredmedia":[{"embeddable":true,"href":"https:\/\/actoria.com\/ch-de\/wp-json\/wp\/v2\/media\/6910"}],"wp:attachment":[{"href":"https:\/\/actoria.com\/ch-de\/wp-json\/wp\/v2\/media?parent=5413"}],"curies":[{"name":"wp","href":"https:\/\/api.w.org\/{rel}","templated":true}]}}