{"id":6238,"date":"2018-03-13T14:37:42","date_gmt":"2018-03-13T13:37:42","guid":{"rendered":"https:\/\/actoria.com\/ch\/?page_id=6238"},"modified":"2026-04-27T15:49:33","modified_gmt":"2026-04-27T13:49:33","slug":"finanzierung-der-unternehmensubernahme","status":"publish","type":"page","link":"https:\/\/actoria.com\/ch-de\/ubernehmen\/die-schritte-zu-einer-erfolgreichen-ubernahme\/finanzierung-der-unternehmensubernahme\/","title":{"rendered":"Finanzierung der Unternehmens\u00fcbernahme"},"content":{"rendered":"<div id='av_section_1'  class='avia-section main_color avia-section-default avia-no-border-styling  avia-full-stretch av-parallax-section avia-bg-style-parallax  avia-builder-el-0  el_before_av_one_full  avia-builder-el-first  header_page_section_title_wrapper  av-arrow-down-section av-minimum-height av-minimum-height-custom  container_wrap sidebar_right' style=' '  data-section-bg-repeat='stretch'><div class='av-parallax' data-avia-parallax-ratio='0.3' ><div class='av-parallax-inner main_color  avia-full-stretch' style = 'background-repeat: no-repeat; background-image: url(https:\/\/actoria.com\/ch-de\/wp-content\/uploads\/2020\/03\/actoria_cession_entreprise-7.jpg);background-attachment: scroll; background-position: center center; ' ><\/div><\/div><div class='container' style='height:660px'><main  role=\"main\" itemprop=\"mainContentOfPage\"  class='template-page content  av-content-small alpha units'><div class='post-entry post-entry-type-page post-entry-6238'><div class='entry-content-wrapper clearfix'>\n<div class='flex_column_table av-equal-height-column-flextable -flextable' ><div class=\"flex_column av_one_full  av-animated-generic bottom-to-top  flex_column_table_cell av-equal-height-column av-align-bottom av-zero-column-padding first  avia-builder-el-1  avia-builder-el-no-sibling  header_page_section_title \" style='border-radius:0px; ' id=\"header_page_section_title\" ><p><br \/>\n<div  style='padding-bottom:5px; margin:0 0 0 0; color:#ffffff;' class='av-special-heading av-special-heading-h1 custom-color-heading   avia-builder-el-3  el_after_av_codeblock  avia-builder-el-last  '><h1 class='av-special-heading-tag '  itemprop=\"headline\"  >Finanzierung der Unternehmens\u00fcbernahme<\/h1><div class='special-heading-border'><div class='special-heading-inner-border' style='border-color:#ffffff'><\/div><\/div><\/div><\/p><\/div><\/div><!--close column table wrapper. Autoclose: 1 --><\/div><\/div><\/main><!-- close content main element --><\/div><div class='av-extra-border-element border-extra-arrow-down'><div class='av-extra-border-outer'><div class='av-extra-border-inner'  style='background-color:#ffffff;' ><\/div><\/div><\/div><\/div><div id='after_section_1'  class='main_color av_default_container_wrap container_wrap sidebar_right' style=' '  ><div class='container' ><div class='template-page content  av-content-small alpha units'><div class='post-entry post-entry-type-page post-entry-6238'><div class='entry-content-wrapper clearfix'><div class='flex_column_table av-equal-height-column-flextable -flextable' ><div class=\"flex_column av_two_fifth  no_margin flex_column_table_cell av-equal-height-column av-align-middle av-zero-column-padding first  \" style='border-radius:0px; '><section class=\"av_textblock_section \"  itemscope=\"itemscope\" itemtype=\"https:\/\/schema.org\/CreativeWork\" ><div class='avia_textblock  '   itemprop=\"text\" ><p><img loading=\"lazy\" decoding=\"async\" title=\"Finanzierung der Unternehmens\u00fcbernahme Fusionen und \u00dcbernahmen in der Schweiz und in Deutschland\" class=\"wp-image-8110 alignleft\" src=\"https:\/\/actoria.com\/ch\/wp-content\/uploads\/2019\/11\/modern-factory-management-2PEM4V8.jpg\" alt=\"Finanzierung der Unternehmens\u00fcbernahme Fusionen und \u00dcbernahmen in der Schweiz und in Deutschland\" width=\"929\" height=\"619\" srcset=\"https:\/\/actoria.com\/ch-de\/wp-content\/uploads\/2019\/11\/modern-factory-management-2PEM4V8.jpg 2000w, https:\/\/actoria.com\/ch-de\/wp-content\/uploads\/2019\/11\/modern-factory-management-2PEM4V8-300x200.jpg 300w, https:\/\/actoria.com\/ch-de\/wp-content\/uploads\/2019\/11\/modern-factory-management-2PEM4V8-1030x686.jpg 1030w, https:\/\/actoria.com\/ch-de\/wp-content\/uploads\/2019\/11\/modern-factory-management-2PEM4V8-768x512.jpg 768w, https:\/\/actoria.com\/ch-de\/wp-content\/uploads\/2019\/11\/modern-factory-management-2PEM4V8-1536x1024.jpg 1536w, https:\/\/actoria.com\/ch-de\/wp-content\/uploads\/2019\/11\/modern-factory-management-2PEM4V8-1500x1000.jpg 1500w, https:\/\/actoria.com\/ch-de\/wp-content\/uploads\/2019\/11\/modern-factory-management-2PEM4V8-705x470.jpg 705w\" sizes=\"auto, (max-width: 929px) 100vw, 929px\" \/><\/p>\n<\/div><\/section><\/div><\/div><!--close column table wrapper. Autoclose: 1 --><\/p>\n<div class='flex_column_table av-equal-height-column-flextable -flextable' ><div class=\"flex_column av_three_fifth  no_margin flex_column_table_cell av-equal-height-column av-align-middle av-zero-column-padding   \" style='border-radius:0px; '><section class=\"av_textblock_section \"  itemscope=\"itemscope\" itemtype=\"https:\/\/schema.org\/CreativeWork\" ><div class='avia_textblock  '   itemprop=\"text\" ><p class=\"\">Die Frage der Finanzierung einer Unternehmens\u00fcbernahme bleibt eine heikle Frage, die niemals untersch\u00e4tzt werden darf.<br \/>\nOb Sie nun eine nat\u00fcrliche Person sind oder ein Unternehmen, das externes Wachstum anstrebt, m\u00fcssen Sie sich mit der Frage der Finanzierung befassen, bevor Sie mit der Finanzierung einer Unternehmens\u00fcbernahme beginnen.<br \/>\nInsbesondere m\u00fcssen Sie sicherstellen, dass Ihr Eigenkapital f\u00fcr die Finanzierung eines Zielunternehmens ausreicht.<\/p>\n<\/div><\/section><\/div><\/div><!--close column table wrapper. Autoclose: 1 --><div class=\"flex_column av_one_full  flex_column_div av-zero-column-padding first  avia-builder-el-4  el_after_av_section  avia-builder-el-no-sibling  \" style='border-radius:0px; '><p><section class=\"av_textblock_section \"  itemscope=\"itemscope\" itemtype=\"https:\/\/schema.org\/CreativeWork\" ><div class='avia_textblock  '   itemprop=\"text\" ><p>Im Allgemeinen finanzieren die Banken die \u00dcbernahme eines Unternehmens auf der Grundlage von 30 % des eingebrachten Eigenkapitals.<br \/>\nMit anderen Worten, bei einem \u00dcbernahmepreis von 1.000 Euro m\u00fcssen Sie 300 Euro einbringen und die Bank finanziert \u00fcber maximal 7 Jahre die restlichen 700 Euro, wobei sie sich an den zuk\u00fcnftigen Ergebnissen des Unternehmens orientiert und einen Abschlag von 20-30% vornimmt, um die f\u00fcr die Entwicklung des Unternehmens unerl\u00e4sslichen Reserven zu belassen.<\/p>\n<p>Auf der Ebene der Akteure hat sich die Situation in den letzten 5 Jahren stark ver\u00e4ndert und wir sehen immer mehr alternative L\u00f6sungen f\u00fcr die Finanzierung von \u00dcbernahmen, die nicht mehr \u00fcber die traditionellen Banken laufen.<br \/>\nFintech-Plattformen mit Schwerpunkt auf partizipativer Finanzierung werden die Finanzierung von Unternehmens\u00fcbernahmen revolutionieren.<br \/>\nMehr denn je m\u00fcssen Sie angesichts der Vielzahl und Komplexit\u00e4t der Finanzierungsl\u00f6sungen bei Ihrer Finanzierung unterst\u00fctzt werden.<br \/>\nWir m\u00f6chten Ihnen einige Unternehmen vorstellen, die auf die Finanzierung von \u00dcbernahmen spezialisiert sind und die wir f\u00fcr interessant halten.<\/p>\n<\/div><\/section><br \/>\n<div  style='height:50px' class='hr hr-invisible  '><span class='hr-inner ' ><span class='hr-inner-style'><\/span><\/span><\/div><\/p><\/div><div class='flex_column_table av-equal-height-column-flextable -flextable' ><div class=\"flex_column av_one_third  no_margin flex_column_table_cell av-equal-height-column av-align-middle av-zero-column-padding first  \" style='border-radius:0px; '><section class=\"av_textblock_section \"  itemscope=\"itemscope\" itemtype=\"https:\/\/schema.org\/CreativeWork\" ><div class='avia_textblock  '   itemprop=\"text\" ><p><img loading=\"lazy\" decoding=\"async\" title=\"Finanzierung der Unternehmens\u00fcbernahme Fusionen und \u00dcbernahmen in der Schweiz und in Deutschland\" class=\"alignleft wp-image-6246 size-full\" src=\"https:\/\/actoria.com\/ch\/wp-content\/uploads\/2018\/03\/azza.jpg\" alt=\"Finanzierung der Unternehmens\u00fcbernahme Fusionen und \u00dcbernahmen in der Schweiz und in Deutschland\" width=\"560\" height=\"231\" srcset=\"https:\/\/actoria.com\/ch-de\/wp-content\/uploads\/2018\/03\/azza.jpg 560w, https:\/\/actoria.com\/ch-de\/wp-content\/uploads\/2018\/03\/azza-300x124.jpg 300w, https:\/\/actoria.com\/ch-de\/wp-content\/uploads\/2018\/03\/azza-450x186.jpg 450w\" sizes=\"auto, (max-width: 560px) 100vw, 560px\" \/><\/p>\n<\/div><\/section><\/div><\/div><!--close column table wrapper. Autoclose: 1 --><\/p>\n<div class='flex_column_table av-equal-height-column-flextable -flextable' ><div class=\"flex_column av_two_third  no_margin flex_column_table_cell av-equal-height-column av-align-middle av-zero-column-padding   \" style='border-radius:0px; '><section class=\"av_textblock_section \"  itemscope=\"itemscope\" itemtype=\"https:\/\/schema.org\/CreativeWork\" ><div class='avia_textblock  '   itemprop=\"text\" ><p class=\"\">Das Unternehmen Pr\u20act Pro ist eine nationale Marke f\u00fcr die Vermittlung von Finanzierungen f\u00fcr Unternehmen. Sie begleitet Gesch\u00e4ftsgr\u00fcnder und -\u00fcbernehmer bei der Suche und Beschaffung einer Finanzierung.<br \/>\nDie Arbeit besteht aus vier Schritten.<\/p>\n<\/div><\/section><\/div><\/div><!--close column table wrapper. Autoclose: 1 --><div class=\"flex_column av_one_full  flex_column_div av-zero-column-padding first  nomargin \" style='border-radius:0px; '><section class=\"av_textblock_section \"  itemscope=\"itemscope\" itemtype=\"https:\/\/schema.org\/CreativeWork\" ><div class='avia_textblock  '   itemprop=\"text\" ><ul>\n<li>Erstellung eines papierlosen Finanzierungsdossiers; die Unterlagen werden in einem gesicherten Extranet-Zugang hinterlegt. Wir beraten Sie in Bezug auf Form und Inhalt der Pr\u00e4sentation Ihrer Unterlagen: Hervorhebung der St\u00e4rken, bankgerechter Businessplan.<\/li>\n<li>Versand an die Bank und Begleitung zu Bankgespr\u00e4chen. Wir arbeiten mit ALLEN Banken zusammen, so dass sie alle angesprochen werden. Bei diesem Treffen werden Sie Ihr Projekt vorstellen, wir werden \u00fcber Ihren Finanzierungsbedarf sprechen und mit den anwesenden Bankpartnern interagieren.<\/li>\n<li>Alle Finanzierungsposten werden verhandelt. Die Banken unterbreiten einen Finanzierungsvorschlag, geben aber auch alle Kosten der k\u00fcnftigen Beziehung an (Kontof\u00fchrung, Umsatzprovision, Inkassodienst, Kreditversicherung usw.).<\/li>\n<li>Entscheidung f\u00fcr eine Bank. Wir erstellen f\u00fcr Sie eine Vergleichstabelle aller eingegangenen detaillierten Angebote und Sie w\u00e4hlen die Bank aus, die Ihnen am besten gef\u00e4llt.<\/li>\n<\/ul>\n<p class=\"\">Ihre Schl\u00fcsselw\u00f6rter sind Transparenz und Professionalismus. Transparenz, da Sie \u00fcber Ihr Extranet in Echtzeit \u00fcber den Status Ihres Dossiers informiert werden. Professionalismus, da sie in allen Phasen Ihres Dossiers von Experten unterst\u00fctzt werden.<\/p>\n<div class=\"section_bureau\">\n<div><strong>K\u00e9vin PINGUET<\/strong><br \/>\nGewerblicher Finanzierungsmakler<br \/>\n06.23.11.20.51<br \/>\n<a href=\"mailto:kevin.pinguet@pretpro.fr\">kevin.pinguet@pretpro.fr<\/a><\/div>\n<\/div>\n<p class=\"default-style\"><b><span style=\"font-size: 10.0pt\"> <strong>PR\u20acT PRO &#8211; Nationales Netzwerk von Finanzierungsmaklern f\u00fcr Unternehmen<\/strong><\/span><\/b><\/p>\n<\/div><\/section><\/div>[av_section min_height='custom' min_height_pc='25' min_height_px='660px' padding='default' custom_margin='0px' custom_margin_sync='true' color='main_color' background='bg_color' custom_bg='' background_gradient_color1='' background_gradient_color2='' background_gradient_direction='vertical' src='https:\/\/actoria.com\/ch\/wp-content\/uploads\/2021\/12\/shutterstock-1-43-1000x423.jpg' attachment='18521' attachment_size='entry_without_sidebar' attach='fixed' position='center center' repeat='stretch' video='' video_ratio='16:9' overlay_opacity='0.5' overlay_color='#000046' overlay_pattern='' overlay_custom_pattern='' shadow='no-border-styling' bottom_border='border-extra-arrow-down' bottom_border_diagonal_color='#ffffff' bottom_border_diagonal_direction='border-extra-diagonal-inverse' bottom_border_style='' custom_arrow_bg='' id='' custom_class='header_page_section_title_wrapper' aria_label='' av_element_hidden_in_editor='0' av_uid='av-jzjro2lm']\r\n[av_one_full first min_height='av-equal-height-column' vertical_alignment='av-align-bottom' space='' row_boxshadow_color='' row_boxshadow_width='10' margin='0px' margin_sync='true' mobile_breaking='' border='' border_color='' radius='0px' radius_sync='true' padding='0px' padding_sync='true' column_boxshadow_color='' column_boxshadow_width='10' background='bg_color' background_color='' background_gradient_color1='' background_gradient_color2='' background_gradient_direction='vertical' src='' attachment='' attachment_size='' background_position='top left' background_repeat='no-repeat' highlight_size='1.1' animation='' link='' linktarget='' link_hover='' title_attr='' alt_attr='' mobile_display='' id='header_page_section_title' custom_class='header_page_section_title' aria_label='' av_uid='av-jzjrtnz4']\r\n\r\n[av_codeblock wrapper_element='' wrapper_element_attributes='' codeblock_type='' av-mini-hide='aviaTBav-mini-hide' alb_description='' id='' custom_class='' av_uid='av-jzjsqafo']\r\n[av_breadcrumbs]\r\n[\/av_codeblock]\r\n\r\n[av_heading heading='Die Gruppe in K\u00fcrze' tag='h1' style='' subheading_active='' size='' av-medium-font-size-title='' av-small-font-size-title='' av-mini-font-size-title='' subheading_size='15' av-medium-font-size='' av-small-font-size='' av-mini-font-size='' color='custom-color-heading' custom_font='#ffffff' margin='0' margin_sync='true' padding='5' link='manually,http:\/\/' link_target='' id='' custom_class='' av_uid='av-l0be7tg8' admin_preview_bg=''][\/av_heading]\r\n\r\n[\/av_one_full]\r\n[\/av_section]\r\n\r\n[av_one_full first min_height='' vertical_alignment='' space='' custom_margin='' margin='0px' row_boxshadow='' row_boxshadow_color='' row_boxshadow_width='10' link='' linktarget='' link_hover='' title_attr='' alt_attr='' padding='0px' highlight='' highlight_size='' border='' border_color='' radius='0px' column_boxshadow='' column_boxshadow_color='' column_boxshadow_width='10' background='bg_color' background_color='' background_gradient_color1='' background_gradient_color2='' background_gradient_direction='vertical' src='' background_position='top left' background_repeat='no-repeat' animation='' mobile_breaking='' mobile_display='' av_uid='av-2oggqs']\r\n\r\n[av_textblock size='' av-medium-font-size='' av-small-font-size='' av-mini-font-size='' font_color='' color='' id='' custom_class='' av_uid='av-kai8gidf' admin_preview_bg='']\r\n<h3>Definition eines Unternehmenskaufs<\/h3>\r\n<img loading=\"lazy\" decoding=\"async\" class=\"alignleft wp-image-17793 size-medium\" src=\"http:\/\/actoria.com\/ch-de\/wp-content\/uploads\/2021\/11\/shutterstock-1-21-300x200.jpg\" alt=\"Acquisition d\u2019entreprise, transmission d&#039;entreprises en Suisse\" width=\"300\" height=\"200\" title=\"\" srcset=\"https:\/\/actoria.com\/ch-de\/wp-content\/uploads\/2021\/11\/shutterstock-1-21-300x200.jpg 300w, https:\/\/actoria.com\/ch-de\/wp-content\/uploads\/2021\/11\/shutterstock-1-21-1030x687.jpg 1030w, https:\/\/actoria.com\/ch-de\/wp-content\/uploads\/2021\/11\/shutterstock-1-21-768x512.jpg 768w, https:\/\/actoria.com\/ch-de\/wp-content\/uploads\/2021\/11\/shutterstock-1-21-1536x1024.jpg 1536w, https:\/\/actoria.com\/ch-de\/wp-content\/uploads\/2021\/11\/shutterstock-1-21-2048x1365.jpg 2048w, https:\/\/actoria.com\/ch-de\/wp-content\/uploads\/2021\/11\/shutterstock-1-21-1500x1000.jpg 1500w, https:\/\/actoria.com\/ch-de\/wp-content\/uploads\/2021\/11\/shutterstock-1-21-705x470.jpg 705w\" sizes=\"auto, (max-width: 300px) 100vw, 300px\" \/>\r\n\r\nEin Unternehmenskauf wird in der Schweiz als <strong>Unternehmenstransaktion <\/strong>definiert, bei der ein Unternehmen einen Teil oder alle Aktien oder Aktiva eines anderen Unternehmens kauft.\r\n\r\nUnternehmensk\u00e4ufe in der Schweiz werden in der Regel durchgef\u00fchrt, um die St\u00e4rken des Zielunternehmens zu \u00fcbernehmen, diese zu nutzen und Synergien zu erzielen.\r\n\r\nEs handelt sich in der Schweiz um einen Prozess, der darauf abzielt, <strong>die St\u00e4rken des gekauften Unternehmens zu nutzen.<\/strong>\r\n\r\nBeim Unternehmenskauf resultiert ein <strong>Wachstum des Unternehmens, das mehr Geschwindigkeit und Rentabilit\u00e4t erlangt<\/strong>, als dies durch normales organisches Wachstum m\u00f6glich w\u00e4re.\r\n\r\nDer Prozess des Unternehmenskaufs in der Schweiz muss damit beginnen, zu definieren, welcher Unternehmenstyp sich f\u00fcr einen erfolgreichen Kauf eignet.\r\n\r\nIm Allgemeinen werden in der Schweiz Unternehmen ins Visier genommen, die sich<strong> im selben oder in einem sehr komplement\u00e4ren Marktsegment <\/strong>befinden.\r\n\r\nSobald der Zieltyp festgelegt ist, wird das Zielunternehmen angesprochen und, falls Interesse besteht, eine Due Diligence durchgef\u00fchrt, um die finanziellen und sonstigen Bedingungen des Unternehmens zu \u00fcberpr\u00fcfen.\r\n\r\nDie Prozesse, das Personal und die Produkte\/Dienstleistungen des Zielunternehmens werden bewertet, und die wichtigsten Vorteile werden beibehalten.\r\n\r\nEin einfacher Unternehmenskauf in der Schweiz bezieht sich auf ein Unternehmen, das <strong>die Aktiva und die Gesch\u00e4ftst\u00e4tigkeiten eines anderen Unternehmens kauft<\/strong> <strong>und das Notwendige \u00fcbernimmt<\/strong>, w\u00e4hrend es doppelte oder unn\u00f6tige T\u00e4tigkeiten des gekauften Unternehmens problemlos loswird.\r\n\r\nBeim Kauf von Aktiva (im Gegensatz zum Kauf von Wertpapieren, Aktien oder Anteilen) in der Schweiz wird ein Unternehmen gekauft, um ein oder zwei Aktiva des Unternehmens zu erwerben (Beispiel: Kundenportfolio, Lagerbest\u00e4nde, Marke, ...).\r\n<h3>Vorteile von Unternehmensk\u00e4ufe<\/h3>\r\nUnternehmensk\u00e4ufe in der Schweiz haben f\u00fcr den K\u00e4ufer folgende Vorteile:\r\n\r\n<strong>Senkung der Markteintrittsbarrieren<\/strong>\r\n\r\nDurch K\u00e4ufe kann ein Unternehmen in der Schweiz mit einer bereits bekannten Marke, die einen guten Ruf genie\u00dft und \u00fcber einen bestehenden Kundenstamm verf\u00fcgt, sofort in neue M\u00e4rkte und Produktlinien eintreten.\r\n\r\nEin Unternehmenskauf kann dabei helfen, Barrieren zu \u00fcberwinden, die zuvor den Markteintritt behindert haben.\r\n\r\nDer Markteintritt kann f\u00fcr Kleinunternehmen ein kostspieliges Projekt sein, da Ausgaben f\u00fcr Marktforschung, die Entwicklung eines neuen Produkts und die Zeit, die f\u00fcr den Aufbau eines gro\u00dfen Kundenstamms ben\u00f6tigt wird, anfallen.\r\n\r\n<strong>Marktmacht<\/strong>\r\n\r\nEin Kauf kann dazu beitragen, den Marktanteil Ihres Unternehmens in der Schweiz schnell zu erh\u00f6hen.\r\n\r\nAuch wenn der Wettbewerb schwierig sein kann, kann Ihnen das Wachstum durch Kauf helfen, einen Wettbewerbsvorteil auf dem Markt zu erlangen.\r\n\r\nDer Prozess erm\u00f6glicht es, Synergien auf dem Markt zu erzielen.\r\n\r\n<strong>Neue F\u00e4higkeiten und Ressourcen<\/strong>\r\n\r\nEin Unternehmen in der Schweiz kann sich daf\u00fcr entscheiden, andere Unternehmen aufzukaufen, um Kompetenzen und Ressourcen zu erwerben, \u00fcber die es derzeit nicht verf\u00fcgt.\r\n\r\nDies kann viele Vorteile mit sich bringen, wie zum Beispiel ein schnelles Einkommenswachstum oder eine Verbesserung der langfristigen Finanzlage des Unternehmens, was die Kapitalbeschaffung f\u00fcr Wachstumsstrategien erleichtert.\r\n\r\nExpansion und Vielfalt k\u00f6nnen einem Unternehmen auch dabei helfen, einer Wirtschaftsflaute zu widerstehen.\r\n\r\n<strong>Zugang zu Experten<\/strong>\r\n\r\nWenn sich Kleinunternehmen in der Schweiz mit gr\u00f6\u00dferen Unternehmen zusammenschlie\u00dfen, k\u00f6nnen sie Zugang zu Spezialisten wie Finanz-, Rechts- oder HR-Experten haben.\r\n\r\n<strong>Zugang zu Kapital<\/strong>\r\n\r\nNach einem Kauf ist der Zugang zu Kapital als gr\u00f6\u00dferes Unternehmen verbessert.\r\n\r\nDie Inhaber kleiner Unternehmen in der Schweiz sind in der Regel gezwungen, ihr eigenes Geld in das Wachstum des Unternehmens zu investieren, da sie keinen Zugang zu gr\u00f6\u00dferen Kreditfonds haben.\r\n\r\nDurch einen Kauf steht jedoch ein h\u00f6heres Ma\u00df an Kapital zur Verf\u00fcgung, sodass die Unternehmer die erforderlichen Mittel kaufen k\u00f6nnen, ohne in die eigene Tasche greifen zu m\u00fcssen.\r\n\r\n<strong>Neue Ideen und Perspektiven<\/strong>\r\n\r\nK\u00e4ufe in der Schweiz erm\u00f6glichen oft den Aufbau eines neuen Expertenteams mit neuen Perspektiven und Ideen, denen es am Herzen liegt, dem Unternehmen zu helfen, seine Ziele zu erreichen.\r\n[\/av_textblock]\r\n\r\n[\/av_one_full]<\/p>\n","protected":false},"excerpt":{"rendered":"<p>Finanzierung der Unternehmens\u00fcbernahme<\/p>\n","protected":false},"author":2,"featured_media":6664,"parent":1700,"menu_order":2,"comment_status":"closed","ping_status":"closed","template":"","meta":{"footnotes":""},"class_list":["post-6238","page","type-page","status-publish","has-post-thumbnail","hentry"],"_links":{"self":[{"href":"https:\/\/actoria.com\/ch-de\/wp-json\/wp\/v2\/pages\/6238","targetHints":{"allow":["GET"]}}],"collection":[{"href":"https:\/\/actoria.com\/ch-de\/wp-json\/wp\/v2\/pages"}],"about":[{"href":"https:\/\/actoria.com\/ch-de\/wp-json\/wp\/v2\/types\/page"}],"author":[{"embeddable":true,"href":"https:\/\/actoria.com\/ch-de\/wp-json\/wp\/v2\/users\/2"}],"replies":[{"embeddable":true,"href":"https:\/\/actoria.com\/ch-de\/wp-json\/wp\/v2\/comments?post=6238"}],"version-history":[{"count":1,"href":"https:\/\/actoria.com\/ch-de\/wp-json\/wp\/v2\/pages\/6238\/revisions"}],"predecessor-version":[{"id":24550,"href":"https:\/\/actoria.com\/ch-de\/wp-json\/wp\/v2\/pages\/6238\/revisions\/24550"}],"up":[{"embeddable":true,"href":"https:\/\/actoria.com\/ch-de\/wp-json\/wp\/v2\/pages\/1700"}],"wp:featuredmedia":[{"embeddable":true,"href":"https:\/\/actoria.com\/ch-de\/wp-json\/wp\/v2\/media\/6664"}],"wp:attachment":[{"href":"https:\/\/actoria.com\/ch-de\/wp-json\/wp\/v2\/media?parent=6238"}],"curies":[{"name":"wp","href":"https:\/\/api.w.org\/{rel}","templated":true}]}}